{"id":1848,"date":"2025-07-28T11:23:52","date_gmt":"2025-07-28T03:23:52","guid":{"rendered":"https:\/\/www.plasticgranularmachine.com\/?post_type=product&#038;p=1848"},"modified":"2025-07-28T11:23:53","modified_gmt":"2025-07-28T03:23:53","slug":"waste-tire-cutting-machine","status":"publish","type":"product","link":"https:\/\/www.plasticgranularmachine.com\/sw\/product\/waste-tire-cutting-machine\/","title":{"rendered":"Standard d\u00e4cksk\u00e4rare &amp; OTR-d\u00e4cksk\u00e4rare"},"content":{"rendered":"<p>I helt automatiska gummiproduktionslinjer \u00e4r avfall d\u00e4ck sk\u00e4rare viktig utrustning som anv\u00e4nds f\u00f6r att f\u00f6rbehandla d\u00e4cken innan krossning. Den sk\u00e4r hela d\u00e4ck i 2-3 sektioner som \u00e4r l\u00e4tta att mata in i efterf\u00f6ljande d\u00e4cksk\u00e4rare. <\/p>    <p>Vi erbjuder tv\u00e5 typer av effektiva d\u00e4cksk\u00e4rare som kan bearbeta standard bil d\u00e4ck upp till 1200 mm i diameter och OTR-d\u00e4ck fr\u00e5n 1400 till 4000 mm, respektive.<\/p>    <figure class=\"wp-block-embed is-type-video is-provider-youtube wp-block-embed-youtube wp-embed-aspect-16-9 wp-has-aspect-ratio\"><div class=\"wp-block-embed__wrapper\"> <iframe loading=\"lazy\" title=\"Avfall D\u00e4ck Sk\u00e4rare Maskin: Perfekt f\u00f6r d\u00e4ckf\u00f6rbehandling!\" width=\"500\" height=\"281\" src=\"https:\/\/www.youtube.com\/embed\/c1axNqvpzcw?feature=oembed\" frameborder=\"0\" allow=\"accelerometer; autoplay; clipboard-write; encrypted-media; gyroscope; picture-in-picture; web-share\" referrerpolicy=\"strict-origin-when-cross-origin\" allowfullscreen><\/iframe> <\/div><\/figure>    <h2 class=\"wp-block-heading\">L\u00e4s mer om v\u00e5ra tv\u00e5 typer av d\u00e4cksk\u00e4rare<\/h2>    <p>V\u00e5ra skrotd\u00e4cks sk\u00e4rare anv\u00e4nder legeringsblad och hydraulisk teknik f\u00f6r att s\u00e4kerst\u00e4lla effektiv, helt automatisk sk\u00e4rning. Nedan f\u00f6ljer huvudparametrarna f\u00f6r dessa tv\u00e5 hydrauliska d\u00e4cksk\u00e4rare. F\u00e4rger, bladmaterial osv. kan anpassas efter dina produktionsbehov. V\u00e4nligen kontakta oss f\u00f6r fler detaljer!<\/p>    <figure class=\"wp-block-table\"><table><thead><tr><th>Mfano<\/th><th>Standard d\u00e4cksk\u00e4rare maskin<\/th><th>OTR Avfalls d\u00e4cks sk\u00e4rare maskin<\/th><\/tr><\/thead><tbody><tr><td>Till\u00e4mplig d\u00e4ckstorlek<\/td><td>900\u20131200 mm (utan bead-tr\u00e5dar)<\/td><td>1400\u20134000 mm (utan bead-tr\u00e5dar)<\/td><\/tr><tr><td>Utg\u00e5ngsstorlek<\/td><td>D\u00e4ckblock under 900 mm<\/td><td>Stora skivor (ca 2 snitt\/min)<\/td><\/tr><tr><td>Kapacitet<\/td><td>60 d\u00e4ck\/timme<\/td><td>120 sk\u00e4r\/ timme<\/td><\/tr><tr><td>Nguvu<\/td><td>7.5 kW<\/td><td>7.5 kW<\/td><\/tr><tr><td>Maskinstorlek<\/td><td>1.7*0.8*1.85 m<\/td><td>3.13*1.65*2.7 m<\/td><\/tr><tr><td>Maskinvikt<\/td><td>1400 kg<\/td><td>7200 kg<\/td><\/tr><tr><td>Sk\u00e4ryta Material<\/td><td>Cr12MoV legeringsst\u00e5l<\/td><td>Cr12MoV legeringsst\u00e5l<\/td><\/tr><tr><td>Maombi<\/td><td>Sk\u00e4rande bil, sm\u00e5 lastbilstassar f\u00f6re krossning<\/td><td>Sk\u00e4rning av stora OTR-d\u00e4ck i gruv\u00e5tervinning<\/td><\/tr><\/tbody><\/table><\/figure>    <figure class=\"wp-block-gallery has-nested-images columns-default is-cropped wp-block-gallery-2 is-layout-flex wp-block-gallery-is-layout-flex\"> <figure class=\"wp-block-image size-large\"><img loading=\"lazy\" decoding=\"async\" width=\"720\" height=\"540\" data-id=\"1857\" src=\"https:\/\/www.plasticgranularmachine.com\/wp-content\/uploads\/2025\/07\/waste-tire-cutting-machine-for-900-1200-mmm-tires.webp\" alt=\"avfalls d\u00e4cks sk\u00e4rare f\u00f6r 900-1200 mm d\u00e4ck\" class=\"wp-image-1857\" srcset=\"https:\/\/www.plasticgranularmachine.com\/wp-content\/uploads\/2025\/07\/waste-tire-cutting-machine-for-900-1200-mmm-tires.webp 720w, https:\/\/www.plasticgranularmachine.com\/wp-content\/uploads\/2025\/07\/waste-tire-cutting-machine-for-900-1200-mmm-tires-300x225.webp 300w, https:\/\/www.plasticgranularmachine.com\/wp-content\/uploads\/2025\/07\/waste-tire-cutting-machine-for-900-1200-mmm-tires-16x12.webp 16w\" sizes=\"auto, (max-width: 720px) 100vw, 720px\" \/><figcaption class=\"wp-element-caption\">avfalls d\u00e4cks sk\u00e4rare f\u00f6r 900-1200 mm d\u00e4ck<\/figcaption><\/figure>    <figure class=\"wp-block-image size-large\"><img loading=\"lazy\" decoding=\"async\" width=\"720\" height=\"540\" data-id=\"1856\" src=\"https:\/\/www.plasticgranularmachine.com\/wp-content\/uploads\/2025\/07\/waste-tire-cutter-for-1400-4000-mm-OTR-tires.webp\" alt=\"pemotong ban bekas untuk ban OTR 1400-4000 mm\" class=\"wp-image-1856\" srcset=\"https:\/\/www.plasticgranularmachine.com\/wp-content\/uploads\/2025\/07\/waste-tire-cutter-for-1400-4000-mm-OTR-tires.webp 720w, https:\/\/www.plasticgranularmachine.com\/wp-content\/uploads\/2025\/07\/waste-tire-cutter-for-1400-4000-mm-OTR-tires-300x225.webp 300w, https:\/\/www.plasticgranularmachine.com\/wp-content\/uploads\/2025\/07\/waste-tire-cutter-for-1400-4000-mm-OTR-tires-16x12.webp 16w\" sizes=\"auto, (max-width: 720px) 100vw, 720px\" \/><figcaption class=\"wp-element-caption\">pemotong ban bekas untuk ban OTR 1400-4000 mm<\/figcaption><\/figure> <\/figure>    <h2 class=\"wp-block-heading\">Detaljerade arbetssteg f\u00f6r avfall d\u00e4cks sk\u00e4rare<\/h2>    <p>Trots att v\u00e5ra tv\u00e5 avfalls d\u00e4cks sk\u00e4rare \u00e4r utformade f\u00f6r olika typer och storlekar av d\u00e4ck, delar de samma grundl\u00e4ggande arbetsprinciper och procedurer.<\/p>    <ul class=\"wp-block-list\"> <li>Inlastning: Placera d\u00e4cket s\u00e4kert, utan st\u00e5ltr\u00e5dar, p\u00e5 plattformen under bladet.<\/li>    <li>Start: Aktivera det hydrauliska systemet f\u00f6r att driva nedre \u00f6versta bladet.<\/li>    <li>Sk\u00e4rning: \u00d6vre blad bildar ett sk\u00e4ryta tillsammans med den nedre fasta bladf\u00e4stet f\u00f6r att effektivt sk\u00e4ra d\u00e4cket.<\/li>    <li>\u00c5terst\u00e4llning: N\u00e4r sk\u00e4rningen \u00e4r f\u00e4rdig v\u00e4nds den hydrauliska n\u00e4rvaron och \u00e5terst\u00e4ller \u00f6vrebladet automatiskt. Sedan kan n\u00e4sta sk\u00e4rcykel genomf\u00f6ras. Det avskurna d\u00e4cket kan sedan matas in i en d\u00e4cksk\u00e4rare f\u00f6r vidare bearbetning.<\/li> <\/ul>    <h2 class=\"wp-block-heading\">Huvudfunktioner hos v\u00e5ra hydrauliska d\u00e4cksk\u00e4rare maskiner<\/h2>    <ul class=\"wp-block-list\"> <li>Tillg\u00e4nglig f\u00f6r b\u00e5de standard- och OTR-d\u00e4cksk\u00e4rare<\/li>    <li>Hydrauliskt styrt system s\u00e4kerst\u00e4ller h\u00f6gt tryck och kontinuerlig sk\u00e4reffektivitet<\/li>    <li>Utrustad med h\u00f6gstyrka r\u00e4fflade blad f\u00f6r starkt grepp och sk\u00e4rekraft<\/li>    <li>Sk\u00e4rare-kropp av slitstarkt legeringsst\u00e5l f\u00f6r h\u00e5llbarhet<\/li>    <li>M\u00e5ttlig effekt, trefas elektrisk drivning f\u00f6r energi effektivitet<\/li>    <li>Valfri helautomatisk drift med enkel och s\u00e4ker kontroll<\/li>    <li>Standard- och OTR-avfallsd\u00e4cks sk\u00e4rare kan s\u00f6ml\u00f6st integreras i \u00e5tervinningslinjer, arbeta tillsammans med d\u00e4ckkrossar, grinders och mer<\/li> <\/ul>    <figure class=\"wp-block-gallery has-nested-images columns-default is-cropped wp-block-gallery-3 is-layout-flex wp-block-gallery-is-layout-flex\"> <figure class=\"wp-block-image size-large\"><img loading=\"lazy\" decoding=\"async\" width=\"720\" height=\"540\" data-id=\"1855\" src=\"https:\/\/www.plasticgranularmachine.com\/wp-content\/uploads\/2025\/07\/tire-cutter-with-crocodile-teeth-style-blades.webp\" alt=\"d\u00e4cks sk\u00e4rare med krokodilliknande tandskaft\" class=\"wp-image-1855\" srcset=\"https:\/\/www.plasticgranularmachine.com\/wp-content\/uploads\/2025\/07\/tire-cutter-with-crocodile-teeth-style-blades.webp 720w, https:\/\/www.plasticgranularmachine.com\/wp-content\/uploads\/2025\/07\/tire-cutter-with-crocodile-teeth-style-blades-300x225.webp 300w, https:\/\/www.plasticgranularmachine.com\/wp-content\/uploads\/2025\/07\/tire-cutter-with-crocodile-teeth-style-blades-16x12.webp 16w\" sizes=\"auto, (max-width: 720px) 100vw, 720px\" \/><figcaption class=\"wp-element-caption\">d\u00e4cks sk\u00e4rare med krokodilliknande tandskaft<\/figcaption><\/figure>    <figure class=\"wp-block-image size-large\"><img loading=\"lazy\" decoding=\"async\" width=\"720\" height=\"540\" data-id=\"1853\" src=\"https:\/\/www.plasticgranularmachine.com\/wp-content\/uploads\/2025\/07\/hydraulic-tire-cutter.webp\" alt=\"OTR hydraulisk d\u00e4cksk\u00e4rare\" class=\"wp-image-1853\" srcset=\"https:\/\/www.plasticgranularmachine.com\/wp-content\/uploads\/2025\/07\/hydraulic-tire-cutter.webp 720w, https:\/\/www.plasticgranularmachine.com\/wp-content\/uploads\/2025\/07\/hydraulic-tire-cutter-300x225.webp 300w, https:\/\/www.plasticgranularmachine.com\/wp-content\/uploads\/2025\/07\/hydraulic-tire-cutter-16x12.webp 16w\" sizes=\"auto, (max-width: 720px) 100vw, 720px\" \/><figcaption class=\"wp-element-caption\">OTR hydraulisk d\u00e4cksk\u00e4rare<\/figcaption><\/figure> <\/figure>    <h2 class=\"wp-block-heading\">Integration av d\u00e4cksk\u00e4rare i \u00e5tervinningslinjer f\u00f6r gummigranulat<\/h2>    <p>D\u00e4cksk\u00e4rare \u00e4r v\u00e4sentliga i d\u00e4ck\u00e5tervinningen, och fungerar som f\u00f6rsta steget f\u00f6r att minska d\u00e4ckstorleken f\u00f6r vidare krossning och slipning.<\/p>    <h3 class=\"wp-block-heading\">\u25b6 F\u00f6r standardd\u00e4ck (\u22641200 mm)<\/h3>    <p class=\"translation-block\">Vi erbjuder b\u00e5de <a href=\"https:\/\/www.plasticgranularmachine.com\/sw\/product\/tire-recycling-production-line\/\" data-type=\"link\" data-id=\"https:\/\/www.plasticgranularmachine.com\/product\/tire-recycling-production-line\/\">halvautomatisk<\/a> och <a href=\"https:\/\/www.plasticgranularmachine.com\/sw\/product\/rubber-recycling-plant\/\" data-type=\"link\" data-id=\"https:\/\/www.plasticgranularmachine.com\/product\/rubber-recycling-plant\/\">helt automatiska avfallsd\u00e4ck \u00e5tervinningslinjer.<\/a><br>Standard avfalls d\u00e4cks sk\u00e4rare maskin anv\u00e4nds vanligtvis i helt automatiska system, tillsammans med:<\/p>    <ul class=\"wp-block-list\"> <li>Bead tr\u00e5d avl\u00e4gsnare \u2192 D\u00e4cksk\u00e4rare \u2192 D\u00e4cksk\u00e4rare \u2192 Gummivalse.<\/li> <\/ul>    <p>Denna upps\u00e4ttning s\u00e4kerst\u00e4ller effektivt j\u00e4rnavl\u00e4gsnande och d\u00e4ckkompression f\u00f6r j\u00e4mn pulversbearbetning.<\/p>    <p class=\"translation-block\">Vi erbjuder \u00e4ven en <em>integrerad bead- och sk\u00e4rare<\/em>, vilket, n\u00e4r den paras ihop med en st\u00e5lseparator, ger \u00e4nnu en komplett automatisk f\u00f6rbehandlingsl\u00f6sning.<\/p>   <div class=\"wp-block-image\"> <figure class=\"aligncenter size-full\"><img loading=\"lazy\" decoding=\"async\" width=\"720\" height=\"540\" src=\"https:\/\/www.plasticgranularmachine.com\/wp-content\/uploads\/2025\/07\/tire-bead-remover-and-cutter-machine.webp\" alt=\"d\u00e4ck bead-avl\u00e4gsnare och sk\u00e4rare maskin\" class=\"wp-image-1854\" srcset=\"https:\/\/www.plasticgranularmachine.com\/wp-content\/uploads\/2025\/07\/tire-bead-remover-and-cutter-machine.webp 720w, https:\/\/www.plasticgranularmachine.com\/wp-content\/uploads\/2025\/07\/tire-bead-remover-and-cutter-machine-300x225.webp 300w, https:\/\/www.plasticgranularmachine.com\/wp-content\/uploads\/2025\/07\/tire-bead-remover-and-cutter-machine-16x12.webp 16w\" sizes=\"auto, (max-width: 720px) 100vw, 720px\" \/><figcaption class=\"wp-element-caption\">d\u00e4ck bead-avl\u00e4gsnare och sk\u00e4rare maskin<\/figcaption><\/figure> <\/div>   <h3 class=\"wp-block-heading\">\u25b6 F\u00f6r OTR-d\u00e4ck (1400\u20134000mm)<\/h3>    <p class=\"translation-block\">Vi erbjuder tv\u00e5 flexibla <a href=\"https:\/\/www.plasticgranularmachine.com\/sw\/product\/otr-tire-recycling-line\/\" data-type=\"link\" data-id=\"https:\/\/www.plasticgranularmachine.com\/product\/otr-tire-recycling-line\/\">OTR-d\u00e4ck\u00e5tervinningsl\u00f6sningar<\/a>:<\/p>    <ul class=\"wp-block-list\"> <li><strong>Mpango A<\/strong>:<br>Mashine ya kuondoa matairi ya OTR\u2192 Mashine ya kukata matairi ya taka ya OTR \u2192 Shredder ya matairi \u2192 Granulator ya mpira<\/li>    <li><strong>Mpango B<\/strong>:<br>Mashine ya kutenganisha matairi ya OTR \u2192 Kata ya matairi ya OTR \u2192 Shredder ya matairi ya taka  \u2192 Grind ya matairi<\/li> <\/ul>    <p>Dessa maskiner \u00e4r speciellt utformade f\u00f6r \u00f6verskridande gruvd\u00e4ck, inklusive R63, vilket s\u00e4kerst\u00e4ller tillf\u00f6rlitlig storleksredukt ion och h\u00f6g effektivitet vid \u00e5tervinning.<\/p>    <h2 class=\"wp-block-heading\">Hur v\u00e4ljer man r\u00e4tt gummid\u00e4cksk\u00e4rare f\u00f6r f\u00f6rbehandling?<\/h2>    <p>Baserat p\u00e5 ovanst\u00e5ende information har du nu en grundl\u00e4ggande f\u00f6rst\u00e5else f\u00f6r de olika d\u00e4cksk\u00e4rare-maskinerna. S\u00e5 hur v\u00e4ljer man r\u00e4tt enhet?<\/p>    <p>1. Best\u00e4m d\u00e4ckstorlek och typ<\/p>    <ul class=\"wp-block-list\"> <li>D\u00e4ckdiameter &gt; 1400 mm: Anv\u00e4nd OTR-d\u00e4cksk\u00e4rare, l\u00e4mplig f\u00f6r stora off-the-road (OTR) och gruvd\u00e4ck.<\/li>    <li>D\u00e4ckdiameter \u2264 1200 mm: G\u00e5 vidare och v\u00e4lj mellan halvautomatisk och helt automatiskt alternativ.<\/li> <\/ul>    <p>2. V\u00e4lj sk\u00e4romg\u00e5ng baserat p\u00e5 din budget och kapacitet<\/p>    <ul class=\"wp-block-list\"> <li>Ikiwa una <strong>bajeti ndogo au operesheni ndogo<\/strong>, a <strong>suluhisho la urejelezaji wa matairi semi-automated<\/strong> \u2014 ikijumuisha kata ya ukingo wa upande wa tairi, kata ya strip, na kata ya block \u2014 ni chaguo la kiutendaji na la kiuchumi.<\/li>    <li>Ikiwa unahitaji <strong>uwezo wa juu, automatisering, na kupunguza kazi<\/strong>, nenda na mashine yetu kamili ya kukata taka za matairi kiotomatiki.<\/li> <\/ul>    <p>\u00c4r du fortfarande os\u00e4ker? Ingen fara! V\u00e5rt erfarna s\u00e4ljteam hj\u00e4lper dig att v\u00e4lja eller anpassa den idealiska d\u00e4cksk\u00e4rarel\u00f6sningen f\u00f6r dina specifika \u00e5tervinningsbehov. Kontakta oss g\u00e4rna!<\/p>","protected":false},"excerpt":{"rendered":"<p>In fully automatic rubber powder production lines, the waste tire cutting machine is important equipment used to pretreat tires before shredding. It cuts complete tires into 2-3 sections that are easy to put into the subsequent tire shredder. We offer two types of efficient tire cutters that can process standard automotive tires up to 1200 [&hellip;]<\/p>\n","protected":false},"author":1,"featured_media":1856,"parent":0,"template":"","tags":[],"product-type":[75],"class_list":["post-1848","product","type-product","status-publish","has-post-thumbnail","hentry","product-type-tire-recycling-facility"],"_links":{"self":[{"href":"https:\/\/www.plasticgranularmachine.com\/sw\/wp-json\/wp\/v2\/product\/1848","targetHints":{"allow":["GET"]}}],"collection":[{"href":"https:\/\/www.plasticgranularmachine.com\/sw\/wp-json\/wp\/v2\/product"}],"about":[{"href":"https:\/\/www.plasticgranularmachine.com\/sw\/wp-json\/wp\/v2\/types\/product"}],"author":[{"embeddable":true,"href":"https:\/\/www.plasticgranularmachine.com\/sw\/wp-json\/wp\/v2\/users\/1"}],"wp:featuredmedia":[{"embeddable":true,"href":"https:\/\/www.plasticgranularmachine.com\/sw\/wp-json\/wp\/v2\/media\/1856"}],"wp:attachment":[{"href":"https:\/\/www.plasticgranularmachine.com\/sw\/wp-json\/wp\/v2\/media?parent=1848"}],"wp:term":[{"taxonomy":"post_tag","embeddable":true,"href":"https:\/\/www.plasticgranularmachine.com\/sw\/wp-json\/wp\/v2\/tags?post=1848"},{"taxonomy":"product-type","embeddable":true,"href":"https:\/\/www.plasticgranularmachine.com\/sw\/wp-json\/wp\/v2\/product-type?post=1848"}],"curies":[{"name":"wp","href":"https:\/\/api.w.org\/{rel}","templated":true}]}}