{"id":1873,"date":"2025-08-11T15:07:30","date_gmt":"2025-08-11T07:07:30","guid":{"rendered":"https:\/\/www.plasticgranularmachine.com\/?post_type=product&#038;p=1873"},"modified":"2025-08-22T17:23:05","modified_gmt":"2025-08-22T09:23:05","slug":"industrial-cardboard-shredder","status":"publish","type":"product","link":"https:\/\/www.plasticgranularmachine.com\/sw\/product\/industrial-cardboard-shredder\/","title":{"rendered":"Industriell kartongrivare f\u00f6r f\u00f6rpackningar"},"content":{"rendered":"<p>Med den snabba tillv\u00e4xten inom f\u00f6rpacknings- och logistikbranschen \u00f6kar efterfr\u00e5gan p\u00e5 milj\u00f6v\u00e4nliga st\u00f6td\u00e4mpande material\u2014tillsammans med m\u00e4ngden kassering av kartongl\u00e5dor. F\u00f6r att st\u00f6dja h\u00e5llbara f\u00f6rpackningsl\u00f6sningar erbjuder Shuliy effektiva industriella kartong shredders som f\u00f6rvandlar avfallskartongl\u00e5da till remsor eller n\u00e4t som st\u00f6td\u00e4mpande fyllning, idealisk f\u00f6r e-handel, lagerh\u00e5llning, frakt av \u00f6mt\u00e5liga varor, etc.<\/p>    <figure class=\"wp-block-gallery has-nested-images columns-default is-cropped wp-block-gallery-2 is-layout-flex wp-block-gallery-is-layout-flex\"> <figure class=\"wp-block-image size-large\"><img loading=\"lazy\" decoding=\"async\" width=\"720\" height=\"540\" data-id=\"1881\" src=\"https:\/\/www.plasticgranularmachine.com\/wp-content\/uploads\/2025\/08\/mesh-shapes-products.webp\" alt=\"n\u00e4tformade produkter\" class=\"wp-image-1881\" srcset=\"https:\/\/www.plasticgranularmachine.com\/wp-content\/uploads\/2025\/08\/mesh-shapes-products.webp 720w, https:\/\/www.plasticgranularmachine.com\/wp-content\/uploads\/2025\/08\/mesh-shapes-products-300x225.webp 300w, https:\/\/www.plasticgranularmachine.com\/wp-content\/uploads\/2025\/08\/mesh-shapes-products-16x12.webp 16w\" sizes=\"auto, (max-width: 720px) 100vw, 720px\" \/><figcaption class=\"wp-element-caption\">n\u00e4tformade produkter<\/figcaption><\/figure>    <figure class=\"wp-block-image size-large\"><img loading=\"lazy\" decoding=\"async\" width=\"720\" height=\"540\" data-id=\"1884\" src=\"https:\/\/www.plasticgranularmachine.com\/wp-content\/uploads\/2025\/08\/Strip-shaped-finished-product.webp\" alt=\"Remsformad f\u00e4rdig produkt\" class=\"wp-image-1884\" srcset=\"https:\/\/www.plasticgranularmachine.com\/wp-content\/uploads\/2025\/08\/Strip-shaped-finished-product.webp 720w, https:\/\/www.plasticgranularmachine.com\/wp-content\/uploads\/2025\/08\/Strip-shaped-finished-product-300x225.webp 300w, https:\/\/www.plasticgranularmachine.com\/wp-content\/uploads\/2025\/08\/Strip-shaped-finished-product-16x12.webp 16w\" sizes=\"auto, (max-width: 720px) 100vw, 720px\" \/><figcaption class=\"wp-element-caption\">Remsformad f\u00e4rdig produkt<\/figcaption><\/figure> <\/figure>    <h2 class=\"wp-block-heading\">Vad Kan V\u00e5rt Industriella Kartongshreddersbearbeta?<\/h2>    <p>Shreddern anv\u00e4nds huvudsakligen f\u00f6r att bearbeta kasserad kartong och l\u00e5dor, som ofta kommer fr\u00e5n lager och logistikf\u00f6rpackningsavfall. Dessa material \u00e4r skrym- och tar upp v\u00e4rdefullt utrymme.<\/p>    <figure class=\"wp-block-gallery has-nested-images columns-default is-cropped wp-block-gallery-3 is-layout-flex wp-block-gallery-is-layout-flex\"> <figure class=\"wp-block-image size-large\"><img loading=\"lazy\" decoding=\"async\" width=\"720\" height=\"540\" data-id=\"1883\" src=\"https:\/\/www.plasticgranularmachine.com\/wp-content\/uploads\/2025\/08\/paper-boxes.webp\" alt=\"pappersl\u00e5dor\" class=\"wp-image-1883\" srcset=\"https:\/\/www.plasticgranularmachine.com\/wp-content\/uploads\/2025\/08\/paper-boxes.webp 720w, https:\/\/www.plasticgranularmachine.com\/wp-content\/uploads\/2025\/08\/paper-boxes-300x225.webp 300w, https:\/\/www.plasticgranularmachine.com\/wp-content\/uploads\/2025\/08\/paper-boxes-16x12.webp 16w\" sizes=\"auto, (max-width: 720px) 100vw, 720px\" \/><figcaption class=\"wp-element-caption\">pappersl\u00e5dor<\/figcaption><\/figure>    <figure class=\"wp-block-image size-large\"><img loading=\"lazy\" decoding=\"async\" width=\"720\" height=\"540\" data-id=\"1877\" src=\"https:\/\/www.plasticgranularmachine.com\/wp-content\/uploads\/2025\/08\/corrugated-cardboard.webp\" alt=\"gofruller kartong\" class=\"wp-image-1877\" srcset=\"https:\/\/www.plasticgranularmachine.com\/wp-content\/uploads\/2025\/08\/corrugated-cardboard.webp 720w, https:\/\/www.plasticgranularmachine.com\/wp-content\/uploads\/2025\/08\/corrugated-cardboard-300x225.webp 300w, https:\/\/www.plasticgranularmachine.com\/wp-content\/uploads\/2025\/08\/corrugated-cardboard-16x12.webp 16w\" sizes=\"auto, (max-width: 720px) 100vw, 720px\" \/><figcaption class=\"wp-element-caption\">gofruller kartong<\/figcaption><\/figure> <\/figure>    <p>Efter bearbetning omvandlas avfallskartongen till flexibel, st\u00f6td\u00e4mpande fyllning som anv\u00e4nds f\u00f6r f\u00f6rpackningar. Tv\u00e5 huvudtyper av utg\u00e5ng finns tillg\u00e4ngliga:<\/p>    <figure class=\"wp-block-gallery has-nested-images columns-default is-cropped wp-block-gallery-4 is-layout-flex wp-block-gallery-is-layout-flex\"> <figure class=\"wp-block-image size-large\"><img loading=\"lazy\" decoding=\"async\" width=\"720\" height=\"540\" data-id=\"1885\" src=\"https:\/\/www.plasticgranularmachine.com\/wp-content\/uploads\/2025\/08\/The-finished-product-of-the-cardboard-shredder.webp\" alt=\"Den f\u00e4rdiga produkten av kartong shreddern\" class=\"wp-image-1885\" srcset=\"https:\/\/www.plasticgranularmachine.com\/wp-content\/uploads\/2025\/08\/The-finished-product-of-the-cardboard-shredder.webp 720w, https:\/\/www.plasticgranularmachine.com\/wp-content\/uploads\/2025\/08\/The-finished-product-of-the-cardboard-shredder-300x225.webp 300w, https:\/\/www.plasticgranularmachine.com\/wp-content\/uploads\/2025\/08\/The-finished-product-of-the-cardboard-shredder-16x12.webp 16w\" sizes=\"auto, (max-width: 720px) 100vw, 720px\" \/><figcaption class=\"wp-element-caption\">Den f\u00e4rdiga produkten av kartong shreddern<\/figcaption><\/figure>    <figure class=\"wp-block-image size-large\"><img loading=\"lazy\" decoding=\"async\" width=\"720\" height=\"540\" data-id=\"1876\" src=\"https:\/\/www.plasticgranularmachine.com\/wp-content\/uploads\/2025\/08\/cardboard-shredder-produces-strip-shaped-products.webp\" alt=\"kartong shredder producerar remsformade produkter\" class=\"wp-image-1876\" srcset=\"https:\/\/www.plasticgranularmachine.com\/wp-content\/uploads\/2025\/08\/cardboard-shredder-produces-strip-shaped-products.webp 720w, https:\/\/www.plasticgranularmachine.com\/wp-content\/uploads\/2025\/08\/cardboard-shredder-produces-strip-shaped-products-300x225.webp 300w, https:\/\/www.plasticgranularmachine.com\/wp-content\/uploads\/2025\/08\/cardboard-shredder-produces-strip-shaped-products-16x12.webp 16w\" sizes=\"auto, (max-width: 720px) 100vw, 720px\" \/><figcaption class=\"wp-element-caption\">kartong shredder producerar remsformade produkter<\/figcaption><\/figure> <\/figure>    <ul class=\"wp-block-list\"> <li>N\u00e4t (honungskupa) stil <ul class=\"wp-block-list\"> <li>Fungerar som ett papperskudde<\/li>    <li>Perfekt f\u00f6r att linda runt \u00f6mt\u00e5liga f\u00f6rem\u00e5l (glas, keramik, elektronik)<\/li>    <li>Airt, flexibel och andas<\/li>    <li>Liknande plast bubbelplasts men 100% biologiskt nedbrytbart<\/li> <\/ul> <\/li>    <li>Remsa (band) stil <ul class=\"wp-block-list\"> <li>Anv\u00e4nds f\u00f6r att fylla tomrum inuti l\u00e5dor<\/li>    <li>Ger vibrations- och kompressionsskydd<\/li>    <li>L\u00e4mplig f\u00f6r d\u00e4mpning av tunga eller oregelbundna varor<\/li> <\/ul> <\/li> <\/ul>    <figure class=\"wp-block-gallery has-nested-images columns-default is-cropped wp-block-gallery-5 is-layout-flex wp-block-gallery-is-layout-flex\"> <figure class=\"wp-block-image size-large\"><img loading=\"lazy\" decoding=\"async\" width=\"720\" height=\"540\" data-id=\"1879\" src=\"https:\/\/www.plasticgranularmachine.com\/wp-content\/uploads\/2025\/08\/filling-material.webp\" alt=\"fyllmaterial\" class=\"wp-image-1879\" srcset=\"https:\/\/www.plasticgranularmachine.com\/wp-content\/uploads\/2025\/08\/filling-material.webp 720w, https:\/\/www.plasticgranularmachine.com\/wp-content\/uploads\/2025\/08\/filling-material-300x225.webp 300w, https:\/\/www.plasticgranularmachine.com\/wp-content\/uploads\/2025\/08\/filling-material-16x12.webp 16w\" sizes=\"auto, (max-width: 720px) 100vw, 720px\" \/><figcaption class=\"wp-element-caption\">fyllmaterial<\/figcaption><\/figure>    <figure class=\"wp-block-image size-large\"><img loading=\"lazy\" decoding=\"async\" width=\"720\" height=\"540\" data-id=\"1878\" src=\"https:\/\/www.plasticgranularmachine.com\/wp-content\/uploads\/2025\/08\/filler.webp\" alt=\"fyllmaterial\" class=\"wp-image-1878\" srcset=\"https:\/\/www.plasticgranularmachine.com\/wp-content\/uploads\/2025\/08\/filler.webp 720w, https:\/\/www.plasticgranularmachine.com\/wp-content\/uploads\/2025\/08\/filler-300x225.webp 300w, https:\/\/www.plasticgranularmachine.com\/wp-content\/uploads\/2025\/08\/filler-16x12.webp 16w\" sizes=\"auto, (max-width: 720px) 100vw, 720px\" \/><figcaption class=\"wp-element-caption\">fyllmaterial<\/figcaption><\/figure> <\/figure>    <h2 class=\"wp-block-heading\">Vad Kan V\u00e5rt Kartongl\u00e5desshredder Ge Dig?<\/h2>    <ul class=\"wp-block-list\"> <li>m\u00f6jligg\u00f6r on-site \u00e5tervinning av avfallskartong f\u00f6r milj\u00f6v\u00e4nlig f\u00f6rpackning<\/li>    <li>Betydligt minskar kostnaderna f\u00f6r skum, bubbelplast och andra fyllmedel<\/li>    <li>Kompakt maskindesign med liten fotavtryck\u2014perfekt f\u00f6r vilken f\u00f6rpackningsstation som helst<\/li>    <li>St\u00f6djer b\u00e5de remsa- och n\u00e4tutg\u00e5ng f\u00f6r att m\u00f6ta olika f\u00f6rpackningsbehov<\/li>    <li>H\u00f6gmarginal \u00e5tervunnet utdata\u2014perfekt f\u00f6r snabb ROI i e-handelsverksamheter<\/li>    <li>Anpassningsbar sp\u00e4nning, kontakt och specifikationer tillg\u00e4ngliga f\u00f6r olika l\u00e4nder<\/li> <\/ul>   <div class=\"wp-block-image\"> <figure class=\"aligncenter size-full\"><img loading=\"lazy\" decoding=\"async\" width=\"720\" height=\"540\" src=\"https:\/\/www.plasticgranularmachine.com\/wp-content\/uploads\/2025\/08\/cardboard-box-shredder.webp\" alt=\"mesin perajang kotak karton\" class=\"wp-image-1874\" srcset=\"https:\/\/www.plasticgranularmachine.com\/wp-content\/uploads\/2025\/08\/cardboard-box-shredder.webp 720w, https:\/\/www.plasticgranularmachine.com\/wp-content\/uploads\/2025\/08\/cardboard-box-shredder-300x225.webp 300w, https:\/\/www.plasticgranularmachine.com\/wp-content\/uploads\/2025\/08\/cardboard-box-shredder-16x12.webp 16w\" sizes=\"auto, (max-width: 720px) 100vw, 720px\" \/><figcaption class=\"wp-element-caption\">mesin perajang kotak karton<\/figcaption><\/figure> <\/div>   <h2 class=\"wp-block-heading\">Teknisk data f\u00f6r pappers- och kartong shredderna<\/h2>    <p>N\u00e5gra parametrar f\u00f6r industriella kartong shredder finns nedan. Om du vill l\u00e4ra dig mer, v\u00e4nligen kontakta oss!<\/p>    <figure class=\"wp-block-table\"><table><thead><tr><th>Mfano<\/th><th><strong>SL-325<\/strong><\/th><th><strong>SL-425<\/strong><\/th><\/tr><\/thead><tbody><tr><td><strong>Max shredings bredd<\/strong><\/td><td>325 mm<\/td><td>425 mm<\/td><\/tr><tr><td><strong>Materialkompatibilitet<\/strong><\/td><td>3-5 lager av kartong, kartongl\u00e5dor<\/td><td>5-7 lager av kartong, tjocka l\u00e5dor<\/td><\/tr><tr><td><strong>Shredderstil<\/strong><\/td><td>Remssnitt \/ N\u00e4t snitt (justerbart)<\/td><td>Remssnitt \/ N\u00e4t snitt (justerbart)<\/td><\/tr><tr><td><strong>Slutlig utdataanv\u00e4ndning<\/strong><\/td><td>Skyddande f\u00f6rpackningsfyllning, st\u00f6tabsorberande n\u00e4t<\/td><td>Skyddande f\u00f6rpackningsfyllning, st\u00f6tabsorberande n\u00e4t<\/td><\/tr><tr><td><strong>Ing\u00e5ngsbredd<\/strong><\/td><td>20 mm<\/td><td>20 mm<\/td><\/tr><tr><td><strong>Sp\u00e4nning (anpassningsbar)<\/strong><\/td><td>220V 50Hz (anpassad kontakt\/sp\u00e4nning tillg\u00e4nglig)<\/td><td>380V 50Hz (anpassad kontakt\/sp\u00e4nning tillg\u00e4nglig)<\/td><\/tr><tr><td><strong>Effektf\u00f6rbrukning<\/strong><\/td><td>1.5KW<\/td><td>2.2KW<\/td><\/tr><tr><td><strong>Shreddingshastighet<\/strong><\/td><td>12 m\/min<\/td><td>12 m\/min<\/td><\/tr><tr><td><strong>Netto vikt<\/strong><\/td><td>86,5 Kg<\/td><td>164 kg<\/td><\/tr><tr><td><strong>Maskinens m\u00e5tt (L*B*H)<\/strong><\/td><td>500*350*830mm<\/td><td>700*680*970mm<\/td><\/tr><tr><td><strong>Typiska till\u00e4mpningar<\/strong><\/td><td>E-handelsf\u00f6rpackning, lageravfall \u00e5tervinning<\/td><td>Industriell kartongbearbetning, f\u00f6rpackningscentraler<\/td><\/tr><tr><td><strong>F\u00f6rdel Highlight<\/strong><\/td><td>Spara kostnader f\u00f6r bubbelplast\/foam, kompakt storlek, snabb ROI<\/td><td>Spara f\u00f6rpackningsmaterialkostnad, h\u00f6g kompatibilitet<\/td><\/tr><\/tbody><\/table><\/figure>   <div class=\"wp-block-image\"> <figure class=\"aligncenter size-large\"><img loading=\"lazy\" decoding=\"async\" width=\"720\" height=\"540\" src=\"https:\/\/www.plasticgranularmachine.com\/wp-content\/uploads\/2025\/08\/two-types-of-industrial-cardboard-shredder.webp\" alt=\"tv\u00e5 typer av industriell kartong shredder\" class=\"wp-image-1886\" srcset=\"https:\/\/www.plasticgranularmachine.com\/wp-content\/uploads\/2025\/08\/two-types-of-industrial-cardboard-shredder.webp 720w, https:\/\/www.plasticgranularmachine.com\/wp-content\/uploads\/2025\/08\/two-types-of-industrial-cardboard-shredder-300x225.webp 300w, https:\/\/www.plasticgranularmachine.com\/wp-content\/uploads\/2025\/08\/two-types-of-industrial-cardboard-shredder-16x12.webp 16w\" sizes=\"auto, (max-width: 720px) 100vw, 720px\" \/><figcaption class=\"wp-element-caption\">tv\u00e5 typer av industriell kartong shredder<\/figcaption><\/figure> <\/div>   <h2 class=\"wp-block-heading\">Hur fungerar pappers shredderen f\u00f6r kartong?<\/h2>    <p>Shuliy-industrins kartong shredder bearbetar avfallsadresserad wellpapp till vadderingsmaterial genom en s\u00e4ker och effektiv mekanisk process. S\u00e5 h\u00e4r fungerar det:<\/p>    <ul class=\"wp-block-list\"> <li><strong>Fodring af kartongen:<\/strong> S\u00e6t flad b\u00f8lgepap ind i 20 mm forkantindf\u00f8ring. Egnet til stablet karton.<\/li>    <li><strong>Transportmekanisme: <\/strong>Interne ruller tr\u00e6kker automatisk kartongen ind, sikrer j\u00e6vn tryk og glidende bev\u00e6gelse.<\/li>    <li><strong>Sk\u00e6ring og udvidelse:<\/strong> Kartongen g\u00e5r gennem en sk\u00e6revalse med skarpe knive. B\u00e5de net- og stripe-typer er tilg\u00e6ngelige. Og bladmodulet kan skiftes manuelt mellem stilarter.<\/li>    <li><strong>Udt\u00f8rring og udvidelse:<\/strong> For net-stil, karton\u00e6sken bliver let strakt under sk\u00e6ringen, hvilket tillader lag at adskille sig for fleksibilitet.<\/li>    <li><strong>Udgangsafgivelse:<\/strong> Det behandlede materiale v\u00e6ltes ud bagp\u00e5, klar til brug som emballagefyld.<\/li>    <li><strong>St\u00f8vfri og sikker drift:<\/strong> Processen er st\u00f8vfri, virker stille og inkluderer sikkerhedsfunktioner for at forhindre h\u00e5ndskader.<\/li> <\/ul>   <div class=\"wp-block-image\"> <figure class=\"aligncenter size-full\"><img loading=\"lazy\" decoding=\"async\" width=\"720\" height=\"540\" src=\"https:\/\/www.plasticgranularmachine.com\/wp-content\/uploads\/2025\/08\/working-process-of-the-paper-shredder-for-cardboard.webp\" alt=\"arbetsprocessen f\u00f6r pappers shreddern f\u00f6r kartong\" class=\"wp-image-1887\" srcset=\"https:\/\/www.plasticgranularmachine.com\/wp-content\/uploads\/2025\/08\/working-process-of-the-paper-shredder-for-cardboard.webp 720w, https:\/\/www.plasticgranularmachine.com\/wp-content\/uploads\/2025\/08\/working-process-of-the-paper-shredder-for-cardboard-300x225.webp 300w, https:\/\/www.plasticgranularmachine.com\/wp-content\/uploads\/2025\/08\/working-process-of-the-paper-shredder-for-cardboard-16x12.webp 16w\" sizes=\"auto, (max-width: 720px) 100vw, 720px\" \/><figcaption class=\"wp-element-caption\">arbetsprocessen f\u00f6r pappers shreddern f\u00f6r kartong<\/figcaption><\/figure> <\/div>   <h2 class=\"wp-block-heading\">Se v\u00e5r kartong shredder i aktion<\/h2>    <figure class=\"wp-block-embed is-type-video is-provider-youtube wp-block-embed-youtube wp-embed-aspect-16-9 wp-has-aspect-ratio\"><div class=\"wp-block-embed__wrapper\"> <iframe loading=\"lazy\" title=\"Den ultimata f\u00f6rpackningsmaskinen? Rivning av kartong, EPE-skum och aluminiumfolie\" width=\"500\" height=\"281\" src=\"https:\/\/www.youtube.com\/embed\/WT6cmb7mtqQ?feature=oembed\" frameborder=\"0\" allow=\"accelerometer; autoplay; clipboard-write; encrypted-media; gyroscope; picture-in-picture; web-share\" referrerpolicy=\"strict-origin-when-cross-origin\" allowfullscreen><\/iframe> <\/div><\/figure>    <h2 class=\"wp-block-heading\">F\u00f6rtroende hos globala kunder<\/h2>    <p class=\"translation-block\">Shulys industriella kartong shredder-maskiner har framg\u00e5ngsrikt levererats till kunder v\u00e4rlden \u00f6ver och anv\u00e4nds flitigt inom e-handel, logistik och jordbrukens packningssektor. M\u00e5nga kunder v\u00e4ljer ocks\u00e5 v\u00e5r <a href=\"https:\/\/www.plasticgranularmachine.com\/sw\/product\/egg-tray-making-machine\/\" data-type=\"link\" data-id=\"https:\/\/www.plasticgranularmachine.com\/product\/egg-tray-making-machine\/\">\u00e4ggbrickemaskin<\/a> f\u00f6r att \u00e5tervinna avfallspapper f\u00f6r vidare vinst. Oavsett om du beh\u00f6ver n\u00e4t- eller remsmodellutg\u00e5ng, st\u00f6djer vi anpassning f\u00f6r att m\u00f6ta dina lokala sp\u00e4nnings- och kontaktstandarder.<\/p>    <p>Redo att uppgradera din f\u00f6rpackningsprocess? Kontakta oss idag f\u00f6r en fri offert!<\/p>    <figure class=\"wp-block-gallery has-nested-images columns-default is-cropped wp-block-gallery-6 is-layout-flex wp-block-gallery-is-layout-flex\"> <figure class=\"wp-block-image size-large\"><img loading=\"lazy\" decoding=\"async\" width=\"720\" height=\"540\" data-id=\"1882\" src=\"https:\/\/www.plasticgranularmachine.com\/wp-content\/uploads\/2025\/08\/paper-and-cardboard-shredder-to-Peru.webp\" alt=\"pappers- och kartong shredder till Peru\" class=\"wp-image-1882\" srcset=\"https:\/\/www.plasticgranularmachine.com\/wp-content\/uploads\/2025\/08\/paper-and-cardboard-shredder-to-Peru.webp 720w, https:\/\/www.plasticgranularmachine.com\/wp-content\/uploads\/2025\/08\/paper-and-cardboard-shredder-to-Peru-300x225.webp 300w, https:\/\/www.plasticgranularmachine.com\/wp-content\/uploads\/2025\/08\/paper-and-cardboard-shredder-to-Peru-16x12.webp 16w\" sizes=\"auto, (max-width: 720px) 100vw, 720px\" \/><figcaption class=\"wp-element-caption\">pappers- och kartong shredder till Peru<\/figcaption><\/figure>    <figure class=\"wp-block-image size-large\"><img loading=\"lazy\" decoding=\"async\" width=\"720\" height=\"540\" data-id=\"1880\" src=\"https:\/\/www.plasticgranularmachine.com\/wp-content\/uploads\/2025\/08\/industrial-cardboard-shredder-to-Canada.webp\" alt=\"industriell kartong shredder till Kanada\" class=\"wp-image-1880\" srcset=\"https:\/\/www.plasticgranularmachine.com\/wp-content\/uploads\/2025\/08\/industrial-cardboard-shredder-to-Canada.webp 720w, https:\/\/www.plasticgranularmachine.com\/wp-content\/uploads\/2025\/08\/industrial-cardboard-shredder-to-Canada-300x225.webp 300w, https:\/\/www.plasticgranularmachine.com\/wp-content\/uploads\/2025\/08\/industrial-cardboard-shredder-to-Canada-16x12.webp 16w\" sizes=\"auto, (max-width: 720px) 100vw, 720px\" \/><figcaption class=\"wp-element-caption\">industriell kartong shredder till Kanada<\/figcaption><\/figure>    <figure class=\"wp-block-image size-large\"><img loading=\"lazy\" decoding=\"async\" width=\"720\" height=\"540\" data-id=\"1875\" src=\"https:\/\/www.plasticgranularmachine.com\/wp-content\/uploads\/2025\/08\/cardboard-paper-shredding-machine-exported-to-Malaysia.webp\" alt=\"kartongpappers shredder som exporteras till Malaysia\" class=\"wp-image-1875\" srcset=\"https:\/\/www.plasticgranularmachine.com\/wp-content\/uploads\/2025\/08\/cardboard-paper-shredding-machine-exported-to-Malaysia.webp 720w, https:\/\/www.plasticgranularmachine.com\/wp-content\/uploads\/2025\/08\/cardboard-paper-shredding-machine-exported-to-Malaysia-300x225.webp 300w, https:\/\/www.plasticgranularmachine.com\/wp-content\/uploads\/2025\/08\/cardboard-paper-shredding-machine-exported-to-Malaysia-16x12.webp 16w\" sizes=\"auto, (max-width: 720px) 100vw, 720px\" \/><figcaption class=\"wp-element-caption\">kartongpappers shredder som exporteras till Malaysia<\/figcaption><\/figure> <\/figure>","protected":false},"excerpt":{"rendered":"<p>With the rapid growth of the packaging and logistics industries, the demand for eco-friendly cushioning materials is increasing\u2014along with the volume of discarded cardboard boxes. To support sustainable packaging solutions, Shuliy offers efficient industrial cardboard shredders that turn waste corrugated boxes into strips or mesh shock-absorbing fillers, ideal for e-commerce, warehousing, shipping fragile goods, etc. [&hellip;]<\/p>\n","protected":false},"author":1,"featured_media":1874,"parent":0,"template":"","tags":[],"product-type":[79],"class_list":["post-1873","product","type-product","status-publish","has-post-thumbnail","hentry","product-type-paper-recycling-machine"],"_links":{"self":[{"href":"https:\/\/www.plasticgranularmachine.com\/sw\/wp-json\/wp\/v2\/product\/1873","targetHints":{"allow":["GET"]}}],"collection":[{"href":"https:\/\/www.plasticgranularmachine.com\/sw\/wp-json\/wp\/v2\/product"}],"about":[{"href":"https:\/\/www.plasticgranularmachine.com\/sw\/wp-json\/wp\/v2\/types\/product"}],"author":[{"embeddable":true,"href":"https:\/\/www.plasticgranularmachine.com\/sw\/wp-json\/wp\/v2\/users\/1"}],"wp:featuredmedia":[{"embeddable":true,"href":"https:\/\/www.plasticgranularmachine.com\/sw\/wp-json\/wp\/v2\/media\/1874"}],"wp:attachment":[{"href":"https:\/\/www.plasticgranularmachine.com\/sw\/wp-json\/wp\/v2\/media?parent=1873"}],"wp:term":[{"taxonomy":"post_tag","embeddable":true,"href":"https:\/\/www.plasticgranularmachine.com\/sw\/wp-json\/wp\/v2\/tags?post=1873"},{"taxonomy":"product-type","embeddable":true,"href":"https:\/\/www.plasticgranularmachine.com\/sw\/wp-json\/wp\/v2\/product-type?post=1873"}],"curies":[{"name":"wp","href":"https:\/\/api.w.org\/{rel}","templated":true}]}}