{"id":1899,"date":"2025-08-25T14:51:57","date_gmt":"2025-08-25T06:51:57","guid":{"rendered":"https:\/\/www.plasticgranularmachine.com\/?post_type=product&#038;p=1899"},"modified":"2025-08-25T14:51:58","modified_gmt":"2025-08-25T06:51:58","slug":"paper-pulping-machine","status":"publish","type":"product","link":"https:\/\/www.plasticgranularmachine.com\/sw\/product\/paper-pulping-machine\/","title":{"rendered":"Papperspulppakeri f\u00f6r \u00e4ggbr\u00e4ddproduktion"},"content":{"rendered":"<p>I k\u00e4rnan av varje framg\u00e5ngsrik \u00e4ggbrick- eller massaformningsproduktion ligger ett kraftfullt pulpsystem. V\u00e5r industriklassade papperspulpmaskin \u00e4r utformad f\u00f6r robust, kontinuerlig drift och levererar den konsekventa, h\u00f6gkvalitativa pappersslem som ditt f\u00f6retag \u00e4r beroende av. Denna maskin \u00e4r det grundl\u00e4ggande f\u00f6rsta steget, omvandlar l\u00e5gv\u00e4rdigt avfallspapper till den v\u00e4rdefulla r\u00e5varan f\u00f6r hela din produktionslinje.<\/p>    <h2 class=\"wp-block-heading\">Vad \u00e4r en Hydro Pulper?<\/h2>    <p>En hydro-pulper, \u00e4ven k\u00e4nd som en papperspulpmaskin, \u00e4r en mekanisk tank utformad f\u00f6r att effektivt bryta ner r\u00e5varor som avfallspapper, gamla kartonger och kartong till en fiberrik slurr\u00e9. Det \u00e4r k\u00e4rnan i vilket modernt pulpprocessystem som helst och p\u00e5verkar direkt slutproduktens kvalitet, styrka och utseende. Utan en p\u00e5litlig papperspulpmaskin \u00e4r det om\u00f6jligt att uppn\u00e5 h\u00f6g produktionshastighet och konsekvent utbyte.<\/p>    <figure class=\"wp-block-gallery has-nested-images columns-default is-cropped wp-block-gallery-2 is-layout-flex wp-block-gallery-is-layout-flex\"> <figure class=\"wp-block-image size-large\"><img loading=\"lazy\" decoding=\"async\" width=\"720\" height=\"540\" data-id=\"1911\" src=\"https:\/\/www.plasticgranularmachine.com\/wp-content\/uploads\/2025\/08\/waster-papers.webp\" alt=\"waster papers\" class=\"wp-image-1911\" srcset=\"https:\/\/www.plasticgranularmachine.com\/wp-content\/uploads\/2025\/08\/waster-papers.webp 720w, https:\/\/www.plasticgranularmachine.com\/wp-content\/uploads\/2025\/08\/waster-papers-300x225.webp 300w, https:\/\/www.plasticgranularmachine.com\/wp-content\/uploads\/2025\/08\/waster-papers-16x12.webp 16w\" sizes=\"auto, (max-width: 720px) 100vw, 720px\" \/><figcaption class=\"wp-element-caption\">waster papers<\/figcaption><\/figure>    <figure class=\"wp-block-image size-large\"><img loading=\"lazy\" decoding=\"async\" width=\"720\" height=\"540\" data-id=\"1907\" src=\"https:\/\/www.plasticgranularmachine.com\/wp-content\/uploads\/2025\/08\/paper-pulp.webp\" alt=\"pappersmassa\" class=\"wp-image-1907\" srcset=\"https:\/\/www.plasticgranularmachine.com\/wp-content\/uploads\/2025\/08\/paper-pulp.webp 720w, https:\/\/www.plasticgranularmachine.com\/wp-content\/uploads\/2025\/08\/paper-pulp-300x225.webp 300w, https:\/\/www.plasticgranularmachine.com\/wp-content\/uploads\/2025\/08\/paper-pulp-16x12.webp 16w\" sizes=\"auto, (max-width: 720px) 100vw, 720px\" \/><figcaption class=\"wp-element-caption\">pappersmassa<\/figcaption><\/figure> <\/figure>    <h2 class=\"wp-block-heading\">Tekniska f\u00f6rdelar med v\u00e5r papperspulpmaskin<\/h2>    <p>V\u00e5r design fokuserar p\u00e5 h\u00e5llbarhet, effektivitet och drifts\u00e4kerhet f\u00f6r att maximera din avkastning p\u00e5 investeringen.<\/p>    <h3 class=\"wp-block-heading\">Effektiv pulpning med virvelverkan<\/h3>    <p>Maskinens h\u00f6gfarts-impeller skapar en kraftfull virvlad str\u00f6m, vilket skapar stark centrifugalkraft. Denna kraft f\u00e5r avfallspapper och vatten att cirkulera v\u00e5ldsamt och kollidera med maskinens inre komponenter och med varandra. Denna process s\u00e4kerst\u00e4ller snabb nedbrytning. En typisk sats av avfalls papper kan bearbetas till j\u00e4mn massa p\u00e5 bara 20-40 minuter, beroende p\u00e5 materialets styrka.<\/p>   <div class=\"wp-block-image\"> <figure class=\"aligncenter size-full\"><img loading=\"lazy\" decoding=\"async\" width=\"720\" height=\"540\" src=\"https:\/\/www.plasticgranularmachine.com\/wp-content\/uploads\/2025\/08\/High-speed-impeller-of-the-paper-pulping-machine.webp\" alt=\"H\u00f6g hastighet impeller av papperspulpmMaskin\" class=\"wp-image-1905\" srcset=\"https:\/\/www.plasticgranularmachine.com\/wp-content\/uploads\/2025\/08\/High-speed-impeller-of-the-paper-pulping-machine.webp 720w, https:\/\/www.plasticgranularmachine.com\/wp-content\/uploads\/2025\/08\/High-speed-impeller-of-the-paper-pulping-machine-300x225.webp 300w, https:\/\/www.plasticgranularmachine.com\/wp-content\/uploads\/2025\/08\/High-speed-impeller-of-the-paper-pulping-machine-16x12.webp 16w\" sizes=\"auto, (max-width: 720px) 100vw, 720px\" \/><figcaption class=\"wp-element-caption\">H\u00f6g hastighet impeller av papperspulpmMaskin<\/figcaption><\/figure> <\/div>   <h3 class=\"wp-block-heading\">Robust konstruktion f\u00f6r l\u00e4ngre livsl\u00e4ngd<\/h3>    <p>Tillverkad av tungt st\u00e5l \u00e4r v\u00e5r hydro-pulper utformad f\u00f6r att motst\u00e5 den kr\u00e4vande milj\u00f6n i kontinuerlig industriell anv\u00e4ndning. Viktiga komponenter, inklusive motor och drivsystem, v\u00e4ljs f\u00f6r sin tillf\u00f6rlitlighet och l\u00e5nga livsl\u00e4ngd, vilket s\u00e4kerst\u00e4ller minimal stillest\u00e5ndstid f\u00f6r din verksamhet.<\/p>   <div class=\"wp-block-image\"> <figure class=\"aligncenter size-full\"><img loading=\"lazy\" decoding=\"async\" width=\"720\" height=\"540\" src=\"https:\/\/www.plasticgranularmachine.com\/wp-content\/uploads\/2025\/08\/Robust-industrial-paper-pulper-machine.webp\" alt=\"Robust industriell papperpulpmaskin\" class=\"wp-image-1909\" srcset=\"https:\/\/www.plasticgranularmachine.com\/wp-content\/uploads\/2025\/08\/Robust-industrial-paper-pulper-machine.webp 720w, https:\/\/www.plasticgranularmachine.com\/wp-content\/uploads\/2025\/08\/Robust-industrial-paper-pulper-machine-300x225.webp 300w, https:\/\/www.plasticgranularmachine.com\/wp-content\/uploads\/2025\/08\/Robust-industrial-paper-pulper-machine-16x12.webp 16w\" sizes=\"auto, (max-width: 720px) 100vw, 720px\" \/><figcaption class=\"wp-element-caption\">Robust industriell papperpulpmaskin<\/figcaption><\/figure> <\/div>   <h3 class=\"wp-block-heading\">M\u00e5ngsidig Bearbetning av R\u00e5material<\/h3>    <p>Utrustningen \u00e4r inte begr\u00e4nsad till en enda typ av papper. Oavsett om du anv\u00e4nder gamla tidningar, kontorsavfall eller beh\u00f6ver en dedikerad kartongpulpmaskin f\u00f6r tuffare wellpappmaterial, hanterar v\u00e5r design ett brett spektrum av ing\u00e5ngar effektivt och ger dig flexibilitet i att skaffa r\u00e5material.<\/p>    <h2 class=\"wp-block-heading\">Hur fungerar v\u00e5r kartongpulpmaskin?<\/h2>    <p>Processen \u00e4r enkel och effektiv:<\/p>    <ul class=\"wp-block-list\"> <li><strong>Kulea:<\/strong> Karatasi chafu huingizwa kwenye tanki la kukamua pamoja na kiasi kilichopimwa cha maji.<\/li>    <li><strong>Kukamua:<\/strong> Kuhimiza kwa injini kunasababisha impela, ikitengeneza mwendo wa mviringo wa kasi kubwa unaovunjisha karatasi kuwa nyuzi binafsi.<\/li>    <li><strong>Kutoa:<\/strong> Mara tu unavyopata mwepesi unaotakiwa, mchanganyiko wa unga wa karatasi uliomalizika huachwa, tayari kusafirishwa kwa <a href=\"https:\/\/www.plasticgranularmachine.com\/sw\/product\/egg-tray-making-machine\/\" data-type=\"link\" data-id=\"https:\/\/www.plasticgranularmachine.com\/product\/egg-tray-making-machine\/\">Uundaji wa tray ya mayai<\/a> hatua ya mstari wako wa uzalishaji.<\/li> <\/ul>    <figure class=\"wp-block-image size-large\"><img loading=\"lazy\" decoding=\"async\" width=\"720\" height=\"540\" src=\"https:\/\/www.plasticgranularmachine.com\/wp-content\/uploads\/2025\/08\/slurry-pump.webp\" alt=\"ligninspump\" class=\"wp-image-1910\" srcset=\"https:\/\/www.plasticgranularmachine.com\/wp-content\/uploads\/2025\/08\/slurry-pump.webp 720w, https:\/\/www.plasticgranularmachine.com\/wp-content\/uploads\/2025\/08\/slurry-pump-300x225.webp 300w, https:\/\/www.plasticgranularmachine.com\/wp-content\/uploads\/2025\/08\/slurry-pump-16x12.webp 16w\" sizes=\"auto, (max-width: 720px) 100vw, 720px\" \/><figcaption class=\"wp-element-caption\">ligninspump<\/figcaption><\/figure>    <figure class=\"wp-block-image size-full\"><img loading=\"lazy\" decoding=\"async\" width=\"540\" height=\"720\" src=\"https:\/\/www.plasticgranularmachine.com\/wp-content\/uploads\/2025\/08\/mixer.webp\" alt=\"mixer\" class=\"wp-image-1906\" srcset=\"https:\/\/www.plasticgranularmachine.com\/wp-content\/uploads\/2025\/08\/mixer.webp 540w, https:\/\/www.plasticgranularmachine.com\/wp-content\/uploads\/2025\/08\/mixer-225x300.webp 225w, https:\/\/www.plasticgranularmachine.com\/wp-content\/uploads\/2025\/08\/mixer-9x12.webp 9w\" sizes=\"auto, (max-width: 540px) 100vw, 540px\" \/><figcaption class=\"wp-element-caption\">mixer<\/figcaption><\/figure>    <h2 class=\"wp-block-heading\">Tekniska specifikationer f\u00f6r papperspulpern<\/h2>    <p>V\u00e4lj r\u00e4tt modell som perfekt matchar din produktionstakt. F\u00f6ljande specifikationer beskriver v\u00e5rt k\u00e4rnomr\u00e5de av papperspulpmaskiner.<\/p>    <figure class=\"wp-block-table\"><table><thead><tr><th>Mfano<\/th><th>Volym<\/th><th>Effekt (kW)<\/th><th>Rekommenderad formningsstorlek (Armar * Sidor)<\/th><\/tr><\/thead><tbody><tr><td>SL-1.2 papperspulpmaskin<\/td><td>1.2 m\u00b3<\/td><td>7.5 kW<\/td><td>WJ-1000-3*1, WJ-1500-4*1<\/td><\/tr><tr><td>SL-2.5 kartong-pulppressmaskin<\/td><td>2.5 m\u00b3<\/td><td>11 kW<\/td><td>WJ-1000-3*1, WJ-3000-4*4<\/td><\/tr><tr><td>SL-4 pappersmassa maskin<\/td><td>4 m\u00b3<\/td><td>18.5 kW<\/td><td>WJ-4000-4*8<\/td><\/tr><tr><td>SL-5 papperspulper<\/td><td>5 m\u00b3<\/td><td>22 kW<\/td><td>WJ-5000-5*8<\/td><\/tr><tr><td>SL-6 pulper maskin f\u00f6r papper<\/td><td>6 m\u00b3<\/td><td>30 kW<\/td><td>WJ-7000-6*8<\/td><\/tr><tr><td>SL-7 hydro-pulper<\/td><td>7 m\u00b3<\/td><td>45 kW<\/td><td>WJ-7000-6*8<\/td><\/tr><\/tbody><\/table><\/figure>    <p class=\"translation-block\"><em>Obs: Anpassade modeller finns tillg\u00e4ngliga f\u00f6r att m\u00f6ta specifika kapacitetskrav.<\/em><\/p>    <h2 class=\"wp-block-heading\">Din p\u00e5litliga partner f\u00f6rPulpl\u00f6sningar<\/h2>    <p>Investering i r\u00e4tt papperspulpmaskin \u00e4r avg\u00f6rande f\u00f6r l\u00f6nsamheten och stabiliteten i ditt f\u00f6retag. Vi tillhandah\u00e5ller inte bara en maskin, utan en p\u00e5litlig l\u00f6sning st\u00f6dd av teknisk expertis. Vi ser till att du f\u00e5r en h\u00e5llbar, h\u00f6gpresterande pulper som formar hj\u00e4rtat p\u00e5 din \u00e4ggbrickstillverkningslinje i m\u00e5nga \u00e5r fram\u00f6ver.<\/p>    <p class=\"translation-block\">Redo att bygga en p\u00e5litlig och l\u00f6nsam <a href=\"https:\/\/www.plasticgranularmachine.com\/sw\/product\/egg-tray-production-line\/\" data-type=\"link\" data-id=\"https:\/\/www.plasticgranularmachine.com\/product\/egg-tray-production-line\/\">pulpformningslinje<\/a>? Kontakta v\u00e5ra ingenj\u00f6rer idag f\u00f6r att diskutera dina projektkrav och f\u00e5 ett icke-bindande tekniskt f\u00f6rslag och offert.<\/p>   <div class=\"wp-block-image\"> <figure class=\"aligncenter size-full\"><img loading=\"lazy\" decoding=\"async\" width=\"540\" height=\"720\" src=\"https:\/\/www.plasticgranularmachine.com\/wp-content\/uploads\/2025\/08\/Egg-tray-making-machines-shipping.webp\" alt=\"\u00c4ggbricksmaskiner fraktas\" class=\"wp-image-1904\" srcset=\"https:\/\/www.plasticgranularmachine.com\/wp-content\/uploads\/2025\/08\/Egg-tray-making-machines-shipping.webp 540w, https:\/\/www.plasticgranularmachine.com\/wp-content\/uploads\/2025\/08\/Egg-tray-making-machines-shipping-225x300.webp 225w, https:\/\/www.plasticgranularmachine.com\/wp-content\/uploads\/2025\/08\/Egg-tray-making-machines-shipping-9x12.webp 9w\" sizes=\"auto, (max-width: 540px) 100vw, 540px\" \/><figcaption class=\"wp-element-caption\">\u00c4ggbricksmaskiner fraktas<\/figcaption><\/figure> <\/div>","protected":false},"excerpt":{"rendered":"<p>At the heart of every successful egg tray or pulp molding production lies a powerful pulping system. Our industrial-grade paper pulping machine is engineered for robust, continuous operation, delivering the consistent, high-quality pulp slurry your business depends on. This machine is the foundational first step, transforming low-cost waste paper into the valuable raw material for [&hellip;]<\/p>\n","protected":false},"author":1,"featured_media":1908,"parent":0,"template":"","tags":[],"product-type":[79],"class_list":["post-1899","product","type-product","status-publish","has-post-thumbnail","hentry","product-type-paper-recycling-machine"],"_links":{"self":[{"href":"https:\/\/www.plasticgranularmachine.com\/sw\/wp-json\/wp\/v2\/product\/1899","targetHints":{"allow":["GET"]}}],"collection":[{"href":"https:\/\/www.plasticgranularmachine.com\/sw\/wp-json\/wp\/v2\/product"}],"about":[{"href":"https:\/\/www.plasticgranularmachine.com\/sw\/wp-json\/wp\/v2\/types\/product"}],"author":[{"embeddable":true,"href":"https:\/\/www.plasticgranularmachine.com\/sw\/wp-json\/wp\/v2\/users\/1"}],"wp:featuredmedia":[{"embeddable":true,"href":"https:\/\/www.plasticgranularmachine.com\/sw\/wp-json\/wp\/v2\/media\/1908"}],"wp:attachment":[{"href":"https:\/\/www.plasticgranularmachine.com\/sw\/wp-json\/wp\/v2\/media?parent=1899"}],"wp:term":[{"taxonomy":"post_tag","embeddable":true,"href":"https:\/\/www.plasticgranularmachine.com\/sw\/wp-json\/wp\/v2\/tags?post=1899"},{"taxonomy":"product-type","embeddable":true,"href":"https:\/\/www.plasticgranularmachine.com\/sw\/wp-json\/wp\/v2\/product-type?post=1899"}],"curies":[{"name":"wp","href":"https:\/\/api.w.org\/{rel}","templated":true}]}}