{"id":1943,"date":"2025-10-09T14:58:39","date_gmt":"2025-10-09T06:58:39","guid":{"rendered":"https:\/\/www.plasticgranularmachine.com\/?post_type=product&#038;p=1943"},"modified":"2025-10-09T14:58:40","modified_gmt":"2025-10-09T06:58:40","slug":"tire-block-cutter","status":"publish","type":"product","link":"https:\/\/www.plasticgranularmachine.com\/sw\/product\/tire-block-cutter\/","title":{"rendered":"Profesja torkblock Cutter"},"content":{"rendered":"<p>Behandlingen av skrot-d\u00e4ck utg\u00f6r en stor utmaning. Deras bulk och st\u00e5lelelement kunde skada dyr utrustning. V\u00e5r d\u00e4ckblocksk\u00e4rare \u00e4r konstruerad f\u00f6r att l\u00f6sa detta problem direkt. Det \u00e4r det v\u00e4sentliga f\u00f6rsta steget f\u00f6r varje seriell d\u00e4ck\u00e5tervinningslinje.<\/p>    <p>Denna maskin tar d\u00e4ckremsor och sk\u00e4r dem exakt till enhetliga block. Den konsekventa blockstorleken, vanligtvis 5*5 cm, g\u00f6r matning till f\u00f6ljande utrustning enkel och effektiv. Denna f\u00f6rbehandlingssteg \u00e4r avg\u00f6rande f\u00f6r smidiga, h\u00f6gvolymdrivna operationer.<\/p>    <h2 class=\"wp-block-heading\">D\u00e4ckblocksk\u00e4rare maskin designad f\u00f6r tuffa jobb<\/h2>    <p>D\u00e4ckblocksk\u00e4rarens prestanda beror p\u00e5 dess k\u00e4rnkomponenter. Vi har fokuserat p\u00e5 kraft och h\u00e5llbarhet.<\/p>    <ul class=\"wp-block-list\"> <li><strong>Sk\u00e4r igenom st\u00e5ltr\u00e5d:<\/strong> The machine&#8217;s high shear force is its key advantage. A precise gap, maintained at around 0.1 mm between the moving and fixed knives, ensures it cleanly severs the tough steel wires inside tires. This capability sets it apart from standard cutting equipment.<\/li>    <li><strong>H\u00e5llbara legeringsblad:<\/strong> Knivarna \u00e4r smidda av en h\u00e5rd, slitt\u00e5lig legering. De \u00e4r byggda f\u00f6r l\u00e5ng tj\u00e4nstg\u00f6ringstid. N\u00e4r de slits kan de tas bort, v\u00e4ssas om och installeras igen. Detta minskar dina l\u00e5ngsiktiga underh\u00e5llskostnader och stillest\u00e5nd betydligt.<\/li>    <li><strong>Konstruktion robusta:<\/strong> Enheten \u00e4r byggd p\u00e5 en kraftig ram. Dess stabila design i kombination med en balanserad transmissionsmekanism s\u00e4kerst\u00e4ller smidig drift \u00e4ven under tunga laster. Detta \u00e4r en maskin byggd f\u00f6r att h\u00e5lla.<\/li> <\/ul>    <h2 class=\"wp-block-heading\">Viktiga f\u00f6rdelar med d\u00e4ckblock f\u00f6r din drift<\/h2>    <p>Att integrera v\u00e5r d\u00e4ckblocksk\u00e4rare i arbetsfl\u00f6det ger omedelbara resultat:<\/p>    <ul class=\"wp-block-list\"> <li><strong>Skydda Din <a href=\"https:\/\/www.plasticgranularmachine.com\/sw\/product\/tire-shredder-machine-for-sale\/\" data-type=\"link\" data-id=\"https:\/\/www.plasticgranularmachine.com\/product\/tire-shredder-machine-for-sale\/\">Krossare<\/a>:<\/strong> Genom att f\u00f6rkorta d\u00e4ck till mindre block av st\u00e5l minskar du den enorma belastningen p\u00e5 din prim\u00e4ra kross. Detta f\u00f6rhindrar kostsamma skador p\u00e5 krossens valsar och blad, och f\u00f6rl\u00e4nger livsl\u00e4ngden p\u00e5 dina mest v\u00e4rdefulla tillg\u00e5ngar.<\/li>    <li><strong>\u00d6ka din produktion:<\/strong> En j\u00e4mn tillf\u00f6rsel av enhetliga block g\u00f6r att hela produktionslinjen kan g\u00e5 vid en h\u00f6gre, mer stabil kapacitet. Med modeller som kan bearbeta upp till 1500 kg\/h kan du avsev\u00e4rt \u00f6ka din throughput.<\/li>    <li><strong>F\u00f6rb\u00e4ttra energieffektiviteten:<\/strong> Designen fokuserar p\u00e5 att leverera maximal sk\u00e4ryta med minimal energif\u00f6rbrukning. Denna fokus p\u00e5 effektivitet s\u00e4nker dina dagliga driftkostnader.<\/li>    <li><strong>Enkelt och s\u00e4kert:<\/strong> Maskinen \u00e4r utformad f\u00f6r enkel anv\u00e4ndning och s\u00e4kerhet, vilket minskar behovet av omfattande operat\u00f6rsutbildning och s\u00e4kerst\u00e4ller en trygg arbetsmilj\u00f6.<\/li> <\/ul>    <h2 class=\"wp-block-heading\">V\u00e4lj r\u00e4tt modell f\u00f6r dina behov<\/h2>    <p>Vi erbjuder tv\u00e5 modeller f\u00f6r att matcha din produktionsskala. B\u00e5da \u00e4r utformade f\u00f6r p\u00e5litlighet och prestanda.<\/p>    <figure class=\"wp-block-table\"><table class=\"has-fixed-layout\"><thead><tr><th>Funktion<\/th><th>QKJ-358 Common Tire Block Cutter<\/th><th>Uppdaterad D\u00e4ckblocksk\u00e4rare<\/th><\/tr><\/thead><tbody><tr><td><strong>Anv\u00e4ndningsfall<\/strong><\/td><td>L\u00e4mplig f\u00f6r sm\u00e5 till medelstora operationer<\/td><td>Designad f\u00f6r h\u00f6g volymbearbetning<\/td><\/tr><tr><td><strong>Motorstyrka<\/strong><\/td><td>5.5 KW<\/td><td>18.5 KW<\/td><\/tr><tr><td><strong>Kapacitet<\/strong><\/td><td>800 kg\/h<\/td><td>1500 kg\/h<\/td><\/tr><tr><td><strong>Utg\u00e5ngsstorlek<\/strong><\/td><td>Ca. 3*5*6 cm<\/td><td>Ca. 5*5 cm<\/td><\/tr><tr><td><strong>M\u00e5tt<\/strong><\/td><td>1.0*0.8*1.4 m<\/td><td>1.3*1.1*1.5 m<\/td><\/tr><tr><td><strong>Peso<\/strong><\/td><td>800 kg<\/td><td>1200 kg<\/td><\/tr><\/tbody><\/table><\/figure>    <p>Gummihjulblocksk\u00e4rare \u00e4r inte bara en annan maskin; det \u00e4r en kritisk komponent som f\u00f6rb\u00e4ttrar effektiviteten och livsl\u00e4ngden f\u00f6r hela ditt skrotsystem f\u00f6r bild\u00e4ck. Kontakta oss f\u00f6r att diskutera dina specifika behov av hantering av avfallssonly och hitta r\u00e4tt l\u00f6sning f\u00f6r din anl\u00e4ggning.<\/p>","protected":false},"excerpt":{"rendered":"<p>Processing scrap tires presents a major challenge. Their bulk and steel components can damage expensive machinery. Our tire block cutter is engineered to solve this problem directly. It is the essential first step for any serious tire recycling line. This machine takes tire strips and precisely cuts them into uniform blocks. The consistent block size, [&hellip;]<\/p>\n","protected":false},"author":1,"featured_media":1948,"parent":0,"template":"","tags":[],"product-type":[75],"class_list":["post-1943","product","type-product","status-publish","has-post-thumbnail","hentry","product-type-tire-recycling-facility"],"_links":{"self":[{"href":"https:\/\/www.plasticgranularmachine.com\/sw\/wp-json\/wp\/v2\/product\/1943","targetHints":{"allow":["GET"]}}],"collection":[{"href":"https:\/\/www.plasticgranularmachine.com\/sw\/wp-json\/wp\/v2\/product"}],"about":[{"href":"https:\/\/www.plasticgranularmachine.com\/sw\/wp-json\/wp\/v2\/types\/product"}],"author":[{"embeddable":true,"href":"https:\/\/www.plasticgranularmachine.com\/sw\/wp-json\/wp\/v2\/users\/1"}],"wp:featuredmedia":[{"embeddable":true,"href":"https:\/\/www.plasticgranularmachine.com\/sw\/wp-json\/wp\/v2\/media\/1948"}],"wp:attachment":[{"href":"https:\/\/www.plasticgranularmachine.com\/sw\/wp-json\/wp\/v2\/media?parent=1943"}],"wp:term":[{"taxonomy":"post_tag","embeddable":true,"href":"https:\/\/www.plasticgranularmachine.com\/sw\/wp-json\/wp\/v2\/tags?post=1943"},{"taxonomy":"product-type","embeddable":true,"href":"https:\/\/www.plasticgranularmachine.com\/sw\/wp-json\/wp\/v2\/product-type?post=1943"}],"curies":[{"name":"wp","href":"https:\/\/api.w.org\/{rel}","templated":true}]}}