{"id":1971,"date":"2025-10-20T14:54:33","date_gmt":"2025-10-20T06:54:33","guid":{"rendered":"https:\/\/www.plasticgranularmachine.com\/?post_type=product&#038;p=1971"},"modified":"2025-10-20T14:54:33","modified_gmt":"2025-10-20T06:54:33","slug":"egg-tray-dryer","status":"publish","type":"product","link":"https:\/\/www.plasticgranularmachine.com\/sw\/product\/egg-tray-dryer\/","title":{"rendered":"\u00c4ggbrickstorktork f\u00f6r din \u00e4ggbricksproduktionslinje"},"content":{"rendered":"<p>Egg tray-torkar anv\u00e4nds vanligtvis tillsammans med formar f\u00f6r \u00e4ggbrickor f\u00f6r att snabbt torka v\u00e5ta brickor efter formning, vilket \u00f6kar produktionseffektiviteten och stabiliteten. En p\u00e5litlig \u00e4ggbricks-torkningssystem s\u00e4kerst\u00e4ller smidig, kontinuerlig drift samtidigt som energif\u00f6rbrukningen minskar. <\/p>    <p>vi tillhandah\u00e5ller omfattande och anpassningsbara l\u00f6sningar f\u00f6r pappersbricktorkning, utformade f\u00f6r att m\u00f6ta din specifika produktionsskala och r\u00e5varubesparingar.<\/p>    <h2 class=\"wp-block-heading\">Flera \u00e4ggbricks-torkare tillg\u00e4ngliga f\u00f6r urval<\/h2>    <p>Det finns flera typer av torksystem f\u00f6r \u00e4ggbrickor tillg\u00e4ngliga, beroende p\u00e5 din fabriksstorlek, budget och lokala energif\u00f6rh\u00e5llanden. Var v\u00e4nlig och kontakta oss f\u00f6r rekommendationer och anpassad utrustning.<\/p>    <figure class=\"wp-block-table\"><table><thead><tr><th>Metall-\u00e4ggbrick-torkare<\/th><th>Bricka torkrum<\/th><th>Naturlig torkningsmetod<\/th><\/tr><\/thead><tbody><tr><td>H\u00f6g effektivitet, fullst\u00e4ndig automatisering<\/td><td>Inbyggd torkning, Balanserat val<\/td><td>L\u00e5g kostnad, platsk\u00e4nslig<\/td><\/tr><tr><td>\u2022 H\u00f6gsta initiala investering<br>\u2022 Ingen extern torkyta beh\u00f6vs<br>\u2022 Snabbast och mest konsekvent torkning<br>\u2022 St\u00f6rsta verkstadsytan kr\u00e4vs<br>\u2022 Utg\u00e5ng: 1500-7,000 st\/h<\/td><td>\u2022 M\u00e5ttlig investering<br>\u2022 Ingen extern torkyta beh\u00f6vs<br>\u2022 V\u00e4deroberoende &amp; kontinuerligt<br>\u2022 Medelh\u00f6g effektivitet &amp; fotavtryck<br>\u2022\u00a0Matokeo:\u00a01,000 \u2013 7,000 pcs\/h<\/td><td>\u2022 L\u00e4gsta initiala investering<br>\u2022 Stor torkg\u00e5rd kr\u00e4vs (\u2265500 m\u00b2)<br>\u2022 V\u00e4derberoende<br>\u2022 L\u00e4ngre produktionscykel<br>\u2022\u00a0Matokeo:\u00a01,000 \u2013 2,500 pcs\/h<\/td><\/tr><tr><td><strong>Ideal br\u00e4nsle:<\/strong> Naturgas, diesel, etc.<\/td><td><strong>Ideal br\u00e4nsle:<\/strong> Kol, biomassa (s\u00e5som vedflisor, str\u00e5)<\/td><td>Inget br\u00e4nsle beh\u00f6vs<\/td><\/tr><tr><td><strong>Ideal f\u00f6r:<\/strong>&nbsp;Startups med l\u00e5g budget och gott om plats.<\/td><td><strong>Ideal f\u00f6r:<\/strong>&nbsp;V\u00e4xande f\u00f6retag som s\u00f6ker den b\u00e4sta balansen mellan kostnad och effektivitet.<\/td><td><strong>Ideal f\u00f6r:<\/strong>&nbsp;Storprodukt\u00f6rer som prioriterar utg\u00e5ng, hastighet och automation.<\/td><\/tr><\/tbody><\/table><\/figure>    <h2 class=\"wp-block-heading\">Detaljer om v\u00e5ra \u00e4ggbricks-torksystem<\/h2>    <h3 class=\"wp-block-heading\">Flerlagers metalltorkning<\/h3>   <div class=\"wp-block-image\"> <figure class=\"aligncenter size-full\"><img loading=\"lazy\" decoding=\"async\" width=\"720\" height=\"540\" src=\"https:\/\/www.plasticgranularmachine.com\/wp-content\/uploads\/2025\/10\/metal-egg-tray-dryer-machine.webp\" alt=\"metall \u00e4ggbricks-torkmaskin\" class=\"wp-image-1974\" srcset=\"https:\/\/www.plasticgranularmachine.com\/wp-content\/uploads\/2025\/10\/metal-egg-tray-dryer-machine.webp 720w, https:\/\/www.plasticgranularmachine.com\/wp-content\/uploads\/2025\/10\/metal-egg-tray-dryer-machine-300x225.webp 300w, https:\/\/www.plasticgranularmachine.com\/wp-content\/uploads\/2025\/10\/metal-egg-tray-dryer-machine-16x12.webp 16w\" sizes=\"auto, (max-width: 720px) 100vw, 720px\" \/><figcaption class=\"wp-element-caption\">metall \u00e4ggbricks-torkmaskin<\/figcaption><\/figure> <\/div>   <p>Detta metall-\u00e4ggbricks-torksystem inkluderar fl\u00e4ktar, luftf\u00f6rdelningsplattor, brickor, kedjeb\u00e4rare osv. V\u00e5ta \u00e4ggkartonger formas och placeras p\u00e5 torktransport\u00f6rer. Kartongerna f\u00f6rs sedan till torkkammaren d\u00e4r de j\u00e4mnt v\u00e4rms upp och torkas genom ett varmluftscirkulationssystem. <\/p>    <ul class=\"wp-block-list\"> <li>Torktemperatur: 180-200 \u00b0C<\/li>    <li>Torktid: 25-30 min<\/li>    <li>Sp\u00e4nning: 380V, 50Hz (anpassningsbar)<\/li> <\/ul>    <figure class=\"wp-block-table\"><table><tbody><tr><td>Mfano<\/td><td>SL-1500<\/td><td>SL-2500<\/td><td>SL-3000<\/td><td>SL-4500<\/td><td>SL-5000<\/td><td>SL-7000<\/td><\/tr><tr><td>Utg\u00e5ng (st\/h)<\/td><td>1500<\/td><td>2500<\/td><td>3000<\/td><td>4500<\/td><td>5000<\/td><td>7000<\/td><\/tr><tr><td>Vikt (t)<\/td><td>20<\/td><td>29<\/td><td>30<\/td><td>35<\/td><td>38<\/td><td>50<\/td><\/tr><tr><td>V\u00e4rmev\u00e4rde f\u00f6r f\u00f6rbr\u00e4nningsugn<\/td><td>90<\/td><td>130<\/td><td>130<\/td><td>150<\/td><td>150<\/td><td>190<\/td><\/tr><tr><td>Storlek p\u00e5 \u00e4ggbricksstorken<\/td><td>21.5*2.2*2.4 m<\/td><td>22.5*1.9*3.4 m<\/td><td>22.5*2.2*3.4 m<\/td><td>28.5*2.2*3.4 m<\/td><td>28.5*2.2*3.4 m<\/td><td>34.5*2.5*3.6 m<\/td><\/tr><tr><td>Torkomr\u00e5de (L*B*H)<\/td><td>\u226540*15*5 m<\/td><td>\u226540*15*5 m<\/td><td>\u226540*15*5 m<\/td><td>\u226550*15*5 m<\/td><td>\u226550*15*5 m<\/td><td>\u226550*15*5 m<\/td><\/tr><\/tbody><\/table><\/figure>    <h3 class=\"wp-block-heading\">Brickugnstorkmaskiner<\/h3>   <div class=\"wp-block-image\"> <figure class=\"aligncenter size-full\"><img loading=\"lazy\" decoding=\"async\" width=\"720\" height=\"540\" src=\"https:\/\/www.plasticgranularmachine.com\/wp-content\/uploads\/2025\/10\/Brick-kiln-drying.webp\" alt=\"Briktorkning i tegelugn\" class=\"wp-image-1972\" srcset=\"https:\/\/www.plasticgranularmachine.com\/wp-content\/uploads\/2025\/10\/Brick-kiln-drying.webp 720w, https:\/\/www.plasticgranularmachine.com\/wp-content\/uploads\/2025\/10\/Brick-kiln-drying-300x225.webp 300w, https:\/\/www.plasticgranularmachine.com\/wp-content\/uploads\/2025\/10\/Brick-kiln-drying-16x12.webp 16w\" sizes=\"auto, (max-width: 720px) 100vw, 720px\" \/><figcaption class=\"wp-element-caption\">Briktorkning i tegelugn<\/figcaption><\/figure> <\/div>   <p>Bricktorkrummet byggs av tegel och betong. V\u00e4rmen genereras i f\u00f6rbr\u00e4nningskammaren genom f\u00f6rbr\u00e4nning av biomassa, vilket ger stabil torkning av v\u00e5ta \u00e4ggbrickor.<\/p>    <ul class=\"wp-block-list\"> <li>Torktemperatur: 180-200 \u00b0C<\/li>    <li>Torkningstid: 1-2 h<\/li>    <li>Sp\u00e4nning: 380V, 50Hz (anpassningsbar)<\/li> <\/ul>    <figure class=\"wp-block-table\"><table><tbody><tr><td>Mfano<\/td><td>SL-1-4<\/td><td>SL-3-4<\/td><td>SL-4-4<\/td><td>SL-4-8<\/td><td>SL-5-8<\/td><td>SL-6-8<\/td><\/tr><tr><td>Utg\u00e5ng (st\/h)<\/td><td>1500<\/td><td>2000<\/td><td>2500<\/td><td>5000<\/td><td>6000<\/td><td>7000<\/td><\/tr><tr><td>Effekt (kW)<\/td><td>18<\/td><td>18<\/td><td>18<\/td><td>18<\/td><td>25<\/td><td>36<\/td><\/tr><tr><td>Vikt (t)<\/td><td>6<\/td><td>7<\/td><td>7.5<\/td><td>10<\/td><td>12<\/td><td>20<\/td><\/tr><tr><td>Torkningsomr\u00e5de (m)<\/td><td>\u226540*10<\/td><td>\u226550*10<\/td><td>\u226550*10<\/td><td>\u226555*15<\/td><td>\u226565*15<\/td><td>\u226575*15<\/td><\/tr><\/tbody><\/table><\/figure>    <p class=\"translation-block\"><em>Obs: Torkomr\u00e5det \u00e4r endast den minsta n\u00f6dv\u00e4ndiga ytan f\u00f6r utrustningens drift. Den faktiska layouten m\u00e5ste ta h\u00e4nsyn till drifts- och underh\u00e5llsutrymme.<\/em> <em>V\u00e4nligen kontakta oss f\u00f6r rekommendationer.<\/em><\/p>    <h3 class=\"wp-block-heading\">Naturlig \u00e4ggbricks-torkning system<\/h3>   <div class=\"wp-block-image\"> <figure class=\"aligncenter size-full\"><img loading=\"lazy\" decoding=\"async\" width=\"720\" height=\"540\" src=\"https:\/\/www.plasticgranularmachine.com\/wp-content\/uploads\/2025\/10\/natural-egg-tray-drying.webp\" alt=\"naturlig \u00e4ggbricks-torkning\" class=\"wp-image-1975\" srcset=\"https:\/\/www.plasticgranularmachine.com\/wp-content\/uploads\/2025\/10\/natural-egg-tray-drying.webp 720w, https:\/\/www.plasticgranularmachine.com\/wp-content\/uploads\/2025\/10\/natural-egg-tray-drying-300x225.webp 300w, https:\/\/www.plasticgranularmachine.com\/wp-content\/uploads\/2025\/10\/natural-egg-tray-drying-16x12.webp 16w\" sizes=\"auto, (max-width: 720px) 100vw, 720px\" \/><figcaption class=\"wp-element-caption\">naturlig \u00e4ggbricks-torkning<\/figcaption><\/figure> <\/div>   <p>F\u00f6r sm\u00e5 verkst\u00e4der eller regioner med varmt klimat kan naturlig torkning anv\u00e4ndas som en enkel och kostnadseffektiv metod. Vi kan tillhandah\u00e5lla layoutdesign och torkst\u00e4ll f\u00f6r att st\u00f6dja processen.<\/p>    <ul class=\"wp-block-list\"> <li>Torktid: Det tar flera timmar till flera dagar, beroende p\u00e5 v\u00e4derf\u00f6rh\u00e5llanden, s\u00e5som temperatur, luftfuktighet, vindhastighet och solljus.<\/li>    <li>Torkningsomr\u00e5de: Kr\u00e4ver ett stort \u00f6ppet utomhusomr\u00e5de (t.ex. 500-1000 kvadratmeter eller st\u00f6rre), som m\u00e5ste vara plant, soligt och fritt fr\u00e5n st\u00e5ende vatten.<\/li> <\/ul>    <h2 class=\"wp-block-heading\">Varf\u00f6r v\u00e4lja v\u00e5r \u00e4ggbrickstorkmaskin?<\/h2>    <p>Att v\u00e4lja en h\u00f6gkvalitativ \u00e4ggbrickstorkare \u00e4r nyckeln till stabil produktion och konsekvent produktkvalitet. L\u00e5gkvalitativa torkar orsakar ofta oj\u00e4mn temperatur och d\u00e5lig luftstr\u00f6m. Som ett resultat kan \u00e4ggbrickor torka oj\u00e4mnt, deformeras eller g\u00e5 s\u00f6nder l\u00e4tt. De f\u00f6rbrukar ocks\u00e5 mer energi och \u00f6kar kostnaderna.<\/p>    <p>EFFEKTIV \u00e4ggbrickstorkare \u00e4r utformad f\u00f6r effektivitet, stabilitet och energibesparing. Varje enhet testas och inspekteras innan leverans f\u00f6r att s\u00e4kerst\u00e4lla p\u00e5litlig prestanda. Funktioner:<\/p>    <ul class=\"wp-block-list\"> <li>Snabb och effektiv torkning: Stabil temperatur och j\u00e4mn luftfl\u00f6de.<\/li>    <li>Anpassad design: Flexibel layout baserat p\u00e5 kapacitet och verkstadens storlek.<\/li>    <li>H\u00e5llbar konstruktion: Tillverkad av h\u00f6gkvalitativa material, l\u00e4tt att underh\u00e5lla.<\/li>    <li>Energibesparing: H\u00f6g v\u00e4rmeutnyttjande, l\u00e5g driftskostnad.<\/li>    <li>Globalt st\u00f6d: installationsv\u00e4gledning och eftermarknadstj\u00e4nster.<\/li> <\/ul>    <p class=\"translation-block\">Oavsett om du bygger en ny <a href=\"https:\/\/www.plasticgranularmachine.com\/sw\/product\/egg-tray-production-line\/\" data-type=\"link\" data-id=\"https:\/\/www.plasticgranularmachine.com\/product\/egg-tray-production-line\/\">\u00e4ggbrickproduktion<\/a> eller uppgraderar befintlig utrustning, erbjuder Shuliy\u2019s \u00e4ggbrickstorksystem en tillf\u00f6rlitlig och kostnadseffektiv l\u00f6sning.<\/p>","protected":false},"excerpt":{"rendered":"<p>Egg tray dryers are typically used with egg tray forming machines to quickly dry wet egg trays after molding, enhancing production efficiency and stability. A reliable egg tray drying system ensures smooth, continuous operation while reducing energy consumption. we provide comprehensive and customizable solutions for paper tray drying, designed to meet your specific production scale [&hellip;]<\/p>\n","protected":false},"author":1,"featured_media":1973,"parent":0,"template":"","tags":[],"product-type":[79],"class_list":["post-1971","product","type-product","status-publish","has-post-thumbnail","hentry","product-type-paper-recycling-machine"],"_links":{"self":[{"href":"https:\/\/www.plasticgranularmachine.com\/sw\/wp-json\/wp\/v2\/product\/1971","targetHints":{"allow":["GET"]}}],"collection":[{"href":"https:\/\/www.plasticgranularmachine.com\/sw\/wp-json\/wp\/v2\/product"}],"about":[{"href":"https:\/\/www.plasticgranularmachine.com\/sw\/wp-json\/wp\/v2\/types\/product"}],"author":[{"embeddable":true,"href":"https:\/\/www.plasticgranularmachine.com\/sw\/wp-json\/wp\/v2\/users\/1"}],"wp:featuredmedia":[{"embeddable":true,"href":"https:\/\/www.plasticgranularmachine.com\/sw\/wp-json\/wp\/v2\/media\/1973"}],"wp:attachment":[{"href":"https:\/\/www.plasticgranularmachine.com\/sw\/wp-json\/wp\/v2\/media?parent=1971"}],"wp:term":[{"taxonomy":"post_tag","embeddable":true,"href":"https:\/\/www.plasticgranularmachine.com\/sw\/wp-json\/wp\/v2\/tags?post=1971"},{"taxonomy":"product-type","embeddable":true,"href":"https:\/\/www.plasticgranularmachine.com\/sw\/wp-json\/wp\/v2\/product-type?post=1971"}],"curies":[{"name":"wp","href":"https:\/\/api.w.org\/{rel}","templated":true}]}}