{"id":1987,"date":"2025-10-27T14:57:57","date_gmt":"2025-10-27T06:57:57","guid":{"rendered":"https:\/\/www.plasticgranularmachine.com\/?post_type=product&#038;p=1987"},"modified":"2025-10-27T15:00:01","modified_gmt":"2025-10-27T07:00:01","slug":"rebar-ring-making-machine","status":"publish","type":"product","link":"https:\/\/www.plasticgranularmachine.com\/sw\/product\/rebar-ring-making-machine\/","title":{"rendered":"Rebar Ring Making Machine"},"content":{"rendered":"<p>Balkringsmaskinen \u00e4r en avancerad automatisk l\u00f6sning f\u00f6r att forma st\u00e5lst\u00e4nger till exakta cirkelformade eller spiralformer. Designad f\u00f6r projekt som h\u00f6ghastighetst\u00e5g, broar, tunnelbanor och solcellsfundament, maskinen s\u00e4kerst\u00e4ller snabb produktion, enhetliga ringstorlekar och konstant kvalitet \u2014 allt med minimalt manuellt arbete.<\/p>    <figure class=\"wp-block-gallery has-nested-images columns-default is-cropped wp-block-gallery-2 is-layout-flex wp-block-gallery-is-layout-flex\"> <figure class=\"wp-block-image size-large\"><img loading=\"lazy\" decoding=\"async\" width=\"720\" height=\"540\" data-id=\"1993\" src=\"https:\/\/www.plasticgranularmachine.com\/wp-content\/uploads\/2025\/10\/rebar-ring-bender.webp\" alt=\"balkringsb\u00f6jare\" class=\"wp-image-1993\" srcset=\"https:\/\/www.plasticgranularmachine.com\/wp-content\/uploads\/2025\/10\/rebar-ring-bender.webp 720w, https:\/\/www.plasticgranularmachine.com\/wp-content\/uploads\/2025\/10\/rebar-ring-bender-300x225.webp 300w, https:\/\/www.plasticgranularmachine.com\/wp-content\/uploads\/2025\/10\/rebar-ring-bender-16x12.webp 16w\" sizes=\"auto, (max-width: 720px) 100vw, 720px\" \/><figcaption class=\"wp-element-caption\">balkringsb\u00f6jare<\/figcaption><\/figure>    <figure class=\"wp-block-image size-large\"><img loading=\"lazy\" decoding=\"async\" width=\"720\" height=\"540\" data-id=\"1995\" src=\"https:\/\/www.plasticgranularmachine.com\/wp-content\/uploads\/2025\/10\/steel-bar-ring-making-machine-working.webp\" alt=\"arbete balkringsmaskin i drift\" class=\"wp-image-1995\" srcset=\"https:\/\/www.plasticgranularmachine.com\/wp-content\/uploads\/2025\/10\/steel-bar-ring-making-machine-working.webp 720w, https:\/\/www.plasticgranularmachine.com\/wp-content\/uploads\/2025\/10\/steel-bar-ring-making-machine-working-300x225.webp 300w, https:\/\/www.plasticgranularmachine.com\/wp-content\/uploads\/2025\/10\/steel-bar-ring-making-machine-working-16x12.webp 16w\" sizes=\"auto, (max-width: 720px) 100vw, 720px\" \/><figcaption class=\"wp-element-caption\">arbete balkringsmaskin i drift<\/figcaption><\/figure> <\/figure>    <h2 class=\"wp-block-heading\">Vad \u00e4r balkringsmaskinen?<\/h2>    <p>V\u00e5r balkringsmaskin kombinerar CNC-kontrollteknik med ett hydrauliskt transmissionssystem f\u00f6r fullst\u00e4ndig automatisk drift.<\/p>    <p>Fr\u00e5n matning och rakning till ringsformning och sk\u00e4rning, alla steg genomf\u00f6rs i en kontinuerlig cykel. Operat\u00f6rer beh\u00f6ver bara st\u00e4lla in de \u00f6nskade parametrarna, och maskinen bearbetar automatiskt en hel bunt st\u00e5lst\u00e4nger med stabil prestanda och precisa resultat.<\/p>    <p>J\u00e4mf\u00f6rt med manuell b\u00f6jning minskar det arbetsbelastningen, eliminerar dimensionella fel och \u00f6kar produktiviteten flera g\u00e5nger.<\/p>    <h2 class=\"wp-block-heading\">Hur fungerar balkringsb\u00f6jaren?<\/h2>    <p>Balkringsmaskinen best\u00e5r av flera nyckelkomponenter:<\/p>    <ul class=\"wp-block-list\"> <li>Elektrisk motor och hydrauliksystem (inklusive oljepump, motor, ventiler och oljetr\u00e5g)<\/li>    <li>Rakst\u00e4llsgearbox och f\u00f6rinst\u00e4llda hjul<\/li>    <li>Rundnings- och sk\u00e4rrstadser<\/li>    <li>CNC PLC-styrsystem med peksk\u00e4rmsgr\u00e4nssnitt<\/li>    <li>Automatisk r\u00e4kning och s\u00e4kerhetsanordningar<\/li> <\/ul>    <p>Under PLC-systemets kontroll driver motorn oljpumpen f\u00f6r att starta hydrauliken. Hydraulmotorn driver sedan raknings-gearboxen, som kontinuerligt matar st\u00e5ngen fram\u00e5t. N\u00e4r st\u00e5ngen g\u00e5r in i rundningsenheten b\u00f6js den till en exakt cirkul\u00e4r form. Slutligen sk\u00e4rcylindern automatiskt sk\u00e4r st\u00e5ngen till den f\u00f6rinst\u00e4llda l\u00e4ngden och genomf\u00f6r en fullst\u00e4ndig cykel.<\/p>    <p>Denna koordinerade process\u2014from matning till sk\u00e4rning\u2014\u00e4r helt automatiserad, vilket s\u00e4kerst\u00e4ller smidig drift, h\u00f6g effektivitet och konsekvent ringnoggrannhet inom \u00b10,2 mm.<\/p>   <div class=\"wp-block-image\"> <figure class=\"aligncenter size-full\"><img loading=\"lazy\" decoding=\"async\" width=\"720\" height=\"540\" src=\"https:\/\/www.plasticgranularmachine.com\/wp-content\/uploads\/2025\/10\/rebar-coil.webp\" alt=\"balkspira\" class=\"wp-image-1992\" srcset=\"https:\/\/www.plasticgranularmachine.com\/wp-content\/uploads\/2025\/10\/rebar-coil.webp 720w, https:\/\/www.plasticgranularmachine.com\/wp-content\/uploads\/2025\/10\/rebar-coil-300x225.webp 300w, https:\/\/www.plasticgranularmachine.com\/wp-content\/uploads\/2025\/10\/rebar-coil-16x12.webp 16w\" sizes=\"auto, (max-width: 720px) 100vw, 720px\" \/><figcaption class=\"wp-element-caption\">balkspira<\/figcaption><\/figure> <\/div>   <h2 class=\"wp-block-heading\">Tekniska parametrar f\u00f6r olika balkringsb\u00f6jare<\/h2>    <figure class=\"wp-block-table\"><table><thead><tr><th>Mfano<\/th><th>St\u00e5ldiameter (mm)<\/th><th>Ringdiameter (mm)<\/th><th>Motor Kraft (kW)<\/th><th>Hastighet (m\/min)<\/th><th>Noggrannhet<\/th><th>Vikt (kg)<\/th><\/tr><\/thead><tbody><tr><td>ET-3-6<\/td><td>3-6<\/td><td>50-1000<\/td><td>4<\/td><td>16-25<\/td><td>\u00b10,2 mm<\/td><td>480<\/td><\/tr><tr><td>ET-6-10<\/td><td>6-10<\/td><td>50-800<\/td><td>5.5<\/td><td>16-25<\/td><td>\u00b10,2 mm<\/td><td>560<\/td><\/tr><tr><td>ET-8-12<\/td><td>8-12<\/td><td>50-1500<\/td><td>7<\/td><td>16-25<\/td><td>\u00b10,2 mm<\/td><td>640<\/td><\/tr><tr><td>ET-10-14<\/td><td>10-14<\/td><td>50-1800<\/td><td>7<\/td><td>16-25<\/td><td>\u00b10,2 mm<\/td><td>690<\/td><\/tr><tr><td>ET-16-20<\/td><td>16-20<\/td><td>50-2200<\/td><td>11<\/td><td>16-30<\/td><td>\u00b10,2 mm<\/td><td>1150<\/td><\/tr><tr><td>ET-22-25<\/td><td>22-25<\/td><td>50-3000<\/td><td>15<\/td><td>16-30<\/td><td>\u00b10,2 mm<\/td><td>1350<\/td><\/tr><\/tbody><\/table><\/figure>    <h2 class=\"wp-block-heading\">Varf\u00f6r v\u00e4lja v\u00e5r balkringsmaskin?<\/h2>    <p>Att anv\u00e4nda en balkringsmaskin ger tydliga f\u00f6rdelar j\u00e4mf\u00f6rt med manuell b\u00f6jning:<\/p>    <ul class=\"wp-block-list\"> <li><strong>Ufanisi Zaidi:<\/strong> Kula kwa kiotomatiki, kubinafsisha, na kukata huongeza uzalishaji kwa mara 3-5 ikilinganishwa na kazi ya mikono.<\/li>    <li><strong>Uundaji wa Kawaida:<\/strong> Udhibiti wa CNC huweka kila ukubwa wa pete kuwa thabiti, kwa usahihi hadi \u00b10.2 mm.<\/li>    <li><strong>Kuokoa Kazi:<\/strong> Mfanyakazi mmoja anaweza kuendesha mfumo mzima kupitia kiolesura cha skrini ya kugusa.<\/li>    <li><strong>Utendaji Imara:<\/strong> Uhamishaji wa majimaji na rollers za alloy huhakikisha operesheni laini na maisha marefu ya huduma.<\/li>    <li><strong>Kuokoa Vifaa:<\/strong> Kukata kwa kiotomatiki hupunguza taka na kuboresha mavuno.<\/li>    <li><strong>Matumizi Mbalimbali:<\/strong> Inafaa kwa kutengeneza pete za rebar za mduara na za mviringo kwa madaraja, vivuko, na miradi ya msingi.<\/li>    <li><strong>Matengenezo Rahisi:<\/strong> Muundo rahisi, vipengele vya kudumu, na gharama ya chini ya uendeshaji.<\/li> <\/ul>    <figure class=\"wp-block-gallery has-nested-images columns-default is-cropped wp-block-gallery-3 is-layout-flex wp-block-gallery-is-layout-flex\"> <figure class=\"wp-block-image size-large\"><img loading=\"lazy\" decoding=\"async\" width=\"720\" height=\"540\" data-id=\"1990\" src=\"https:\/\/www.plasticgranularmachine.com\/wp-content\/uploads\/2025\/10\/process-steel-bars-into-coils.webp\" alt=\"omforma st\u00e5lst\u00e4nger till spolar\" class=\"wp-image-1990\" srcset=\"https:\/\/www.plasticgranularmachine.com\/wp-content\/uploads\/2025\/10\/process-steel-bars-into-coils.webp 720w, https:\/\/www.plasticgranularmachine.com\/wp-content\/uploads\/2025\/10\/process-steel-bars-into-coils-300x225.webp 300w, https:\/\/www.plasticgranularmachine.com\/wp-content\/uploads\/2025\/10\/process-steel-bars-into-coils-16x12.webp 16w\" sizes=\"auto, (max-width: 720px) 100vw, 720px\" \/><figcaption class=\"wp-element-caption\">omforma st\u00e5lst\u00e4nger till spolar<\/figcaption><\/figure>    <figure class=\"wp-block-image size-large\"><img loading=\"lazy\" decoding=\"async\" width=\"720\" height=\"540\" data-id=\"1989\" src=\"https:\/\/www.plasticgranularmachine.com\/wp-content\/uploads\/2025\/10\/details-of-the-rebar-ring-making-machine.webp\" alt=\"detaljer om balk-ringar maskinens ringprodukt\" class=\"wp-image-1989\" srcset=\"https:\/\/www.plasticgranularmachine.com\/wp-content\/uploads\/2025\/10\/details-of-the-rebar-ring-making-machine.webp 720w, https:\/\/www.plasticgranularmachine.com\/wp-content\/uploads\/2025\/10\/details-of-the-rebar-ring-making-machine-300x225.webp 300w, https:\/\/www.plasticgranularmachine.com\/wp-content\/uploads\/2025\/10\/details-of-the-rebar-ring-making-machine-16x12.webp 16w\" sizes=\"auto, (max-width: 720px) 100vw, 720px\" \/><figcaption class=\"wp-element-caption\">detaljer om balk-ringar maskinens ringprodukt<\/figcaption><\/figure> <\/figure>    <h2 class=\"wp-block-heading\">Anv\u00e4ndningar av balkringsmaskinen<\/h2>    <p>V\u00e5r balkringsmaskin kan anv\u00e4ndas inom f\u00f6ljande omr\u00e5den:<\/p>    <ul class=\"wp-block-list\"> <li>Snabbsp\u00e5rt\u00e5g och brof\u00f6rst\u00e4rkning<\/li>    <li>Tunnelbanetunnelkonstruktion<\/li>    <li>Solcellsfundamentankare<\/li>    <li>Prefabricerad betongp\u00e5leproduktion<\/li>    <li>Balkkorg- och ramproduktionslinjer<\/li>    <li>Balkbearbetning och distributionscentraler<\/li> <\/ul>    <p>Var som helst d\u00e4r cirkul\u00e4ra balkringar beh\u00f6vs, erbjuder denna maskin den hastighet, precision och tillf\u00f6rlitlighet som kr\u00e4vs f\u00f6r industriella standarder.<\/p>   <div class=\"wp-block-image\"> <figure class=\"aligncenter size-full\"><img loading=\"lazy\" decoding=\"async\" width=\"540\" height=\"720\" src=\"https:\/\/www.plasticgranularmachine.com\/wp-content\/uploads\/2025\/10\/application-of-rebar-rings.webp\" alt=\"till\u00e4mpning av balkringar\" class=\"wp-image-1988\" srcset=\"https:\/\/www.plasticgranularmachine.com\/wp-content\/uploads\/2025\/10\/application-of-rebar-rings.webp 540w, https:\/\/www.plasticgranularmachine.com\/wp-content\/uploads\/2025\/10\/application-of-rebar-rings-225x300.webp 225w, https:\/\/www.plasticgranularmachine.com\/wp-content\/uploads\/2025\/10\/application-of-rebar-rings-9x12.webp 9w\" sizes=\"auto, (max-width: 540px) 100vw, 540px\" \/><figcaption class=\"wp-element-caption\">till\u00e4mpning av balkringar<\/figcaption><\/figure> <\/div>   <h2 class=\"wp-block-heading\">Hur fungerar balkringsmaskinen tillsammans med annan utrustning?<\/h2>    <p class=\"translation-block\">I balkbearbetningsanl\u00e4ggningar \u00e4r balkringsmaskinen ofta parat med en<a href=\"https:\/\/www.plasticgranularmachine.com\/sw\/product\/rebar-straightener\/\" data-type=\"link\" data-id=\"https:\/\/www.plasticgranularmachine.com\/product\/rebar-straightener\/\">balkraknings- och sk\u00e4rmaskin<\/a>och en balkb\u00f6jare:<\/p>    <p>Spiralst\u00e5l \u2192 Rakning \u2192 Ringsformning \u2192 B\u00f6jning eller montering<\/p>    <p>Denna kombination bildar en komplett automatisk produktionslinje, vilket s\u00e4kerst\u00e4ller smidig och effektiv bearbetning fr\u00e5n r\u00e5spira till f\u00e4rdig konstruktion.<\/p>    <h2 class=\"wp-block-heading\">Vanliga FAQ om st\u00e5ngringsmaskinen<\/h2>   <div id=\"rank-math-faq\" class=\"rank-math-block\"> <div class=\"rank-math-list\"> <div id=\"faq-question-1761199478283\" class=\"rank-math-list-item\"> <h3 class=\"rank-math-question\">Vilka typer av balkmaterial kan den hantera?<\/h3> <div class=\"rank-math-answer\">  <p>Den fungerar med l\u00e5glegerat st\u00e5l, varmt eller kallt valtsat balkst\u00e5l. Vi kan \u00e4ven anpassa rullare f\u00f6r h\u00e5rdare material.<\/p>  <\/div> <\/div> <div id=\"faq-question-1761199718153\" class=\"rank-math-list-item\"> <h3 class=\"rank-math-question\">\u00c4r det sv\u00e5rt att anv\u00e4nda den?<\/h3> <div class=\"rank-math-answer\">  <p>Nej. Driften \u00e4r enkel via peksk\u00e4rms-PLC-gr\u00e4nssnitt. En operat\u00f6r kan hantera hela processen.<\/p>  <\/div> <\/div> <div id=\"faq-question-1761199750576\" class=\"rank-math-list-item\"> <h3 class=\"rank-math-question\">Hur st\u00e5r det till med underh\u00e5ll och reservdelar?<\/h3> <div class=\"rank-math-answer\">  <p>Strukturen \u00e4r h\u00e5llbar och l\u00e4tt att underh\u00e5lla. Regelbunden sm\u00f6rjning och tidsm\u00e4ssig ers\u00e4ttning av slitage-delar \u00e4r tillr\u00e4ckligt. Shuliy tillhandah\u00e5ller l\u00e5ngsiktiga reservdelar och teknisk support.<\/p>  <\/div> <\/div> <div id=\"faq-question-1761199776327\" class=\"rank-math-list-item\"> <h3 class=\"rank-math-question\">Kan den producera b\u00e5de cirkul\u00e4ra och spiralringar?<\/h3> <div class=\"rank-math-answer\">  <p>Ja. Formningssystemet kan justeras f\u00f6r att producera runda, spiral- eller spoleformade balkringar vid behov.<\/p>  <\/div> <\/div> <div id=\"faq-question-1761199795837\" class=\"rank-math-list-item\"> <h3 class=\"rank-math-question\">Hur l\u00e5ng \u00e4r garantiperioden?<\/h3> <div class=\"rank-math-answer\">  <p>Alla Shuliy balkringsmaskiner omfattas av ett \u00e5rs garanti och livsl\u00e5ng teknisk support.<\/p>  <\/div> <\/div> <div id=\"faq-question-1761199822978\" class=\"rank-math-list-item\"> <h3 class=\"rank-math-question\">Tillhandah\u00e5ller ni utrullad installation eller utbildning utomlands?<\/h3> <div class=\"rank-math-answer\">  <p>Ja, vi kan erbjuda onlinest\u00f6d och platsinstallation f\u00f6r stora projekt eller fullst\u00e4ndiga produktionslinjer.<\/p>  <\/div> <\/div> <\/div> <\/div>   <h2 class=\"wp-block-heading\">Hitimisho<\/h2>    <p>V\u00e5r balkringsmaskin levererar automation, precision och h\u00e5llbarhet i ett system. Det \u00e4r det perfekta valet f\u00f6r f\u00f6retag som s\u00f6ker effektiv balkcirkelproduktion f\u00f6r bygg-, bro- och fundamentprojekt. Enkelt att anv\u00e4nda, mycket exakt och byggd f\u00f6r att h\u00e5lla \u2014 det g\u00f6r balkbearbetning snabbare, smartare och mer tillf\u00f6rlitlig.<\/p>    <p>Ikiwa unavutiwa, tafadhali jisikie huru kuwasiliana nasi kwa maelezo zaidi na suluhisho zilizobinafsishwa!<\/p>   <div class=\"wp-block-image\"> <figure class=\"aligncenter size-full\"><img loading=\"lazy\" decoding=\"async\" width=\"750\" height=\"750\" src=\"https:\/\/www.plasticgranularmachine.com\/wp-content\/uploads\/2025\/10\/rebar-circle-bender.webp\" alt=\"balkringarb\u00f6jare\" class=\"wp-image-1991\" srcset=\"https:\/\/www.plasticgranularmachine.com\/wp-content\/uploads\/2025\/10\/rebar-circle-bender.webp 750w, https:\/\/www.plasticgranularmachine.com\/wp-content\/uploads\/2025\/10\/rebar-circle-bender-300x300.webp 300w, https:\/\/www.plasticgranularmachine.com\/wp-content\/uploads\/2025\/10\/rebar-circle-bender-150x150.webp 150w, https:\/\/www.plasticgranularmachine.com\/wp-content\/uploads\/2025\/10\/rebar-circle-bender-12x12.webp 12w\" sizes=\"auto, (max-width: 750px) 100vw, 750px\" \/><figcaption class=\"wp-element-caption\">balkringarb\u00f6jare<\/figcaption><\/figure> <\/div>","protected":false},"excerpt":{"rendered":"<p>The rebar ring making machine is an advanced automatic solution for forming steel bars into accurate circular or spiral shapes. Designed for projects such as high-speed railways, bridges, subways, and photovoltaic foundations, this machine ensures fast production, uniform ring sizes, and consistent quality \u2014 all with minimal manual work. What is the Rebar Ring Making [&hellip;]<\/p>\n","protected":false},"author":1,"featured_media":1994,"parent":0,"template":"","tags":[],"product-type":[78],"class_list":["post-1987","product","type-product","status-publish","has-post-thumbnail","hentry","product-type-metal-recycling-machine"],"_links":{"self":[{"href":"https:\/\/www.plasticgranularmachine.com\/sw\/wp-json\/wp\/v2\/product\/1987","targetHints":{"allow":["GET"]}}],"collection":[{"href":"https:\/\/www.plasticgranularmachine.com\/sw\/wp-json\/wp\/v2\/product"}],"about":[{"href":"https:\/\/www.plasticgranularmachine.com\/sw\/wp-json\/wp\/v2\/types\/product"}],"author":[{"embeddable":true,"href":"https:\/\/www.plasticgranularmachine.com\/sw\/wp-json\/wp\/v2\/users\/1"}],"wp:featuredmedia":[{"embeddable":true,"href":"https:\/\/www.plasticgranularmachine.com\/sw\/wp-json\/wp\/v2\/media\/1994"}],"wp:attachment":[{"href":"https:\/\/www.plasticgranularmachine.com\/sw\/wp-json\/wp\/v2\/media?parent=1987"}],"wp:term":[{"taxonomy":"post_tag","embeddable":true,"href":"https:\/\/www.plasticgranularmachine.com\/sw\/wp-json\/wp\/v2\/tags?post=1987"},{"taxonomy":"product-type","embeddable":true,"href":"https:\/\/www.plasticgranularmachine.com\/sw\/wp-json\/wp\/v2\/product-type?post=1987"}],"curies":[{"name":"wp","href":"https:\/\/api.w.org\/{rel}","templated":true}]}}