{"id":257,"date":"2022-07-27T03:39:39","date_gmt":"2022-07-27T03:39:39","guid":{"rendered":"https:\/\/www.plasticgranularmachine.com\/?post_type=product&#038;p=257"},"modified":"2025-01-06T09:57:21","modified_gmt":"2025-01-06T01:57:21","slug":"pet-flakes-washing-machine","status":"publish","type":"product","link":"https:\/\/www.plasticgranularmachine.com\/sw\/product\/pet-flakes-washing-machine\/","title":{"rendered":"PET-flingor Tv\u00e4tt Float Sink Separation Tank Maskin"},"content":{"rendered":"<p>PET-flingor tv\u00e4ttmaskin \u00e4r en av maskinerna i \u00e5tervinningslinjen f\u00f6r plastflaskor. Den spelar en mycket viktig roll i hela PET-flasktv\u00e4ttlinjen. Eftersom vi alla vet att avfall plastflaskor inneh\u00e5ller m\u00e5nga f\u00f6roreningar och fl\u00e4ckar. D\u00e4rf\u00f6r, f\u00f6r att f\u00e5 h\u00f6gkvalitativa plastflingor, beh\u00f6ver vi anv\u00e4nda en PET-flingor tv\u00e4ttanl\u00e4ggning f\u00f6r att reng\u00f6ra de krossade plastflingorna.<\/p>   <div class=\"wp-block-image\"> <figure class=\"aligncenter size-full\"><img loading=\"lazy\" decoding=\"async\" width=\"720\" height=\"540\" src=\"https:\/\/www.plasticgranularmachine.com\/wp-content\/uploads\/2022\/07\/sink-float-plastic-separation.webp\" alt=\"sink float plastseparation\" class=\"wp-image-1283\" srcset=\"https:\/\/www.plasticgranularmachine.com\/wp-content\/uploads\/2022\/07\/sink-float-plastic-separation.webp 720w, https:\/\/www.plasticgranularmachine.com\/wp-content\/uploads\/2022\/07\/sink-float-plastic-separation-300x225.webp 300w, https:\/\/www.plasticgranularmachine.com\/wp-content\/uploads\/2022\/07\/sink-float-plastic-separation-16x12.webp 16w\" sizes=\"auto, (max-width: 720px) 100vw, 720px\" \/><figcaption class=\"wp-element-caption\">Sink float plastseparation<\/figcaption><\/figure> <\/div>   <h2 class=\"wp-block-heading\">Varf\u00f6r beh\u00f6ver du en PET-flasktv\u00e4ttmaskin?<\/h2>    <p>PET-flasktv\u00e4ttmaskinen kallas ocks\u00e5 sink float-tank. Plastdryckflaskor best\u00e5r av tv\u00e5 delar: PET-flaskkropp och PP-lock. De olika materialen b\u00f6r behandlas med olika metoder. D\u00e4rf\u00f6r b\u00f6r plast\u00e5tervinningsanl\u00e4ggningar separera PP fr\u00e5n PET.<\/p>    <p>Det kan fullbordas av skillnader i densitet. Vattnets densitet \u00e4r exakt 1 g\/cm, i vanlig plast \u00e4r endast PP och PE-densitet under 1.0, s\u00e5 vattnet kan flyta i vattnet \u00e4r en PP-flaska kapsel, PET-material eftersom densiteten \u00e4r st\u00f6rre \u00e4n vattnet kommer att sjunka till botten. S\u00e5 det \u00e4r d\u00e4rf\u00f6r vi ocks\u00e5 kallar en PET-flaska tv\u00e4ttmaskin en plastflytande separations tank.<\/p>    <figure class=\"wp-block-gallery has-nested-images columns-default is-cropped wp-block-gallery-2 is-layout-flex wp-block-gallery-is-layout-flex\"> <figure class=\"wp-block-image size-large\"><img loading=\"lazy\" decoding=\"async\" width=\"720\" height=\"540\" data-id=\"1285\" src=\"https:\/\/www.plasticgranularmachine.com\/wp-content\/uploads\/2022\/07\/Impurities-floating-on-the-water-surface.webp\" alt=\"F\u00f6roreningar som flyter p\u00e5 vattenytan\" class=\"wp-image-1285\" srcset=\"https:\/\/www.plasticgranularmachine.com\/wp-content\/uploads\/2022\/07\/Impurities-floating-on-the-water-surface.webp 720w, https:\/\/www.plasticgranularmachine.com\/wp-content\/uploads\/2022\/07\/Impurities-floating-on-the-water-surface-300x225.webp 300w, https:\/\/www.plasticgranularmachine.com\/wp-content\/uploads\/2022\/07\/Impurities-floating-on-the-water-surface-16x12.webp 16w\" sizes=\"auto, (max-width: 720px) 100vw, 720px\" \/><figcaption class=\"wp-element-caption\">F\u00f6roreningar som flyter p\u00e5 vattenytan<\/figcaption><\/figure>    <figure class=\"wp-block-image size-large\"><img loading=\"lazy\" decoding=\"async\" width=\"720\" height=\"540\" data-id=\"1284\" src=\"https:\/\/www.plasticgranularmachine.com\/wp-content\/uploads\/2022\/07\/pet-flakes-washing-machine-in-plastic-bottle-washing-line.webp\" alt=\"pet flakes washing machine i plastflasktv\u00e4ttlinje\" class=\"wp-image-1284\" srcset=\"https:\/\/www.plasticgranularmachine.com\/wp-content\/uploads\/2022\/07\/pet-flakes-washing-machine-in-plastic-bottle-washing-line.webp 720w, https:\/\/www.plasticgranularmachine.com\/wp-content\/uploads\/2022\/07\/pet-flakes-washing-machine-in-plastic-bottle-washing-line-300x225.webp 300w, https:\/\/www.plasticgranularmachine.com\/wp-content\/uploads\/2022\/07\/pet-flakes-washing-machine-in-plastic-bottle-washing-line-16x12.webp 16w\" sizes=\"auto, (max-width: 720px) 100vw, 720px\" \/><figcaption class=\"wp-element-caption\">pet flakes washing machine i plastflasktv\u00e4ttlinje<\/figcaption><\/figure> <\/figure>    <h2 class=\"wp-block-heading\">Nyckelfunktioner f\u00f6r Plast Sink Float Tank?<\/h2>    <ul class=\"wp-block-list\"> <li>Vi \u00e4r glada att tillk\u00e4nnage att PET-flingor tv\u00e4ttmaskin har uppgraderats, f\u00f6rl\u00e4ngts och f\u00f6rdjupats, vilket har resulterat i mer effektiv f\u00e4llning och separation av f\u00f6roreningar. <\/li>    <li>Dessutom har vi utrustat den med ett vatten\u00e5tervinningssystem, vilket hj\u00e4lper till att minska vattenf\u00f6rbrukningen och driftkostnaderna.<\/li>    <li>SINK-FLOAT-tanken f\u00f6r plastflaskor kan hantera olika PET-flaskfragment, i olika storlekar och former, med bred anpassningsbarhet.<\/li>    <li>Processen f\u00f6r plastflasktv\u00e4tt \u00e4r enkel och resultaten imponerande, med h\u00f6g renhet i rPET.<\/li> <\/ul>   <div class=\"wp-block-image\"> <figure class=\"aligncenter size-large\"><img loading=\"lazy\" decoding=\"async\" width=\"1024\" height=\"622\" src=\"https:\/\/www.plasticgranularmachine.com\/wp-content\/uploads\/2022\/07\/plastic-bottle-sink-float-tank-1024x622.webp\" alt=\"plastflaskans sink float tank\" class=\"wp-image-1286\" srcset=\"https:\/\/www.plasticgranularmachine.com\/wp-content\/uploads\/2022\/07\/plastic-bottle-sink-float-tank-1024x622.webp 1024w, https:\/\/www.plasticgranularmachine.com\/wp-content\/uploads\/2022\/07\/plastic-bottle-sink-float-tank-300x182.webp 300w, https:\/\/www.plasticgranularmachine.com\/wp-content\/uploads\/2022\/07\/plastic-bottle-sink-float-tank-768x467.webp 768w, https:\/\/www.plasticgranularmachine.com\/wp-content\/uploads\/2022\/07\/plastic-bottle-sink-float-tank-18x12.webp 18w, https:\/\/www.plasticgranularmachine.com\/wp-content\/uploads\/2022\/07\/plastic-bottle-sink-float-tank.webp 1354w\" sizes=\"auto, (max-width: 1024px) 100vw, 1024px\" \/><figcaption class=\"wp-element-caption\">plastflaskans sink float tank<\/figcaption><\/figure> <\/div>   <h2 class=\"wp-block-heading\">Plastfloatingseparationsbeh\u00e5llare Video<\/h2>    <figure class=\"wp-block-embed is-type-video is-provider-youtube wp-block-embed-youtube wp-embed-aspect-16-9 wp-has-aspect-ratio\"><div class=\"wp-block-embed__wrapper\"> <iframe loading=\"lazy\" title=\"Effektiv och kraftfull PET-flaskavfettningsprocess i en steg-f\u00f6r-steg-process\" width=\"500\" height=\"281\" src=\"https:\/\/www.youtube.com\/embed\/SsiW4ed3DB8?feature=oembed\" frameborder=\"0\" allow=\"accelerometer; autoplay; clipboard-write; encrypted-media; gyroscope; picture-in-picture; web-share\" referrerpolicy=\"strict-origin-when-cross-origin\" allowfullscreen><\/iframe> <\/div><\/figure>    <p>I den h\u00e4r videon kan du se hur en PET-flingor tv\u00e4ttmaskin fungerar. Oavsett vilka fr\u00e5gor du har \u00e4r du v\u00e4lkommen att kontakta oss. <\/p>    <h2 class=\"wp-block-heading\" id=\"h-what-are-the-pet-flakes-washing-process\">Vilka \u00e4r PET-flingor tv\u00e4ttprocesserna?<\/h2>    <p>PET-flingor tv\u00e4ttmaskin \u00e4r utrustad med flera tandskivor. N\u00e4r maskinen \u00e4r ig\u00e5ng kommer den att fyllas med rent vatten. De tandskivorna roterar och skjutsar plastflingorna fram\u00e5t. Den roterande hjulet reng\u00f6r plastflingorna och tar bort f\u00f6roreningar i plastchipsen.<\/p>    <p>F\u00f6r att f\u00e5 en b\u00e4ttre reng\u00f6ringswirkung kan du ocks\u00e5 tills\u00e4tta reng\u00f6ringsmedel till tankens ponton. D\u00e4rf\u00f6r \u00e4r plastflingornas tv\u00e4ttprocess i detta steg att reng\u00f6ra plastflingor genom att blanda. <\/p>   <div class=\"wp-block-image\"> <figure class=\"aligncenter size-full\"><img loading=\"lazy\" decoding=\"async\" width=\"540\" height=\"720\" src=\"https:\/\/www.plasticgranularmachine.com\/wp-content\/uploads\/2022\/07\/tooth-plate-of-the-pet-flakes-washing-machine.webp\" alt=\"tandriktare av PET-flingor-tv\u00e4ttmaskinen\" class=\"wp-image-1287\" srcset=\"https:\/\/www.plasticgranularmachine.com\/wp-content\/uploads\/2022\/07\/tooth-plate-of-the-pet-flakes-washing-machine.webp 540w, https:\/\/www.plasticgranularmachine.com\/wp-content\/uploads\/2022\/07\/tooth-plate-of-the-pet-flakes-washing-machine-225x300.webp 225w, https:\/\/www.plasticgranularmachine.com\/wp-content\/uploads\/2022\/07\/tooth-plate-of-the-pet-flakes-washing-machine-9x12.webp 9w\" sizes=\"auto, (max-width: 540px) 100vw, 540px\" \/><figcaption class=\"wp-element-caption\">tandriktare av PET-flingor-tv\u00e4ttmaskinen<\/figcaption><\/figure> <\/div>   <h2 class=\"wp-block-heading\">Hur reng\u00f6r man plastflingor f\u00f6r \u00e5tervinning?<\/h2>    <p class=\"translation-block\">I hela <strong><a href=\"https:\/\/www.plasticgranularmachine.com\/sw\/product\/pet-bottles-recycling-line\/\">plastflask\u00e5tervinningslinjen<\/a><\/strong>, beh\u00f6ver vi mer \u00e4n bara sink float plastseparation. F\u00f6r b\u00e4ttre reng\u00f6ringseffekt beh\u00f6vs en plastfrikionsreng\u00f6ringsmaskin och en <strong><a href=\"https:\/\/www.plasticgranularmachine.com\/sw\/product\/pet-flakes-hot-washing-machine\/\" data-type=\"link\" data-id=\"https:\/\/www.plasticgranularmachine.com\/product\/pet-flakes-hot-washing-machine\/\">varmvatten tv\u00e4ttmaskin<\/a><\/strong>. Den plastfrikionsreng\u00f6ringsmaskinen kan reng\u00f6ra den fettiga smutsen och andra fl\u00e4ckar p\u00e5 plastskr\u00e4pet. F\u00f6rutom att reng\u00f6ra plastskr\u00e4p har varmvatten-tv\u00e4ttmaskinen \u00e4ven desinficeringsfunktion. Under p\u00e5verkan av dessa tre plasttv\u00e4ttutrustningar kan vi f\u00e5 rena plastflingor.<\/p>   <div class=\"wp-block-image\"> <figure class=\"aligncenter size-full\"><img loading=\"lazy\" decoding=\"async\" width=\"720\" height=\"540\" src=\"https:\/\/www.plasticgranularmachine.com\/wp-content\/uploads\/2022\/07\/sink-float-tank-in-the-complete-plastic-bottle-washing-line.webp\" alt=\"sink float tank i den kompletta plastflasktv\u00e4ttlinjen\" class=\"wp-image-1288\" srcset=\"https:\/\/www.plasticgranularmachine.com\/wp-content\/uploads\/2022\/07\/sink-float-tank-in-the-complete-plastic-bottle-washing-line.webp 720w, https:\/\/www.plasticgranularmachine.com\/wp-content\/uploads\/2022\/07\/sink-float-tank-in-the-complete-plastic-bottle-washing-line-300x225.webp 300w, https:\/\/www.plasticgranularmachine.com\/wp-content\/uploads\/2022\/07\/sink-float-tank-in-the-complete-plastic-bottle-washing-line-16x12.webp 16w\" sizes=\"auto, (max-width: 720px) 100vw, 720px\" \/><figcaption class=\"wp-element-caption\">sink float tank i den kompletta plastflasktv\u00e4ttlinjen<\/figcaption><\/figure> <\/div>   <p>Om du vill l\u00e4ra dig mer, v\u00e4nligen kontakta oss och se nedanst\u00e5ende webbplats: <\/p>    <p><em><a href=\"https:\/\/www.plasticgranularmachine.com\/sw\/Info\/plastic-bottle-washing-machine\/\" data-type=\"link\" data-id=\"https:\/\/www.plasticgranularmachine.com\/Info\/plastic-bottle-washing-machine\/\">Prisv\u00e4rda plastflaske tv\u00e4ttmaskiner f\u00f6r dina anl\u00e4ggningar<\/a><\/em><\/p>    <h2 class=\"wp-block-heading\">Parametrar f\u00f6r Plast Float Sink Tank<\/h2>    <figure class=\"wp-block-table\"><table><tbody><tr><td>Objeckt namn<\/td><td>Plastic float sink tank<\/td><td>L\u00e4mpligt material<\/td><td>Variation<\/td><\/tr><tr><td>Mfano<\/td><td>Liten<\/td><td>Motorkraft<\/td><td>3KW<\/td><\/tr><tr><td>Ukubwa<\/td><td>Kan anpassas<\/td><td>Anpassad<\/td><td>Ja<\/td><\/tr><tr><td>Till\u00e4mpningsomr\u00e5de<\/td><td>F\u00f6r att tv\u00e4tta PP, PE, PET<\/td><td>Anv\u00e4ndningar<\/td><td>Anv\u00e4nds f\u00f6r att reng\u00f6ra plastflingor, separera PP-lock och PET-chips<\/td><\/tr><\/tbody><\/table><\/figure>    <p class=\"translation-block\">Parametrarna f\u00f6r den lilla plast PET-flingor tv\u00e4ttmaskinen n\u00e4mns i tabellen. Dessutom har vi stor reng\u00f6ringsutrustning. V\u00e5r plastfloat-sink-tank kan behandla PP, <a href=\"https:\/\/en.wikipedia.org\/wiki\/PE\" target=\"_blank\" rel=\"noopener\">PE<\/a>, och PET plastskivor. Om du har andra behov, v\u00e4nligen k\u00e4nn dig fri att kontakta oss s\u00e5 svarar vi dig s\u00e5 snart som m\u00f6jligt.<\/p>    <h2 class=\"wp-block-heading\">PET Flakes Washing Machine Price<\/h2>    <p>\u00c4rliga priset p\u00e5 PET-flingor tv\u00e4ttmaskin p\u00e5verkas av m\u00e5nga faktorer, s\u00e5som avst\u00e5nd, v\u00e4xelkurs, etc. Dessutom vill m\u00e5nga kunder best\u00e4lla PET-flingor tv\u00e4ttmaskiner f\u00f6r att uppfylla sina behov. S\u00e5 om du vill k\u00e4nna till det specifika priset p\u00e5 maskinen, v\u00e4nligen kontakta oss. Vi kommer att ge dig en detaljerad offert f\u00f6r maskinen utifr\u00e5n din faktiska situation.<\/p>   <div class=\"wp-block-image\"> <figure class=\"aligncenter size-full\"><img loading=\"lazy\" decoding=\"async\" width=\"720\" height=\"540\" src=\"https:\/\/www.plasticgranularmachine.com\/wp-content\/uploads\/2022\/07\/sink-float-tank-pet-flakes-washing-machine.webp\" alt=\"sink float tank pet flakes washing machine\" class=\"wp-image-1289\" srcset=\"https:\/\/www.plasticgranularmachine.com\/wp-content\/uploads\/2022\/07\/sink-float-tank-pet-flakes-washing-machine.webp 720w, https:\/\/www.plasticgranularmachine.com\/wp-content\/uploads\/2022\/07\/sink-float-tank-pet-flakes-washing-machine-300x225.webp 300w, https:\/\/www.plasticgranularmachine.com\/wp-content\/uploads\/2022\/07\/sink-float-tank-pet-flakes-washing-machine-16x12.webp 16w\" sizes=\"auto, (max-width: 720px) 100vw, 720px\" \/><figcaption class=\"wp-element-caption\">sink float tank pet flakes washing machine<\/figcaption><\/figure> <\/div>   <h2 class=\"wp-block-heading\">Sm\u00e4lter plastflingor i tv\u00e4ttmaskinen?<\/h2>    <p>Svaret \u00e4r Nej. Plast sm\u00e4lter endast vid temperaturer \u00f6ver 100 grader. D\u00e4rf\u00f6r kommer plastflingor inte att sm\u00e4lta i PET-flingor tv\u00e4ttmaskinen.<\/p>    <figure class=\"wp-block-gallery has-nested-images columns-default is-cropped wp-block-gallery-3 is-layout-flex wp-block-gallery-is-layout-flex\"> <figure class=\"wp-block-image size-large\"><img loading=\"lazy\" decoding=\"async\" width=\"720\" height=\"540\" data-id=\"1290\" src=\"https:\/\/www.plasticgranularmachine.com\/wp-content\/uploads\/2022\/07\/PET-flakes-float-on-water.webp\" alt=\"PET-flingor flyter p\u00e5 vatten\" class=\"wp-image-1290\" srcset=\"https:\/\/www.plasticgranularmachine.com\/wp-content\/uploads\/2022\/07\/PET-flakes-float-on-water.webp 720w, https:\/\/www.plasticgranularmachine.com\/wp-content\/uploads\/2022\/07\/PET-flakes-float-on-water-300x225.webp 300w, https:\/\/www.plasticgranularmachine.com\/wp-content\/uploads\/2022\/07\/PET-flakes-float-on-water-16x12.webp 16w\" sizes=\"auto, (max-width: 720px) 100vw, 720px\" \/><figcaption class=\"wp-element-caption\">PET-flingor flyter p\u00e5 vatten<\/figcaption><\/figure>    <figure class=\"wp-block-image size-large\"><img loading=\"lazy\" decoding=\"async\" width=\"720\" height=\"540\" data-id=\"1291\" src=\"https:\/\/www.plasticgranularmachine.com\/wp-content\/uploads\/2022\/07\/PP-PE-separating-tank.webp\" alt=\"PP PE separationstank\" class=\"wp-image-1291\" srcset=\"https:\/\/www.plasticgranularmachine.com\/wp-content\/uploads\/2022\/07\/PP-PE-separating-tank.webp 720w, https:\/\/www.plasticgranularmachine.com\/wp-content\/uploads\/2022\/07\/PP-PE-separating-tank-300x225.webp 300w, https:\/\/www.plasticgranularmachine.com\/wp-content\/uploads\/2022\/07\/PP-PE-separating-tank-16x12.webp 16w\" sizes=\"auto, (max-width: 720px) 100vw, 720px\" \/><figcaption class=\"wp-element-caption\">PP PE separationstank<\/figcaption><\/figure> <\/figure>    <h2 class=\"wp-block-heading\">Sammanfattning<\/h2>    <p class=\"translation-block\">Sammanfattningsvis tror vi att sjunk tank \u00e4r ett viktigt f\u00f6rsta steg i PET-tv\u00e4ttprocessen. Det har potential att f\u00f6rb\u00e4ttra \u00e5tervinningen av plastflaskor och minska f\u00f6rlusten av efterf\u00f6ljande \u00e5tervinningsmaskiner. Om du s\u00f6ker en l\u00f6sning f\u00f6r plastflask\u00e5tervinning som skulle kunna vara till nytta f\u00f6r dig, skulle vi vara glada att h\u00f6ra fr\u00e5n dig. V\u00e4nligen tveka inte att kontakta oss genom att klicka <a href=\"https:\/\/wa.me\/8617303831295\" data-type=\"link\" data-id=\"https:\/\/wa.me\/8617303831295\" target=\"_blank\" rel=\"noopener\">h\u00e4r<\/a>.<\/p>","protected":false},"excerpt":{"rendered":"<p>PET flakes washing machine is one of the machines of plastic bottle recycling line. It plays a very important role in the whole PET bottle washing line. Because we all know that waste plastic bottles contain a lot of impurities and stains. Therefore, in order to get high-quality plastic flakes, we need to use a [&hellip;]<\/p>\n","protected":false},"author":1,"featured_media":1282,"parent":0,"template":"","tags":[38,39],"product-type":[6],"class_list":["post-257","product","type-product","status-publish","has-post-thumbnail","hentry","tag-pet-recycling","tag-washing","product-type-washing-machine"],"_links":{"self":[{"href":"https:\/\/www.plasticgranularmachine.com\/sw\/wp-json\/wp\/v2\/product\/257","targetHints":{"allow":["GET"]}}],"collection":[{"href":"https:\/\/www.plasticgranularmachine.com\/sw\/wp-json\/wp\/v2\/product"}],"about":[{"href":"https:\/\/www.plasticgranularmachine.com\/sw\/wp-json\/wp\/v2\/types\/product"}],"author":[{"embeddable":true,"href":"https:\/\/www.plasticgranularmachine.com\/sw\/wp-json\/wp\/v2\/users\/1"}],"wp:featuredmedia":[{"embeddable":true,"href":"https:\/\/www.plasticgranularmachine.com\/sw\/wp-json\/wp\/v2\/media\/1282"}],"wp:attachment":[{"href":"https:\/\/www.plasticgranularmachine.com\/sw\/wp-json\/wp\/v2\/media?parent=257"}],"wp:term":[{"taxonomy":"post_tag","embeddable":true,"href":"https:\/\/www.plasticgranularmachine.com\/sw\/wp-json\/wp\/v2\/tags?post=257"},{"taxonomy":"product-type","embeddable":true,"href":"https:\/\/www.plasticgranularmachine.com\/sw\/wp-json\/wp\/v2\/product-type?post=257"}],"curies":[{"name":"wp","href":"https:\/\/api.w.org\/{rel}","templated":true}]}}