{"id":283,"date":"2022-07-28T03:59:39","date_gmt":"2022-07-28T03:59:39","guid":{"rendered":"https:\/\/www.plasticgranularmachine.com\/?post_type=product&#038;p=283"},"modified":"2025-01-08T10:45:31","modified_gmt":"2025-01-08T02:45:31","slug":"plastic-film-crusher","status":"publish","type":"product","link":"https:\/\/www.plasticgranularmachine.com\/sw\/product\/plastic-film-crusher\/","title":{"rendered":"Plastfilm Krossmaskin | Plastfilm Sk\u00e4rare"},"content":{"rendered":"<p class=\"translation-block\">Plastfilmshr eddern \u00e4r den f\u00f6rsta maskinen i <a href=\"https:\/\/www.plasticgranularmachine.com\/sw\/product\/plastic-film-recycling-line\/\">plastfilms \u00e5tervinningslinje<\/a>, och den \u00e4r ocks\u00e5 en viktig maskin. Den kan krossa plastfilmen fr\u00e5n olika r\u00e5material till fragment f\u00f6r efterf\u00f6ljande reng\u00f6ring och granulering. Vanliga plastfilmer \u00e4r <a href=\"https:\/\/en.wikipedia.org\/wiki\/Polypropylene\" target=\"_blank\" rel=\"noopener\">PP<\/a>-film och PE-film.<\/p>   <div class=\"wp-block-image\"> <figure class=\"aligncenter size-full\"><img loading=\"lazy\" decoding=\"async\" width=\"720\" height=\"540\" src=\"https:\/\/www.plasticgranularmachine.com\/wp-content\/uploads\/2022\/07\/plastic-film-crushing-machine-in-factory.webp\" alt=\"plastfilmsskyddmaskin i fabrik\" class=\"wp-image-1348\" srcset=\"https:\/\/www.plasticgranularmachine.com\/wp-content\/uploads\/2022\/07\/plastic-film-crushing-machine-in-factory.webp 720w, https:\/\/www.plasticgranularmachine.com\/wp-content\/uploads\/2022\/07\/plastic-film-crushing-machine-in-factory-300x225.webp 300w, https:\/\/www.plasticgranularmachine.com\/wp-content\/uploads\/2022\/07\/plastic-film-crushing-machine-in-factory-16x12.webp 16w\" sizes=\"auto, (max-width: 720px) 100vw, 720px\" \/><figcaption class=\"wp-element-caption\">plastfilmsskyddmaskin i fabrik<\/figcaption><\/figure> <\/div>   <h2 class=\"wp-block-heading\" id=\"h-how-does-the-plastic-film-crusher-work\">Hur g\u00f6rs plastfilmshreddern arbetet?<\/h2>    <p>Det finns tv\u00e5 olika knife-grupper inuti plastfilms shreddern: r\u00f6rande kniv och fast kniv. Maskinen driver den interna fasta kniven att rotera i h\u00f6g hastighet genom motorn f\u00f6r att sk\u00e4ra plastfilmen. Under den h\u00f6gvarviga rotationen av den r\u00f6rliga kniven kommer mellanrummet mellan den r\u00f6rliga kniven och den fasta kniven att bildas. Det relativa f\u00f6rh\u00e5llandet mellan den r\u00f6rliga kniven och den fasta kniven \u00f6kar storleken p\u00e5 plastf\u00f6rkrossningsskaften. Sammandragningen av b\u00e5da sidorna kommer att krossa plastklumpan. Skillnaden mellan v\u00e5r maskin och andra plastfilms shredder-maskiner \u00e4r att den ocks\u00e5 har en reng\u00f6ringsfunktion. Den kan reng\u00f6ra material medan den krossar.<\/p>    <figure class=\"wp-block-gallery has-nested-images columns-default is-cropped wp-block-gallery-2 is-layout-flex wp-block-gallery-is-layout-flex\"> <figure class=\"wp-block-image size-large\"><img loading=\"lazy\" decoding=\"async\" width=\"720\" height=\"540\" data-id=\"1349\" src=\"https:\/\/www.plasticgranularmachine.com\/wp-content\/uploads\/2022\/07\/pe-film-grinder.webp\" alt=\"pe film grinder\" class=\"wp-image-1349\" srcset=\"https:\/\/www.plasticgranularmachine.com\/wp-content\/uploads\/2022\/07\/pe-film-grinder.webp 720w, https:\/\/www.plasticgranularmachine.com\/wp-content\/uploads\/2022\/07\/pe-film-grinder-300x225.webp 300w, https:\/\/www.plasticgranularmachine.com\/wp-content\/uploads\/2022\/07\/pe-film-grinder-16x12.webp 16w\" sizes=\"auto, (max-width: 720px) 100vw, 720px\" \/><figcaption class=\"wp-element-caption\">pe film grinder<\/figcaption><\/figure>    <figure class=\"wp-block-image size-large\"><img loading=\"lazy\" decoding=\"async\" width=\"720\" height=\"540\" data-id=\"1350\" src=\"https:\/\/www.plasticgranularmachine.com\/wp-content\/uploads\/2022\/07\/screen-of-the-plastic-shredder.webp\" alt=\"sk\u00e4rm av plast shreddern\" class=\"wp-image-1350\" srcset=\"https:\/\/www.plasticgranularmachine.com\/wp-content\/uploads\/2022\/07\/screen-of-the-plastic-shredder.webp 720w, https:\/\/www.plasticgranularmachine.com\/wp-content\/uploads\/2022\/07\/screen-of-the-plastic-shredder-300x225.webp 300w, https:\/\/www.plasticgranularmachine.com\/wp-content\/uploads\/2022\/07\/screen-of-the-plastic-shredder-16x12.webp 16w\" sizes=\"auto, (max-width: 720px) 100vw, 720px\" \/><figcaption class=\"wp-element-caption\">sk\u00e4rm av plast shreddern<\/figcaption><\/figure> <\/figure>    <h2 class=\"wp-block-heading\">Vad \u00e4r f\u00f6rdelarna med maskiner?<\/h2>    <ol class=\"wp-block-list\"> <li><span style=\"color: initial;\">Chasi imeunganishwa na sahani nzito za chuma, ambayo ni imara na imara.<\/span><\/li>    <li>Alla anv\u00e4nda blad \u00e4r tillverkade av h\u00f6gkvalitativt st\u00e5l och v\u00e4rmebehandlade. Den har l\u00e5ng livsl\u00e4ngd.<\/li>    <li>Plastfilms shredder har h\u00f6g krossningsprestanda och l\u00e5g energif\u00f6rbrukning.<\/li>    <li>J\u00e4mn r\u00f6relse. Liten vibration och bekv\u00e4m anv\u00e4ndning.<\/li> <\/ol>   <div class=\"wp-block-image\"> <figure class=\"aligncenter size-full\"><img loading=\"lazy\" decoding=\"async\" width=\"720\" height=\"540\" src=\"https:\/\/www.plasticgranularmachine.com\/wp-content\/uploads\/2022\/07\/plastic-chipper.webp\" alt=\"plastflisare\" class=\"wp-image-1351\" srcset=\"https:\/\/www.plasticgranularmachine.com\/wp-content\/uploads\/2022\/07\/plastic-chipper.webp 720w, https:\/\/www.plasticgranularmachine.com\/wp-content\/uploads\/2022\/07\/plastic-chipper-300x225.webp 300w, https:\/\/www.plasticgranularmachine.com\/wp-content\/uploads\/2022\/07\/plastic-chipper-16x12.webp 16w\" sizes=\"auto, (max-width: 720px) 100vw, 720px\" \/><figcaption class=\"wp-element-caption\">plastflisare<\/figcaption><\/figure> <\/div>   <h2 class=\"wp-block-heading\">Maskinparametrar<\/h2>    <figure class=\"wp-block-table\"><table><tbody><tr><td>Mfano<\/td><td>60<\/td><td>80<\/td><\/tr><tr><td>Kapacitet<\/td><td>500kg\/h<\/td><td>1t\/h<\/td><\/tr><tr><td>Sk\u00e4regg bredd<\/td><td>60cm+30cm<\/td><td>80cm+40cm<\/td><\/tr><tr><td>Nguvu<\/td><td>15+7.5kw<\/td><td>30+11kw<\/td><\/tr><\/tbody><\/table><\/figure>    <p class=\"translation-block\">Detta \u00e4r ovanst\u00e5ende parametrar f\u00f6r v\u00e5r f\u00f6retags tv\u00e5 popul\u00e4ra plastfilm-krossmaskiner. Vi kan se fr\u00e5n tabellen att utg\u00e5ngen f\u00f6r de tv\u00e5 maskinerna \u00e4r 500 kg\/h respektive 1 t\/h. Du kan v\u00e4lja en l\u00e4mplig maskin enligt dina egna behov. Om du har andra behov kan vi erbjuda skr\u00e4ddarsydda tj\u00e4nster. Var v\u00e4nlig kontakta oss (<a href=\"https:\/\/www.plasticgranularmachine.com\/sw\/\">Efficient machinery<\/a>) s\u00e5 \u00e5terkommer vi s\u00e5 snart som m\u00f6jligt.<\/p>   <div class=\"wp-block-image\"> <figure class=\"aligncenter size-full\"><img loading=\"lazy\" decoding=\"async\" width=\"720\" height=\"540\" src=\"https:\/\/www.plasticgranularmachine.com\/wp-content\/uploads\/2022\/07\/blade-of-the-machine.jpg\" alt=\"sk\u00e4ret p\u00e5 maskinen\" class=\"wp-image-285\" srcset=\"https:\/\/www.plasticgranularmachine.com\/wp-content\/uploads\/2022\/07\/blade-of-the-machine.jpg 720w, https:\/\/www.plasticgranularmachine.com\/wp-content\/uploads\/2022\/07\/blade-of-the-machine-300x225.jpg 300w\" sizes=\"auto, (max-width: 720px) 100vw, 720px\" \/><figcaption class=\"wp-element-caption\">sk\u00e4ret p\u00e5 maskinen<\/figcaption><\/figure> <\/div>   <h2 class=\"wp-block-heading\">Till\u00e4mpningsomr\u00e5de f\u00f6r plastfilmsh\u00e4gnaren<\/h2>    <p>V\u00e5r plastfilmshcrusher kan krossa de flesta PP- och PE-avfallplast. Att \u00e5tervinna dessa avfallsklibor kan inte bara minska milj\u00f6f\u00f6roreningar utan \u00e4ven ge betydande ekonomiska vinster.<\/p>    <figure class=\"wp-block-embed is-type-video is-provider-youtube wp-block-embed-youtube wp-embed-aspect-16-9 wp-has-aspect-ratio\"><div class=\"wp-block-embed__wrapper\"> <iframe loading=\"lazy\" title=\"3D-video av PET-film\u00e5tervinningsprocessen | Spillplastfilms\u00e5tervinningsmaskin\" width=\"500\" height=\"281\" src=\"https:\/\/www.youtube.com\/embed\/rm1eGCFGcdc?feature=oembed\" frameborder=\"0\" allow=\"accelerometer; autoplay; clipboard-write; encrypted-media; gyroscope; picture-in-picture; web-share\" referrerpolicy=\"strict-origin-when-cross-origin\" allowfullscreen><\/iframe> <\/div><\/figure>","protected":false},"excerpt":{"rendered":"<p>The plastic film crusher is the first machine in the plastic film recycling line, and it is also a major machine. It can crush the plastic film of various raw materials into fragments for subsequent cleaning and granulation. Common plastic films are PP film and PE film. How does the plastic film crusher work? There [&hellip;]<\/p>\n","protected":false},"author":1,"featured_media":1352,"parent":0,"template":"","tags":[35,41],"product-type":[4],"class_list":["post-283","product","type-product","status-publish","has-post-thumbnail","hentry","tag-crushing","tag-plastic-film-recycling","product-type-crushing-machine"],"_links":{"self":[{"href":"https:\/\/www.plasticgranularmachine.com\/sw\/wp-json\/wp\/v2\/product\/283","targetHints":{"allow":["GET"]}}],"collection":[{"href":"https:\/\/www.plasticgranularmachine.com\/sw\/wp-json\/wp\/v2\/product"}],"about":[{"href":"https:\/\/www.plasticgranularmachine.com\/sw\/wp-json\/wp\/v2\/types\/product"}],"author":[{"embeddable":true,"href":"https:\/\/www.plasticgranularmachine.com\/sw\/wp-json\/wp\/v2\/users\/1"}],"wp:featuredmedia":[{"embeddable":true,"href":"https:\/\/www.plasticgranularmachine.com\/sw\/wp-json\/wp\/v2\/media\/1352"}],"wp:attachment":[{"href":"https:\/\/www.plasticgranularmachine.com\/sw\/wp-json\/wp\/v2\/media?parent=283"}],"wp:term":[{"taxonomy":"post_tag","embeddable":true,"href":"https:\/\/www.plasticgranularmachine.com\/sw\/wp-json\/wp\/v2\/tags?post=283"},{"taxonomy":"product-type","embeddable":true,"href":"https:\/\/www.plasticgranularmachine.com\/sw\/wp-json\/wp\/v2\/product-type?post=283"}],"curies":[{"name":"wp","href":"https:\/\/api.w.org\/{rel}","templated":true}]}}