{"id":314,"date":"2022-07-29T07:24:50","date_gmt":"2022-07-29T07:24:50","guid":{"rendered":"https:\/\/www.plasticgranularmachine.com\/?post_type=product&#038;p=314"},"modified":"2025-01-06T09:58:37","modified_gmt":"2025-01-06T01:58:37","slug":"plastic-film-dryer-machine","status":"publish","type":"product","link":"https:\/\/www.plasticgranularmachine.com\/sw\/product\/plastic-film-dryer-machine\/","title":{"rendered":"Plastfilm Floating Maskin | Plasttorkmaskin f\u00f6r film"},"content":{"rendered":"<p class=\"translation-block\">Plastfilms-torkmaskinen \u00e4r en specialmaskin f\u00f6r att torka krossad plastfilm. Den \u00e4r en av huvudmaskinerna i <a href=\"https:\/\/www.plasticgranularmachine.com\/sw\/product\/plastic-film-recycling-line\/\">plastfilms\u00e5tervinningslinje<\/a>. Denna torkare kan inte bara torka fukten i plastfilmen utan ocks\u00e5 avl\u00e4gsna f\u00f6roreningar i avfallsmaterial. N\u00e4sta kommer vi att introducera n\u00e5gra relaterade inneh\u00e5ll om Vertikal Plast Torkmaskin f\u00f6r Film.<\/p>   <div class=\"wp-block-image\"> <figure class=\"aligncenter size-full\"><img loading=\"lazy\" decoding=\"async\" width=\"720\" height=\"540\" src=\"https:\/\/www.plasticgranularmachine.com\/wp-content\/uploads\/2022\/07\/plastic-film-dryer-machine-1.webp\" alt=\"plastfilmstorkmaskin\" class=\"wp-image-1456\" srcset=\"https:\/\/www.plasticgranularmachine.com\/wp-content\/uploads\/2022\/07\/plastic-film-dryer-machine-1.webp 720w, https:\/\/www.plasticgranularmachine.com\/wp-content\/uploads\/2022\/07\/plastic-film-dryer-machine-1-300x225.webp 300w, https:\/\/www.plasticgranularmachine.com\/wp-content\/uploads\/2022\/07\/plastic-film-dryer-machine-1-16x12.webp 16w\" sizes=\"auto, (max-width: 720px) 100vw, 720px\" \/><figcaption class=\"wp-element-caption\">plastfilmstorkmaskin<\/figcaption><\/figure> <\/div>   <h2 class=\"wp-block-heading\">Arbetsprincip f\u00f6r plastfilms-torkmaskin<\/h2>    <p>Plastfilms-torkmaskinen installeras bakom plastfilmsreng\u00f6ringsmaskinen. Generellt sett kommer en matningsanordning att vara utrustad framf\u00f6r plastavvattnaren. S\u00e5 att plastfilmen kan transporteras automatiskt till avvattnaren. <\/p>    <p>Det finns en roterande matare inuti plastavvattningsmaskinen. I processen med h\u00f6g hastighet roterar maskinen med stark centrifugalkraft och kan effektivt avl\u00e4gsna vattnet i plastfilmen. F\u00f6rresten kan maskinens hastighet uppn\u00e5 900-1500 varv per minut.<\/p>    <figure class=\"wp-block-gallery aligncenter has-nested-images columns-default is-cropped wp-block-gallery-2 is-layout-flex wp-block-gallery-is-layout-flex\"> <figure class=\"wp-block-image size-full\"><img loading=\"lazy\" decoding=\"async\" width=\"720\" height=\"540\" data-id=\"1457\" src=\"https:\/\/www.plasticgranularmachine.com\/wp-content\/uploads\/2022\/07\/vertical-plastic-dehydrator.webp\" alt=\"vertikal plastavvattningsanordning\" class=\"wp-image-1457\" srcset=\"https:\/\/www.plasticgranularmachine.com\/wp-content\/uploads\/2022\/07\/vertical-plastic-dehydrator.webp 720w, https:\/\/www.plasticgranularmachine.com\/wp-content\/uploads\/2022\/07\/vertical-plastic-dehydrator-300x225.webp 300w, https:\/\/www.plasticgranularmachine.com\/wp-content\/uploads\/2022\/07\/vertical-plastic-dehydrator-16x12.webp 16w\" sizes=\"auto, (max-width: 720px) 100vw, 720px\" \/><figcaption class=\"wp-element-caption\">vertikal plastavvattningsanordning<\/figcaption><\/figure>    <figure class=\"wp-block-image size-full\"><img loading=\"lazy\" decoding=\"async\" width=\"720\" height=\"540\" data-id=\"1458\" src=\"https:\/\/www.plasticgranularmachine.com\/wp-content\/uploads\/2022\/07\/rotary-feeding-device.webp\" alt=\"rotationsmatare\" class=\"wp-image-1458\" srcset=\"https:\/\/www.plasticgranularmachine.com\/wp-content\/uploads\/2022\/07\/rotary-feeding-device.webp 720w, https:\/\/www.plasticgranularmachine.com\/wp-content\/uploads\/2022\/07\/rotary-feeding-device-300x225.webp 300w, https:\/\/www.plasticgranularmachine.com\/wp-content\/uploads\/2022\/07\/rotary-feeding-device-16x12.webp 16w\" sizes=\"auto, (max-width: 720px) 100vw, 720px\" \/><figcaption class=\"wp-element-caption\">rotationsmatare<\/figcaption><\/figure> <\/figure>    <h2 class=\"wp-block-heading\">Maskinparametrar<\/h2>    <ul class=\"wp-block-list\"> <li><strong>Maombi:<\/strong> Kawaida hutumika kwa kukausha filamu ya plastiki, pia inaweza kuwa sehemu ya kukausha plastiki ngumu.<\/li>    <li><strong>Mfano:<\/strong> Tunatoa mashine za kukausha filamu za plastiki za SL-500 na SL-600 kwa ajili ya kuuza. <\/li>    <li><strong>Nguvu:<\/strong> Nguvu za mashine ya kukausha plastiki ya wima ziko kati ya 7.5KW na 15KW. <\/li>    <li><strong>Kasi ya mzunguko wa kifaa cha kupeleka mzunguko: <\/strong>Mzunguko wa dakika 900-1500.<\/li>    <li><strong>Matumizi yanayofaa:<\/strong> Kaukauka kwa plastiki kunatumika kati ya usafi wa plastiki na mchakato wa kuunda pellets za plastiki, kukausha vipande vya plastiki baada ya kusafishwa na kurahisisha mchakato wa kuunda pellets unaofuata.<\/li> <\/ul>   <div class=\"wp-block-image\"> <figure class=\"aligncenter size-full\"><img loading=\"lazy\" decoding=\"async\" width=\"720\" height=\"540\" src=\"https:\/\/www.plasticgranularmachine.com\/wp-content\/uploads\/2022\/07\/plastic-dilm-dryer-machine-in-the-factory.webp\" alt=\"plastdilmotor i fabriken\" class=\"wp-image-1461\" srcset=\"https:\/\/www.plasticgranularmachine.com\/wp-content\/uploads\/2022\/07\/plastic-dilm-dryer-machine-in-the-factory.webp 720w, https:\/\/www.plasticgranularmachine.com\/wp-content\/uploads\/2022\/07\/plastic-dilm-dryer-machine-in-the-factory-300x225.webp 300w, https:\/\/www.plasticgranularmachine.com\/wp-content\/uploads\/2022\/07\/plastic-dilm-dryer-machine-in-the-factory-16x12.webp 16w\" sizes=\"auto, (max-width: 720px) 100vw, 720px\" \/><figcaption class=\"wp-element-caption\">plastdilmotor i fabriken<\/figcaption><\/figure> <\/div>   <h2 class=\"wp-block-heading\">F\u00f6rsiktighets\u00e5tg\u00e4rder vid anv\u00e4ndning av plastfilms-torkar<\/h2>    <ul class=\"wp-block-list\"> <li>Kontrollera om det finns fr\u00e4mmande f\u00f6rem\u00e5l i maskinen innan start. Om det finns fr\u00e4mmande f\u00f6rem\u00e5l i maskinen kommer det allvarligt p\u00e5verka avvattningsf\u00f6rm\u00e5gan. Samtidigt kommer det ocks\u00e5 att p\u00e5verka maskinens livsl\u00e4ngd.<\/li>    <li>Drifts\u00e4ttning. N\u00e4r plastfilmsavvattnaren anv\u00e4nds f\u00f6r f\u00f6rsta g\u00e5ngen ska den k\u00f6ras i 5 minuter. Kontrollera om det finns avvikelhet. Om det finns avvikelse, st\u00e4ng av str\u00f6mmen omedelbart.<\/li>    <li>St\u00e4ng av str\u00f6mmen i god tid. St\u00e4ng av str\u00f6mf\u00f6rs\u00f6rjningen n\u00e4r maskinen har avslutat arbetet.<\/li>    <li>Reng\u00f6r maskinen i tid. Efter avvattningsarbetet b\u00f6r materialen inuti maskinen reng\u00f6ras i tid.<\/li> <\/ul>    <figure class=\"wp-block-gallery has-nested-images columns-default is-cropped wp-block-gallery-3 is-layout-flex wp-block-gallery-is-layout-flex\"> <figure class=\"wp-block-image size-large\"><img loading=\"lazy\" decoding=\"async\" width=\"720\" height=\"540\" data-id=\"1459\" src=\"https:\/\/www.plasticgranularmachine.com\/wp-content\/uploads\/2022\/07\/plastic-dewatering-machine.webp\" alt=\"plastavvattningsmaskin\" class=\"wp-image-1459\" srcset=\"https:\/\/www.plasticgranularmachine.com\/wp-content\/uploads\/2022\/07\/plastic-dewatering-machine.webp 720w, https:\/\/www.plasticgranularmachine.com\/wp-content\/uploads\/2022\/07\/plastic-dewatering-machine-300x225.webp 300w, https:\/\/www.plasticgranularmachine.com\/wp-content\/uploads\/2022\/07\/plastic-dewatering-machine-16x12.webp 16w\" sizes=\"auto, (max-width: 720px) 100vw, 720px\" \/><figcaption class=\"wp-element-caption\">plastavvattningsmaskin<\/figcaption><\/figure>    <figure class=\"wp-block-image size-large\"><img loading=\"lazy\" decoding=\"async\" width=\"720\" height=\"540\" data-id=\"1460\" src=\"https:\/\/www.plasticgranularmachine.com\/wp-content\/uploads\/2022\/07\/plastic-film-drying-machine.webp\" alt=\"plastfilms torkmaskin\" class=\"wp-image-1460\" srcset=\"https:\/\/www.plasticgranularmachine.com\/wp-content\/uploads\/2022\/07\/plastic-film-drying-machine.webp 720w, https:\/\/www.plasticgranularmachine.com\/wp-content\/uploads\/2022\/07\/plastic-film-drying-machine-300x225.webp 300w, https:\/\/www.plasticgranularmachine.com\/wp-content\/uploads\/2022\/07\/plastic-film-drying-machine-16x12.webp 16w\" sizes=\"auto, (max-width: 720px) 100vw, 720px\" \/><figcaption class=\"wp-element-caption\">plastfilms torkmaskin<\/figcaption><\/figure> <\/figure>    <h2 class=\"wp-block-heading\" id=\"h-why-choose-our-plastic-dryer\">Varf\u00f6r v\u00e4lja v\u00e5r plasttorkare?<\/h2>    <ol class=\"wp-block-list\"> <li>Uzoefu tajiri wa usafirishaji. <a href=\"https:\/\/www.plasticgranularmachine.com\/sw\/\">Vifaa vya ufanisi<\/a> ni kampuni ya mashine zinazobobea katika usafirishaji. Mashine zetu za plastiki zimepelekwa Ujerumani, <a href=\"https:\/\/en.wikipedia.org\/wiki\/Congo\" target=\"_blank\" rel=\"noopener\">Kongo<\/a>, Ghana, Kanada, Marekani, Ufilipino, Tanzania na nchi nyingine. Uzoefu tajiri wa usafirishaji unatosha kutuwezesha kushughulikia aina zote za matatizo.<\/li>    <li>Stark eftermarknad. Oavsett vilka problem du st\u00f6ter p\u00e5 vid efterf\u00f6ljande anv\u00e4ndning kommer v\u00e5r s\u00e4ljare att hj\u00e4lpa dig l\u00f6sa dem s\u00e5 snart som m\u00f6jligt. Vid behov kan vi \u00e4ven skicka installat\u00f6rer f\u00f6r att hj\u00e4lpa dig installera maskinen.<\/li>    <li>Snabb leverans. Plastfilmstorken \u00e4r den vanligast anv\u00e4nda plast\u00e5tervinningsutrustningen. D\u00e4rf\u00f6r har v\u00e5r fabrik tillr\u00e4ckligt med lager. Detta kan s\u00e4kerst\u00e4lla att vi kan leverera varorna s\u00e5 snart vi f\u00e5r din best\u00e4llning.<\/li> <\/ol>   <div class=\"wp-block-image\"> <figure class=\"aligncenter size-full\"><img loading=\"lazy\" decoding=\"async\" width=\"405\" height=\"719\" src=\"https:\/\/www.plasticgranularmachine.com\/wp-content\/uploads\/2022\/07\/Vertical-dryer-loaded-for-delivery-1.webp\" alt=\"Vertikal torkare lastad f\u00f6r leverans\" class=\"wp-image-1385\" srcset=\"https:\/\/www.plasticgranularmachine.com\/wp-content\/uploads\/2022\/07\/Vertical-dryer-loaded-for-delivery-1.webp 405w, https:\/\/www.plasticgranularmachine.com\/wp-content\/uploads\/2022\/07\/Vertical-dryer-loaded-for-delivery-1-169x300.webp 169w, https:\/\/www.plasticgranularmachine.com\/wp-content\/uploads\/2022\/07\/Vertical-dryer-loaded-for-delivery-1-7x12.webp 7w\" sizes=\"auto, (max-width: 405px) 100vw, 405px\" \/><figcaption class=\"wp-element-caption\">Vertikal torkare lastad f\u00f6r leverans<\/figcaption><\/figure> <\/div>","protected":false},"excerpt":{"rendered":"<p>The plastic film dryer machine is a special machine for drying crushed plastic film. It is one of the main machines in the plastic film recycling line. This plastic dryer can not only dry the moisture in the plastic film but also remove the impurities in waste materials. Next, we will introduce you to some [&hellip;]<\/p>\n","protected":false},"author":1,"featured_media":1236,"parent":0,"template":"","tags":[42,41],"product-type":[9],"class_list":["post-314","product","type-product","status-publish","has-post-thumbnail","hentry","tag-dryer","tag-plastic-film-recycling","product-type-plastic-dryer"],"_links":{"self":[{"href":"https:\/\/www.plasticgranularmachine.com\/sw\/wp-json\/wp\/v2\/product\/314","targetHints":{"allow":["GET"]}}],"collection":[{"href":"https:\/\/www.plasticgranularmachine.com\/sw\/wp-json\/wp\/v2\/product"}],"about":[{"href":"https:\/\/www.plasticgranularmachine.com\/sw\/wp-json\/wp\/v2\/types\/product"}],"author":[{"embeddable":true,"href":"https:\/\/www.plasticgranularmachine.com\/sw\/wp-json\/wp\/v2\/users\/1"}],"wp:featuredmedia":[{"embeddable":true,"href":"https:\/\/www.plasticgranularmachine.com\/sw\/wp-json\/wp\/v2\/media\/1236"}],"wp:attachment":[{"href":"https:\/\/www.plasticgranularmachine.com\/sw\/wp-json\/wp\/v2\/media?parent=314"}],"wp:term":[{"taxonomy":"post_tag","embeddable":true,"href":"https:\/\/www.plasticgranularmachine.com\/sw\/wp-json\/wp\/v2\/tags?post=314"},{"taxonomy":"product-type","embeddable":true,"href":"https:\/\/www.plasticgranularmachine.com\/sw\/wp-json\/wp\/v2\/product-type?post=314"}],"curies":[{"name":"wp","href":"https:\/\/api.w.org\/{rel}","templated":true}]}}