{"id":320,"date":"2022-07-29T10:24:41","date_gmt":"2022-07-29T10:24:41","guid":{"rendered":"https:\/\/www.plasticgranularmachine.com\/?post_type=product&#038;p=320"},"modified":"2025-03-31T11:32:42","modified_gmt":"2025-03-31T03:32:42","slug":"eps-pelletizing-machine","status":"publish","type":"product","link":"https:\/\/www.plasticgranularmachine.com\/sw\/product\/eps-pelletizing-machine\/","title":{"rendered":"EPS Pelletisering Maskin | Skumgranulator"},"content":{"rendered":"<p class=\"translation-block\">La m\u00e1quina de pelletizar EPS es una m\u00e1quina que transforma la espuma de EPS desechada en pellets de EPS reciclables. Los pellets de EPS pueden utilizarse en industrias, agricultura y construcci\u00f3n. Al mismo tiempo, la m\u00e1quina de pelletizado de EPS es tambi\u00e9n la pieza m\u00e1s importante del <a href=\"https:\/\/www.plasticgranularmachine.com\/sw\/product\/eps-recycling-machine\/\">l\u00ednea de reciclaje de espuma EPS<\/a>. Por ello, esta m\u00e1quina granuladora de estireno juega un papel clave en el reciclaje de la espuma EPS.<\/p>    <figure class=\"wp-block-embed is-type-video is-provider-youtube wp-block-embed-youtube wp-embed-aspect-16-9 wp-has-aspect-ratio\"><div class=\"wp-block-embed__wrapper\"> <iframe loading=\"lazy\" title=\"No m\u00e1s desecho de espuma: Esta soluci\u00f3n de reciclaje de espuma es para ti\" width=\"500\" height=\"281\" src=\"https:\/\/www.youtube.com\/embed\/Fhogy_M1KXU?feature=oembed\" frameborder=\"0\" allow=\"accelerometer; autoplay; clipboard-write; encrypted-media; gyroscope; picture-in-picture; web-share\" referrerpolicy=\"strict-origin-when-cross-origin\" allowfullscreen><\/iframe> <\/div><figcaption class=\"wp-element-caption\">Flujo de trabajo detallado del proceso de reciclaje de EPS<\/figcaption><\/figure>    <h2 class=\"wp-block-heading\">Caracter\u00edsticas clave de los pelletizadores eficientes de EPS<\/h2>    <ul class=\"wp-block-list\"> <li>Puede producir de forma autom\u00e1tica y continua, garantizando la estabilidad del proceso de granulaci\u00f3n y la calidad de los pellets de EPS.<\/li>    <li>Hecho de acero inoxidable de alta calidad, es duradero, resistente a altas temperaturas, resistente a la corrosi\u00f3n y no es f\u00e1cil de deformar.<\/li>    <li>El proceso de granulaci\u00f3n de EPS se visualiza y est\u00e1 equipado con un gabinete de control inteligente, lo que facilita seguir el proceso de granulaci\u00f3n y controlar estrictamente la temperatura, el tiempo, etc. durante el proceso de pelletizado de espuma pl\u00e1stica.<\/li>    <li>Ocupa poco espacio, consume poca electricidad y produce productos de alta calidad.<\/li> <\/ul>   <div class=\"wp-block-image\"> <figure class=\"aligncenter size-full\"><img loading=\"lazy\" decoding=\"async\" width=\"720\" height=\"540\" src=\"https:\/\/www.plasticgranularmachine.com\/wp-content\/uploads\/2022\/07\/EPS-pelletizer-machine-1.webp\" alt=\"pelletizadora de EPS\" class=\"wp-image-1172\" srcset=\"https:\/\/www.plasticgranularmachine.com\/wp-content\/uploads\/2022\/07\/EPS-pelletizer-machine-1.webp 720w, https:\/\/www.plasticgranularmachine.com\/wp-content\/uploads\/2022\/07\/EPS-pelletizer-machine-1-300x225.webp 300w, https:\/\/www.plasticgranularmachine.com\/wp-content\/uploads\/2022\/07\/EPS-pelletizer-machine-1-16x12.webp 16w\" sizes=\"auto, (max-width: 720px) 100vw, 720px\" \/><figcaption class=\"wp-element-caption\">pelletizadora de EPS<\/figcaption><\/figure> <\/div>   <h2 class=\"wp-block-heading\">\u00bfCu\u00e1les son las materias primas y los productos finales de la trituradora de espuma EPS?<\/h2>    <h3 class=\"wp-block-heading\">Malighafi<\/h3>    <p>Este granulador de EPS se puede usar para procesar varios tipos de espuma de desecho, como espuma aislante, poliestireno expandido, cajas de espuma desechadas, embalaje de espuma con aditivos, vajilla de espuma y EPE (polietileno expandido).<\/p>    <h3 class=\"wp-block-heading\">Slutprodukter<\/h3>    <p>La m\u00e1quina de pelletizado de EPS procesa desechos de estireno de pl\u00e1stico en pellets reciclados uniformes, que pueden utilizarse para fabricar nuevos productos pl\u00e1sticos en muchos campos, como embalaje, construcci\u00f3n, etc. <\/p>    <p>Adem\u00e1s, al a\u00f1adir diferentes pigmentos, agentes qu\u00edmicos, etc. durante el proceso de granulaci\u00f3n, las gr\u00e1nulas de EPS pueden tener finalmente diferentes colores y propiedades para diferentes necesidades de producci\u00f3n. <\/p>   <div class=\"wp-block-image\"> <figure class=\"aligncenter size-full\"><img loading=\"lazy\" decoding=\"async\" width=\"720\" height=\"540\" src=\"https:\/\/www.plasticgranularmachine.com\/wp-content\/uploads\/2022\/07\/raw-materials-and-final-products.webp\" alt=\"materias primas y productos finales\" class=\"wp-image-1070\" srcset=\"https:\/\/www.plasticgranularmachine.com\/wp-content\/uploads\/2022\/07\/raw-materials-and-final-products.webp 720w, https:\/\/www.plasticgranularmachine.com\/wp-content\/uploads\/2022\/07\/raw-materials-and-final-products-300x225.webp 300w, https:\/\/www.plasticgranularmachine.com\/wp-content\/uploads\/2022\/07\/raw-materials-and-final-products-16x12.webp 16w\" sizes=\"auto, (max-width: 720px) 100vw, 720px\" \/><figcaption class=\"wp-element-caption\">materias primas y productos finales<\/figcaption><\/figure> <\/div>   <h2 class=\"wp-block-heading\">Estructura del granulador de EPS<\/h2>   <div class=\"wp-block-image\"> <figure class=\"aligncenter size-full\"><img loading=\"lazy\" decoding=\"async\" width=\"720\" height=\"540\" src=\"https:\/\/www.plasticgranularmachine.com\/wp-content\/uploads\/2022\/07\/EPS-foam-granulator-machine-structur1.webp\" alt=\"Estructura de la granulaci\u00f3n de espuma EPS\" class=\"wp-image-1173\" srcset=\"https:\/\/www.plasticgranularmachine.com\/wp-content\/uploads\/2022\/07\/EPS-foam-granulator-machine-structur1.webp 720w, https:\/\/www.plasticgranularmachine.com\/wp-content\/uploads\/2022\/07\/EPS-foam-granulator-machine-structur1-300x225.webp 300w, https:\/\/www.plasticgranularmachine.com\/wp-content\/uploads\/2022\/07\/EPS-foam-granulator-machine-structur1-16x12.webp 16w\" sizes=\"auto, (max-width: 720px) 100vw, 720px\" \/><figcaption class=\"wp-element-caption\">Estructura de la granulaci\u00f3n de espuma EPS<\/figcaption><\/figure> <\/div>   <p>El sistema completo de granulaci\u00f3n de espuma incluye la m\u00e1quina principal, m\u00e1quina auxiliar, cabeza de matriz, trituradora y piscina de enfriamiento.<\/p>    <h2 class=\"wp-block-heading\">\u00bfC\u00f3mo funciona una m\u00e1quina de pelletizar EPS?<\/h2>    <p>La granulaci\u00f3n de espuma EPS procesa la espuma de EPS desechada mediante m\u00e9todos f\u00edsicos o qu\u00edmicos como pretratamiento, fusi\u00f3n, granulaci\u00f3n y granulaci\u00f3n. En primer lugar, la unidad de granulaci\u00f3n de EPS funde el pl\u00e1stico EPS y extruye la m\u00e1quina auxiliar. Luego, el material de tira larga se extruye desde la matriz auxiliar de granulaci\u00f3n hacia la piscina de enfriamiento. Finalmente, la m\u00e1quina de corte de pellets corta la tira de EPS en pellets de EPS de tama\u00f1o uniforme. Despu\u00e9s de esta serie de operaciones, podemos obtener pellets de espuma EPS. Este es todo el sistema de granulaci\u00f3n de espuma EPS.<\/p>    <figure class=\"wp-block-gallery has-nested-images columns-default is-cropped wp-block-gallery-2 is-layout-flex wp-block-gallery-is-layout-flex\"> <figure class=\"wp-block-image size-large\"><img loading=\"lazy\" decoding=\"async\" width=\"720\" height=\"540\" data-id=\"1174\" src=\"https:\/\/www.plasticgranularmachine.com\/wp-content\/uploads\/2022\/07\/EPS-pelletizing-machine-2.webp\" alt=\"M\u00e1quina de pelletizar EPS\" class=\"wp-image-1174\" srcset=\"https:\/\/www.plasticgranularmachine.com\/wp-content\/uploads\/2022\/07\/EPS-pelletizing-machine-2.webp 720w, https:\/\/www.plasticgranularmachine.com\/wp-content\/uploads\/2022\/07\/EPS-pelletizing-machine-2-300x225.webp 300w, https:\/\/www.plasticgranularmachine.com\/wp-content\/uploads\/2022\/07\/EPS-pelletizing-machine-2-16x12.webp 16w\" sizes=\"auto, (max-width: 720px) 100vw, 720px\" \/><figcaption class=\"wp-element-caption\">M\u00e1quina de pelletizar EPS<\/figcaption><\/figure>    <figure class=\"wp-block-image size-large\"><img loading=\"lazy\" decoding=\"async\" width=\"720\" height=\"540\" data-id=\"1175\" src=\"https:\/\/www.plasticgranularmachine.com\/wp-content\/uploads\/2022\/07\/styrofoam-grinder-1.webp\" alt=\"triturador de estireno-acero\" class=\"wp-image-1175\" srcset=\"https:\/\/www.plasticgranularmachine.com\/wp-content\/uploads\/2022\/07\/styrofoam-grinder-1.webp 720w, https:\/\/www.plasticgranularmachine.com\/wp-content\/uploads\/2022\/07\/styrofoam-grinder-1-300x225.webp 300w, https:\/\/www.plasticgranularmachine.com\/wp-content\/uploads\/2022\/07\/styrofoam-grinder-1-16x12.webp 16w\" sizes=\"auto, (max-width: 720px) 100vw, 720px\" \/><figcaption class=\"wp-element-caption\">triturador de estireno-acero<\/figcaption><\/figure> <\/figure>    <h2 class=\"wp-block-heading\">Maskinparametrar<\/h2>    <figure class=\"wp-block-table\"><table><tbody><tr><td>Aina<\/td><td>Kapacitet (KG\/H)<\/td><td>Motor principal (KW)<\/td><\/tr><tr><td>220 (Doble Reductor)<\/td><td>150-175<\/td><td>15<\/td><\/tr><tr><td>270 (Doble Reductor)<\/td><td>220-225<\/td><td>185<\/td><\/tr><tr><td>220 (Reductor \u00fanico)<\/td><td>150-175<\/td><td>15<\/td><\/tr><tr><td>270 (Reductor \u00fanico)<\/td><td>220-225<\/td><td>18.5<\/td><\/tr><tr><td>320 (Doble Reductor)<\/td><td>275-300<\/td><td>18.5<\/td><\/tr><tr><td>350 (Doble Reductor)<\/td><td>325-375<\/td><td>22<\/td><\/tr><\/tbody><\/table><figcaption class=\"wp-element-caption\">Datos t\u00e9cnicos del pelletizador de estireno<\/figcaption><\/figure>    <p>Lo anterior es datos b\u00e1sicos de algunas m\u00e1quinas de pelletizado de EPS muy vendidas. Ofrecemos varios modelos y estilos para satisfacer diferentes necesidades de pelletizado de poliestireno. Tambi\u00e9n podemos proporcionar granuladores personalizados. Para informaci\u00f3n espec\u00edfica, consulte a nuestro gerente de marketing. <\/p>    <figure class=\"wp-block-gallery has-nested-images columns-default is-cropped wp-block-gallery-3 is-layout-flex wp-block-gallery-is-layout-flex\"> <figure class=\"wp-block-image size-large\"><img loading=\"lazy\" decoding=\"async\" width=\"720\" height=\"540\" data-id=\"1176\" src=\"https:\/\/www.plasticgranularmachine.com\/wp-content\/uploads\/2022\/07\/styrofoam-extruder-1.webp\" alt=\"extrusora de estireno\" class=\"wp-image-1176\" srcset=\"https:\/\/www.plasticgranularmachine.com\/wp-content\/uploads\/2022\/07\/styrofoam-extruder-1.webp 720w, https:\/\/www.plasticgranularmachine.com\/wp-content\/uploads\/2022\/07\/styrofoam-extruder-1-300x225.webp 300w, https:\/\/www.plasticgranularmachine.com\/wp-content\/uploads\/2022\/07\/styrofoam-extruder-1-16x12.webp 16w\" sizes=\"auto, (max-width: 720px) 100vw, 720px\" \/><figcaption class=\"wp-element-caption\">extrusora de estireno<\/figcaption><\/figure>    <figure class=\"wp-block-image size-large\"><img loading=\"lazy\" decoding=\"async\" width=\"720\" height=\"540\" data-id=\"1177\" src=\"https:\/\/www.plasticgranularmachine.com\/wp-content\/uploads\/2022\/07\/styrofoam-granulator-1.webp\" alt=\"granulador de estireno\" class=\"wp-image-1177\" srcset=\"https:\/\/www.plasticgranularmachine.com\/wp-content\/uploads\/2022\/07\/styrofoam-granulator-1.webp 720w, https:\/\/www.plasticgranularmachine.com\/wp-content\/uploads\/2022\/07\/styrofoam-granulator-1-300x225.webp 300w, https:\/\/www.plasticgranularmachine.com\/wp-content\/uploads\/2022\/07\/styrofoam-granulator-1-16x12.webp 16w\" sizes=\"auto, (max-width: 720px) 100vw, 720px\" \/><figcaption class=\"wp-element-caption\">granulador de estireno<\/figcaption><\/figure> <\/figure>    <h2 class=\"wp-block-heading\">\u00bfPor qu\u00e9 es popular la m\u00e1quina de pelletizar EPS?<\/h2>    <p>Por un lado, la vida est\u00e1 llena de todo tipo de productos de espuma EPS. Adem\u00e1s, la espuma EPS se usa principalmente en cajas de bocadillos de espuma, cajas de conservaci\u00f3n de espuma y materiales de aislamiento de alimentos. Al mismo tiempo, la espuma EPS tambi\u00e9n es la espuma de embalaje de televisores, aires acondicionados, refrigeradores y otros muebles. Estos productos EPS causar\u00e1n una gran contaminaci\u00f3n ambiental si no se reciclan. Por otro lado, la protecci\u00f3n ambiental se ha convertido en una moda. Varios pa\u00edses tambi\u00e9n est\u00e1n promoviendo la protecci\u00f3n ambiental. Por lo tanto, los pelletizadores de EPS pueden generar muchas ganancias.<\/p>    <figure class=\"wp-block-gallery has-nested-images columns-default is-cropped wp-block-gallery-4 is-layout-flex wp-block-gallery-is-layout-flex\"> <figure class=\"wp-block-image size-large\"><img loading=\"lazy\" decoding=\"async\" width=\"720\" height=\"540\" data-id=\"1071\" src=\"https:\/\/www.plasticgranularmachine.com\/wp-content\/uploads\/2022\/07\/foam-pollution.webp\" alt=\"contaminaci\u00f3n de espuma\" class=\"wp-image-1071\" srcset=\"https:\/\/www.plasticgranularmachine.com\/wp-content\/uploads\/2022\/07\/foam-pollution.webp 720w, https:\/\/www.plasticgranularmachine.com\/wp-content\/uploads\/2022\/07\/foam-pollution-300x225.webp 300w, https:\/\/www.plasticgranularmachine.com\/wp-content\/uploads\/2022\/07\/foam-pollution-16x12.webp 16w\" sizes=\"auto, (max-width: 720px) 100vw, 720px\" \/><figcaption class=\"wp-element-caption\">contaminaci\u00f3n de espuma<\/figcaption><\/figure>    <figure class=\"wp-block-image size-large\"><img loading=\"lazy\" decoding=\"async\" width=\"720\" height=\"540\" data-id=\"1072\" src=\"https:\/\/www.plasticgranularmachine.com\/wp-content\/uploads\/2022\/07\/waste-plastic-foam.webp\" alt=\"residuos pl\u00e1sticos de espuma\" class=\"wp-image-1072\" srcset=\"https:\/\/www.plasticgranularmachine.com\/wp-content\/uploads\/2022\/07\/waste-plastic-foam.webp 720w, https:\/\/www.plasticgranularmachine.com\/wp-content\/uploads\/2022\/07\/waste-plastic-foam-300x225.webp 300w, https:\/\/www.plasticgranularmachine.com\/wp-content\/uploads\/2022\/07\/waste-plastic-foam-16x12.webp 16w\" sizes=\"auto, (max-width: 720px) 100vw, 720px\" \/><figcaption class=\"wp-element-caption\">residuos pl\u00e1sticos de espuma<\/figcaption><\/figure> <\/figure>    <h2 class=\"wp-block-heading\" id=\"h-application-of-eps-foam-pellets\">Aplicaci\u00f3n de pellets de espuma EPS<\/h2>    <ol class=\"wp-block-list\"> <li>En la vida diaria, los pellets reciclados pueden convertir en todo tipo de bolsas de espuma de EPS, barriles, lavabos, juguetes, muebles, papeler\u00eda y otros electrodom\u00e9sticos.<\/li>    <li>Ropa. Podemos usar pellets de pl\u00e1stico EPS para hacer ropa, corbatas, botones y cremalleras.<\/li>    <li>Materiales de construcci\u00f3n. El derivado de pellets de espuma EPS y perfiles de madera pl\u00e1stica, producen varios componentes de construcci\u00f3n, puertas y ventanas de espuma EPS, etc.<\/li>    <li>Industritillbeh\u00f6r. Pellets kan anv\u00e4ndas f\u00f6r r\u00f6r, beh\u00e5llare, pumpar, ventiler, etc. Dessutom kan den anv\u00e4ndas p\u00e5 kemiska produktionsplatser f\u00f6r att l\u00f6sa korrosion och slitage.<\/li>    <li>Vifaa vya kilimo. Zaidi ya hayo, chembe za povu zilizorejeshwa zinaweza kutumika kutengeneza filamu za kilimo, mabomba ya kusukuma, mashine za kilimo, <a href=\"https:\/\/en.wikipedia.org\/wiki\/Fertilizer\" target=\"_blank\" rel=\"noopener\">mbolea<\/a> vikapu, vikapu vya simenti, n.k.<\/li>    <li>Adem\u00e1s, los pellets reciclados fabricados por la m\u00e1quina de pelletizado de EPS tambi\u00e9n se utilizan ampliamente en las industrias el\u00e9ctrica y de telecomunicaciones.<\/li> <\/ol>    <figure class=\"wp-block-gallery aligncenter has-nested-images columns-default is-cropped wp-block-gallery-5 is-layout-flex wp-block-gallery-is-layout-flex\"> <figure class=\"wp-block-image size-full\"><img loading=\"lazy\" decoding=\"async\" width=\"750\" height=\"537\" data-id=\"324\" src=\"https:\/\/www.plasticgranularmachine.com\/wp-content\/uploads\/2022\/07\/finished-products.jpg\" alt=\"f\u00e4rdiga produkter\" class=\"wp-image-324\" srcset=\"https:\/\/www.plasticgranularmachine.com\/wp-content\/uploads\/2022\/07\/finished-products.jpg 750w, https:\/\/www.plasticgranularmachine.com\/wp-content\/uploads\/2022\/07\/finished-products-300x215.jpg 300w\" sizes=\"auto, (max-width: 750px) 100vw, 750px\" \/><figcaption class=\"wp-element-caption\">f\u00e4rdiga produkter<\/figcaption><\/figure>    <figure class=\"wp-block-image size-full\"><img loading=\"lazy\" decoding=\"async\" width=\"720\" height=\"540\" data-id=\"1074\" src=\"https:\/\/www.plasticgranularmachine.com\/wp-content\/uploads\/2022\/07\/foam-board.webp\" alt=\"tabla de espuma\" class=\"wp-image-1074\" srcset=\"https:\/\/www.plasticgranularmachine.com\/wp-content\/uploads\/2022\/07\/foam-board.webp 720w, https:\/\/www.plasticgranularmachine.com\/wp-content\/uploads\/2022\/07\/foam-board-300x225.webp 300w, https:\/\/www.plasticgranularmachine.com\/wp-content\/uploads\/2022\/07\/foam-board-16x12.webp 16w\" sizes=\"auto, (max-width: 720px) 100vw, 720px\" \/><figcaption class=\"wp-element-caption\">tabla de espuma<\/figcaption><\/figure>    <figure class=\"wp-block-image size-full\"><img loading=\"lazy\" decoding=\"async\" width=\"720\" height=\"540\" data-id=\"1073\" src=\"https:\/\/www.plasticgranularmachine.com\/wp-content\/uploads\/2022\/07\/foam-packaging.webp\" alt=\"empaque de espuma\" class=\"wp-image-1073\" srcset=\"https:\/\/www.plasticgranularmachine.com\/wp-content\/uploads\/2022\/07\/foam-packaging.webp 720w, https:\/\/www.plasticgranularmachine.com\/wp-content\/uploads\/2022\/07\/foam-packaging-300x225.webp 300w, https:\/\/www.plasticgranularmachine.com\/wp-content\/uploads\/2022\/07\/foam-packaging-16x12.webp 16w\" sizes=\"auto, (max-width: 720px) 100vw, 720px\" \/><figcaption class=\"wp-element-caption\">empaque de espuma<\/figcaption><\/figure> <\/figure>    <p class=\"translation-block\">El granulador de estireno se usa a menudo junto con un <a href=\"https:\/\/www.plasticgranularmachine.com\/sw\/product\/foam-crushing-machine\/\" data-type=\"link\" data-id=\"https:\/\/www.plasticgranularmachine.com\/product\/foam-crushing-machine\/\">EPS crusher<\/a>, etc., para promover conjuntamente la producci\u00f3n de pellets reciclados de EPS de alta calidad. Finalmente, si necesita equipo de reciclaje de pl\u00e1stico, no dude en contactarnos. Adem\u00e1s, tambi\u00e9n tenemos un <a href=\"https:\/\/www.plasticgranularmachine.com\/sw\/product\/plastic-film-granulator\/\">granulador de film pl\u00e1stico<\/a> a la venta.<\/p>    <h2 class=\"wp-block-heading\">M\u00e1quina eficiente de pelletizado de EPS exportada a Canad\u00e1<\/h2>    <p>Recientemente, nuestra l\u00ednea completa de reciclaje de estireno, incluido un granulado EPS, se export\u00f3 con \u00e9xito a Vancouver para ayudar a una empresa de reciclaje de espuma de Vancouver a resolver el problema de equipos de reciclaje insuficientes. Como proveedor experimentado de maquinaria de reciclaje de pl\u00e1sticos, nos complace contribuir a la reciclaje y utilizaci\u00f3n de pl\u00e1sticos.<\/p>    <p>S\u00e5, om du k\u00e4mpar med plast\u00e5tervinning, tveka inte att kontakta oss!<\/p>    <p class=\"translation-block\"><em>Leer:<\/em> <a href=\"https:\/\/www.plasticgranularmachine.com\/sw\/Info\/styrofoam-recycling-vancouver\/\"> <em>C\u00f3mo impulsamos el reciclaje de estireno Vancouver BC?<\/em><\/a><\/p>   <div class=\"wp-block-image\"> <figure class=\"aligncenter size-full\"><img loading=\"lazy\" decoding=\"async\" width=\"540\" height=\"720\" src=\"https:\/\/www.plasticgranularmachine.com\/wp-content\/uploads\/2022\/07\/EPS-Pelletizer-is-being-packed-at-the-factory-1.webp\" alt=\"El pelletizador de EPS se est\u00e1 empacando en la f\u00e1brica\" class=\"wp-image-1178\" srcset=\"https:\/\/www.plasticgranularmachine.com\/wp-content\/uploads\/2022\/07\/EPS-Pelletizer-is-being-packed-at-the-factory-1.webp 540w, https:\/\/www.plasticgranularmachine.com\/wp-content\/uploads\/2022\/07\/EPS-Pelletizer-is-being-packed-at-the-factory-1-225x300.webp 225w, https:\/\/www.plasticgranularmachine.com\/wp-content\/uploads\/2022\/07\/EPS-Pelletizer-is-being-packed-at-the-factory-1-9x12.webp 9w\" sizes=\"auto, (max-width: 540px) 100vw, 540px\" \/><figcaption class=\"wp-element-caption\">El pelletizador de EPS se est\u00e1 empacando en la f\u00e1brica<\/figcaption><\/figure> <\/div>   <h2 class=\"wp-block-heading\">Nuestros servicios<\/h2>    <ul class=\"wp-block-list\"> <li>Se dispone de m\u00e1quinas personalizadas con un plazo de entrega de aproximadamente 20 d\u00edas.<\/li>    <li>\u00a1Bienvenido a nuestra f\u00e1brica para ver nuestras m\u00e1quinas de pelletizado de EPS!<\/li>    <li>Se enviar\u00e1 un video de prueba antes del env\u00edo para confirmar que no hay errores.<\/li>    <li>Ofrecemos soporte t\u00e9cnico y una garant\u00eda de un a\u00f1o.<\/li> <\/ul>    <p>Sammanfattningsvis k\u00e4nnetecknas v\u00e5r polystyrenmvarnare maskin av h\u00f6g kvalitet, h\u00f6g effektivitet, etc. Om du s\u00f6ker en bra l\u00f6sning f\u00f6r att mala ditt avfalls skum r\u00e5material, kommer vi att vara din b\u00e4sta partner. Tveka inte att kontakta oss!<\/p>   <div class=\"wp-block-image\"> <figure class=\"aligncenter size-full\"><img loading=\"lazy\" decoding=\"async\" width=\"540\" height=\"720\" src=\"https:\/\/www.plasticgranularmachine.com\/wp-content\/uploads\/2022\/07\/EPS-Pelletizing-Machine-packaging-for-shipping-1.webp\" alt=\"Empaque de m\u00e1quina de pelletizado de EPS para env\u00edo\" class=\"wp-image-1179\" srcset=\"https:\/\/www.plasticgranularmachine.com\/wp-content\/uploads\/2022\/07\/EPS-Pelletizing-Machine-packaging-for-shipping-1.webp 540w, https:\/\/www.plasticgranularmachine.com\/wp-content\/uploads\/2022\/07\/EPS-Pelletizing-Machine-packaging-for-shipping-1-225x300.webp 225w, https:\/\/www.plasticgranularmachine.com\/wp-content\/uploads\/2022\/07\/EPS-Pelletizing-Machine-packaging-for-shipping-1-9x12.webp 9w\" sizes=\"auto, (max-width: 540px) 100vw, 540px\" \/><figcaption class=\"wp-element-caption\">Empaque de m\u00e1quina de pelletizado de EPS para env\u00edo<\/figcaption><\/figure> <\/div>","protected":false},"excerpt":{"rendered":"<p>La m\u00e1quina de pelletizar de EPS puede reciclar espuma de EPS y fabricar pellets de EPS de tama\u00f1o uniforme. El tama\u00f1o de pellet puede ajustarse y la salida puede personalizarse.<\/p>","protected":false},"author":1,"featured_media":1368,"parent":0,"template":"","tags":[18,33],"product-type":[5],"class_list":["post-320","product","type-product","status-publish","has-post-thumbnail","hentry","tag-pelletizing-machine","tag-styrofoam-recycling","product-type-plastic-pelletizer"],"_links":{"self":[{"href":"https:\/\/www.plasticgranularmachine.com\/sw\/wp-json\/wp\/v2\/product\/320","targetHints":{"allow":["GET"]}}],"collection":[{"href":"https:\/\/www.plasticgranularmachine.com\/sw\/wp-json\/wp\/v2\/product"}],"about":[{"href":"https:\/\/www.plasticgranularmachine.com\/sw\/wp-json\/wp\/v2\/types\/product"}],"author":[{"embeddable":true,"href":"https:\/\/www.plasticgranularmachine.com\/sw\/wp-json\/wp\/v2\/users\/1"}],"wp:featuredmedia":[{"embeddable":true,"href":"https:\/\/www.plasticgranularmachine.com\/sw\/wp-json\/wp\/v2\/media\/1368"}],"wp:attachment":[{"href":"https:\/\/www.plasticgranularmachine.com\/sw\/wp-json\/wp\/v2\/media?parent=320"}],"wp:term":[{"taxonomy":"post_tag","embeddable":true,"href":"https:\/\/www.plasticgranularmachine.com\/sw\/wp-json\/wp\/v2\/tags?post=320"},{"taxonomy":"product-type","embeddable":true,"href":"https:\/\/www.plasticgranularmachine.com\/sw\/wp-json\/wp\/v2\/product-type?post=320"}],"curies":[{"name":"wp","href":"https:\/\/api.w.org\/{rel}","templated":true}]}}