{"id":332,"date":"2022-08-01T06:34:22","date_gmt":"2022-08-01T06:34:22","guid":{"rendered":"https:\/\/www.plasticgranularmachine.com\/?post_type=product&#038;p=332"},"modified":"2025-01-06T09:53:46","modified_gmt":"2025-01-06T01:53:46","slug":"pet-flakes-hot-washing-machine","status":"publish","type":"product","link":"https:\/\/www.plasticgranularmachine.com\/sw\/product\/pet-flakes-hot-washing-machine\/","title":{"rendered":"Nya PETflingor Hetttv\u00e4ttmaskin"},"content":{"rendered":"<p>La lavadora caliente de copos de PET tambi\u00e9n se conoce como una lavadora caliente para copos de PET. La lavadora caliente de copos de PET puede eliminar eficazmente contaminantes como bebidas, l\u00edquidos de comida, manchas de aceite, etc. Es una m\u00e1quina necesaria en todo tipo de l\u00edneas de reciclaje de pl\u00e1stico. Si desea materiales reciclables de mayor calidad, necesita una m\u00e1quina de copos de PET lavada en caliente. Puede a\u00f1adir esta m\u00e1quina a la l\u00ednea de lavado de PET, HDPE, PP\/PE y otras l\u00edneas de lavado y pelletizado de pl\u00e1sticos.<\/p>   <div class=\"wp-block-image\"> <figure class=\"aligncenter size-full\"><img loading=\"lazy\" decoding=\"async\" width=\"720\" height=\"540\" src=\"https:\/\/www.plasticgranularmachine.com\/wp-content\/uploads\/2022\/08\/pet-flakes-hot-washing-machine-2.webp\" alt=\"pet flingor heta tv\u00e4ttmaskin\" class=\"wp-image-1155\" srcset=\"https:\/\/www.plasticgranularmachine.com\/wp-content\/uploads\/2022\/08\/pet-flakes-hot-washing-machine-2.webp 720w, https:\/\/www.plasticgranularmachine.com\/wp-content\/uploads\/2022\/08\/pet-flakes-hot-washing-machine-2-300x225.webp 300w, https:\/\/www.plasticgranularmachine.com\/wp-content\/uploads\/2022\/08\/pet-flakes-hot-washing-machine-2-16x12.webp 16w\" sizes=\"auto, (max-width: 720px) 100vw, 720px\" \/><figcaption class=\"wp-element-caption\">pet flingor heta tv\u00e4ttmaskin <\/figcaption><\/figure> <\/div>   <h2 class=\"wp-block-heading\">Caracter\u00edsticas de la Lavadora Caliente para Copos de PET<\/h2>    <ol class=\"wp-block-list\"> <li>R\u00e1pida transferencia de calor. El tanque de lavado puede elevar la temperatura del agua a 90-100 grados Celsius r\u00e1pidamente.<\/li>    <li>Multifunci\u00f3n. La lavadora caliente de copos de PET tiene la funci\u00f3n de control autom\u00e1tico de temperatura, aislamiento y agitaci\u00f3n.<\/li>    <li>Buen efecto de limpieza. M\u00faltiples paletas pueden aumentar eficazmente el \u00e1rea de contacto con la l\u00e1mina pl\u00e1stica. Por lo tanto, tiene un mejor efecto de limpieza.<\/li>    <li>Servicio personalizable, la lavadora caliente de copos de PET se puede personalizar seg\u00fan las necesidades de su m\u00e1quina piloto.<\/li>    <li>F\u00e1cil de limpiar. El eje de salida del reductor y el eje de pulpa est\u00e1n conectados con la funda m\u00f3vil. Por lo tanto, es f\u00e1cil de limpiar.<\/li> <\/ol>   <div class=\"wp-block-image\"> <figure class=\"aligncenter size-full\"><img loading=\"lazy\" decoding=\"async\" width=\"720\" height=\"540\" src=\"https:\/\/www.plasticgranularmachine.com\/wp-content\/uploads\/2022\/08\/hot-washer-washing-machine-for-plastic-bottles.webp\" alt=\"lavadora caliente para botellas de pl\u00e1stico\" class=\"wp-image-1144\" srcset=\"https:\/\/www.plasticgranularmachine.com\/wp-content\/uploads\/2022\/08\/hot-washer-washing-machine-for-plastic-bottles.webp 720w, https:\/\/www.plasticgranularmachine.com\/wp-content\/uploads\/2022\/08\/hot-washer-washing-machine-for-plastic-bottles-300x225.webp 300w, https:\/\/www.plasticgranularmachine.com\/wp-content\/uploads\/2022\/08\/hot-washer-washing-machine-for-plastic-bottles-16x12.webp 16w\" sizes=\"auto, (max-width: 720px) 100vw, 720px\" \/><figcaption class=\"wp-element-caption\">lavadora caliente para botellas de pl\u00e1stico<\/figcaption><\/figure> <\/div>   <h2 class=\"wp-block-heading\">Aplicaci\u00f3n de nuestra lavadora caliente de copos de PET<\/h2>    <p class=\"translation-block\">En este video, puede ver la lavadora caliente de copos de botellas de PET funcionando en la <a href=\"https:\/\/www.plasticgranularmachine.com\/sw\/product\/pet-bottles-recycling-line\/\" data-type=\"link\" data-id=\"https:\/\/www.plasticgranularmachine.com\/product\/pet-bottles-recycling-line\/\">l\u00ednea de reciclaje de botellas de pl\u00e1stico<\/a>. Desempe\u00f1a un papel importante en la l\u00ednea de lavado de botellas de PET.<\/p>    <figure class=\"wp-block-embed is-type-video is-provider-youtube wp-block-embed-youtube wp-embed-aspect-16-9 wp-has-aspect-ratio\"><div class=\"wp-block-embed__wrapper\"> <iframe loading=\"lazy\" title=\"Effektiv och kraftfull PET-flaskavfettningsprocess i en steg-f\u00f6r-steg-process\" width=\"500\" height=\"281\" src=\"https:\/\/www.youtube.com\/embed\/SsiW4ed3DB8?feature=oembed\" frameborder=\"0\" allow=\"accelerometer; autoplay; clipboard-write; encrypted-media; gyroscope; picture-in-picture; web-share\" referrerpolicy=\"strict-origin-when-cross-origin\" allowfullscreen><\/iframe> <\/div><\/figure>    <p>Esta es la lavadora caliente de copos de PET en nuestra planta. La m\u00e1quina fue producida para nuestro cliente en Nigeria que orden\u00f3 una l\u00ednea completa de reciclaje de PET.<\/p>    <figure class=\"wp-block-embed is-type-video is-provider-youtube wp-block-embed-youtube wp-embed-aspect-16-9 wp-has-aspect-ratio\"><div class=\"wp-block-embed__wrapper\"> <iframe loading=\"lazy\" title=\"\u00a1Echa un vistazo m\u00e1s de cerca dentro de la lavadora caliente de copos de PET!\" width=\"500\" height=\"281\" src=\"https:\/\/www.youtube.com\/embed\/-MTvWnwFg2M?feature=oembed\" frameborder=\"0\" allow=\"accelerometer; autoplay; clipboard-write; encrypted-media; gyroscope; picture-in-picture; web-share\" referrerpolicy=\"strict-origin-when-cross-origin\" allowfullscreen><\/iframe> <\/div><\/figure>    <h2 class=\"wp-block-heading\" id=\"h-how-does-the-pet-flake-hot-washing-machine-work\">\u00bfC\u00f3mo funciona la lavadora caliente de copos de PET?<\/h2>    <p>Cuando la lavadora de residuos de pl\u00e1stico est\u00e1 en funcionamiento, la lavadora caliente de copos de PET se llenar\u00e1 de agua. Luego la temperatura del agua puede subir r\u00e1pidamente a 90-100 grados bajo la acci\u00f3n de calentamiento por electromagnetismo o vapor. Para lograr un mejor efecto de limpieza, puede remojar el material a limpiar con agua caliente primero. <\/p>    <p>Luego se a\u00f1ade el agente de limpieza a la lavadora caliente para los copos para que el material quede m\u00e1s limpio. Debido a que hay varias paletas dentro de la lavadora caliente de copos de pl\u00e1stico. Cuando la lavadora de residuos de pl\u00e1stico est\u00e1 en funcionamiento, principalmente utiliza las paletas para frotar contra el material para limpiarlo. Por \u00faltimo, obtendr\u00e1 copos de PET de mayor calidad.<\/p>   <div class=\"wp-block-image\"> <figure class=\"aligncenter size-full\"><img loading=\"lazy\" decoding=\"async\" width=\"720\" height=\"540\" src=\"https:\/\/www.plasticgranularmachine.com\/wp-content\/uploads\/2022\/06\/plastic-bottle-flakes.jpg\" alt=\"productos finales de los copos de botellas de pl\u00e1stico lavados en caliente\" class=\"wp-image-156\" srcset=\"https:\/\/www.plasticgranularmachine.com\/wp-content\/uploads\/2022\/06\/plastic-bottle-flakes.jpg 720w, https:\/\/www.plasticgranularmachine.com\/wp-content\/uploads\/2022\/06\/plastic-bottle-flakes-300x225.jpg 300w\" sizes=\"auto, (max-width: 720px) 100vw, 720px\" \/><figcaption class=\"wp-element-caption\">productos finales de los copos de botellas de pl\u00e1stico lavados en caliente<\/figcaption><\/figure> <\/div>   <h2 class=\"wp-block-heading\">Par\u00e1metros de la Lavadora de Residuos de Pl\u00e1stico<\/h2>    <figure class=\"wp-block-table\"><table><tbody><tr><td>Mfano<\/td><td>SL-500<\/td><\/tr><tr><td>Altura<\/td><td>2 m<\/td><\/tr><tr><td>Di\u00e1metro<\/td><td>1,3 m<\/td><\/tr><tr><td>Espesor exterior (ajustable)<\/td><td>4 mm<\/td><\/tr><tr><td>Espesor inferior (ajustable)<\/td><td>8 mm<\/td><\/tr><tr><td>Material<\/td><td>Acero de Cart\u00f3n<\/td><\/tr><tr><td>Nguvu<\/td><td>4 kW<\/td><\/tr><tr><td>M\u00e9todo de calentamiento<\/td><td>El\u00e9ctrico y Vapor<\/td><\/tr><\/tbody><\/table><figcaption class=\"wp-element-caption\">Datos t\u00e9cnicos de las lavadoras de copos de PET lavados en caliente<\/figcaption><\/figure>    <p>Aqu\u00ed hay algunos datos b\u00e1sicos sobre la lavadora caliente de botellas de pl\u00e1stico m\u00e1s vendida. Si tiene otras necesidades de producci\u00f3n, tambi\u00e9n podemos proporcionarle m\u00e1quinas personalizadas.<\/p>   <div class=\"wp-block-image\"> <figure class=\"aligncenter size-full\"><img loading=\"lazy\" decoding=\"async\" width=\"720\" height=\"540\" src=\"https:\/\/www.plasticgranularmachine.com\/wp-content\/uploads\/2022\/08\/hot-washed-PET-flakes-machine.webp\" alt=\"copos de PET lavados en caliente m\u00e1quina\" class=\"wp-image-1154\" srcset=\"https:\/\/www.plasticgranularmachine.com\/wp-content\/uploads\/2022\/08\/hot-washed-PET-flakes-machine.webp 720w, https:\/\/www.plasticgranularmachine.com\/wp-content\/uploads\/2022\/08\/hot-washed-PET-flakes-machine-300x225.webp 300w, https:\/\/www.plasticgranularmachine.com\/wp-content\/uploads\/2022\/08\/hot-washed-PET-flakes-machine-16x12.webp 16w\" sizes=\"auto, (max-width: 720px) 100vw, 720px\" \/><figcaption class=\"wp-element-caption\">copos de PET lavados en caliente m\u00e1quina<\/figcaption><\/figure> <\/div>   <h2 class=\"wp-block-heading\">Sammanfattning<\/h2>    <p>Elegir la lavadora de botellas de PET correcta es muy importante. Nuestra lavadora caliente de copos de PET presenta alta calidad, alta eficiencia, etc. Si tiene alguna pregunta sobre el reciclaje de botellas de pl\u00e1stico o necesita la m\u00e1quina, no dude en ponerse en contacto con nosotros.<\/p>","protected":false},"excerpt":{"rendered":"<p>PET flakes hot washing machine is also called a hot washer for PET flakes. The PET bottle flakes hot washing machine can effectively remove contaminants such as beverage food liquids, oil stains, etc. It is a necessary machine in all kinds of plastic recycling lines. If you want higher-quality recyclable materials, you need to have [&hellip;]<\/p>\n","protected":false},"author":1,"featured_media":1145,"parent":0,"template":"","tags":[38,39],"product-type":[6],"class_list":["post-332","product","type-product","status-publish","has-post-thumbnail","hentry","tag-pet-recycling","tag-washing","product-type-washing-machine"],"_links":{"self":[{"href":"https:\/\/www.plasticgranularmachine.com\/sw\/wp-json\/wp\/v2\/product\/332","targetHints":{"allow":["GET"]}}],"collection":[{"href":"https:\/\/www.plasticgranularmachine.com\/sw\/wp-json\/wp\/v2\/product"}],"about":[{"href":"https:\/\/www.plasticgranularmachine.com\/sw\/wp-json\/wp\/v2\/types\/product"}],"author":[{"embeddable":true,"href":"https:\/\/www.plasticgranularmachine.com\/sw\/wp-json\/wp\/v2\/users\/1"}],"wp:featuredmedia":[{"embeddable":true,"href":"https:\/\/www.plasticgranularmachine.com\/sw\/wp-json\/wp\/v2\/media\/1145"}],"wp:attachment":[{"href":"https:\/\/www.plasticgranularmachine.com\/sw\/wp-json\/wp\/v2\/media?parent=332"}],"wp:term":[{"taxonomy":"post_tag","embeddable":true,"href":"https:\/\/www.plasticgranularmachine.com\/sw\/wp-json\/wp\/v2\/tags?post=332"},{"taxonomy":"product-type","embeddable":true,"href":"https:\/\/www.plasticgranularmachine.com\/sw\/wp-json\/wp\/v2\/product-type?post=332"}],"curies":[{"name":"wp","href":"https:\/\/api.w.org\/{rel}","templated":true}]}}