{"id":339,"date":"2022-08-01T09:25:29","date_gmt":"2022-08-01T09:25:29","guid":{"rendered":"https:\/\/www.plasticgranularmachine.com\/?post_type=product&#038;p=339"},"modified":"2025-01-06T09:49:20","modified_gmt":"2025-01-06T01:49:20","slug":"foam-crushing-machine","status":"publish","type":"product","link":"https:\/\/www.plasticgranularmachine.com\/sw\/product\/foam-crushing-machine\/","title":{"rendered":"Skumkrossmaskin | EPS Skumkrossmaskin"},"content":{"rendered":"<p class=\"translation-block\">Skumknusningsmaskinen anv\u00e4nds f\u00f6r att bearbeta skumplast som EPE och EPS. EPS kan ocks\u00e5 kallas polystyren och Styrofoam. Styrofoam-rivaren kan krossa avfall av skumplast till sm\u00e5 bitar. Det \u00e4r den f\u00f6rsta huvudmaskinen i <a href=\"https:\/\/www.plasticgranularmachine.com\/sw\/product\/eps-recycling-machine\/\">skum\u00e5tervinningslinjen<\/a>. Rivern kan behandla 250-500 kg per timme.<\/p>   <div class=\"wp-block-image\"> <figure class=\"aligncenter size-full\"><img loading=\"lazy\" decoding=\"async\" width=\"720\" height=\"540\" src=\"https:\/\/www.plasticgranularmachine.com\/wp-content\/uploads\/2022\/08\/styrofoam-shredder.webp\" alt=\"skumr\u00e5nadverk\" class=\"wp-image-1243\" srcset=\"https:\/\/www.plasticgranularmachine.com\/wp-content\/uploads\/2022\/08\/styrofoam-shredder.webp 720w, https:\/\/www.plasticgranularmachine.com\/wp-content\/uploads\/2022\/08\/styrofoam-shredder-300x225.webp 300w, https:\/\/www.plasticgranularmachine.com\/wp-content\/uploads\/2022\/08\/styrofoam-shredder-16x12.webp 16w\" sizes=\"auto, (max-width: 720px) 100vw, 720px\" \/><figcaption class=\"wp-element-caption\">skumr\u00e5nadverk<\/figcaption><\/figure> <\/div>   <h2 class=\"wp-block-heading\">Video av Polystyren Rivning<\/h2>    <figure class=\"wp-block-embed is-type-video is-provider-youtube wp-block-embed-youtube wp-embed-aspect-16-9 wp-has-aspect-ratio\"><div class=\"wp-block-embed__wrapper\"> <iframe loading=\"lazy\" title=\"Kraftfull Styrofoam Rivare: Flera tester f\u00f6re leverans\" width=\"500\" height=\"281\" src=\"https:\/\/www.youtube.com\/embed\/H_jnIKjkSqk?feature=oembed\" frameborder=\"0\" allow=\"accelerometer; autoplay; clipboard-write; encrypted-media; gyroscope; picture-in-picture; web-share\" referrerpolicy=\"strict-origin-when-cross-origin\" allowfullscreen><\/iframe> <\/div><figcaption class=\"wp-element-caption\">industriell skumsk\u00e4rare<\/figcaption><\/figure>    <h2 class=\"wp-block-heading\">F\u00f6rdelar med Styrofoam-sk\u00e4raren<\/h2>    <p>Bekv\u00e4m manuell matning: Inmatnings\u00f6ppningen f\u00f6r den horisontella styrofoam-krossmaskinen \u00e4r utformad att vara plan med golvet, vilket g\u00f6r att operat\u00f6ren direkt kan mata materialet i skumknusaren utan behov av ett transportband, vilket underl\u00e4ttar manuell matning avsev\u00e4rt.<\/p>    <p>Effektiv Krossning: Horisontell design i kombination med kraftfulla blad m\u00f6jligg\u00f6r snabb och effektiv krossning av bulk-skums, s\u00e4rskilt l\u00e4mplig f\u00f6r bearbetning av EPS (Expanderad Polystyren) och EPE (Expanderad Polyeten) skum.<\/p>    <p>Enkelt anpassad till f\u00f6ljande processer: Det finf\u00f6rdelade materialet kan matas direkt till en granulator eller anv\u00e4ndas i kombination med en varm-sm\u00e4ltningstillstoppare, vilket g\u00f6r hela \u00e5tervinningsprocessen mer effektiv och kontinuerlig.<\/p>    <p>Enkel underh\u00e5ll: Den enkla strukturen hos den horisontella styrofoam-rivmaskinen g\u00f6r den l\u00e4tt att reng\u00f6ra och underh\u00e5lla, vilket effektivt minskar utrustningens driftsstopp och f\u00f6rb\u00e4ttrar produktionseffektiviteten.<\/p>    <figure class=\"wp-block-gallery has-nested-images columns-default is-cropped wp-block-gallery-2 is-layout-flex wp-block-gallery-is-layout-flex\"> <figure class=\"wp-block-image size-large\"><img loading=\"lazy\" decoding=\"async\" width=\"720\" height=\"540\" data-id=\"1247\" src=\"https:\/\/www.plasticgranularmachine.com\/wp-content\/uploads\/2022\/08\/polystyrene-shredding-machines.webp\" alt=\"polystyren s.k\u00e4rare maskiner\" class=\"wp-image-1247\" srcset=\"https:\/\/www.plasticgranularmachine.com\/wp-content\/uploads\/2022\/08\/polystyrene-shredding-machines.webp 720w, https:\/\/www.plasticgranularmachine.com\/wp-content\/uploads\/2022\/08\/polystyrene-shredding-machines-300x225.webp 300w, https:\/\/www.plasticgranularmachine.com\/wp-content\/uploads\/2022\/08\/polystyrene-shredding-machines-16x12.webp 16w\" sizes=\"auto, (max-width: 720px) 100vw, 720px\" \/><figcaption class=\"wp-element-caption\">polystyren s.k\u00e4rare maskiner<\/figcaption><\/figure>    <figure class=\"wp-block-image size-large\"><img loading=\"lazy\" decoding=\"async\" width=\"1024\" height=\"768\" data-id=\"1248\" src=\"https:\/\/www.plasticgranularmachine.com\/wp-content\/uploads\/2022\/08\/EPS-Crusher-1024x768.webp\" alt=\"EPS-krossare\" class=\"wp-image-1248\" srcset=\"https:\/\/www.plasticgranularmachine.com\/wp-content\/uploads\/2022\/08\/EPS-Crusher-1024x768.webp 1024w, https:\/\/www.plasticgranularmachine.com\/wp-content\/uploads\/2022\/08\/EPS-Crusher-300x225.webp 300w, https:\/\/www.plasticgranularmachine.com\/wp-content\/uploads\/2022\/08\/EPS-Crusher-768x576.webp 768w, https:\/\/www.plasticgranularmachine.com\/wp-content\/uploads\/2022\/08\/EPS-Crusher-1536x1152.webp 1536w, https:\/\/www.plasticgranularmachine.com\/wp-content\/uploads\/2022\/08\/EPS-Crusher-2048x1536.webp 2048w, https:\/\/www.plasticgranularmachine.com\/wp-content\/uploads\/2022\/08\/EPS-Crusher-16x12.webp 16w\" sizes=\"auto, (max-width: 1024px) 100vw, 1024px\" \/><figcaption class=\"wp-element-caption\">EPS-krossare<\/figcaption><\/figure> <\/figure>    <h2 class=\"wp-block-heading\">R\u00e5material och slutprodukter f\u00f6r sk\u00e4rare av skum<\/h2>    <h3 class=\"wp-block-heading\"> Vanliga EPS-skumprodukter<\/h3>    <p>EPS-skumknusningsmaskinen har bred till\u00e4mpning, inklusive skumkuddar, madrasser, skum-snackskakor, skuml\u00e5dor, isoleringsmaterial, st\u00f6ts\u00e4kra f\u00f6rpackningsmaterial, livr\u00e4ddande material osv. Oavsett efterkonsumtion eller efter-industriell avfall, kan vi uppn\u00e5 en helt krossningsprocess. Dessutom passar v\u00e5ra styrofoam-krossmaskiner f\u00f6r alla storlekar av \u00e5tervinningsf\u00f6retag.<\/p>    <figure class=\"wp-block-gallery has-nested-images columns-default is-cropped wp-block-gallery-3 is-layout-flex wp-block-gallery-is-layout-flex\"> <figure class=\"wp-block-image size-large\"><img loading=\"lazy\" decoding=\"async\" width=\"720\" height=\"540\" data-id=\"1244\" src=\"https:\/\/www.plasticgranularmachine.com\/wp-content\/uploads\/2022\/08\/EPE-foam-packaging-1.webp\" alt=\"EPE-skumf\u00f6rpackning\" class=\"wp-image-1244\" srcset=\"https:\/\/www.plasticgranularmachine.com\/wp-content\/uploads\/2022\/08\/EPE-foam-packaging-1.webp 720w, https:\/\/www.plasticgranularmachine.com\/wp-content\/uploads\/2022\/08\/EPE-foam-packaging-1-300x225.webp 300w, https:\/\/www.plasticgranularmachine.com\/wp-content\/uploads\/2022\/08\/EPE-foam-packaging-1-16x12.webp 16w\" sizes=\"auto, (max-width: 720px) 100vw, 720px\" \/><figcaption class=\"wp-element-caption\">EPE-skumf\u00f6rpackning<\/figcaption><\/figure>    <figure class=\"wp-block-image size-large\"><img loading=\"lazy\" decoding=\"async\" width=\"720\" height=\"540\" data-id=\"1245\" src=\"https:\/\/www.plasticgranularmachine.com\/wp-content\/uploads\/2022\/08\/EPS-Foam-Board-in-construction-1.webp\" alt=\"EPS-skumskiva i byggnader\" class=\"wp-image-1245\" srcset=\"https:\/\/www.plasticgranularmachine.com\/wp-content\/uploads\/2022\/08\/EPS-Foam-Board-in-construction-1.webp 720w, https:\/\/www.plasticgranularmachine.com\/wp-content\/uploads\/2022\/08\/EPS-Foam-Board-in-construction-1-300x225.webp 300w, https:\/\/www.plasticgranularmachine.com\/wp-content\/uploads\/2022\/08\/EPS-Foam-Board-in-construction-1-16x12.webp 16w\" sizes=\"auto, (max-width: 720px) 100vw, 720px\" \/><figcaption class=\"wp-element-caption\">EPS-skumskiva i byggnader<\/figcaption><\/figure>    <figure class=\"wp-block-image size-large\"><img loading=\"lazy\" decoding=\"async\" width=\"720\" height=\"540\" data-id=\"1246\" src=\"https:\/\/www.plasticgranularmachine.com\/wp-content\/uploads\/2022\/08\/Foam-mattress-1.webp\" alt=\"Skums\u00e4ng\" class=\"wp-image-1246\" srcset=\"https:\/\/www.plasticgranularmachine.com\/wp-content\/uploads\/2022\/08\/Foam-mattress-1.webp 720w, https:\/\/www.plasticgranularmachine.com\/wp-content\/uploads\/2022\/08\/Foam-mattress-1-300x225.webp 300w, https:\/\/www.plasticgranularmachine.com\/wp-content\/uploads\/2022\/08\/Foam-mattress-1-16x12.webp 16w\" sizes=\"auto, (max-width: 720px) 100vw, 720px\" \/><figcaption class=\"wp-element-caption\">Skums\u00e4ng<\/figcaption><\/figure> <\/figure>    <h3 class=\"wp-block-heading\">EPS-skum Efter Rivning<\/h3>    <p>Styrofoams kommer att brytas ner till mindre fragment av skummet av skumknusningsmaskinen. Nedan \u00e4r bilden av EPS-skum efter rivning. <\/p>   <div class=\"wp-block-image\"> <figure class=\"aligncenter size-full\"><img loading=\"lazy\" decoding=\"async\" width=\"720\" height=\"540\" src=\"https:\/\/www.plasticgranularmachine.com\/wp-content\/uploads\/2022\/08\/eps-foam-after-crushing.jpg\" alt=\"povu la eps baada ya kusagwa\" class=\"wp-image-345\" srcset=\"https:\/\/www.plasticgranularmachine.com\/wp-content\/uploads\/2022\/08\/eps-foam-after-crushing.jpg 720w, https:\/\/www.plasticgranularmachine.com\/wp-content\/uploads\/2022\/08\/eps-foam-after-crushing-300x225.jpg 300w\" sizes=\"auto, (max-width: 720px) 100vw, 720px\" \/><figcaption class=\"wp-element-caption\">povu la eps baada ya kusagwa<\/figcaption><\/figure> <\/div>   <p> P\u00e5 grund av det breda anv\u00e4ndningsomr\u00e5det f\u00f6r skumprodukter har \u00e5tervinning av EPS-skumprodukter ett h\u00f6gt kommersiellt v\u00e4rde. Hos Efficient-maskiner finns det olika EPS-skumrivare till salu. S\u00e5 v\u00e4lkommen att kontakta oss.<\/p>    <h2 class=\"wp-block-heading\" id=\"h-what-is-the-working-principle-of-a-foam-crushing-machine\">Vad \u00e4r arbetsprincipen f\u00f6r en skumknusningsmaskin?<\/h2>    <p>EPS-skumrivaren har flera skarpa blad inuti. N\u00e4r maskinen k\u00f6rs kan de h\u00f6gfrekventa roterande bladen snabbt sk\u00e4ra olika plastskumprodukter. Eftersom bladen \u00e4r tillverkade av slitstarkt st\u00e5l. D\u00e4rf\u00f6r har den egenskaper av robusthet och h\u00e5llbarhet. Dessutom \u00e4r EPS-skumknusaren utrustad med ett dubbelt dammavskiljningssystem. S\u00e5 detta kan g\u00f6ra den krossade massan ren.<\/p>   <div class=\"wp-block-image\"> <figure class=\"aligncenter size-full\"><img loading=\"lazy\" decoding=\"async\" width=\"720\" height=\"540\" src=\"https:\/\/www.plasticgranularmachine.com\/wp-content\/uploads\/2022\/08\/plastic-foam-crusher1.webp\" alt=\"plastskumsk\u00e4rare\" class=\"wp-image-1249\" srcset=\"https:\/\/www.plasticgranularmachine.com\/wp-content\/uploads\/2022\/08\/plastic-foam-crusher1.webp 720w, https:\/\/www.plasticgranularmachine.com\/wp-content\/uploads\/2022\/08\/plastic-foam-crusher1-300x225.webp 300w, https:\/\/www.plasticgranularmachine.com\/wp-content\/uploads\/2022\/08\/plastic-foam-crusher1-16x12.webp 16w\" sizes=\"auto, (max-width: 720px) 100vw, 720px\" \/><figcaption class=\"wp-element-caption\">plastskumsk\u00e4rare<\/figcaption><\/figure> <\/div>   <h2 class=\"wp-block-heading\">Parametrar f\u00f6r Skumknusningsmaskinen<\/h2>    <figure class=\"wp-block-table\"><table><tbody><tr><td>Aina<\/td><td>Total storlek (mm)<\/td><td>Storlek p\u00e5 matningsporten (mm)<\/td><td>Effekt (KW)<\/td><td>Kapacitet (KG\/H)<\/td><\/tr><tr><td>800<\/td><td>1250*1290*660<\/td><td>800*600<\/td><td>5.5<\/td><td>250-300<\/td><\/tr><tr><td>1000<\/td><td>1250*1530*660<\/td><td>1000*600<\/td><td>5.5<\/td><td>300-350<\/td><\/tr><tr><td>1200<\/td><td>1300*1730*700<\/td><td>1200*600<\/td><td>7.5<\/td><td>400-450<\/td><\/tr><tr><td>1500<\/td><td>1600*2200*800<\/td><td>1500*800<\/td><td>11<\/td><td>450-500<\/td><\/tr><\/tbody><\/table><figcaption class=\"wp-element-caption\">Grunddata f\u00f6r Styrofoam-sk\u00e4raren<\/figcaption><\/figure>    <p>Dessa \u00e4r de 4 olika typerna av polystyren-skumrivarmaskiner. De har olika profildimensioner, inletsstorlekar, effekt och kapacitet. N\u00e4r kapaciteten \u00e4r 250-300 kg\/h, 300-350 kg\/h, 400-450 kg\/h och 450-500 kg\/h respektive. Om du har andra parametriska krav, v\u00e4nligen kontakta oss s\u00e5 snart som m\u00f6jligt.<\/p>   <div class=\"wp-block-image\"> <figure class=\"aligncenter size-full\"><img loading=\"lazy\" decoding=\"async\" width=\"720\" height=\"540\" src=\"https:\/\/www.plasticgranularmachine.com\/wp-content\/uploads\/2022\/08\/styrofoam-shredder-for-sale.webp\" alt=\"styrofoam rivare till salu\" class=\"wp-image-1250\" srcset=\"https:\/\/www.plasticgranularmachine.com\/wp-content\/uploads\/2022\/08\/styrofoam-shredder-for-sale.webp 720w, https:\/\/www.plasticgranularmachine.com\/wp-content\/uploads\/2022\/08\/styrofoam-shredder-for-sale-300x225.webp 300w, https:\/\/www.plasticgranularmachine.com\/wp-content\/uploads\/2022\/08\/styrofoam-shredder-for-sale-16x12.webp 16w\" sizes=\"auto, (max-width: 720px) 100vw, 720px\" \/><figcaption class=\"wp-element-caption\">styrofoam rivare till salu<\/figcaption><\/figure> <\/div>   <h2 class=\"wp-block-heading\">Hur man levererar och v\u00e5r efterf\u00f6rs\u00e4ljningsservice?<\/h2>   <div class=\"wp-block-image\"> <figure class=\"aligncenter size-full\"><img loading=\"lazy\" decoding=\"async\" width=\"720\" height=\"540\" src=\"https:\/\/www.plasticgranularmachine.com\/wp-content\/uploads\/2022\/08\/Horizontal-foam-crushing-machine-1.webp\" alt=\"Horisontell skumknusare\" class=\"wp-image-1251\" srcset=\"https:\/\/www.plasticgranularmachine.com\/wp-content\/uploads\/2022\/08\/Horizontal-foam-crushing-machine-1.webp 720w, https:\/\/www.plasticgranularmachine.com\/wp-content\/uploads\/2022\/08\/Horizontal-foam-crushing-machine-1-300x225.webp 300w, https:\/\/www.plasticgranularmachine.com\/wp-content\/uploads\/2022\/08\/Horizontal-foam-crushing-machine-1-16x12.webp 16w\" sizes=\"auto, (max-width: 720px) 100vw, 720px\" \/><figcaption class=\"wp-element-caption\">Horisontell skumknusare<\/figcaption><\/figure> <\/div>   <ul class=\"wp-block-list\"> <li>Efter att best\u00e4llningen lagts kommer den anpassade maskinen att ha en produktionstid p\u00e5 cirka 20 dagar, med lager tillg\u00e4ngligt f\u00f6r omedelbar leverans.<\/li>    <li>F\u00f6re avs\u00e4ndning testar vi maskinen flera g\u00e5nger och skickar dig en tests video, fr\u00e5n b\u00e5da sidorna, f\u00f6r att bekr\u00e4fta att det inte finns n\u00e5gra fel efter avs\u00e4ndning.<\/li>    <li>Vi erbjuder ett \u00e5rs garanti och teknisk support. Om n\u00f6dv\u00e4ndigt kan vi \u00e4ven tillhandah\u00e5lla installationstj\u00e4nster p\u00e5 plats.<\/li> <\/ul>    <h2 class=\"wp-block-heading\">Sammanfattning<\/h2>    <p>Som en plast\u00e5tervinningss specialist \u00e4r Efficient \u00e4gnad \u00e5t att tillhandah\u00e5lla den b\u00e4sta sk\u00e4rare f\u00f6r skumplast\u00e5tervinning. Den h\u00f6ga kvaliteten hos v\u00e5ra styrofoam-strimsh\u00e4mtare och tj\u00e4nster \u00e4r garanterad. Om du s\u00f6ker en bra styrofoam-\u00e5tervinningsl\u00f6sning, tveka inte att kontakta oss. <\/p>","protected":false},"excerpt":{"rendered":"<p>Skumknusningsmaskin kan krossa olika avfall av plastskum till sm\u00e5 bitar av skum. Det \u00e4r huvudmaskinen i EPS-skum\u00e5tervinningslinje.<\/p>","protected":false},"author":1,"featured_media":1241,"parent":0,"template":"","tags":[35,33],"product-type":[4],"class_list":["post-339","product","type-product","status-publish","has-post-thumbnail","hentry","tag-crushing","tag-styrofoam-recycling","product-type-crushing-machine"],"_links":{"self":[{"href":"https:\/\/www.plasticgranularmachine.com\/sw\/wp-json\/wp\/v2\/product\/339","targetHints":{"allow":["GET"]}}],"collection":[{"href":"https:\/\/www.plasticgranularmachine.com\/sw\/wp-json\/wp\/v2\/product"}],"about":[{"href":"https:\/\/www.plasticgranularmachine.com\/sw\/wp-json\/wp\/v2\/types\/product"}],"author":[{"embeddable":true,"href":"https:\/\/www.plasticgranularmachine.com\/sw\/wp-json\/wp\/v2\/users\/1"}],"wp:featuredmedia":[{"embeddable":true,"href":"https:\/\/www.plasticgranularmachine.com\/sw\/wp-json\/wp\/v2\/media\/1241"}],"wp:attachment":[{"href":"https:\/\/www.plasticgranularmachine.com\/sw\/wp-json\/wp\/v2\/media?parent=339"}],"wp:term":[{"taxonomy":"post_tag","embeddable":true,"href":"https:\/\/www.plasticgranularmachine.com\/sw\/wp-json\/wp\/v2\/tags?post=339"},{"taxonomy":"product-type","embeddable":true,"href":"https:\/\/www.plasticgranularmachine.com\/sw\/wp-json\/wp\/v2\/product-type?post=339"}],"curies":[{"name":"wp","href":"https:\/\/api.w.org\/{rel}","templated":true}]}}