{"id":35,"date":"2022-06-23T03:40:55","date_gmt":"2022-06-23T03:40:55","guid":{"rendered":"http:\/\/tailwind-themes.local\/?post_type=product&#038;p=35"},"modified":"2025-01-15T17:59:51","modified_gmt":"2025-01-15T09:59:51","slug":"eps-recycling-machine","status":"publish","type":"product","link":"https:\/\/www.plasticgranularmachine.com\/sw\/product\/eps-recycling-machine\/","title":{"rendered":"EPS \u00c5tervinningsmaskin | Expanderad polystyren \u00c5tervinning"},"content":{"rendered":"<p class=\"translation-block\">EPS-\u00e5tervinningsmaskiner kan g\u00f6ra avfalls-styrofoam till plastpellets f\u00f6r enkel transport och lagring. I hela EPS-\u00e5tervinningsprocessen ing\u00e5r huvudsakliga maskiner som ett skumkrossmaskin, <a href=\"https:\/\/www.plasticgranularmachine.com\/sw\/product\/eps-pelletizing-machine\/\">skumgranulator<\/a>, pelletsk\u00e4rare osv. N\u00e4sta kommer vi att introducera EPS-\u00e5tervinningssystemet i detalj. Detta kan ge dig en ny f\u00f6rst\u00e5else f\u00f6r plast\u00e5tervinningsindustrin.<\/p>    <figure class=\"wp-block-embed is-type-video is-provider-youtube wp-block-embed-youtube wp-embed-aspect-16-9 wp-has-aspect-ratio\"><div class=\"wp-block-embed__wrapper\"> <iframe loading=\"lazy\" title=\"Den ultimata EPE EPS Pelletizer Maskin: Effektiv, P\u00e5litlig, L\u00f6nsam!\" width=\"500\" height=\"281\" src=\"https:\/\/www.youtube.com\/embed\/ncYUX9BWNa8?feature=oembed\" frameborder=\"0\" allow=\"accelerometer; autoplay; clipboard-write; encrypted-media; gyroscope; picture-in-picture; web-share\" referrerpolicy=\"strict-origin-when-cross-origin\" allowfullscreen><\/iframe> <\/div><\/figure>    <h2 class=\"wp-block-heading\">Huvudfunktioner i EPS-skum\u00c5tervinningslinje<\/h2>    <ul class=\"wp-block-list\"> <li>Tillverkad av h\u00f6gkvalitativt rostfritt st\u00e5l \u00e4r v\u00e5ra EPS-\u00e5tervinningsmaskiner h\u00e5llbara, korrosionsbest\u00e4ndiga och non-stick.<\/li>    <li>Kapaciteten 150-300 kg\/h uppfyller produktionsbehoven hos olika sm\u00e5 och stora skum\u00e5tervinningsanl\u00e4ggningar. Anpassade tj\u00e4nster finns ocks\u00e5 tillg\u00e4ngliga.<\/li>    <li>Med h\u00f6g effekt och ett brett anv\u00e4ndningsomr\u00e5de kan Effektiva EPS-\u00e5tervinningsmaskiner kontinuerligt och snabbt bearbeta EPS, XPS, EPE och andra skumtyper.<\/li>    <li>Vi tillhandah\u00e5ller inspektions- och installationsservice p\u00e5 plats, samt ett \u00e5rs garanti.<\/li> <\/ul>    <h2 class=\"wp-block-heading\" id=\"h-detailed-eps-foam-recycling-process-introduction\">Detaljerad EPS-skum\u00e5tervinningsprocess Introduktion<\/h2>    <h3 class=\"wp-block-heading\">Krossning<\/h3>    <p>Vi vet alla att skummet i sig \u00e4r mycket stort. S\u00e5 det tar mycket plats om det l\u00e4mnas obehandlat. D\u00e4rf\u00f6r beh\u00f6ver vi anv\u00e4nda maskinen f\u00f6r att krossa EPS-skumet till sm\u00e5 bitar f\u00f6rst. EPS-\u00e5tervinningsmaskinen som beh\u00f6vs vid denna tid \u00e4r en specialskumflisa till salu.<\/p>   <div class=\"wp-block-image\"> <figure class=\"aligncenter size-full\"><img loading=\"lazy\" decoding=\"async\" width=\"720\" height=\"540\" src=\"https:\/\/www.plasticgranularmachine.com\/wp-content\/uploads\/2022\/06\/waste-eps-foam.jpg\" alt=\"avfalls eps-skum\" class=\"wp-image-124\" srcset=\"https:\/\/www.plasticgranularmachine.com\/wp-content\/uploads\/2022\/06\/waste-eps-foam.jpg 720w, https:\/\/www.plasticgranularmachine.com\/wp-content\/uploads\/2022\/06\/waste-eps-foam-300x225.jpg 300w\" sizes=\"auto, (max-width: 720px) 100vw, 720px\" \/><figcaption class=\"wp-element-caption\">avfalls eps-skum<\/figcaption><\/figure> <\/div>   <h3 class=\"wp-block-heading\">Transportering<\/h3>    <p>P\u00e5 grund av EPS-plastskr\u00e4pets l\u00e5ga vikt bl\u00e5ser det l\u00e4tt runt av vinden. F\u00f6r att b\u00e4ttre l\u00f6sa transportproblemet kan EPS-skumtransportsystem enkelt leverera styrofoam till pelletiseringsv\u00e4rten. <\/p>   <div class=\"wp-block-image\"> <figure class=\"aligncenter size-full\"><img loading=\"lazy\" decoding=\"async\" width=\"720\" height=\"540\" src=\"https:\/\/www.plasticgranularmachine.com\/wp-content\/uploads\/2022\/06\/crushed-eps-foam.jpg\" alt=\"krossat styrofoam-skum\" class=\"wp-image-125\" srcset=\"https:\/\/www.plasticgranularmachine.com\/wp-content\/uploads\/2022\/06\/crushed-eps-foam.jpg 720w, https:\/\/www.plasticgranularmachine.com\/wp-content\/uploads\/2022\/06\/crushed-eps-foam-300x225.jpg 300w\" sizes=\"auto, (max-width: 720px) 100vw, 720px\" \/><figcaption class=\"wp-element-caption\">krossat styrofoam-skum<\/figcaption><\/figure> <\/div>   <h3 class=\"wp-block-heading\">Pelletisering<\/h3>    <p>Pelletiseringsprocessen \u00e4r den viktigaste steget i hela EPS-\u00e5tervinningsprocessen. EPS-pelletiseraren \u00e4r ocks\u00e5 den viktigaste EPS-skum\u00e5tervinningsmaskinen. I detta steg sm\u00e4lter pelletiseringsmaskinen skummaterialet genom uppv\u00e4rmning. D\u00e4refter kommer den sm\u00e4lta EPS-skum att extruderas och dras genom matrisen i hj\u00e4lpmaskinen. D\u00e5 f\u00e5r vi filament\u00e4ra EPS-produkter.<\/p>   <div class=\"wp-block-image\"> <figure class=\"aligncenter size-full\"><img loading=\"lazy\" decoding=\"async\" width=\"490\" height=\"532\" src=\"https:\/\/www.plasticgranularmachine.com\/wp-content\/uploads\/2022\/07\/EPS-foam-granulator.jpg\" alt=\"EPS-pelletiserare\" class=\"wp-image-305\" srcset=\"https:\/\/www.plasticgranularmachine.com\/wp-content\/uploads\/2022\/07\/EPS-foam-granulator.jpg 490w, https:\/\/www.plasticgranularmachine.com\/wp-content\/uploads\/2022\/07\/EPS-foam-granulator-276x300.jpg 276w\" sizes=\"auto, (max-width: 490px) 100vw, 490px\" \/><figcaption class=\"wp-element-caption\">EPS-pelletiserare<\/figcaption><\/figure> <\/div>   <h3 class=\"wp-block-heading\">Kylning<\/h3>    <p>Genom ovanst\u00e5ende arbete med skums\u00e5tervinningsmaskin kan vi f\u00e5 den filament\u00e4ra EPS-produkt. Men efter sm\u00e4ltning och granulation \u00e4r temperaturen p\u00e5 den filament\u00e4ra EPS mycket h\u00f6g. D\u00e4rf\u00f6r m\u00e5ste vi kyla den med kallt vatten.<\/p>    <h3 class=\"wp-block-heading\">Sk\u00e4rpellets<\/h3>    <p>Sista steget \u00e4r att kapa den filament\u00e4ra EPS-tr\u00e5den till pellets.<\/p>    <h2 class=\"wp-block-heading\">Vilka EPS-\u00e5tervinningsmaskiner beh\u00f6ver vi?<\/h2>    <h3 class=\"wp-block-heading\">EPS-krossare<\/h3>    <p class=\"translation-block\">Syfte: <a href=\"https:\/\/www.plasticgranularmachine.com\/sw\/product\/foam-crushing-machine\/\">Krossa block EPS-skumprodukter till bitar<\/a>.<\/p>   <div class=\"wp-block-image\"> <figure class=\"aligncenter size-full\"><img loading=\"lazy\" decoding=\"async\" width=\"720\" height=\"540\" src=\"https:\/\/www.plasticgranularmachine.com\/wp-content\/uploads\/2022\/08\/Horizontal-foam-crushing-machine-1.webp\" alt=\"Horisontell skumknusare\" class=\"wp-image-1251\" srcset=\"https:\/\/www.plasticgranularmachine.com\/wp-content\/uploads\/2022\/08\/Horizontal-foam-crushing-machine-1.webp 720w, https:\/\/www.plasticgranularmachine.com\/wp-content\/uploads\/2022\/08\/Horizontal-foam-crushing-machine-1-300x225.webp 300w, https:\/\/www.plasticgranularmachine.com\/wp-content\/uploads\/2022\/08\/Horizontal-foam-crushing-machine-1-16x12.webp 16w\" sizes=\"auto, (max-width: 720px) 100vw, 720px\" \/><figcaption class=\"wp-element-caption\">Horisontell skumknusare<\/figcaption><\/figure> <\/div>   <h3 class=\"wp-block-heading\">EPS-skumtransportband<\/h3>    <p>Syfte: Det skickar de krossade EPS-bitarna till huvudmaskinen f\u00f6r granulation.<\/p>    <h3 class=\"wp-block-heading\">EPS-skum Pelletiseringsmaskin<\/h3>    <p>Syfte: sm\u00e4lta och v\u00e4rma EPS-skummaterial<\/p>   <div class=\"wp-block-image\"> <figure class=\"aligncenter size-full\"><img loading=\"lazy\" decoding=\"async\" width=\"720\" height=\"540\" src=\"https:\/\/www.plasticgranularmachine.com\/wp-content\/uploads\/2023\/12\/EPE-granulator-1.webp\" alt=\"EPE-granulator\" class=\"wp-image-1254\" srcset=\"https:\/\/www.plasticgranularmachine.com\/wp-content\/uploads\/2023\/12\/EPE-granulator-1.webp 720w, https:\/\/www.plasticgranularmachine.com\/wp-content\/uploads\/2023\/12\/EPE-granulator-1-300x225.webp 300w, https:\/\/www.plasticgranularmachine.com\/wp-content\/uploads\/2023\/12\/EPE-granulator-1-16x12.webp 16w\" sizes=\"auto, (max-width: 720px) 100vw, 720px\" \/><figcaption class=\"wp-element-caption\">EPE-granulator<\/figcaption><\/figure> <\/div>   <h3 class=\"wp-block-heading\">EPS-skum Pelletiserings Hj\u00e4lpmaskin<\/h3>    <p>Syfte: Att extrudera det sm\u00e4lta plastmaterialet till skiktat material i hj\u00e4lpmaskinen genom matrisen.<\/p>    <h3 class=\"wp-block-heading\">Kylvattenbeh\u00e5llare<\/h3>    <p class=\"translation-block\">Syfte: Kyla filament EPS-skumprodukt <a href=\"https:\/\/en.wikipedia.org\/wiki\/EPS\" target=\"_blank\" rel=\"noopener\">EPS<\/a> skum<\/p>   <div class=\"wp-block-image\"> <figure class=\"aligncenter size-full\"><img loading=\"lazy\" decoding=\"async\" width=\"720\" height=\"540\" src=\"https:\/\/www.plasticgranularmachine.com\/wp-content\/uploads\/2023\/12\/\u2465Cooling-tank1.webp\" alt=\"Kylningstank\" class=\"wp-image-1270\" srcset=\"https:\/\/www.plasticgranularmachine.com\/wp-content\/uploads\/2023\/12\/\u2465Cooling-tank1.webp 720w, https:\/\/www.plasticgranularmachine.com\/wp-content\/uploads\/2023\/12\/\u2465Cooling-tank1-300x225.webp 300w, https:\/\/www.plasticgranularmachine.com\/wp-content\/uploads\/2023\/12\/\u2465Cooling-tank1-16x12.webp 16w\" sizes=\"auto, (max-width: 720px) 100vw, 720px\" \/><figcaption class=\"wp-element-caption\">Kylningstank<\/figcaption><\/figure> <\/div>   <h3 class=\"wp-block-heading\">Plastpellets Sk\u00e4rare<\/h3>    <p>Syfte: att sk\u00e4ra den avkylda plastfilamenten till pellets<\/p>   <div class=\"wp-block-image\"> <figure class=\"aligncenter size-full\"><img loading=\"lazy\" decoding=\"async\" width=\"720\" height=\"540\" src=\"https:\/\/www.plasticgranularmachine.com\/wp-content\/uploads\/2022\/07\/Pellet-cutting-machine1.webp\" alt=\"Pellets sk\u00e4rare\" class=\"wp-image-1326\" srcset=\"https:\/\/www.plasticgranularmachine.com\/wp-content\/uploads\/2022\/07\/Pellet-cutting-machine1.webp 720w, https:\/\/www.plasticgranularmachine.com\/wp-content\/uploads\/2022\/07\/Pellet-cutting-machine1-300x225.webp 300w, https:\/\/www.plasticgranularmachine.com\/wp-content\/uploads\/2022\/07\/Pellet-cutting-machine1-16x12.webp 16w\" sizes=\"auto, (max-width: 720px) 100vw, 720px\" \/><figcaption class=\"wp-element-caption\">Pellets sk\u00e4rare<\/figcaption><\/figure> <\/div>   <h2 class=\"wp-block-heading\">Varf\u00f6r fler och fler m\u00e4nniskor engagerar sig i EPS-skum\u00e5tervinningsindustrin?<\/h2>    <p>Som vi alla vet \u00e4r EPS-kartong en eng\u00e5ngsf\u00f6rbrukningsvara. Den \u00e4r inte l\u00e4tt att brytas ned av sig sj\u00e4lv efter kassering. Tidigare har skumprodukter orsakat mycket milj\u00f6f\u00f6rorening. Med populariteten f\u00f6r utsl\u00e4ppsminskningar i olika l\u00e4nder har EPS-skumavfallshantering blivit ett viktigt s\u00e4tt att skydda milj\u00f6n. EPS-skum\u00e5tervinning kan inte bara undvika milj\u00f6f\u00f6rorening utan ocks\u00e5 g\u00f6ra materialet \u00e5teranv\u00e4ndbart. D\u00e4rf\u00f6r blir EPS-skum\u00e5tervinningsmaskiner alltmer popul\u00e4ra.<\/p>   <div class=\"wp-block-image\"> <figure class=\"aligncenter size-full\"><img loading=\"lazy\" decoding=\"async\" width=\"720\" height=\"540\" src=\"https:\/\/www.plasticgranularmachine.com\/wp-content\/uploads\/2022\/06\/finished-products-of-eps-foam.jpg\" alt=\"f\u00e4rdiga produkter av EPS-skum\" class=\"wp-image-122\" srcset=\"https:\/\/www.plasticgranularmachine.com\/wp-content\/uploads\/2022\/06\/finished-products-of-eps-foam.jpg 720w, https:\/\/www.plasticgranularmachine.com\/wp-content\/uploads\/2022\/06\/finished-products-of-eps-foam-300x225.jpg 300w\" sizes=\"auto, (max-width: 720px) 100vw, 720px\" \/><figcaption class=\"wp-element-caption\">f\u00e4rdiga produkter tillverkade av EPS-\u00e5tervinningsmaskinen<\/figcaption><\/figure> <\/div>   <h2 class=\"wp-block-heading\">Till\u00e4mpning av \u00c5tervunna EPS-pellets<\/h2>    <p>Fr\u00e5n ovan ser vi att EPS-\u00e5tervinningsmaskiner kan tillverka plastpellets fr\u00e5n anv\u00e4nd EPS-skum. Det viktiga \u00e4r att vi inte kan anv\u00e4nda avfallsprodukter av plast f\u00f6r att tillverka n\u00e5got som kommer i kontakt med livsmedel. De inkluderar isolerande koppar, skumbrickor, etc. Men vi kan anv\u00e4nda det f\u00f6r att tillverka utomhusm\u00f6bler, takplattor, kl\u00e4dgalgar, plantl\u00e5dor, f\u00f6nster- och d\u00f6rrramar, emballage, etc. Vi kan ocks\u00e5 blanda EPS med betong f\u00f6r att tillverka prefabricerade betongblock.<\/p>    <p> Dessutom, n\u00e4r EPS blandas med jord och kompost, hj\u00e4lper det till att \u00f6ka luftning. Och n\u00e4r det blandas med plaster, kan det anv\u00e4ndas f\u00f6r att tillverka dekorativa paneler och interi\u00f6rt lister.<\/p>    <p>Sammanfattningsvis, om du beh\u00f6ver skum\u00e5tervinningsutrustning f\u00f6r ditt f\u00f6retag, v\u00e4nligen kontakta oss.<\/p>    <h2 class=\"wp-block-heading\">Fall av EPS-skum\u00e5tervinningsprojekt \u00f6ver hela v\u00e4rlden<\/h2>    <ul class=\"wp-block-list\"> <li>Kesi1: <a href=\"https:\/\/www.plasticgranularmachine.com\/sw\/Info\/foam-shredder-machine-sold-to-nigeria\/\">Mashine ya Shredder ya Foam Imeuzwa Nigeria<\/a><\/li>    <li>Kesi2: <a href=\"https:\/\/www.plasticgranularmachine.com\/sw\/Info\/malaysian-customer-ordered-two-eps-foam-compactors\/\">Malaysisk kund best\u00e4llde tv\u00e5 EPS-skumkompaktorer<\/a><\/li> <\/ul>    <p>Ovanst\u00e5ende \u00e4r n\u00e5gra fall av v\u00e5r skums plast\u00e5tervinningslinje. Som en professionell \u00e5tervinningsmaskinleverant\u00f6r lovar vi att vi tillhandah\u00e5ller l\u00e4mpliga styrofoam\u00e5tervinningsmaskiner och perfekta tj\u00e4nster f\u00f6r dig. <\/p>   <div class=\"wp-block-image\"> <figure class=\"aligncenter size-full\"><img loading=\"lazy\" decoding=\"async\" width=\"720\" height=\"540\" src=\"https:\/\/www.plasticgranularmachine.com\/wp-content\/uploads\/2022\/07\/EPS-Pelletizing-Machine-2-1.webp\" alt=\"EPS Pelletizing Maskin\" class=\"wp-image-1368\" srcset=\"https:\/\/www.plasticgranularmachine.com\/wp-content\/uploads\/2022\/07\/EPS-Pelletizing-Machine-2-1.webp 720w, https:\/\/www.plasticgranularmachine.com\/wp-content\/uploads\/2022\/07\/EPS-Pelletizing-Machine-2-1-300x225.webp 300w, https:\/\/www.plasticgranularmachine.com\/wp-content\/uploads\/2022\/07\/EPS-Pelletizing-Machine-2-1-16x12.webp 16w\" sizes=\"auto, (max-width: 720px) 100vw, 720px\" \/><figcaption class=\"wp-element-caption\">EPS Pelletizing Maskin<\/figcaption><\/figure> <\/div>   <h2 class=\"wp-block-heading\">Leverans Om Polystyren-skum \u00c5tervinningslinje<\/h2>    <ul class=\"wp-block-list\"> <li>Efter att ha lagt en best\u00e4llning \u00e4r den uppskattade f\u00e4rdigst\u00e4llandetiden cirka 20 dagar.<\/li>    <li>Vi skickar dig en video av maskinen i drift innan leverans f\u00f6r att bekr\u00e4fta att allt \u00e4r i ordning.<\/li>    <li>Vi erbjuder internationell frakt och kan ocks\u00e5 tillhandah\u00e5lla installationsservice p\u00e5 plats.<\/li> <\/ul>    <p>Nedan \u00e4r en demonstrationsvideo om EPS-skum\u00e5tervinningsmaskinerna. Om du \u00e4r intresserad, tveka inte att kontakta oss. Vi ser fram emot ditt besked!<\/p>    <figure class=\"wp-block-embed is-type-video is-provider-youtube wp-block-embed-youtube wp-embed-aspect-16-9 wp-has-aspect-ratio\"><div class=\"wp-block-embed__wrapper\"> <iframe loading=\"lazy\" title=\"F\u00e5 en n\u00e4rmare titt p\u00e5 Styrofoam \u00c5tervinningsmaskiner i fabriken!\" width=\"500\" height=\"281\" src=\"https:\/\/www.youtube.com\/embed\/Cqay6gxFv3k?feature=oembed\" frameborder=\"0\" allow=\"accelerometer; autoplay; clipboard-write; encrypted-media; gyroscope; picture-in-picture; web-share\" referrerpolicy=\"strict-origin-when-cross-origin\" allowfullscreen><\/iframe> <\/div><figcaption class=\"wp-element-caption\">EPS-\u00e5tervinningsmaskiner<\/figcaption><\/figure>","protected":false},"excerpt":{"rendered":"<p>Shuliy EPS-\u00e5tervinningsmaskiner har snabb \u00e5tervinningsprocess och \u00f6verkomligt pris, f\u00f6rvandlar avfallstyrofoam till \u00e5tervunna pellet<\/p>","protected":false},"author":1,"featured_media":1223,"parent":0,"template":"","tags":[40,33],"product-type":[10],"class_list":["post-35","product","type-product","status-publish","has-post-thumbnail","hentry","tag-solution","tag-styrofoam-recycling","product-type-solutions"],"_links":{"self":[{"href":"https:\/\/www.plasticgranularmachine.com\/sw\/wp-json\/wp\/v2\/product\/35","targetHints":{"allow":["GET"]}}],"collection":[{"href":"https:\/\/www.plasticgranularmachine.com\/sw\/wp-json\/wp\/v2\/product"}],"about":[{"href":"https:\/\/www.plasticgranularmachine.com\/sw\/wp-json\/wp\/v2\/types\/product"}],"author":[{"embeddable":true,"href":"https:\/\/www.plasticgranularmachine.com\/sw\/wp-json\/wp\/v2\/users\/1"}],"wp:featuredmedia":[{"embeddable":true,"href":"https:\/\/www.plasticgranularmachine.com\/sw\/wp-json\/wp\/v2\/media\/1223"}],"wp:attachment":[{"href":"https:\/\/www.plasticgranularmachine.com\/sw\/wp-json\/wp\/v2\/media?parent=35"}],"wp:term":[{"taxonomy":"post_tag","embeddable":true,"href":"https:\/\/www.plasticgranularmachine.com\/sw\/wp-json\/wp\/v2\/tags?post=35"},{"taxonomy":"product-type","embeddable":true,"href":"https:\/\/www.plasticgranularmachine.com\/sw\/wp-json\/wp\/v2\/product-type?post=35"}],"curies":[{"name":"wp","href":"https:\/\/api.w.org\/{rel}","templated":true}]}}