{"id":359,"date":"2022-09-14T07:35:18","date_gmt":"2022-09-14T07:35:18","guid":{"rendered":"https:\/\/www.plasticgranularmachine.com\/?post_type=product&#038;p=359"},"modified":"2025-01-06T09:57:07","modified_gmt":"2025-01-06T01:57:07","slug":"pet-flakes-friction-washer","status":"publish","type":"product","link":"https:\/\/www.plasticgranularmachine.com\/sw\/product\/pet-flakes-friction-washer\/","title":{"rendered":"PET-flingor Friktion Tv\u00e4ttare"},"content":{"rendered":"<p class=\"translation-block\">PET-flakes friktionsv\u00e4tt \u00e4r en maskin f\u00f6r reng\u00f6ring av plastskivor i plastflasktv\u00e4ttlinjen. Den \u00e4r bakom den heta vatten tv\u00e4ttkammaren f\u00f6r plastflaskor. Denna maskin och <a href=\"https:\/\/www.plasticgranularmachine.com\/sw\/product\/pet-flakes-hot-washing-machine\/\">PET-flaskflingor heta tv\u00e4ttmaskin<\/a> kan arbeta tillsammans f\u00f6r att reng\u00f6ra flaskor med fl\u00e4ckar. S\u00e5 PET-flakes tv\u00e4tten \u00e4r en effektiv kallvattentv\u00e4ttmaskin.<\/p>   <div class=\"wp-block-image\"> <figure class=\"aligncenter size-full is-resized\"><img loading=\"lazy\" decoding=\"async\" width=\"800\" height=\"800\" src=\"https:\/\/www.plasticgranularmachine.com\/wp-content\/uploads\/2022\/09\/high-speed-friction-washer-in-the-factory-1.webp\" alt=\"h\u00f6ghastighets friktionstv\u00e4ttare i fabriken\" class=\"wp-image-1293\" style=\"object-fit:cover;width:720px;height:540px\" srcset=\"https:\/\/www.plasticgranularmachine.com\/wp-content\/uploads\/2022\/09\/high-speed-friction-washer-in-the-factory-1.webp 800w, https:\/\/www.plasticgranularmachine.com\/wp-content\/uploads\/2022\/09\/high-speed-friction-washer-in-the-factory-1-300x300.webp 300w, https:\/\/www.plasticgranularmachine.com\/wp-content\/uploads\/2022\/09\/high-speed-friction-washer-in-the-factory-1-150x150.webp 150w, https:\/\/www.plasticgranularmachine.com\/wp-content\/uploads\/2022\/09\/high-speed-friction-washer-in-the-factory-1-768x768.webp 768w, https:\/\/www.plasticgranularmachine.com\/wp-content\/uploads\/2022\/09\/high-speed-friction-washer-in-the-factory-1-12x12.webp 12w\" sizes=\"auto, (max-width: 800px) 100vw, 800px\" \/><figcaption class=\"wp-element-caption\">h\u00f6ghastighets friktionstv\u00e4ttare i fabriken<\/figcaption><\/figure> <\/div>   <h2 class=\"wp-block-heading\" id=\"h-what-is-the-working-process-of-the-pet-flakes-friction-washer\">Vad \u00e4r arbetsprocessen f\u00f6r PET-flakes friktionstv\u00e4tten?<\/h2>    <p>H\u00f6ghastighetsfriktionstv\u00e4tten som plast reng\u00f6ringsutrustning har sina egna unika funktioner och f\u00f6rdelar. Efter att plastskivan g\u00e5r in i silon kommer den h\u00f6gvarviga roterande skruven att helt gnugga materialet med vatten. Under inverkan av h\u00f6g hastighet roterande centrifugalkraft separeras f\u00f6roreningar (jord, sand, l\u00f6v, massa) fr\u00e5n materialets yta. Det smutsiga vattnet tv\u00e4ttas bort med rent vatten. Vattenstr\u00e5le-enheten och h\u00f6g hastighetsskruven som \u00e4r utrustade med PET-flakes friktionstv\u00e4tt kan reng\u00f6ra smutsen p\u00e5 plastskivan.<\/p>   <div class=\"wp-block-image\"> <figure class=\"aligncenter size-full\"><img loading=\"lazy\" decoding=\"async\" width=\"720\" height=\"540\" src=\"https:\/\/www.plasticgranularmachine.com\/wp-content\/uploads\/2022\/09\/plastic-washing-machine-in-plant-1.webp\" alt=\"plasttv\u00e4ttmaskin i plantan\" class=\"wp-image-1295\" srcset=\"https:\/\/www.plasticgranularmachine.com\/wp-content\/uploads\/2022\/09\/plastic-washing-machine-in-plant-1.webp 720w, https:\/\/www.plasticgranularmachine.com\/wp-content\/uploads\/2022\/09\/plastic-washing-machine-in-plant-1-300x225.webp 300w, https:\/\/www.plasticgranularmachine.com\/wp-content\/uploads\/2022\/09\/plastic-washing-machine-in-plant-1-16x12.webp 16w\" sizes=\"auto, (max-width: 720px) 100vw, 720px\" \/><figcaption class=\"wp-element-caption\">plasttv\u00e4ttmaskin i plantan<\/figcaption><\/figure> <\/div>   <h2 class=\"wp-block-heading\">Vad \u00e4r funktionen hos h\u00f6ghastighetsfriktionstv\u00e4tten?<\/h2>    <p>Huvudfunktionen hos friktionsrenaren \u00e4r att avl\u00e4gsna olja, lim, pappersmassa och andra fl\u00e4ckar p\u00e5 plastflaskan genom att anv\u00e4nda friktionskraften fr\u00e5n h\u00f6g hastighet rotation. Materialen blandas i h\u00f6g hastighet i tv\u00e4tten, och friktionen mellan varje PET-skiva hj\u00e4lper till att avl\u00e4gsna smuts och skr\u00e4p. D\u00e4refter kommer filtrationssk\u00e4rmen inuti maskinen att sl\u00e4ppa ut smutsen som tv\u00e4ttats bort. Detta g\u00f6r att plastflaskan blir helt ren. Dessutom kan anv\u00e4ndaren manuellt kontrollera reng\u00f6ringstiden f\u00f6r materialen beroende p\u00e5 deras f\u00f6roreningar. PET-flakes friktionsv\u00e4tt har ocks\u00e5 f\u00f6rdelar som liten golvyta, enkel drift och h\u00f6g produktion.<\/p>    <h2 class=\"wp-block-heading\">Maskinparametrar<\/h2>    <figure class=\"wp-block-table\"><table><tbody><tr><td>Mfano<\/td><td>SL-1000<\/td><td>SL-2000<\/td><\/tr><tr><td>Kapacitet<\/td><td>500-1000kg\/h<\/td><td>2000kg\/h<\/td><\/tr><tr><td>L\u00e4ngd<\/td><td>3000mm<\/td><td>3500mm<\/td><\/tr><tr><td>Nguvu<\/td><td>7.5kw<\/td><td>15kw<\/td><\/tr><tr><td>Yttre lager<\/td><td>4 mm<\/td><td>4 mm<\/td><\/tr><tr><td>Sk\u00e4reggrepps tjocklek<\/td><td>6mm<\/td><td>6mm<\/td><\/tr><\/tbody><\/table><\/figure>    <h2 class=\"wp-block-heading\">PET-flakes friktionstv\u00e4ttens struktur<\/h2>    <p>Kroppen p\u00e5 denna plastflasktv\u00e4ttmaskin best\u00e5r av ett fotstativ, en motor, en huvudenhet, ett vatteninlopp, ett materialinlopp, ett materialutlopp osv. Dessutom finns det ett finmaskigt sk\u00e4rfilter i botten av maskinen f\u00f6r filtrering av smutsigt vatten.<\/p>   <div class=\"wp-block-image\"> <figure class=\"aligncenter size-full is-resized\"><img loading=\"lazy\" decoding=\"async\" width=\"800\" height=\"800\" src=\"https:\/\/www.plasticgranularmachine.com\/wp-content\/uploads\/2022\/09\/internal-details-of-the-friction-machine.webp\" alt=\"interna detaljer av friktionsmaskinen\" class=\"wp-image-1296\" style=\"object-fit:cover;width:720px;height:540px\" srcset=\"https:\/\/www.plasticgranularmachine.com\/wp-content\/uploads\/2022\/09\/internal-details-of-the-friction-machine.webp 800w, https:\/\/www.plasticgranularmachine.com\/wp-content\/uploads\/2022\/09\/internal-details-of-the-friction-machine-300x300.webp 300w, https:\/\/www.plasticgranularmachine.com\/wp-content\/uploads\/2022\/09\/internal-details-of-the-friction-machine-150x150.webp 150w, https:\/\/www.plasticgranularmachine.com\/wp-content\/uploads\/2022\/09\/internal-details-of-the-friction-machine-768x768.webp 768w, https:\/\/www.plasticgranularmachine.com\/wp-content\/uploads\/2022\/09\/internal-details-of-the-friction-machine-12x12.webp 12w\" sizes=\"auto, (max-width: 800px) 100vw, 800px\" \/><figcaption class=\"wp-element-caption\">interna detaljer av friktionsmaskinen<\/figcaption><\/figure> <\/div>   <h2 class=\"wp-block-heading\">Vad \u00e4r till\u00e4mpningarna av maskinen?<\/h2>    <p class=\"translation-block\">Faktum \u00e4r att v\u00e5ra maskiner kan hantera de flesta flaskor p\u00e5 marknaden, s\u00e5som Coke-flaskor, sodavattenflaskor, juiceflaskor, teflaskor, mineralvattenflaskor och andra dryckesflaskor.<\/p>    <h2 class=\"wp-block-heading\">\u00c5tervunna PET-flakes anv\u00e4ndning<\/h2>    <p>De \u00e5tervunna plastskivorna kan generellt anv\u00e4ndas till plastf\u00f6rpackningar, fiber, glasfiberf\u00f6rst\u00e4rkta material, modifierade plaster och plastv\u00e4vda p\u00e5sar. P\u00e5 s\u00e5 s\u00e4tt kan PET-flaskan \u00e5teranv\u00e4ndas.<\/p>   <div class=\"wp-block-image\"> <figure class=\"aligncenter size-full\"><img loading=\"lazy\" decoding=\"async\" width=\"528\" height=\"720\" src=\"https:\/\/www.plasticgranularmachine.com\/wp-content\/uploads\/2022\/09\/plastic-bottle-washing-machine-1.webp\" alt=\"plastflasktv\u00e4ttmaskin\" class=\"wp-image-1297\" srcset=\"https:\/\/www.plasticgranularmachine.com\/wp-content\/uploads\/2022\/09\/plastic-bottle-washing-machine-1.webp 528w, https:\/\/www.plasticgranularmachine.com\/wp-content\/uploads\/2022\/09\/plastic-bottle-washing-machine-1-220x300.webp 220w, https:\/\/www.plasticgranularmachine.com\/wp-content\/uploads\/2022\/09\/plastic-bottle-washing-machine-1-9x12.webp 9w\" sizes=\"auto, (max-width: 528px) 100vw, 528px\" \/><figcaption class=\"wp-element-caption\">plastflasktv\u00e4ttmaskin<\/figcaption><\/figure> <\/div>   <h2 class=\"wp-block-heading\">Sammanfattning<\/h2>    <p class=\"translation-block\">Kort sagt \u00e4r PET-flakes friktionstv\u00e4tten en oumb\u00e4rlig maskin i PET-flasktv\u00e4ttanl\u00e4ggningen och <a href=\"https:\/\/www.plasticgranularmachine.com\/sw\/product\/pet-bottles-recycling-line\/\">plasterflask\u00e5tervinningslinjen<\/a>. Om du vill veta mer information om denna maskin \u00e4r du v\u00e4lkommen att kontakta oss.<\/p>   <div class=\"wp-block-image\"> <figure class=\"aligncenter size-full\"><img loading=\"lazy\" decoding=\"async\" width=\"720\" height=\"540\" src=\"https:\/\/www.plasticgranularmachine.com\/wp-content\/uploads\/2022\/09\/PET-flakes-friction-washer-3.webp\" alt=\"PET-flingor friktionstv\u00e4ttare\" class=\"wp-image-1299\" srcset=\"https:\/\/www.plasticgranularmachine.com\/wp-content\/uploads\/2022\/09\/PET-flakes-friction-washer-3.webp 720w, https:\/\/www.plasticgranularmachine.com\/wp-content\/uploads\/2022\/09\/PET-flakes-friction-washer-3-300x225.webp 300w, https:\/\/www.plasticgranularmachine.com\/wp-content\/uploads\/2022\/09\/PET-flakes-friction-washer-3-16x12.webp 16w\" sizes=\"auto, (max-width: 720px) 100vw, 720px\" \/><figcaption class=\"wp-element-caption\">PET-flingor friktionstv\u00e4ttare<\/figcaption><\/figure> <\/div>","protected":false},"excerpt":{"rendered":"<p>PET flakes friction washer is a machine for cleaning plastic sheets in the plastic bottle washing line. It is behind the plastic bottle hot water washing tank. This machine and the PET bottle flakes hot washing machine can work together to clean the plastic bottles with stains. Therefore, the PET flakes washer machine is an [&hellip;]<\/p>\n","protected":false},"author":1,"featured_media":1269,"parent":0,"template":"","tags":[38,39],"product-type":[6],"class_list":["post-359","product","type-product","status-publish","has-post-thumbnail","hentry","tag-pet-recycling","tag-washing","product-type-washing-machine"],"_links":{"self":[{"href":"https:\/\/www.plasticgranularmachine.com\/sw\/wp-json\/wp\/v2\/product\/359","targetHints":{"allow":["GET"]}}],"collection":[{"href":"https:\/\/www.plasticgranularmachine.com\/sw\/wp-json\/wp\/v2\/product"}],"about":[{"href":"https:\/\/www.plasticgranularmachine.com\/sw\/wp-json\/wp\/v2\/types\/product"}],"author":[{"embeddable":true,"href":"https:\/\/www.plasticgranularmachine.com\/sw\/wp-json\/wp\/v2\/users\/1"}],"wp:featuredmedia":[{"embeddable":true,"href":"https:\/\/www.plasticgranularmachine.com\/sw\/wp-json\/wp\/v2\/media\/1269"}],"wp:attachment":[{"href":"https:\/\/www.plasticgranularmachine.com\/sw\/wp-json\/wp\/v2\/media?parent=359"}],"wp:term":[{"taxonomy":"post_tag","embeddable":true,"href":"https:\/\/www.plasticgranularmachine.com\/sw\/wp-json\/wp\/v2\/tags?post=359"},{"taxonomy":"product-type","embeddable":true,"href":"https:\/\/www.plasticgranularmachine.com\/sw\/wp-json\/wp\/v2\/product-type?post=359"}],"curies":[{"name":"wp","href":"https:\/\/api.w.org\/{rel}","templated":true}]}}