{"id":36,"date":"2022-06-23T03:41:17","date_gmt":"2022-06-23T03:41:17","guid":{"rendered":"http:\/\/tailwind-themes.local\/?post_type=product&#038;p=36"},"modified":"2025-01-06T09:58:55","modified_gmt":"2025-01-06T01:58:55","slug":"plastic-film-granulator","status":"publish","type":"product","link":"https:\/\/www.plasticgranularmachine.com\/sw\/product\/plastic-film-granulator\/","title":{"rendered":"Plastfilmgranulator | PE PP Plastpelletisering Maskin"},"content":{"rendered":"<p class=\"translation-block\">Plastfilmgranulatorn \u00e4r huvudutrustningen i <a href=\"https:\/\/www.plasticgranularmachine.com\/sw\/product\/plastic-film-recycling-line\/\">plastfilm \u00c5tervinningslinje<\/a>. Denna maskin kan sm\u00e4lta, plastisera och extrudera plastfilmsskrot och g\u00f6ra \u00e5tervunna granuler. Plastfilmgranulatorn anv\u00e4nds i plastproduktionsfabriker och \u00e5tervinningsanl\u00e4ggningar. Maskinens output ligger mellan 100-500 kg\/h. Slutprodukterna \u00e4r plastgranuler eller pellets, \u00e5tervunna material av h\u00f6gre kvalitet kan producera b\u00e4ttre granuler.<\/p>    <figure class=\"wp-block-embed is-type-video is-provider-youtube wp-block-embed-youtube wp-embed-aspect-16-9 wp-has-aspect-ratio\"><div class=\"wp-block-embed__wrapper\"> <iframe loading=\"lazy\" title=\"Inuti plastpelletiseringens process: Se hur det \u00f6kar \u00e5tervinningsvinsten!\" width=\"500\" height=\"281\" src=\"https:\/\/www.youtube.com\/embed\/_mcIy6g5Ybk?feature=oembed\" frameborder=\"0\" allow=\"accelerometer; autoplay; clipboard-write; encrypted-media; gyroscope; picture-in-picture; web-share\" referrerpolicy=\"strict-origin-when-cross-origin\" allowfullscreen><\/iframe> <\/div><\/figure>    <h2 class=\"wp-block-heading\">Till\u00e4mpningsomr\u00e5de f\u00f6r filmgranulator<\/h2>    <p class=\"translation-block\">Som en professionell plastfilmgranulator kan v\u00e5r maskin \u00e5tervinna och granulera alla typer av plastfilmer. Till exempel kan den granulera plastfilmer gjorda av <a href=\"https:\/\/www.plasticgranularmachine.com\/sw\/Info\/which-plastics-can-be-recycled\/\">PE, PP, BOPP, HDPE, LDPE och LLDPE<\/a>. I v\u00e5rt dagliga liv kan vi se dessa plastmaterial fr\u00e5n livsmedelsf\u00f6rpackningar, v\u00e4xthusfilmer, sopp\u00e5sar, shoppingp\u00e5sar, <a href=\"https:\/\/en.wikipedia.org\/wiki\/High-density_polyethylene\" target=\"_blank\" rel=\"noopener\">HDPE<\/a> filmer, jordbrukfilmer, PP-p\u00e5sar och LDPE-skrumpfilmer.<\/p>    <figure class=\"wp-block-gallery has-nested-images columns-default is-cropped wp-block-gallery-2 is-layout-flex wp-block-gallery-is-layout-flex\"> <figure class=\"wp-block-image size-large\"><img loading=\"lazy\" decoding=\"async\" width=\"720\" height=\"540\" data-id=\"1362\" src=\"https:\/\/www.plasticgranularmachine.com\/wp-content\/uploads\/2022\/06\/plastic-film-recycling-raw-materials1.webp\" alt=\"plastfilm \u00e5tervinningsr\u00e5material\" class=\"wp-image-1362\" srcset=\"https:\/\/www.plasticgranularmachine.com\/wp-content\/uploads\/2022\/06\/plastic-film-recycling-raw-materials1.webp 720w, https:\/\/www.plasticgranularmachine.com\/wp-content\/uploads\/2022\/06\/plastic-film-recycling-raw-materials1-300x225.webp 300w, https:\/\/www.plasticgranularmachine.com\/wp-content\/uploads\/2022\/06\/plastic-film-recycling-raw-materials1-16x12.webp 16w\" sizes=\"auto, (max-width: 720px) 100vw, 720px\" \/><figcaption class=\"wp-element-caption\">plastfilm \u00e5tervinningsr\u00e5material<\/figcaption><\/figure>    <figure class=\"wp-block-image size-large\"><img loading=\"lazy\" decoding=\"async\" width=\"720\" height=\"540\" data-id=\"1363\" src=\"https:\/\/www.plasticgranularmachine.com\/wp-content\/uploads\/2022\/06\/end-products-of-plastic-granulators.webp\" alt=\"slutprodukter av plastgranulatorer\" class=\"wp-image-1363\" srcset=\"https:\/\/www.plasticgranularmachine.com\/wp-content\/uploads\/2022\/06\/end-products-of-plastic-granulators.webp 720w, https:\/\/www.plasticgranularmachine.com\/wp-content\/uploads\/2022\/06\/end-products-of-plastic-granulators-300x225.webp 300w, https:\/\/www.plasticgranularmachine.com\/wp-content\/uploads\/2022\/06\/end-products-of-plastic-granulators-16x12.webp 16w\" sizes=\"auto, (max-width: 720px) 100vw, 720px\" \/><figcaption class=\"wp-element-caption\">slutprodukter av plastgranulatorer<\/figcaption><\/figure> <\/figure>    <h2 class=\"wp-block-heading\">Hur fungerar en PP PE-plastpelletiseringsmaskin?<\/h2>    <p>Innan granuleringsprocessen m\u00e5ste plastfilmen vara ren. Film med f\u00f6roreningar kommer allvarligt att p\u00e5verka granuleringsresultatet. F\u00f6ljande \u00e4r hela maskinens arbetsfl\u00f6de.<\/p>    <h2 class=\"wp-block-heading\">Arbetsprocessen f\u00f6r plastfilmgranulatorn<\/h2>    <p>Materialet g\u00e5r in i PE PP plastpelletizer maskinens v\u00e4rmecentral. V\u00e4rmekretsens yttre kan snabbt f\u00e5 maskinens temperatur att n\u00e5 mer \u00e4n 110 grader Celsius. Under v\u00e4rmekretsens verkan kommer plastfilmmaterialet att sm\u00e4lta snabbt och pressas ut ur utg\u00e5ngen p\u00e5 plastgranuleringsutrustningen. <\/p>    <p>I v\u00e5r tidigare f\u00f6rs\u00e4ljnings erfarenhet tror m\u00e5nga kunder att denna temperatur kanske inte sm\u00e4lter plasten. Faktum \u00e4r att de flesta plastfilmer har en sm\u00e4ltpunkt p\u00e5 85-110 grader Celsius. D\u00e4refter kommer det sm\u00e4lta materialet att g\u00e5 in i hj\u00e4lpmaskinen. Sedan, under extruderingen av hj\u00e4lpproduktionen av pe film pelletiseringsmaskinen, kommer materialet att komma ut ur huvuddingens mun. Vid denna tid \u00e4r plastfilmens form en l\u00e5ng filament. <\/p>    <p>Slutligen kyls den av kylvattentanken, och den avfallande plastgranulatorn sk\u00e4r plastremsan f\u00f6r att f\u00e5 plastpartiklar med likformig form.<\/p>    <figure class=\"wp-block-embed is-type-video is-provider-youtube wp-block-embed-youtube wp-embed-aspect-16-9 wp-has-aspect-ratio\"><div class=\"wp-block-embed__wrapper\"> <iframe loading=\"lazy\" title=\"Fr\u00e5n avfall till pellets: Se v\u00e5r plastgranulator maskin i aktion!\" width=\"500\" height=\"281\" src=\"https:\/\/www.youtube.com\/embed\/RyomHQQR0cQ?feature=oembed\" frameborder=\"0\" allow=\"accelerometer; autoplay; clipboard-write; encrypted-media; gyroscope; picture-in-picture; web-share\" referrerpolicy=\"strict-origin-when-cross-origin\" allowfullscreen><\/iframe> <\/div><\/figure>    <h2 class=\"wp-block-heading\">Vad \u00e4r strukturen hos en plastfilmgranulator?<\/h2>    <p>Plastgranulatorn best\u00e5r av en matstation, en v\u00e4xel, en uppv\u00e4rmningsanordning, en skruvpres, ett presskammare, ett basstativ, en motor, ett formhuvud och en utsl\u00e4pps\u00f6ppning.<\/p>   <div class=\"wp-block-image\"> <figure class=\"aligncenter size-full\"><img loading=\"lazy\" decoding=\"async\" width=\"720\" height=\"540\" src=\"https:\/\/www.plasticgranularmachine.com\/wp-content\/uploads\/2022\/07\/plastic-granulator.webp\" alt=\"plastgranulator\" class=\"wp-image-1325\" srcset=\"https:\/\/www.plasticgranularmachine.com\/wp-content\/uploads\/2022\/07\/plastic-granulator.webp 720w, https:\/\/www.plasticgranularmachine.com\/wp-content\/uploads\/2022\/07\/plastic-granulator-300x225.webp 300w, https:\/\/www.plasticgranularmachine.com\/wp-content\/uploads\/2022\/07\/plastic-granulator-16x12.webp 16w\" sizes=\"auto, (max-width: 720px) 100vw, 720px\" \/><figcaption class=\"wp-element-caption\">plastgranulator<\/figcaption><\/figure> <\/div>   <h2 class=\"wp-block-heading\">Maskinparametrar<\/h2>    <figure class=\"wp-block-table\"><table><tbody><tr><td>Aina<\/td><td>SL-105<\/td><td>SL-125<\/td><td>SL-135<\/td><td>SL-150<\/td><td>SL-180<\/td><td>SL-200<\/td><td>SL-220<\/td><\/tr><tr><td>Skruvdiameter<\/td><td>105mm<\/td><td>125mm<\/td><td>135mm<\/td><td>150mm<\/td><td>180mm<\/td><td>200mm<\/td><td>220mm<\/td><\/tr><tr><td>Spindelhastighet<\/td><td>50-70\/min<\/td><td>50-70\/min<\/td><td>40-50\/min<\/td><td>40-50\/min<\/td><td>40-50\/min<\/td><td>40-50\/min<\/td><td>40-50\/min<\/td><\/tr><tr><td>Huvudmotorens effekt<\/td><td>18.5KW<\/td><td>30KW<\/td><td>37KW<\/td><td>37KW<\/td><td>55KW<\/td><td>75KW<\/td><td>90KW<\/td><\/tr><tr><td>V\u00e4xel (h\u00e5rd v\u00e4xel)<\/td><td>200<\/td><td>225<\/td><td>250<\/td><td>250<\/td><td>280<\/td><td>315<\/td><td>330<\/td><\/tr><tr><td>Peso<\/td><td>1.3T<\/td><td>1.8T<\/td><td>2T<\/td><td>2T<\/td><td>2.2T<\/td><td>2.8T<\/td><td>3.2T<\/td><\/tr><tr><td>Ukubwa<\/td><td>2.4*0.7*0.7<\/td><td>2.6*0.7*0.7<\/td><td>2.8*0.7*0.7<\/td><td>3.0*0.7*0.7<\/td><td>3.2*0.7*0.7<\/td><td>3.5*1*1<\/td><td>3.8*1.2*1<\/td><\/tr><tr><td>Utmatning<\/td><td>150KG\/H<\/td><td>180KG\/H<\/td><td>200KG\/H<\/td><td>300KG\/H<\/td><td>350KG\/H<\/td><td>380KG\/H<\/td><td>420KG\/H<\/td><\/tr><\/tbody><\/table><\/figure>    <p>Vi kan se fr\u00e5n tabellen att vi har 7 PE-film pelletiseringsgranulatorer med olika utdata f\u00f6r dig att v\u00e4lja bland. Skruvdiameter, effekt, vikt och storlek hos varje maskin \u00e4r olika. D\u00e4rf\u00f6r kan du v\u00e4lja r\u00e4tt maskin efter dina behov. Dessutom, om du har n\u00e5gra fr\u00e5gor, v\u00e4nligen kontakta oss.<\/p>    <h2 class=\"wp-block-heading\">Vad \u00e4r f\u00f6rdelarna med maskinen?<\/h2>    <ul class=\"wp-block-list\"> <li>Tillverkad av h\u00f6gkvalitativa material, h\u00e5llbar.<\/li>    <li>Den h\u00f6ga graden av automation och arbetsbesparing.<\/li>    <li>L\u00e5g str\u00f6mf\u00f6rbrukning och ingen f\u00f6rorening.<\/li>    <li>Enkelt att installera och underh\u00e5lla.<\/li>    <li>Pellets som tillverkas av plastfilmgranulatorn har ett brett anv\u00e4ndningsomr\u00e5de. S\u00e5 de \u00e4r ett idealiskt investeringsprojekt.<\/li> <\/ul>   <div class=\"wp-block-image\"> <figure class=\"aligncenter size-full\"><img loading=\"lazy\" decoding=\"async\" width=\"720\" height=\"540\" src=\"https:\/\/www.plasticgranularmachine.com\/wp-content\/uploads\/2022\/06\/Plastic-grinder-details.webp\" alt=\"Detaljer om plastkvarnen\" class=\"wp-image-1364\" srcset=\"https:\/\/www.plasticgranularmachine.com\/wp-content\/uploads\/2022\/06\/Plastic-grinder-details.webp 720w, https:\/\/www.plasticgranularmachine.com\/wp-content\/uploads\/2022\/06\/Plastic-grinder-details-300x225.webp 300w, https:\/\/www.plasticgranularmachine.com\/wp-content\/uploads\/2022\/06\/Plastic-grinder-details-16x12.webp 16w\" sizes=\"auto, (max-width: 720px) 100vw, 720px\" \/><figcaption class=\"wp-element-caption\">Detaljer om plastkvarnen<\/figcaption><\/figure> <\/div>   <h2 class=\"wp-block-heading\">Varf\u00f6r v\u00e4lja den Effektiva plastgranulatorn?<\/h2>    <ol class=\"wp-block-list\"> <li><a href=\"https:\/\/www.plasticgranularmachine.com\/sw\/\">Vifaa vya ufanisi<\/a> ni mtengenezaji mwenye zaidi ya miaka 20 ya uzoefu katika utengenezaji wa mashine. Kwa hivyo, ubora na huduma baada ya mauzo ya mashine ni wa kuaminika.<\/li>    <li>Huvudmaskinen, diehuvud och v\u00e4xell\u00e5da hos plastfilmgranulatorn \u00e4r all utrustning av h\u00f6gsta kvalitet p\u00e5 marknaden.<\/li>    <li>Unika anpassade tj\u00e4nster. Vi kan ge kunder unika tj\u00e4nster efter deras behov.<\/li> <\/ol>   <div class=\"wp-block-image\"> <figure class=\"aligncenter size-full\"><img loading=\"lazy\" decoding=\"async\" width=\"720\" height=\"540\" src=\"https:\/\/www.plasticgranularmachine.com\/wp-content\/uploads\/2022\/06\/extruder-plastic-pelletizing-line.webp\" alt=\"extruder plast pelletizing linje\" class=\"wp-image-1329\" srcset=\"https:\/\/www.plasticgranularmachine.com\/wp-content\/uploads\/2022\/06\/extruder-plastic-pelletizing-line.webp 720w, https:\/\/www.plasticgranularmachine.com\/wp-content\/uploads\/2022\/06\/extruder-plastic-pelletizing-line-300x225.webp 300w, https:\/\/www.plasticgranularmachine.com\/wp-content\/uploads\/2022\/06\/extruder-plastic-pelletizing-line-16x12.webp 16w\" sizes=\"auto, (max-width: 720px) 100vw, 720px\" \/><figcaption class=\"wp-element-caption\">extruder plast pelletizing linje<\/figcaption><\/figure> <\/div>","protected":false},"excerpt":{"rendered":"<p>Plastic film granulator is the main equipment of the plastic film recycling line. This machine can melt, plasticize and extrude plastic film scrap and make recycles granules. Plastic film granulator is widely used in plastic production factories and recycling plants. The machine output ranged from 100-500 kg\/h. The final products are plastic granules or pellets, [&hellip;]<\/p>\n","protected":false},"author":1,"featured_media":1325,"parent":0,"template":"","tags":[37,41],"product-type":[5],"class_list":["post-36","product","type-product","status-publish","has-post-thumbnail","hentry","tag-pelletizing","tag-plastic-film-recycling","product-type-plastic-pelletizer"],"_links":{"self":[{"href":"https:\/\/www.plasticgranularmachine.com\/sw\/wp-json\/wp\/v2\/product\/36","targetHints":{"allow":["GET"]}}],"collection":[{"href":"https:\/\/www.plasticgranularmachine.com\/sw\/wp-json\/wp\/v2\/product"}],"about":[{"href":"https:\/\/www.plasticgranularmachine.com\/sw\/wp-json\/wp\/v2\/types\/product"}],"author":[{"embeddable":true,"href":"https:\/\/www.plasticgranularmachine.com\/sw\/wp-json\/wp\/v2\/users\/1"}],"wp:featuredmedia":[{"embeddable":true,"href":"https:\/\/www.plasticgranularmachine.com\/sw\/wp-json\/wp\/v2\/media\/1325"}],"wp:attachment":[{"href":"https:\/\/www.plasticgranularmachine.com\/sw\/wp-json\/wp\/v2\/media?parent=36"}],"wp:term":[{"taxonomy":"post_tag","embeddable":true,"href":"https:\/\/www.plasticgranularmachine.com\/sw\/wp-json\/wp\/v2\/tags?post=36"},{"taxonomy":"product-type","embeddable":true,"href":"https:\/\/www.plasticgranularmachine.com\/sw\/wp-json\/wp\/v2\/product-type?post=36"}],"curies":[{"name":"wp","href":"https:\/\/api.w.org\/{rel}","templated":true}]}}