{"id":41,"date":"2022-06-23T03:44:15","date_gmt":"2022-06-23T03:44:15","guid":{"rendered":"http:\/\/tailwind-themes.local\/?post_type=product&#038;p=41"},"modified":"2025-01-06T09:59:07","modified_gmt":"2025-01-06T01:59:07","slug":"plastic-film-recycling-line","status":"publish","type":"product","link":"https:\/\/www.plasticgranularmachine.com\/sw\/product\/plastic-film-recycling-line\/","title":{"rendered":"Plastfilm\u00e5tervinningslinje Maskin"},"content":{"rendered":"<p>Plastic film recycling line is a production line for recycling all kinds of plastic films, such as plastic bags and woven bags. Our plastic recycling line is very suitable for the crushing, cleaning, drying, granulation and packing of waste pe\/pp films. With the help of this production line, you can easily get clean plastic pellets. Eventually, these waste PP\/PE films become renewable and reusable materials.<\/p>   <div class=\"wp-block-image\"> <figure class=\"aligncenter size-full\"><img loading=\"lazy\" decoding=\"async\" width=\"720\" height=\"540\" src=\"https:\/\/www.plasticgranularmachine.com\/wp-content\/uploads\/2022\/06\/extruder-plastic-pelletizing-line.webp\" alt=\"extruder plast pelletizing linje\" class=\"wp-image-1329\" srcset=\"https:\/\/www.plasticgranularmachine.com\/wp-content\/uploads\/2022\/06\/extruder-plastic-pelletizing-line.webp 720w, https:\/\/www.plasticgranularmachine.com\/wp-content\/uploads\/2022\/06\/extruder-plastic-pelletizing-line-300x225.webp 300w, https:\/\/www.plasticgranularmachine.com\/wp-content\/uploads\/2022\/06\/extruder-plastic-pelletizing-line-16x12.webp 16w\" sizes=\"auto, (max-width: 720px) 100vw, 720px\" \/><figcaption class=\"wp-element-caption\">extruder plast pelletizing linje<\/figcaption><\/figure> <\/div>   <h2 class=\"wp-block-heading\" id=\"h-what-is-the-workflow-of-the-plastic-film-recycling-line\">What is the workflow of the plastic film recycling line?<\/h2>    <p>First, put the waste plastic film on the belt conveyor. Then the belt conveyor will send the plastic film into the plastic film crusher for crushing and cleaning. Because there are many impurities in waste films, we need to be clean it again. Then dry the cleaned plastic products. Next comes the most important granulation process. After granulation, the plastic pulp needs to be cooled. Finally, cut the plastic strip into small plastic particles for packaging. This is the complete workflow of the plastic film recycling line.<\/p>   <div class=\"wp-block-image\"> <figure class=\"aligncenter size-full\"><img loading=\"lazy\" decoding=\"async\" width=\"720\" height=\"540\" src=\"https:\/\/www.plasticgranularmachine.com\/wp-content\/uploads\/2022\/06\/effect-drawing-of-plastic-film-recycling-line.webp\" alt=\"effect drawing of plastic film recycling line\" class=\"wp-image-1330\" srcset=\"https:\/\/www.plasticgranularmachine.com\/wp-content\/uploads\/2022\/06\/effect-drawing-of-plastic-film-recycling-line.webp 720w, https:\/\/www.plasticgranularmachine.com\/wp-content\/uploads\/2022\/06\/effect-drawing-of-plastic-film-recycling-line-300x225.webp 300w, https:\/\/www.plasticgranularmachine.com\/wp-content\/uploads\/2022\/06\/effect-drawing-of-plastic-film-recycling-line-16x12.webp 16w\" sizes=\"auto, (max-width: 720px) 100vw, 720px\" \/><figcaption class=\"wp-element-caption\">effect drawing of plastic film recycling line<\/figcaption><\/figure> <\/div>   <h2 class=\"wp-block-heading\">Introduction of plastic film recycling machine<\/h2>    <p>Efficients h\u00f6gpresterande plastfilm\u00e5tervinningsmaskin \u00e4r utformad f\u00f6r ombearbetning av PE polyeten (HDPE, LDPE, LLDPE) och PP polypropen flexibel f\u00f6rpackningsmaterial, tryckt och icke-tryckt. Vi rekommenderar denna linje f\u00f6r bl\u00e5sfilmsproducenter, v\u00e4vpapperss\u00e4ckproducenter och tryckta blixtl\u00e5s-s\u00e4ckproducenter. De kan \u00e5tervinna defekt filmproduktionsavfall och filmrester av v\u00e5r \u00e5tervinningsmaskin. De f\u00e4rdiga pelletsen kan anv\u00e4ndas direkt i filmproduktionslinjen. F\u00f6r filmproducenter kan de minska materialkostnaderna.<\/p>    <p>In addition to in-house (post-industrial) film waste, the recycling system is also able to process post-consumer waste. The common recycle materials are bag scraps, used garbage bags, agricultural films, food packaging, jumbo bags, shrink and stretch films raffia bags, and PP woven bags.<\/p>   <div class=\"wp-block-image\"> <figure class=\"aligncenter size-full\"><img loading=\"lazy\" decoding=\"async\" width=\"720\" height=\"540\" src=\"https:\/\/www.plasticgranularmachine.com\/wp-content\/uploads\/2022\/06\/plastic-film-recycling-machines.webp\" alt=\"plastic film recycling machines in the factory\" class=\"wp-image-1333\" srcset=\"https:\/\/www.plasticgranularmachine.com\/wp-content\/uploads\/2022\/06\/plastic-film-recycling-machines.webp 720w, https:\/\/www.plasticgranularmachine.com\/wp-content\/uploads\/2022\/06\/plastic-film-recycling-machines-300x225.webp 300w, https:\/\/www.plasticgranularmachine.com\/wp-content\/uploads\/2022\/06\/plastic-film-recycling-machines-16x12.webp 16w\" sizes=\"auto, (max-width: 720px) 100vw, 720px\" \/><figcaption class=\"wp-element-caption\">plastic film recycling machines in the factory<\/figcaption><\/figure> <\/div>   <h2 class=\"wp-block-heading\">Core recycle equipment of the film pelletizing line<\/h2>    <h3 class=\"wp-block-heading\">Plastic film crusher<\/h3>    <p class=\"translation-block\">Plastic film crusher is a special machine for crushing plastic film. It is also the first major equipment of plastic film recycling line. The rotary cutter inside the <strong><a href=\"https:\/\/www.plasticgranularmachine.com\/sw\/product\/plastic-film-crusher\/\" data-type=\"link\" data-id=\"https:\/\/www.plasticgranularmachine.com\/product\/plastic-film-crusher\/\">plastic crusher <\/a><\/strong>can crush materials into small pieces in a short time. At the same time, this machine can also clean plastic debris. This means that it has the function of crushing and cleaning. In addition, our machines are made of high-quality steel. The blade is made of si2mn. Therefore, the machine crusher is durable.<\/p>   <div class=\"wp-block-image\"> <figure class=\"aligncenter size-full\"><img loading=\"lazy\" decoding=\"async\" width=\"720\" height=\"540\" src=\"https:\/\/www.plasticgranularmachine.com\/wp-content\/uploads\/2022\/07\/plastic-crusher-for-pppe.webp\" alt=\"plastkross f\u00f6r PPPE\" class=\"wp-image-1323\" srcset=\"https:\/\/www.plasticgranularmachine.com\/wp-content\/uploads\/2022\/07\/plastic-crusher-for-pppe.webp 720w, https:\/\/www.plasticgranularmachine.com\/wp-content\/uploads\/2022\/07\/plastic-crusher-for-pppe-300x225.webp 300w, https:\/\/www.plasticgranularmachine.com\/wp-content\/uploads\/2022\/07\/plastic-crusher-for-pppe-16x12.webp 16w\" sizes=\"auto, (max-width: 720px) 100vw, 720px\" \/><figcaption class=\"wp-element-caption\">plastkross f\u00f6r PPPE<\/figcaption><\/figure> <\/div>   <h3 class=\"wp-block-heading\">Plastic film washing machine<\/h3>    <p class=\"translation-block\">The <strong><a href=\"https:\/\/www.plasticgranularmachine.com\/sw\/product\/pet-flakes-washing-machine\/\" data-type=\"link\" data-id=\"https:\/\/www.plasticgranularmachine.com\/product\/pet-flakes-washing-machine\/\">plastic film washing machine<\/a><\/strong> is used to clean plastic film again. We all know that there are many impurities in the recycled plastic film. Unclean raw materials will seriously affect the subsequent granulation effect. Therefore, we specially configured a plastic film cleaning tank to clean the plastic film again. The toothed agitator inside the machine can push the plastic debris forward. Therefore, this can further reduce human resources.<\/p>   <div class=\"wp-block-image\"> <figure class=\"aligncenter size-full\"><img loading=\"lazy\" decoding=\"async\" width=\"720\" height=\"540\" src=\"https:\/\/www.plasticgranularmachine.com\/wp-content\/uploads\/2022\/06\/plastic-washing-machine.webp\" alt=\"plasttv\u00e4ttmaskin\" class=\"wp-image-1332\" srcset=\"https:\/\/www.plasticgranularmachine.com\/wp-content\/uploads\/2022\/06\/plastic-washing-machine.webp 720w, https:\/\/www.plasticgranularmachine.com\/wp-content\/uploads\/2022\/06\/plastic-washing-machine-300x225.webp 300w, https:\/\/www.plasticgranularmachine.com\/wp-content\/uploads\/2022\/06\/plastic-washing-machine-16x12.webp 16w\" sizes=\"auto, (max-width: 720px) 100vw, 720px\" \/><figcaption class=\"wp-element-caption\">plasttv\u00e4ttmaskin<\/figcaption><\/figure> <\/div>   <h3 class=\"wp-block-heading\">Plastic film dehydrator<\/h3>    <p class=\"translation-block\">In <a href=\"https:\/\/www.plasticgranularmachine.com\/sw\/\">Efficient plastic machinery<\/a>, we have <strong><a href=\"https:\/\/www.plasticgranularmachine.com\/sw\/product\/pet-flakes-dryer\/\" data-type=\"link\" data-id=\"https:\/\/www.plasticgranularmachine.com\/product\/pet-flakes-dryer\/\">horizontal plastic dehydrators <\/a><\/strong>and vertical dehydrators. If you have a small plant, you can choose a vertical dehydrator. The v<strong><a href=\"https:\/\/www.plasticgranularmachine.com\/sw\/product\/plastic-film-dryer-machine\/\" data-type=\"link\" data-id=\"https:\/\/www.plasticgranularmachine.com\/product\/plastic-film-dryer-machine\/\">ertical dryer <\/a><\/strong>has the functions of powerful cyclone cleaning, automatic conveying, high-speed centrifugal dehydration, etc. Therefore, it can dry materials in a short time. With the help of a vertical dehydrator, the water content of the plastic film can be less than 2.5%.<\/p>   <div class=\"wp-block-image\"> <figure class=\"aligncenter size-full\"><img loading=\"lazy\" decoding=\"async\" width=\"720\" height=\"540\" src=\"https:\/\/www.plasticgranularmachine.com\/wp-content\/uploads\/2022\/07\/vertical-plastic-dewatering-machine.webp\" alt=\"vertikal avvattningsmaskin f\u00f6r plast\" class=\"wp-image-1324\" srcset=\"https:\/\/www.plasticgranularmachine.com\/wp-content\/uploads\/2022\/07\/vertical-plastic-dewatering-machine.webp 720w, https:\/\/www.plasticgranularmachine.com\/wp-content\/uploads\/2022\/07\/vertical-plastic-dewatering-machine-300x225.webp 300w, https:\/\/www.plasticgranularmachine.com\/wp-content\/uploads\/2022\/07\/vertical-plastic-dewatering-machine-16x12.webp 16w\" sizes=\"auto, (max-width: 720px) 100vw, 720px\" \/><figcaption class=\"wp-element-caption\">vertikal avvattningsmaskin f\u00f6r plast<\/figcaption><\/figure> <\/div>   <h3 class=\"wp-block-heading\">Plastic film granulator<\/h3>    <p class=\"translation-block\"><strong><a href=\"https:\/\/www.plasticgranularmachine.com\/sw\/product\/plastic-film-granulator\/\" data-type=\"link\" data-id=\"https:\/\/www.plasticgranularmachine.com\/product\/plastic-film-granulator\/\">Plastic film granulator<\/a><\/strong> is the key equipment for the plastic film recycling line. It can melt PP and PE plastic films and extrude them into strips. Plastic granulator adopts automatic temperature control and electromagnetic heating system. Therefore, it has the characteristics of less electricity, no pollution, and a high degree of automation. The following is the production process of the machine.<br>Materials enter the plastic granulator from the feed inlet. Then the material melts under the action of a high-temperature heating ring. Then the molten material flows out of the outlet of the main machine and into the auxiliary granulator machine. Under the extrusion of the auxiliary machine, the plastic strip is extruded from the die of the machine head.<\/p>   <div class=\"wp-block-image\"> <figure class=\"aligncenter size-full\"><img loading=\"lazy\" decoding=\"async\" width=\"720\" height=\"540\" src=\"https:\/\/www.plasticgranularmachine.com\/wp-content\/uploads\/2022\/07\/plastic-granulator.webp\" alt=\"plastgranulator\" class=\"wp-image-1325\" srcset=\"https:\/\/www.plasticgranularmachine.com\/wp-content\/uploads\/2022\/07\/plastic-granulator.webp 720w, https:\/\/www.plasticgranularmachine.com\/wp-content\/uploads\/2022\/07\/plastic-granulator-300x225.webp 300w, https:\/\/www.plasticgranularmachine.com\/wp-content\/uploads\/2022\/07\/plastic-granulator-16x12.webp 16w\" sizes=\"auto, (max-width: 720px) 100vw, 720px\" \/><figcaption class=\"wp-element-caption\">plastgranulator<\/figcaption><\/figure> <\/div>   <h3 class=\"wp-block-heading\">Pellets sk\u00e4rare<\/h3>    <p>The plastic film granulator can melt the plastic film and extrude the plastic strip. The pellet-cutting machine is a machine that cuts plastic strips into plastic particles. The purpose is to facilitate storage. The cutter of the plastic pellet cutting machine is made of cemented carbide. Therefore, it has high wear resistance.<\/p>   <div class=\"wp-block-image\"> <figure class=\"aligncenter size-full\"><img loading=\"lazy\" decoding=\"async\" width=\"720\" height=\"540\" src=\"https:\/\/www.plasticgranularmachine.com\/wp-content\/uploads\/2022\/07\/Pellet-cutting-machine1.webp\" alt=\"Pellets sk\u00e4rare\" class=\"wp-image-1326\" srcset=\"https:\/\/www.plasticgranularmachine.com\/wp-content\/uploads\/2022\/07\/Pellet-cutting-machine1.webp 720w, https:\/\/www.plasticgranularmachine.com\/wp-content\/uploads\/2022\/07\/Pellet-cutting-machine1-300x225.webp 300w, https:\/\/www.plasticgranularmachine.com\/wp-content\/uploads\/2022\/07\/Pellet-cutting-machine1-16x12.webp 16w\" sizes=\"auto, (max-width: 720px) 100vw, 720px\" \/><figcaption class=\"wp-element-caption\">Pellets sk\u00e4rare<\/figcaption><\/figure> <\/div>   <h2 class=\"wp-block-heading\">Advantages of Efficient plastic film recycling machine<\/h2>    <ol class=\"wp-block-list\"> <li>Unique customized service. We can help you design a pellet production line from 200kg\/h to 3000kg \/ h.<\/li>    <li>The energy consumption of the whole production line is low.<\/li>    <li>We can provide you with low-budget solutions for customers with low-budget costs.<\/li>    <li>The automatic plastic film recycling machines have the characteristics of high production efficiency and labor cost saving.<\/li>    <li>10 years of experience in the production of plastic recycling equipment.<\/li> <\/ol>   <div class=\"wp-block-image\"> <figure class=\"aligncenter size-full\"><img loading=\"lazy\" decoding=\"async\" width=\"720\" height=\"540\" src=\"https:\/\/www.plasticgranularmachine.com\/wp-content\/uploads\/2022\/06\/finished-products.jpg\" alt=\"f\u00e4rdiga produkter\" class=\"wp-image-108\" srcset=\"https:\/\/www.plasticgranularmachine.com\/wp-content\/uploads\/2022\/06\/finished-products.jpg 720w, https:\/\/www.plasticgranularmachine.com\/wp-content\/uploads\/2022\/06\/finished-products-300x225.jpg 300w\" sizes=\"auto, (max-width: 720px) 100vw, 720px\" \/><figcaption class=\"wp-element-caption\">f\u00e4rdiga produkter<\/figcaption><\/figure> <\/div>   <h2 class=\"wp-block-heading\">Video of plastic film recycling line<\/h2>    <figure class=\"wp-block-embed is-type-video is-provider-youtube wp-block-embed-youtube wp-embed-aspect-16-9 wp-has-aspect-ratio\"><div class=\"wp-block-embed__wrapper\"> <iframe loading=\"lazy\" title=\"Mstari wa Urejelezaji wa Filamu za Plastiki za Ubora wa Juu: Anza Safari Yako ya Kijani\" width=\"500\" height=\"281\" src=\"https:\/\/www.youtube.com\/embed\/zRuD5tD5Ohc?feature=oembed\" frameborder=\"0\" allow=\"accelerometer; autoplay; clipboard-write; encrypted-media; gyroscope; picture-in-picture; web-share\" referrerpolicy=\"strict-origin-when-cross-origin\" allowfullscreen><\/iframe> <\/div><\/figure>    <h2 class=\"wp-block-heading\">What kind of plastic film can be recycled?<\/h2>    <ol class=\"wp-block-list\"> <li>Agricultural film. The agricultural film mainly includes mulch film and greenhouse film. The mulching film is mainly PE film. The shed formwork has PE, PE\/EVA, and PVC films.<\/li>    <li>Filamu ya ufungaji. Vifaa vya filamu ya ufungaji ni pamoja na cellophane, PE, <a href=\"https:\/\/en.wikipedia.org\/wiki\/Polyvinyl_chloride\" target=\"_blank\" rel=\"noopener\">PVC<\/a>, PP, EVA, PVDC, PA, PET na filamu mbalimbali za mseto.<\/li>    <li>Aluminum plastic composite film. Aluminum plastic composite films include Bopp\/ aluminum, pe\/ aluminum, etc. They are the raw material for the packing of various foods.<\/li>    <li>PET film. In the plastic industry, PET is the main raw material for film and bottle. <\/li> <\/ol>    <h2 class=\"wp-block-heading\">Successful cases of plastic pelletizing recycling machine<\/h2>    <p>Vi har framg\u00e5ngsrikt genomf\u00f6rt m\u00e5nga aff\u00e4rer om plastpelletiserings\u00e5tervinningsmaskiner och har partners \u00f6ver hela v\u00e4rlden. Vi \u00e4r stolta \u00f6ver att betj\u00e4na m\u00e5nga l\u00e4nder inklusive Oman, Nigeria, Saudiarabien, Kenya och Elfenbenskusten, och har gjort positiva bidrag till plast\u00e5tervinningsindustrin i dessa regioner.<\/p>    <figure class=\"wp-block-gallery has-nested-images columns-default is-cropped wp-block-gallery-2 is-layout-flex wp-block-gallery-is-layout-flex\"> <figure class=\"wp-block-image size-full\"><img loading=\"lazy\" decoding=\"async\" width=\"720\" height=\"540\" data-id=\"1331\" src=\"https:\/\/www.plasticgranularmachine.com\/wp-content\/uploads\/2022\/06\/pelletizing-machine-for-plastic-recycling.webp\" alt=\"pelletizing machine for plastic recycling\" class=\"wp-image-1331\" srcset=\"https:\/\/www.plasticgranularmachine.com\/wp-content\/uploads\/2022\/06\/pelletizing-machine-for-plastic-recycling.webp 720w, https:\/\/www.plasticgranularmachine.com\/wp-content\/uploads\/2022\/06\/pelletizing-machine-for-plastic-recycling-300x225.webp 300w, https:\/\/www.plasticgranularmachine.com\/wp-content\/uploads\/2022\/06\/pelletizing-machine-for-plastic-recycling-16x12.webp 16w\" sizes=\"auto, (max-width: 720px) 100vw, 720px\" \/><figcaption class=\"wp-element-caption\">pelletizing machine for plastic recycling<\/figcaption><\/figure>    <figure class=\"wp-block-image size-large\"><img loading=\"lazy\" decoding=\"async\" width=\"720\" height=\"540\" data-id=\"1335\" src=\"https:\/\/www.plasticgranularmachine.com\/wp-content\/uploads\/2022\/06\/pelletizing-machine-for-plastic-recycling-ship-to-Nigeria.webp\" alt=\"pelletizing machine for plastic recycling ship to Nigeria\" class=\"wp-image-1335\" srcset=\"https:\/\/www.plasticgranularmachine.com\/wp-content\/uploads\/2022\/06\/pelletizing-machine-for-plastic-recycling-ship-to-Nigeria.webp 720w, https:\/\/www.plasticgranularmachine.com\/wp-content\/uploads\/2022\/06\/pelletizing-machine-for-plastic-recycling-ship-to-Nigeria-300x225.webp 300w, https:\/\/www.plasticgranularmachine.com\/wp-content\/uploads\/2022\/06\/pelletizing-machine-for-plastic-recycling-ship-to-Nigeria-16x12.webp 16w\" sizes=\"auto, (max-width: 720px) 100vw, 720px\" \/><figcaption class=\"wp-element-caption\">pelletizing machine for plastic recycling ship to Nigeria<\/figcaption><\/figure> <\/figure>    <p>Kunden fr\u00e5n Elfenbenskusten k\u00f6pte Efficient Machinery plastpelletiseringsmaskin f\u00f6r \u00e5tervinning av HDPE- och PP-plasts flaska. Nu har hela plastpelletiseringslinjen fungerat framg\u00e5ngsrikt. F\u00f6ljande video \u00e4r tagen av arbetarna i Elfenbenskustens fabrik.<\/p>   <div class=\"wp-block-image\"> <figure class=\"aligncenter size-full\"><img loading=\"lazy\" decoding=\"async\" width=\"720\" height=\"540\" src=\"https:\/\/www.plasticgranularmachine.com\/wp-content\/uploads\/2022\/06\/Positive-feedback-from-clients-in-Cote-dIvoire.webp\" alt=\"Positive feedback from clients in C\u00f4te d&#039;Ivoire\" class=\"wp-image-1334\" srcset=\"https:\/\/www.plasticgranularmachine.com\/wp-content\/uploads\/2022\/06\/Positive-feedback-from-clients-in-Cote-dIvoire.webp 720w, https:\/\/www.plasticgranularmachine.com\/wp-content\/uploads\/2022\/06\/Positive-feedback-from-clients-in-Cote-dIvoire-300x225.webp 300w, https:\/\/www.plasticgranularmachine.com\/wp-content\/uploads\/2022\/06\/Positive-feedback-from-clients-in-Cote-dIvoire-16x12.webp 16w\" sizes=\"auto, (max-width: 720px) 100vw, 720px\" \/><figcaption class=\"wp-element-caption\">Positiv feedback fr\u00e5n kunder i C\u00f4te d\u2019Ivoire<\/figcaption><\/figure> <\/div>   <figure class=\"wp-block-embed is-type-video is-provider-youtube wp-block-embed-youtube wp-embed-aspect-16-9 wp-has-aspect-ratio\"><div class=\"wp-block-embed__wrapper\"> <iframe loading=\"lazy\" title=\"Maoni ya mteja! Mchakato wa utengenezaji wa chembechembe za HDPE huko C\u00f4te d&#039;Ivoire\" width=\"500\" height=\"281\" src=\"https:\/\/www.youtube.com\/embed\/44dq-0uQ3V0?start=12&#038;feature=oembed\" frameborder=\"0\" allow=\"accelerometer; autoplay; clipboard-write; encrypted-media; gyroscope; picture-in-picture; web-share\" referrerpolicy=\"strict-origin-when-cross-origin\" allowfullscreen><\/iframe> <\/div><\/figure>    <p>Several months ago, a customer from Oman purchased a plastic pelletizer machine from Efficient Group. Now the machines have already arrived in Oman.<\/p>    <figure class=\"wp-block-embed is-type-video is-provider-youtube wp-block-embed-youtube wp-embed-aspect-16-9 wp-has-aspect-ratio\"><div class=\"wp-block-embed__wrapper\"> <iframe loading=\"lazy\" title=\"Congratulations! plastic granulating unit was sent to Oman successfully\" width=\"500\" height=\"281\" src=\"https:\/\/www.youtube.com\/embed\/1toctzBcHWE?feature=oembed\" frameborder=\"0\" allow=\"accelerometer; autoplay; clipboard-write; encrypted-media; gyroscope; picture-in-picture; web-share\" referrerpolicy=\"strict-origin-when-cross-origin\" allowfullscreen><\/iframe> <\/div><\/figure>    <h2 class=\"wp-block-heading\">Get your own amazing plastic recycling plant!<\/h2>    <p>N\u00e4r v\u00e5ra kunder tar emot v\u00e5ra pelletiseringsmaskiner uttrycker de en h\u00f6g grad av n\u00f6jdhet. Vissa kunder spelade in feedbackvideor speciellt f\u00f6r oss och delade sin bekr\u00e4ftelse av maskinens prestanda och effektivitet. <\/p>    <p>If you are interested in plastic film recycling machines, welcome to contact us now! We will contact you and send you the machine details in 24 hours.<\/p>","protected":false},"excerpt":{"rendered":"<p>Plastic film recycling line is a production line for recycling all kinds of plastic films, such as plastic bags and woven bags. Our plastic recycling line is very suitable for the crushing, cleaning, drying, granulation and packing of waste pe\/pp films. With the help of this production line, you can easily get clean plastic pellets. [&hellip;]<\/p>\n","protected":false},"author":1,"featured_media":1222,"parent":0,"template":"","tags":[41],"product-type":[10],"class_list":["post-41","product","type-product","status-publish","has-post-thumbnail","hentry","tag-plastic-film-recycling","product-type-solutions"],"_links":{"self":[{"href":"https:\/\/www.plasticgranularmachine.com\/sw\/wp-json\/wp\/v2\/product\/41","targetHints":{"allow":["GET"]}}],"collection":[{"href":"https:\/\/www.plasticgranularmachine.com\/sw\/wp-json\/wp\/v2\/product"}],"about":[{"href":"https:\/\/www.plasticgranularmachine.com\/sw\/wp-json\/wp\/v2\/types\/product"}],"author":[{"embeddable":true,"href":"https:\/\/www.plasticgranularmachine.com\/sw\/wp-json\/wp\/v2\/users\/1"}],"wp:featuredmedia":[{"embeddable":true,"href":"https:\/\/www.plasticgranularmachine.com\/sw\/wp-json\/wp\/v2\/media\/1222"}],"wp:attachment":[{"href":"https:\/\/www.plasticgranularmachine.com\/sw\/wp-json\/wp\/v2\/media?parent=41"}],"wp:term":[{"taxonomy":"post_tag","embeddable":true,"href":"https:\/\/www.plasticgranularmachine.com\/sw\/wp-json\/wp\/v2\/tags?post=41"},{"taxonomy":"product-type","embeddable":true,"href":"https:\/\/www.plasticgranularmachine.com\/sw\/wp-json\/wp\/v2\/product-type?post=41"}],"curies":[{"name":"wp","href":"https:\/\/api.w.org\/{rel}","templated":true}]}}