{"id":425,"date":"2022-11-28T16:48:30","date_gmt":"2022-11-28T08:48:30","guid":{"rendered":"https:\/\/www.plasticgranularmachine.com\/?post_type=product&#038;p=425"},"modified":"2025-03-31T11:25:11","modified_gmt":"2025-03-31T03:25:11","slug":"eps-hot-melting-recycling-machine","status":"publish","type":"product","link":"https:\/\/www.plasticgranularmachine.com\/sw\/product\/eps-hot-melting-recycling-machine\/","title":{"rendered":"EPS Het Sm\u00e4lt \u00c5tervinningsmaskin | EPS Skumsm\u00e4ltmaskin"},"content":{"rendered":"<p>Mashine ya kuchakata povu ya EPS kwa kuyeyusha moto inaweza kubana na kuyeyusha povu la EPS kuwa ukanda mrefu wa povu wenye nafasi ndogo. Styrofoam iliyoyeyushwa inaweza kutumika kutengeneza bidhaa zingine za plastiki.<\/p>    <p class=\"translation-block\">Mashine ya kuchakata povu ya EPS kwa kuyeyusha moto, pia inaitwa mashine ya kuyeyusha povu ya EPS, ni kifaa muhimu katika <a href=\"https:\/\/www.plasticgranularmachine.com\/sw\/product\/eps-recycling-machine\/\">mashine ya kuchakata EPS<\/a> na ina jukumu muhimu katika mchakato wa kuchakata EPS. Watu wengi hawajui kuwa povu linaweza kuyeyushwa na kwamba joto la kuyeyusha EPS ni nyuzi joto 150. <\/p>   <div class=\"wp-block-image\"> <figure class=\"aligncenter size-full is-resized\"><img loading=\"lazy\" decoding=\"async\" width=\"720\" height=\"540\" src=\"https:\/\/www.plasticgranularmachine.com\/wp-content\/uploads\/2022\/11\/EPS-Hot-Melting-Recycling-Machine-2.webp\" alt=\"EPS Het Sm\u00e4lt \u00c5tervinningsmaskin\" class=\"wp-image-1049\" style=\"width:720px;height:auto\" srcset=\"https:\/\/www.plasticgranularmachine.com\/wp-content\/uploads\/2022\/11\/EPS-Hot-Melting-Recycling-Machine-2.webp 720w, https:\/\/www.plasticgranularmachine.com\/wp-content\/uploads\/2022\/11\/EPS-Hot-Melting-Recycling-Machine-2-300x225.webp 300w, https:\/\/www.plasticgranularmachine.com\/wp-content\/uploads\/2022\/11\/EPS-Hot-Melting-Recycling-Machine-2-16x12.webp 16w\" sizes=\"auto, (max-width: 720px) 100vw, 720px\" \/><figcaption class=\"wp-element-caption\">EPS Het Sm\u00e4lt \u00c5tervinningsmaskin<\/figcaption><\/figure> <\/div>   <h2 class=\"wp-block-heading\">Varf\u00f6r anv\u00e4nda EPS Hot Melt-\u00e5tervinningsmaskin?<\/h2>    <p>Kadri nchi zinavyozingatia zaidi ulinzi wa mazingira, tasnia ya kuchakata taka za plastiki imekuwa ikikua kwa kasi. Mbali na filamu za plastiki na chupa za plastiki za kawaida, watu wengi zaidi wanajishughulisha na kuchakata polystyrene iliyopanuliwa. Povu la EPS hutumika sana katika tasnia ya ufungaji, lakini ni kubwa na ngumu kusafirisha. <\/p>    <p class=\"translation-block\">Ili kurahisisha usafirishaji wa styrofoam, <a href=\"https:\/\/www.plasticgranularmachine.com\/sw\/\">Efficient Machinery<\/a> imeunda mashine mpya inayoweza kuyeyusha haraka na kubana povu la EPS lililotumika. Povu la EPS lililoyeyushwa ni rahisi kusafirisha na kuhifadhi. Pia, povu lililoyeyushwa linaweza kwenda moja kwa moja kwenye mfumo wa kusaga povu la EPS katika mstari wa mchakato wa kuchakata EPS.<\/p>   <div class=\"wp-block-image\"> <figure class=\"aligncenter size-full\"><img loading=\"lazy\" decoding=\"async\" width=\"720\" height=\"540\" src=\"https:\/\/www.plasticgranularmachine.com\/wp-content\/uploads\/2022\/11\/EPS-foam-melting-machine.webp\" alt=\"Mashine ya kuyeyusha povu ya EPS\" class=\"wp-image-1168\" srcset=\"https:\/\/www.plasticgranularmachine.com\/wp-content\/uploads\/2022\/11\/EPS-foam-melting-machine.webp 720w, https:\/\/www.plasticgranularmachine.com\/wp-content\/uploads\/2022\/11\/EPS-foam-melting-machine-300x225.webp 300w, https:\/\/www.plasticgranularmachine.com\/wp-content\/uploads\/2022\/11\/EPS-foam-melting-machine-16x12.webp 16w\" sizes=\"auto, (max-width: 720px) 100vw, 720px\" \/><figcaption class=\"wp-element-caption\">Mashine ya kuyeyusha povu ya EPS<\/figcaption><\/figure> <\/div>   <h2 class=\"wp-block-heading\">Faida za Mashine ya Kuyeyusha EPS kwa Moto<\/h2>    <ol class=\"wp-block-list\"> <li>Mashine ya kuchakata povu ya EPS kwa kuyeyusha moto ina sifa za uendeshaji rahisi, nafasi ndogo, na usafirishaji rahisi wa bidhaa zilizomalizika.<\/li>    <li>Kazi ya kudhibiti joto kiotomatiki inaweza kuzuia kasoro katika mchakato wa kazi ili kufikia athari inayotarajiwa ya kuyeyusha.<\/li>    <li>Nguvu ya mashine ni kati ya 18.5-22.5kw. Ikiwa na sifa za kuokoa nishati na umeme.<\/li>    <li>Aina mbalimbali za mashine za kuyeyusha EPS kwa moto zinazouzwa (kg 100 kwa saa hadi kg 250 kwa saa). Wateja wanaweza kuchagua mashine sahihi kulingana na mahitaji yao.<\/li>    <li>Mashine ya eps haitabadilisha sifa za kimwili za povu la EPS, jambo ambalo linafaa kwa urejelezaji zaidi.<\/li>    <li>Mashine imetengenezwa kwa nyenzo za ubora wa juu, ambayo ina maisha marefu ya huduma na inastahimili uchakavu<\/li> <\/ol>   <div class=\"wp-block-image\"> <figure class=\"aligncenter size-full\"><img loading=\"lazy\" decoding=\"async\" width=\"720\" height=\"540\" src=\"https:\/\/www.plasticgranularmachine.com\/wp-content\/uploads\/2022\/11\/styrofoam-densifier-in-plant.webp\" alt=\"mashine ya kubana styrofoam kiwandani\" class=\"wp-image-1169\" srcset=\"https:\/\/www.plasticgranularmachine.com\/wp-content\/uploads\/2022\/11\/styrofoam-densifier-in-plant.webp 720w, https:\/\/www.plasticgranularmachine.com\/wp-content\/uploads\/2022\/11\/styrofoam-densifier-in-plant-300x225.webp 300w, https:\/\/www.plasticgranularmachine.com\/wp-content\/uploads\/2022\/11\/styrofoam-densifier-in-plant-16x12.webp 16w\" sizes=\"auto, (max-width: 720px) 100vw, 720px\" \/><figcaption class=\"wp-element-caption\">mashine ya kubana styrofoam kiwandani<\/figcaption><\/figure> <\/div>   <h2 class=\"wp-block-heading\">Video ya Mashine ya Kuyeyusha Povu ya EPS<\/h2>    <figure class=\"wp-block-embed is-type-video is-provider-youtube wp-block-embed-youtube wp-embed-aspect-16-9 wp-has-aspect-ratio\"><div class=\"wp-block-embed__wrapper\"> <iframe loading=\"lazy\" title=\"Mashine ya Kurejeleza Povu ya EPS kwa Kuyeyusha Moto | Je, Mashine ya Kurejeleza Povu ya EPS kwa Kuyeyusha Moto Inafanya Kazi Vipi?\" width=\"500\" height=\"281\" src=\"https:\/\/www.youtube.com\/embed\/V0gvqkG6NeY?feature=oembed\" frameborder=\"0\" allow=\"accelerometer; autoplay; clipboard-write; encrypted-media; gyroscope; picture-in-picture; web-share\" referrerpolicy=\"strict-origin-when-cross-origin\" allowfullscreen><\/iframe> <\/div><figcaption class=\"wp-element-caption\">Mchakato wa Kazi wa Mashine ya Kurejeleza Povu ya EPS kwa Kuyeyusha Moto<\/figcaption><\/figure>    <h2 class=\"wp-block-heading\">Upeo wa Matumizi ya Mashine ya Kuyeyusha Povu ya EPS<\/h2>    <p class=\"translation-block\">Mashine hii ya kuchakata povu ya EPS kwa kuyeyusha moto inaweza kuyeyusha na kubana aina nyingi za vifaa vya povu kama vile EPS, EPP, EPE, na <a href=\"https:\/\/en.wikipedia.org\/wiki\/Ethylene-vinyl_acetate\" target=\"_blank\" rel=\"noopener\">EVA<\/a> katika joto la juu. Vifaa vya kawaida vya povu ni masanduku ya chakula cha haraka, masanduku ya ufungaji, n.k. Hivyo mashine hiyo inafaa kwa viwanda mbalimbali vya kuchakata plastiki.<\/p>    <p class=\"translation-block\">Kwa kawaida hutumika na <a href=\"https:\/\/www.plasticgranularmachine.com\/sw\/product\/foam-crushing-machine\/\" data-type=\"link\" data-id=\"https:\/\/www.plasticgranularmachine.com\/product\/foam-crushing-machine\/\">crusher ya povu<\/a> kwa ajili ya kutayarisha povu kabla ya kuunda chembechembe. Mashine za kuchakata povu za EPS kwa kuyeyusha moto zinapatikana katika mifano mbalimbali ili kukidhi mahitaji ya uzalishaji wa mistari tofauti ya kuchakata povu.<\/p>   <div class=\"wp-block-image\"> <figure class=\"aligncenter size-full\"><img loading=\"lazy\" decoding=\"async\" width=\"750\" height=\"795\" src=\"https:\/\/www.plasticgranularmachine.com\/wp-content\/uploads\/2022\/11\/application-scope.webp\" alt=\"upeo wa matumizi\" class=\"wp-image-428\" srcset=\"https:\/\/www.plasticgranularmachine.com\/wp-content\/uploads\/2022\/11\/application-scope.webp 750w, https:\/\/www.plasticgranularmachine.com\/wp-content\/uploads\/2022\/11\/application-scope-283x300.webp 283w\" sizes=\"auto, (max-width: 750px) 100vw, 750px\" \/><figcaption class=\"wp-element-caption\">upeo wa matumizi<\/figcaption><\/figure> <\/div>   <h2 class=\"wp-block-heading\">Je, Kanuni ya Kazi ya Mashine Ni Ipi?<\/h2>    <p>Mashine ya kuyeyusha povu kwa moto inatumia sana muundo wa sahani ya kuvuta, na joto kutoka kwenye sahani ya kupasha joto huhamishiwa kwenye uso uliounganishwa wa plastiki ya juu na chini kwa njia ya kupasha joto kwa umeme. <\/p>    <p>Kisha inafanya uso wake kuyeyuka, na kisha kuunganisha na kugandisha uso uliyeyushwa wa vipande vya kupasha joto vya juu na chini, na kisha kuziunganisha kuwa kitu kimoja. <\/p>    <p>Mwili mzima wa mashine uko katika mfumo wa fremu, hasa unajumuisha sahani tatu: template ya juu, template ya chini, na template ya moto. <\/p>    <p>Mashine ya kuchakata povu ya EPS kwa kuyeyusha moto inategemea zaidi udhibiti wa nyumatiki. Wakati wa kulehemu, kipande cha kazi huwekwa kwenye moldi zenye sehemu mbili na sahani ya kupasha joto huwekwa kati ya povu. Wakati joto la sahani ya kupasha joto linapoongezeka, povu la EPS huanza kuyeyuka.<\/p>   <div class=\"wp-block-image\"> <figure class=\"aligncenter size-full\"><img loading=\"lazy\" decoding=\"async\" width=\"720\" height=\"540\" src=\"https:\/\/www.plasticgranularmachine.com\/wp-content\/uploads\/2022\/11\/eps-hot-melting-machine.webp\" alt=\"mashine ya kuyeyusha eps kwa moto\" class=\"wp-image-429\" srcset=\"https:\/\/www.plasticgranularmachine.com\/wp-content\/uploads\/2022\/11\/eps-hot-melting-machine.webp 720w, https:\/\/www.plasticgranularmachine.com\/wp-content\/uploads\/2022\/11\/eps-hot-melting-machine-300x225.webp 300w\" sizes=\"auto, (max-width: 720px) 100vw, 720px\" \/><figcaption class=\"wp-element-caption\">Mashine ya kuyeyusha EPS kwa moto<\/figcaption><\/figure> <\/div>   <h2 class=\"wp-block-heading\">Data za Kiufundi za Mashine ya Kurejeleza Povu ya EPS kwa Kuyeyusha Moto<\/h2>    <figure class=\"wp-block-table\"><table><tbody><tr><td>Aina<\/td><td>Vipimo vya Nje (mm)<\/td><td>Ukubwa wa Bandari ya Kulisha (mm)<\/td><td>Nguvu ya Kuingiza (kW)<\/td><td>Uwezo (kg\/h)<\/td><\/tr><tr><td>SL-220<\/td><td>1500*800*1450<\/td><td>450*600<\/td><td>15<\/td><td>100-150<\/td><\/tr><tr><td>SL-880<\/td><td>1580*1300*850<\/td><td>800*600<\/td><td>18.5<\/td><td>150-200<\/td><\/tr><tr><td>SL-1000<\/td><td>1900*1580*900<\/td><td>1000*700<\/td><td>22<\/td><td>200-250<\/td><\/tr><\/tbody><\/table><figcaption class=\"wp-element-caption\">Vigezo vya baadhi ya mashine za kuyeyusha styrofoam zinazouzwa sana<\/figcaption><\/figure>    <p>Detta \u00e4r tre av Efficients b\u00e4sts\u00e4ljande EPS-\u00e5tervinningsmaskiner. F\u00f6rutom dessa tre modeller har vi ocks\u00e5 ett sortiment av EPS-sm\u00e4ltsmaskiner till salu. Dessutom erbjuder vi ocks\u00e5 skr\u00e4ddarsydd service. Om du beh\u00f6ver denna maskin, tveka inte att kontakta oss.<\/p>   <div class=\"wp-block-image\"> <figure class=\"aligncenter size-full\"><img loading=\"lazy\" decoding=\"async\" width=\"720\" height=\"540\" src=\"https:\/\/www.plasticgranularmachine.com\/wp-content\/uploads\/2022\/08\/eps-foam-after-crushing.jpg\" alt=\"povu la eps baada ya kusagwa\" class=\"wp-image-345\" srcset=\"https:\/\/www.plasticgranularmachine.com\/wp-content\/uploads\/2022\/08\/eps-foam-after-crushing.jpg 720w, https:\/\/www.plasticgranularmachine.com\/wp-content\/uploads\/2022\/08\/eps-foam-after-crushing-300x225.jpg 300w\" sizes=\"auto, (max-width: 720px) 100vw, 720px\" \/><figcaption class=\"wp-element-caption\">povu la eps baada ya kusagwa<\/figcaption><\/figure> <\/div>   <h2 class=\"wp-block-heading\">Kuhusu Usafirishaji<\/h2>    <ul class=\"wp-block-list\"> <li>Muda wa kuandaa mashine maalum ni takriban siku 20.<\/li>    <li>Ripoti mara kwa mara maendeleo ya uzalishaji na kukutumia video za mashine ya majaribio.<\/li>    <li>Safirisha kupitia vifaa vya kimataifa.<\/li>    <li>Tunaweza kutoa msaada wa kiufundi na huduma za ufungaji mahali baada ya mashine kuwasili.<\/li>    <li>Dhamana ya mwaka mmoja hutolewa.<\/li> <\/ul>    <p>S\u00e5 vad v\u00e4ntar du p\u00e5? R\u00e5dg\u00f6r nu och njut av det rabatterade priset. Om du \u00e4r intresserad, tveka inte att kontakta oss f\u00f6r dessa p\u00e5litiga \u00e5tervinningsmaskiner.<\/p>","protected":false},"excerpt":{"rendered":"<p>Mashine ya kuchakata povu ya EPS kwa kuyeyusha moto inaweza kubana na kuyeyusha povu. Mashine hiyo inachukua nafasi ndogo na ina ufanisi mkubwa wa kazi.<\/p>","protected":false},"author":1,"featured_media":1166,"parent":0,"template":"","tags":[33],"product-type":[4],"class_list":["post-425","product","type-product","status-publish","has-post-thumbnail","hentry","tag-styrofoam-recycling","product-type-crushing-machine"],"_links":{"self":[{"href":"https:\/\/www.plasticgranularmachine.com\/sw\/wp-json\/wp\/v2\/product\/425","targetHints":{"allow":["GET"]}}],"collection":[{"href":"https:\/\/www.plasticgranularmachine.com\/sw\/wp-json\/wp\/v2\/product"}],"about":[{"href":"https:\/\/www.plasticgranularmachine.com\/sw\/wp-json\/wp\/v2\/types\/product"}],"author":[{"embeddable":true,"href":"https:\/\/www.plasticgranularmachine.com\/sw\/wp-json\/wp\/v2\/users\/1"}],"wp:featuredmedia":[{"embeddable":true,"href":"https:\/\/www.plasticgranularmachine.com\/sw\/wp-json\/wp\/v2\/media\/1166"}],"wp:attachment":[{"href":"https:\/\/www.plasticgranularmachine.com\/sw\/wp-json\/wp\/v2\/media?parent=425"}],"wp:term":[{"taxonomy":"post_tag","embeddable":true,"href":"https:\/\/www.plasticgranularmachine.com\/sw\/wp-json\/wp\/v2\/tags?post=425"},{"taxonomy":"product-type","embeddable":true,"href":"https:\/\/www.plasticgranularmachine.com\/sw\/wp-json\/wp\/v2\/product-type?post=425"}],"curies":[{"name":"wp","href":"https:\/\/api.w.org\/{rel}","templated":true}]}}