{"id":436,"date":"2022-12-09T14:32:01","date_gmt":"2022-12-09T06:32:01","guid":{"rendered":"https:\/\/www.plasticgranularmachine.com\/?post_type=product&#038;p=436"},"modified":"2025-02-06T14:35:44","modified_gmt":"2025-02-06T06:35:44","slug":"plastic-film-washing-machine","status":"publish","type":"product","link":"https:\/\/www.plasticgranularmachine.com\/sw\/product\/plastic-film-washing-machine\/","title":{"rendered":"Plastfilm Tv\u00e4ttmaskin"},"content":{"rendered":"<p class=\"translation-block\">Plastfilms Tv\u00e4ttmaskinen kan reng\u00f6ra f\u00f6roreningar och fl\u00e4ckar som \u00e4r f\u00e4sta vid plastfilmen och \u00e4r en viktig maskin i <a href=\"https:\/\/www.plasticgranularmachine.com\/sw\/product\/plastic-film-recycling-line\/\">PE PP film\u00e5tervinningslinjen<\/a>. Den kan sk\u00f6lja plastfilmen. Genom reng\u00f6ring kommer ledead sediment och jord att avs\u00e4ttas i botten av tanken. Endast den rengjorda plastfilmen kan uppn\u00e5 en b\u00e4ttre granuleringseffekt.<\/p>    <figure class=\"wp-block-gallery has-nested-images columns-default is-cropped wp-block-gallery-2 is-layout-flex wp-block-gallery-is-layout-flex\"> <figure class=\"wp-block-image size-full\"><img loading=\"lazy\" decoding=\"async\" width=\"720\" height=\"540\" data-id=\"1488\" src=\"https:\/\/www.plasticgranularmachine.com\/wp-content\/uploads\/2022\/12\/PP-PE-films-to-be-recycled.webp\" alt=\"PP PE-filmer som ska \u00e5tervinnas\" class=\"wp-image-1488\" srcset=\"https:\/\/www.plasticgranularmachine.com\/wp-content\/uploads\/2022\/12\/PP-PE-films-to-be-recycled.webp 720w, https:\/\/www.plasticgranularmachine.com\/wp-content\/uploads\/2022\/12\/PP-PE-films-to-be-recycled-300x225.webp 300w, https:\/\/www.plasticgranularmachine.com\/wp-content\/uploads\/2022\/12\/PP-PE-films-to-be-recycled-16x12.webp 16w\" sizes=\"auto, (max-width: 720px) 100vw, 720px\" \/><figcaption class=\"wp-element-caption\">PP PE-filmer som ska \u00e5tervinnas<\/figcaption><\/figure>    <figure class=\"wp-block-image size-large\"><img loading=\"lazy\" decoding=\"async\" width=\"720\" height=\"540\" data-id=\"1487\" src=\"https:\/\/www.plasticgranularmachine.com\/wp-content\/uploads\/2022\/12\/PP-film-recycling-line-2.webp\" alt=\"PP-film\u00e5tervinningslinje\" class=\"wp-image-1487\" srcset=\"https:\/\/www.plasticgranularmachine.com\/wp-content\/uploads\/2022\/12\/PP-film-recycling-line-2.webp 720w, https:\/\/www.plasticgranularmachine.com\/wp-content\/uploads\/2022\/12\/PP-film-recycling-line-2-300x225.webp 300w, https:\/\/www.plasticgranularmachine.com\/wp-content\/uploads\/2022\/12\/PP-film-recycling-line-2-16x12.webp 16w\" sizes=\"auto, (max-width: 720px) 100vw, 720px\" \/><figcaption class=\"wp-element-caption\">PP-film\u00e5tervinningslinje<\/figcaption><\/figure>    <figure class=\"wp-block-image size-full\"><img loading=\"lazy\" decoding=\"async\" width=\"720\" height=\"540\" data-id=\"1486\" src=\"https:\/\/www.plasticgranularmachine.com\/wp-content\/uploads\/2022\/12\/high-purity-plastic-film-pieces.webp\" alt=\"h\u00f6g-renhet plastfilmsskivor\" class=\"wp-image-1486\" srcset=\"https:\/\/www.plasticgranularmachine.com\/wp-content\/uploads\/2022\/12\/high-purity-plastic-film-pieces.webp 720w, https:\/\/www.plasticgranularmachine.com\/wp-content\/uploads\/2022\/12\/high-purity-plastic-film-pieces-300x225.webp 300w, https:\/\/www.plasticgranularmachine.com\/wp-content\/uploads\/2022\/12\/high-purity-plastic-film-pieces-16x12.webp 16w\" sizes=\"auto, (max-width: 720px) 100vw, 720px\" \/><figcaption class=\"wp-element-caption\">h\u00f6g-renhet plastfilmsskivor<\/figcaption><\/figure> <\/figure>    <h2 class=\"wp-block-heading\">Arbetsprincip f\u00f6r plastfilmsv\u00e4ttmaskinen<\/h2>    <p class=\"translation-block\">Principen f\u00f6r PE-filmuttv\u00e4ttmaskinen \u00e4r mycket enkel. Det finns flera tandskivor inuti plastskroppsv\u00e4tningsmaskinen. Under maskinens drift kommer tandskivorna att rotera och driva PP PE-filmen fram\u00e5t. N\u00e4r materialet r\u00f6r sig fr\u00e5n ena \u00e4nden till den andra blir plastfilmen ordentligt sk\u00f6ljd. Det b\u00f6r noteras att den plastfilm som ska reng\u00f6ras b\u00f6r vara plastfilmen som krossats av <a href=\"https:\/\/www.plasticgranularmachine.com\/sw\/product\/plastic-film-crusher\/\">plastfilmskrossen<\/a>.<\/p>    <figure class=\"wp-block-gallery has-nested-images columns-default is-cropped wp-block-gallery-3 is-layout-flex wp-block-gallery-is-layout-flex\"> <figure class=\"wp-block-image size-full\"><img loading=\"lazy\" decoding=\"async\" width=\"720\" height=\"540\" data-id=\"1490\" src=\"https:\/\/www.plasticgranularmachine.com\/wp-content\/uploads\/2022\/12\/pe-film-washing-machine.webp\" alt=\"pe film tv\u00e4ttmaskin\" class=\"wp-image-1490\" srcset=\"https:\/\/www.plasticgranularmachine.com\/wp-content\/uploads\/2022\/12\/pe-film-washing-machine.webp 720w, https:\/\/www.plasticgranularmachine.com\/wp-content\/uploads\/2022\/12\/pe-film-washing-machine-300x225.webp 300w, https:\/\/www.plasticgranularmachine.com\/wp-content\/uploads\/2022\/12\/pe-film-washing-machine-16x12.webp 16w\" sizes=\"auto, (max-width: 720px) 100vw, 720px\" \/><figcaption class=\"wp-element-caption\">pe film tv\u00e4ttmaskin<\/figcaption><\/figure>    <figure class=\"wp-block-image size-large\"><img loading=\"lazy\" decoding=\"async\" width=\"720\" height=\"541\" data-id=\"1489\" src=\"https:\/\/www.plasticgranularmachine.com\/wp-content\/uploads\/2022\/12\/plastic-film-washing-machine-1.webp\" alt=\"plastfilm tv\u00e4ttmaskin\" class=\"wp-image-1489\" srcset=\"https:\/\/www.plasticgranularmachine.com\/wp-content\/uploads\/2022\/12\/plastic-film-washing-machine-1.webp 720w, https:\/\/www.plasticgranularmachine.com\/wp-content\/uploads\/2022\/12\/plastic-film-washing-machine-1-300x225.webp 300w, https:\/\/www.plasticgranularmachine.com\/wp-content\/uploads\/2022\/12\/plastic-film-washing-machine-1-16x12.webp 16w\" sizes=\"auto, (max-width: 720px) 100vw, 720px\" \/><figcaption class=\"wp-element-caption\">plastfilm tv\u00e4ttmaskin<\/figcaption><\/figure> <\/figure>    <figure class=\"wp-block-gallery has-nested-images columns-default is-cropped wp-block-gallery-4 is-layout-flex wp-block-gallery-is-layout-flex\"> <figure class=\"wp-block-image size-full\"><img loading=\"lazy\" decoding=\"async\" width=\"720\" height=\"540\" data-id=\"1492\" src=\"https:\/\/www.plasticgranularmachine.com\/wp-content\/uploads\/2022\/12\/rotary-pushers-of-plastic-film-washing-machine.webp\" alt=\"rotationsstas av plastfilms tv\u00e4ttmaskin\" class=\"wp-image-1492\" srcset=\"https:\/\/www.plasticgranularmachine.com\/wp-content\/uploads\/2022\/12\/rotary-pushers-of-plastic-film-washing-machine.webp 720w, https:\/\/www.plasticgranularmachine.com\/wp-content\/uploads\/2022\/12\/rotary-pushers-of-plastic-film-washing-machine-300x225.webp 300w, https:\/\/www.plasticgranularmachine.com\/wp-content\/uploads\/2022\/12\/rotary-pushers-of-plastic-film-washing-machine-16x12.webp 16w\" sizes=\"auto, (max-width: 720px) 100vw, 720px\" \/><figcaption class=\"wp-element-caption\">rotationsstas av plastfilms tv\u00e4ttmaskin<\/figcaption><\/figure>    <figure class=\"wp-block-image size-full\"><img loading=\"lazy\" decoding=\"async\" width=\"720\" height=\"540\" data-id=\"1493\" src=\"https:\/\/www.plasticgranularmachine.com\/wp-content\/uploads\/2022\/12\/toothed-plates-of-the-pe-film-washing-machine.webp\" alt=\"t\u00e4nderna p\u00e5 pe-filmuttv\u00e4ttmaskinens skivor\" class=\"wp-image-1493\" srcset=\"https:\/\/www.plasticgranularmachine.com\/wp-content\/uploads\/2022\/12\/toothed-plates-of-the-pe-film-washing-machine.webp 720w, https:\/\/www.plasticgranularmachine.com\/wp-content\/uploads\/2022\/12\/toothed-plates-of-the-pe-film-washing-machine-300x225.webp 300w, https:\/\/www.plasticgranularmachine.com\/wp-content\/uploads\/2022\/12\/toothed-plates-of-the-pe-film-washing-machine-16x12.webp 16w\" sizes=\"auto, (max-width: 720px) 100vw, 720px\" \/><figcaption class=\"wp-element-caption\">t\u00e4nderna p\u00e5 pe-filmuttv\u00e4ttmaskinens skivor<\/figcaption><\/figure> <\/figure>    <h2 class=\"wp-block-heading\">Parametrar f\u00f6r PE-filmuttv\u00e4ttsmaskinen<\/h2>    <p>Nedan f\u00f6ljer n\u00e5gra parametrar f\u00f6r plastfilmsv\u00e4ttmaskiner f\u00f6r referens; vi kommer att tillhandah\u00e5lla anpassade PP PE-filmuttv\u00e4ttmaskiner enligt den faktiska produktionen. Var v\u00e4nlig meddela oss dina produktionkrav!<\/p>    <figure class=\"wp-block-table aligncenter\"><table class=\"has-fixed-layout\"><tbody><tr><td>Namn<\/td><td>Plasttv\u00e4ttmaskin<\/td><\/tr><tr><td>Ukubwa<\/td><td>15-20m<\/td><\/tr><tr><td>Motorstyrka<\/td><td>3KW<\/td><\/tr><tr><td>Malighafi<\/td><td>PP, PE, PET, LDPE, osv.<\/td><\/tr><tr><td>Kazi<\/td><td>Rena PP PE-filmer och f\u00f6rb\u00e4ttra renheten<\/td><\/tr><tr><td>Huduma<\/td><td>Anpassat, ett \u00e5rs garanti och teknisk support<\/td><\/tr><\/tbody><\/table><\/figure>   <div class=\"wp-block-image\"> <figure class=\"aligncenter size-full\"><img loading=\"lazy\" decoding=\"async\" width=\"720\" height=\"540\" src=\"https:\/\/www.plasticgranularmachine.com\/wp-content\/uploads\/2022\/12\/plastic-washing-machine.webp\" alt=\"plasttv\u00e4ttmaskin\" class=\"wp-image-1494\" srcset=\"https:\/\/www.plasticgranularmachine.com\/wp-content\/uploads\/2022\/12\/plastic-washing-machine.webp 720w, https:\/\/www.plasticgranularmachine.com\/wp-content\/uploads\/2022\/12\/plastic-washing-machine-300x225.webp 300w, https:\/\/www.plasticgranularmachine.com\/wp-content\/uploads\/2022\/12\/plastic-washing-machine-16x12.webp 16w\" sizes=\"auto, (max-width: 720px) 100vw, 720px\" \/><figcaption class=\"wp-element-caption\">plasttv\u00e4ttmaskin<\/figcaption><\/figure> <\/div>   <h2 class=\"wp-block-heading\">Vad \u00e4r f\u00f6rdelarna med plastskrots tv\u00e4ttmaskin?<\/h2>    <ol class=\"wp-block-list\"> <li>Plastst\u00e4daren \u00e4r tillverkad av rostfritt st\u00e5l, som inte \u00e4r l\u00e4tt att rosta.<\/li>    <li>Anpassade tj\u00e4nster kan tillhandah\u00e5llas. Vi kan anpassa det efter v\u00e5ra krav.<\/li>    <li>Bra reng\u00f6ringsresultat. Rengjord plastfilm \u00e4r fri fr\u00e5n f\u00f6roreningar, utan trassling och utan brott.<\/li>    <li>Perfekt ansluten till plasttorkar etc., och anv\u00e4nds tillsammans f\u00f6r att \u00f6ka effektiviteten i plastfilms\u00e5tervinning.<\/li> <\/ol>    <figure class=\"wp-block-gallery has-nested-images columns-default is-cropped wp-block-gallery-5 is-layout-flex wp-block-gallery-is-layout-flex\"> <figure class=\"wp-block-image size-large\"><img loading=\"lazy\" decoding=\"async\" width=\"720\" height=\"540\" data-id=\"1496\" src=\"https:\/\/www.plasticgranularmachine.com\/wp-content\/uploads\/2022\/12\/plastic-scrap-washing-machine.webp\" alt=\"plastskrot tv\u00e4ttmaskin\" class=\"wp-image-1496\" srcset=\"https:\/\/www.plasticgranularmachine.com\/wp-content\/uploads\/2022\/12\/plastic-scrap-washing-machine.webp 720w, https:\/\/www.plasticgranularmachine.com\/wp-content\/uploads\/2022\/12\/plastic-scrap-washing-machine-300x225.webp 300w, https:\/\/www.plasticgranularmachine.com\/wp-content\/uploads\/2022\/12\/plastic-scrap-washing-machine-16x12.webp 16w\" sizes=\"auto, (max-width: 720px) 100vw, 720px\" \/><figcaption class=\"wp-element-caption\">plastskrot tv\u00e4ttmaskin<\/figcaption><\/figure>    <figure class=\"wp-block-image size-large\"><img loading=\"lazy\" decoding=\"async\" width=\"720\" height=\"540\" data-id=\"1495\" src=\"https:\/\/www.plasticgranularmachine.com\/wp-content\/uploads\/2022\/12\/pe-film-washing-machine-with-vertical-plastic-dryer.webp\" alt=\"pe-filmuttv\u00e4ttmaskin med vertikal plasttork\" class=\"wp-image-1495\" srcset=\"https:\/\/www.plasticgranularmachine.com\/wp-content\/uploads\/2022\/12\/pe-film-washing-machine-with-vertical-plastic-dryer.webp 720w, https:\/\/www.plasticgranularmachine.com\/wp-content\/uploads\/2022\/12\/pe-film-washing-machine-with-vertical-plastic-dryer-300x225.webp 300w, https:\/\/www.plasticgranularmachine.com\/wp-content\/uploads\/2022\/12\/pe-film-washing-machine-with-vertical-plastic-dryer-16x12.webp 16w\" sizes=\"auto, (max-width: 720px) 100vw, 720px\" \/><figcaption class=\"wp-element-caption\">pe-filmuttv\u00e4ttmaskin med vertikal plasttork<\/figcaption><\/figure> <\/figure>    <h2 class=\"wp-block-heading\">Till\u00e4mpningsomf\u00e5ng f\u00f6r plastfilmvattenmaskin<\/h2>    <p class=\"translation-block\">V\u00e5r PP PE LDPE plasttv\u00e4ttmaskin \u00e4r inte bara l\u00e4mplig f\u00f6r reng\u00f6ring av plastfilmer utan \u00e4ven f\u00f6r reng\u00f6ring av plastflingor. Oavsett om ditt material \u00e4r PE, <a href=\"https:\/\/en.wikipedia.org\/wiki\/Polypropylene\" target=\"_blank\" rel=\"noopener\">PP<\/a>, eller PET. Denna maskin kan hj\u00e4lpa dig att reng\u00f6ra det.<\/p>    <h2 class=\"wp-block-heading\">Pris f\u00f6r plastskrapsv\u00e4ttmaskin<\/h2>    <p>Priset p\u00e5 plastfilmsv\u00e4ttmaskinen p\u00e5verkas av m\u00e5nga faktorer. Vi beh\u00f6ver k\u00e4nna till dina behov, din plats och om det finns andra speciella krav innan vi kan ge en exakt offert. Dessutom p\u00e5verkas priset p\u00e5 PE-filmuttv\u00e4ttsmaskiner av r\u00e5material, exportpolicyer och modeller av maskiner. D\u00e4rf\u00f6r \u00e4r priset p\u00e5 plasttv\u00e4ttmaskiner inte fast. Om leverant\u00f6ren av plast\u00e5tervinningsmaskiner kan ge dig en offert utan att fr\u00e5ga efter n\u00e5gon information, \u00e4r han inte trov\u00e4rdig.<\/p>","protected":false},"excerpt":{"rendered":"<p>The plastic film washing machine can clean the impurities and stains attached to the plastic film and is an important machine in the PE PP film recycling line. It can rinse the plastic film. Through cleaning, the attached sediment and soil will be deposited at the bottom of the tank. Only the cleaned plastic film [&hellip;]<\/p>\n","protected":false},"author":1,"featured_media":113,"parent":0,"template":"","tags":[41,39],"product-type":[6],"class_list":["post-436","product","type-product","status-publish","has-post-thumbnail","hentry","tag-plastic-film-recycling","tag-washing","product-type-washing-machine"],"_links":{"self":[{"href":"https:\/\/www.plasticgranularmachine.com\/sw\/wp-json\/wp\/v2\/product\/436","targetHints":{"allow":["GET"]}}],"collection":[{"href":"https:\/\/www.plasticgranularmachine.com\/sw\/wp-json\/wp\/v2\/product"}],"about":[{"href":"https:\/\/www.plasticgranularmachine.com\/sw\/wp-json\/wp\/v2\/types\/product"}],"author":[{"embeddable":true,"href":"https:\/\/www.plasticgranularmachine.com\/sw\/wp-json\/wp\/v2\/users\/1"}],"wp:featuredmedia":[{"embeddable":true,"href":"https:\/\/www.plasticgranularmachine.com\/sw\/wp-json\/wp\/v2\/media\/113"}],"wp:attachment":[{"href":"https:\/\/www.plasticgranularmachine.com\/sw\/wp-json\/wp\/v2\/media?parent=436"}],"wp:term":[{"taxonomy":"post_tag","embeddable":true,"href":"https:\/\/www.plasticgranularmachine.com\/sw\/wp-json\/wp\/v2\/tags?post=436"},{"taxonomy":"product-type","embeddable":true,"href":"https:\/\/www.plasticgranularmachine.com\/sw\/wp-json\/wp\/v2\/product-type?post=436"}],"curies":[{"name":"wp","href":"https:\/\/api.w.org\/{rel}","templated":true}]}}