{"id":447,"date":"2022-12-15T14:18:51","date_gmt":"2022-12-15T06:18:51","guid":{"rendered":"https:\/\/www.plasticgranularmachine.com\/?post_type=product&#038;p=447"},"modified":"2025-01-06T09:47:19","modified_gmt":"2025-01-06T01:47:19","slug":"eps-compactor-for-resycling-eps-foam","status":"publish","type":"product","link":"https:\/\/www.plasticgranularmachine.com\/sw\/product\/eps-compactor-for-resycling-eps-foam\/","title":{"rendered":"EPS-kompressor f\u00f6r \u00e5tervinning av frigolit Extruded Polystyrene"},"content":{"rendered":"<p>EPS-kompaktorn kallas ocks\u00e5 polystyrenkompaktorn och EPS-styrofoam \u00e5tervinningskompaktorn. Det \u00e4r en maskin som kan komprimera stora m\u00e4ngder skum till skumblock med h\u00f6g densitet.<\/p>    <p>EPS-kompaktorn kan minska volymen p\u00e5 skummet med 40 g\u00e5nger. Den har h\u00f6g automatiseringsgrad, energibesparande och \u00e4r milj\u00f6v\u00e4nlig.<\/p>    <figure class=\"wp-block-embed is-type-video is-provider-youtube wp-block-embed-youtube wp-embed-aspect-16-9 wp-has-aspect-ratio\"><div class=\"wp-block-embed__wrapper\"> <iframe loading=\"lazy\" title=\"Tr\u00f6tt p\u00e5 bulor av EPS-skum? Vi har EPS-kompaktorn!\" width=\"500\" height=\"281\" src=\"https:\/\/www.youtube.com\/embed\/mx_nA33ul3w?feature=oembed\" frameborder=\"0\" allow=\"accelerometer; autoplay; clipboard-write; encrypted-media; gyroscope; picture-in-picture; web-share\" referrerpolicy=\"strict-origin-when-cross-origin\" allowfullscreen><\/iframe> <\/div><figcaption class=\"wp-element-caption\">Videon visar hur en EPS-kompaktormaskin fungerar.<\/figcaption><\/figure>    <h2 class=\"wp-block-heading\">Vilka \u00e4r f\u00f6rdelarna med den effektiva skummakompressor'n?<\/h2>    <ol class=\"wp-block-list\"> <li>Polystyrenkompaktorn \u00e4r utrustad med en krossningsenhet som direkt kan krossa stora skumplattor.<\/li>    <li>Fuktsdensiteten hos skummet som komprimeras av en styrofoam-kompaktator \u00e4r h\u00f6g, vilket kan komprimera EPS-skum med 40 g\u00e5nger.<\/li>    <li>Det finns en tryckregleringsenhet i fronten av kompressionsanordningen, som kan justera kompressionsf\u00f6rh\u00e5llandet.<\/li>    <li>Kompresserade skumblock \u00e4r l\u00e4tta att sk\u00e4ra, f\u00f6rvara och stapla.<\/li>    <li>Det luktar inte konstigt n\u00e4r maskinen anv\u00e4nds.<\/li>    <li>kompakterade EPS-material kan \u00e5tervinnas.<\/li>    <li>Storleken p\u00e5 EPS-kompaktormaskinen kan anpassas efter kundens krav<\/li> <\/ol>    <figure class=\"wp-block-gallery has-nested-images columns-default is-cropped wp-block-gallery-2 is-layout-flex wp-block-gallery-is-layout-flex\"> <figure class=\"wp-block-image size-large\"><img loading=\"lazy\" decoding=\"async\" width=\"720\" height=\"540\" data-id=\"1227\" src=\"https:\/\/www.plasticgranularmachine.com\/wp-content\/uploads\/2022\/12\/eps-compactor-machine1.webp\" alt=\"eps kompaktor maskin\" class=\"wp-image-1227\" srcset=\"https:\/\/www.plasticgranularmachine.com\/wp-content\/uploads\/2022\/12\/eps-compactor-machine1.webp 720w, https:\/\/www.plasticgranularmachine.com\/wp-content\/uploads\/2022\/12\/eps-compactor-machine1-300x225.webp 300w, https:\/\/www.plasticgranularmachine.com\/wp-content\/uploads\/2022\/12\/eps-compactor-machine1-16x12.webp 16w\" sizes=\"auto, (max-width: 720px) 100vw, 720px\" \/><figcaption class=\"wp-element-caption\">eps kompaktor maskin<\/figcaption><\/figure>    <figure class=\"wp-block-image size-large\"><img loading=\"lazy\" decoding=\"async\" width=\"720\" height=\"540\" data-id=\"1228\" src=\"https:\/\/www.plasticgranularmachine.com\/wp-content\/uploads\/2022\/12\/end-products-by-the-EPS-compactor.webp\" alt=\"slutprodukter av EPS-kompaktorn\" class=\"wp-image-1228\" srcset=\"https:\/\/www.plasticgranularmachine.com\/wp-content\/uploads\/2022\/12\/end-products-by-the-EPS-compactor.webp 720w, https:\/\/www.plasticgranularmachine.com\/wp-content\/uploads\/2022\/12\/end-products-by-the-EPS-compactor-300x225.webp 300w, https:\/\/www.plasticgranularmachine.com\/wp-content\/uploads\/2022\/12\/end-products-by-the-EPS-compactor-16x12.webp 16w\" sizes=\"auto, (max-width: 720px) 100vw, 720px\" \/><figcaption class=\"wp-element-caption\">slutprodukter av EPS-kompaktorn<\/figcaption><\/figure> <\/figure>    <h2 class=\"wp-block-heading\">Hur fungerar EPS-kompaktormaskin?<\/h2>    <ol class=\"wp-block-list\"> <li>F\u00f6rst m\u00e5ste vi l\u00e4gga EPS-skum i hoppersk\u00e5len.<\/li>    <li>Sedan g\u00e5r EPS-skumet in i krossningskammaren f\u00f6r krossning. Den skrynter som \u00e4r f\u00e4st vid EPS-kompakatoren kan krossa stora bitar av skum till sm\u00e5 bitar.<\/li>    <li>Kisha mfumo wa shaba huvuta vipande vidogo vya <a href=\"https:\/\/onlinelibrary.wiley.com\/doi\/10.1002\/app.47529\" target=\"_blank\" rel=\"noopener\">povu la EPS<\/a> katika kizuizi cha shinikizo chenye sehemu ya mstatili.<\/li> <\/ol>   <div class=\"wp-block-image\"> <figure class=\"aligncenter size-full\"><img loading=\"lazy\" decoding=\"async\" width=\"720\" height=\"540\" src=\"https:\/\/www.plasticgranularmachine.com\/wp-content\/uploads\/2022\/12\/EPS-compressor.webp\" alt=\"EPS-kompressor\" class=\"wp-image-1229\" srcset=\"https:\/\/www.plasticgranularmachine.com\/wp-content\/uploads\/2022\/12\/EPS-compressor.webp 720w, https:\/\/www.plasticgranularmachine.com\/wp-content\/uploads\/2022\/12\/EPS-compressor-300x225.webp 300w, https:\/\/www.plasticgranularmachine.com\/wp-content\/uploads\/2022\/12\/EPS-compressor-16x12.webp 16w\" sizes=\"auto, (max-width: 720px) 100vw, 720px\" \/><figcaption class=\"wp-element-caption\">EPS-kompressor<\/figcaption><\/figure> <\/div>   <h2 class=\"wp-block-heading\">EPS-kompaktator f\u00f6r f\u00f6rs\u00e4ljning<\/h2>    <figure class=\"wp-block-table\"><table><tbody><tr><td>Mfano<\/td><td>SL-300<\/td><td>SL-400<\/td><\/tr><tr><td>Kapacitet<\/td><td>150kg\/h<\/td><td>250 kg\/h<\/td><\/tr><tr><td>Inloppets storlek<\/td><td>1100*800mm<\/td><td>1200*1000mm<\/td><\/tr><tr><td>Motorkraft<\/td><td>11kw<\/td><td>22kw<\/td><\/tr><tr><td>ukubwa wa mashine<\/td><td>3000*1400*1400mm<\/td><td>4600*1600*1600mm<\/td><\/tr><\/tbody><\/table><figcaption class=\"wp-element-caption\">EPS-kompaktator till f\u00f6rs\u00e4ljning<\/figcaption><\/figure>    <p>Ovanst\u00e5ende \u00e4r parametertabellen f\u00f6r tv\u00e5 styrofoam-kompaktorer. Deras output \u00e4r 150 kg\/h och 250 kg\/h respektive. Motorstyrkan \u00e4r 11 kW respektive 22 kW. Du kan v\u00e4lja r\u00e4tt polystyrenkompaktator efter dina behov.<\/p>    <figure class=\"wp-block-gallery has-nested-images columns-default is-cropped wp-block-gallery-3 is-layout-flex wp-block-gallery-is-layout-flex\"> <figure class=\"wp-block-image size-large\"><img loading=\"lazy\" decoding=\"async\" width=\"720\" height=\"540\" data-id=\"1231\" src=\"https:\/\/www.plasticgranularmachine.com\/wp-content\/uploads\/2022\/12\/polystyrene-compactor-details1.webp\" alt=\"detaljer om polystyrenkompaktorn\" class=\"wp-image-1231\" srcset=\"https:\/\/www.plasticgranularmachine.com\/wp-content\/uploads\/2022\/12\/polystyrene-compactor-details1.webp 720w, https:\/\/www.plasticgranularmachine.com\/wp-content\/uploads\/2022\/12\/polystyrene-compactor-details1-300x225.webp 300w, https:\/\/www.plasticgranularmachine.com\/wp-content\/uploads\/2022\/12\/polystyrene-compactor-details1-16x12.webp 16w\" sizes=\"auto, (max-width: 720px) 100vw, 720px\" \/><figcaption class=\"wp-element-caption\">detaljer om polystyrenkompaktorn<\/figcaption><\/figure>    <figure class=\"wp-block-image size-large\"><img loading=\"lazy\" decoding=\"async\" width=\"720\" height=\"540\" data-id=\"1230\" src=\"https:\/\/www.plasticgranularmachine.com\/wp-content\/uploads\/2022\/12\/foam-compressor1.webp\" alt=\"skumkompressor\" class=\"wp-image-1230\" srcset=\"https:\/\/www.plasticgranularmachine.com\/wp-content\/uploads\/2022\/12\/foam-compressor1.webp 720w, https:\/\/www.plasticgranularmachine.com\/wp-content\/uploads\/2022\/12\/foam-compressor1-300x225.webp 300w, https:\/\/www.plasticgranularmachine.com\/wp-content\/uploads\/2022\/12\/foam-compressor1-16x12.webp 16w\" sizes=\"auto, (max-width: 720px) 100vw, 720px\" \/><figcaption class=\"wp-element-caption\">skumkompressor<\/figcaption><\/figure> <\/figure>    <h2 class=\"wp-block-heading\">Varf\u00f6r blir polystyrenkompaktorn mer och mer popul\u00e4r?<\/h2>    <p>Numera betonar l\u00e4nderna milj\u00f6skyddsindustrin. F\u00f6rbr\u00e4nning av EPS-skum \u00e4r alltmer o\u00f6nskat. S\u00e5 fler och fler v\u00e4ljer att investera i EPS-\u00e5tervinningsindustrin. F\u00f6r att underl\u00e4tta transport av EPS-skum beh\u00f6vs en polystyrenkompaktator f\u00f6r att minska skummets volym.<\/p>    <p class=\"translation-block\">D\u00e4rf\u00f6r blir polystyrenkompaktorer allt popul\u00e4rare. P\u00e5 Efficient Plastic Recycling Machinery Factory har vi \u00e4ven <a href=\"https:\/\/www.plasticgranularmachine.com\/sw\/product\/eps-pelletizing-machine\/\">EPS-pelletiserare<\/a>, <a href=\"https:\/\/www.plasticgranularmachine.com\/sw\/product\/foam-crushing-machine\/\">EPS-krossmaskin<\/a> och EPS-\u00e5tervinningslinje till salu. Om du beh\u00f6ver en relaterad <a href=\"https:\/\/www.plasticgranularmachine.com\/sw\/product\/eps-recycling-machine\/\">EPS-\u00e5tervinningsmaskin<\/a>, v\u00e4nligen kontakta oss.<\/p>   <div class=\"wp-block-image\"> <figure class=\"aligncenter size-large\"><img loading=\"lazy\" decoding=\"async\" width=\"720\" height=\"540\" src=\"https:\/\/www.plasticgranularmachine.com\/wp-content\/uploads\/2022\/12\/vertical-EPS-foam-compactor.webp\" alt=\"vertikal EPS-skumkompaktator\" class=\"wp-image-1234\" srcset=\"https:\/\/www.plasticgranularmachine.com\/wp-content\/uploads\/2022\/12\/vertical-EPS-foam-compactor.webp 720w, https:\/\/www.plasticgranularmachine.com\/wp-content\/uploads\/2022\/12\/vertical-EPS-foam-compactor-300x225.webp 300w, https:\/\/www.plasticgranularmachine.com\/wp-content\/uploads\/2022\/12\/vertical-EPS-foam-compactor-16x12.webp 16w\" sizes=\"auto, (max-width: 720px) 100vw, 720px\" \/><figcaption class=\"wp-element-caption\">vertikal EPS-skumkompaktator<\/figcaption><\/figure> <\/div>   <h2 class=\"wp-block-heading\">Framg\u00e5ngsfall av Styrofoam-kompaktorn till f\u00f6rs\u00e4ljning<\/h2>    <p class=\"translation-block\">I september 2022 best\u00e4llde mala syerska tv\u00e5 EPS-styrofoam\u00e5tervinningskompaktorer. Denna kund har en EPS-skum\u00e5tervinningsanl\u00e4ggning. F\u00f6rutom att producera komprimerade skumblock producerar han ocks\u00e5 EPS-korngrundor. Efter n\u00e4stan tv\u00e5 m\u00e5naders anv\u00e4ndning \u00e4r kunden mycket n\u00f6jd med output-effekten av skumkompakatoren.<\/p>   <div class=\"wp-block-image\"> <figure class=\"aligncenter size-full\"><img loading=\"lazy\" decoding=\"async\" width=\"720\" height=\"540\" src=\"https:\/\/www.plasticgranularmachine.com\/wp-content\/uploads\/2022\/12\/packing-picture.webp\" alt=\" styrofoam-kompaktator till f\u00f6rs\u00e4ljning\" class=\"wp-image-446\" srcset=\"https:\/\/www.plasticgranularmachine.com\/wp-content\/uploads\/2022\/12\/packing-picture.webp 720w, https:\/\/www.plasticgranularmachine.com\/wp-content\/uploads\/2022\/12\/packing-picture-300x225.webp 300w\" sizes=\"auto, (max-width: 720px) 100vw, 720px\" \/><figcaption class=\"wp-element-caption\"> styrofoam-kompaktator till f\u00f6rs\u00e4ljning<\/figcaption><\/figure> <\/div>   <h2 class=\"wp-block-heading\">Driftsf\u00f6reskrifter<\/h2>    <ol class=\"wp-block-list\"> <li>V\u00e4nligen bekr\u00e4fta vilken str\u00f6mf\u00f6rs\u00f6rjning maskinen anv\u00e4nder.<\/li>    <li>R\u00f6r inte handen in i materialboxen, transmissionsdelen eller uppv\u00e4rmningsdelen under drift.<\/li>    <li>S\u00e4tt p\u00e5 en spetsig mask och \u00f6ronskydd under drift.<\/li>    <li>Sk\u00f6lj inte direkt maskinen med vatten. G\u00e5 inte barfota n\u00e4r arbetsplatsen \u00e4r v\u00e5t.<\/li>    <li>N\u00e4r EPS-kompaktorn inte anv\u00e4nds, t\u00e4ck beh\u00e5llaren f\u00f6r att f\u00f6rhindra att andra f\u00f6rem\u00e5l faller ner i den.<\/li>    <li>N\u00e4r maskinen inte anv\u00e4nds, se till att bryta str\u00f6mmen.<\/li>    <li>Byt inte ut delar p\u00e5 maskinen fritt.<\/li>    <li>Huvuddelarna ska sm\u00f6rjas ofta.<\/li> <\/ol>   <div class=\"wp-block-image\"> <figure class=\"aligncenter size-full\"><img loading=\"lazy\" decoding=\"async\" width=\"720\" height=\"540\" src=\"https:\/\/www.plasticgranularmachine.com\/wp-content\/uploads\/2022\/12\/styrofoam-compactor-1.webp\" alt=\"styrofoam-kompressor\" class=\"wp-image-1233\" srcset=\"https:\/\/www.plasticgranularmachine.com\/wp-content\/uploads\/2022\/12\/styrofoam-compactor-1.webp 720w, https:\/\/www.plasticgranularmachine.com\/wp-content\/uploads\/2022\/12\/styrofoam-compactor-1-300x225.webp 300w, https:\/\/www.plasticgranularmachine.com\/wp-content\/uploads\/2022\/12\/styrofoam-compactor-1-16x12.webp 16w\" sizes=\"auto, (max-width: 720px) 100vw, 720px\" \/><figcaption class=\"wp-element-caption\">styrofoam-kompressor<\/figcaption><\/figure> <\/div>   <h2 class=\"wp-block-heading\">Fraktrelaterat f\u00f6r EPS-kompaktormaskin<\/h2>    <ol class=\"wp-block-list\"> <li>Polystyrenkompaktorn kan anpassas efter din produktionsbehov, och produktionstiden \u00e4r cirka 20 dagar.<\/li>    <li>Regelbunden uppdatering av producionsframsteg och testmaskinvideor. Bekr\u00e4fta information om skumkompressor med dig innan leverans.<\/li>    <li>V\u00e4lkommen att bes\u00f6ka v\u00e5rt effektiva fabrik f\u00f6r att inspektera v\u00e5ra EPS-kompressorer.<\/li>    <li>Safirisha kupitia vifaa vya kimataifa.<\/li>    <li>Tillhandah\u00e5lla teknisk support och installationsservice p\u00e5 plats.<\/li>    <li>En ett\u00e5rig garanti ing\u00e5r, vilket s\u00e4kerst\u00e4ller maskinens kvalitet.<\/li> <\/ol>   <div class=\"wp-block-image\"> <figure class=\"aligncenter size-full\"><img loading=\"lazy\" decoding=\"async\" width=\"720\" height=\"540\" src=\"https:\/\/www.plasticgranularmachine.com\/wp-content\/uploads\/2022\/12\/Polystyrene-Compactor-Packaging.webp\" alt=\"Polystyrenkompaktorpaketering\" class=\"wp-image-1232\" srcset=\"https:\/\/www.plasticgranularmachine.com\/wp-content\/uploads\/2022\/12\/Polystyrene-Compactor-Packaging.webp 720w, https:\/\/www.plasticgranularmachine.com\/wp-content\/uploads\/2022\/12\/Polystyrene-Compactor-Packaging-300x225.webp 300w, https:\/\/www.plasticgranularmachine.com\/wp-content\/uploads\/2022\/12\/Polystyrene-Compactor-Packaging-16x12.webp 16w\" sizes=\"auto, (max-width: 720px) 100vw, 720px\" \/><figcaption class=\"wp-element-caption\">Polystyrenkompaktorpaketering<\/figcaption><\/figure> <\/div>   <p>Sammanfattningsvis \u00e4r v\u00e5ra EPS-kompressorer p\u00e5litliga och tillr\u00e4ckligt h\u00f6gkvalitativa. Om du s\u00f6ker en utm\u00e4rkt l\u00f6sning f\u00f6r frig\u00f6rande av polystyren, tveka inte att kontakta oss. Fantastiska erbjudanden till oslagbara priser v\u00e4ntar p\u00e5 dig!<\/p>","protected":false},"excerpt":{"rendered":"<p>EPS-kompressor kan minska volymen p\u00e5 skummet med 40 g\u00e5nger. Den har k\u00e4nnetecken av h\u00f6g automationsgrad, energibesparing och f\u00f6rorening-frihet.<\/p>","protected":false},"author":1,"featured_media":1225,"parent":0,"template":"","tags":[35,33],"product-type":[4],"class_list":["post-447","product","type-product","status-publish","has-post-thumbnail","hentry","tag-crushing","tag-styrofoam-recycling","product-type-crushing-machine"],"_links":{"self":[{"href":"https:\/\/www.plasticgranularmachine.com\/sw\/wp-json\/wp\/v2\/product\/447","targetHints":{"allow":["GET"]}}],"collection":[{"href":"https:\/\/www.plasticgranularmachine.com\/sw\/wp-json\/wp\/v2\/product"}],"about":[{"href":"https:\/\/www.plasticgranularmachine.com\/sw\/wp-json\/wp\/v2\/types\/product"}],"author":[{"embeddable":true,"href":"https:\/\/www.plasticgranularmachine.com\/sw\/wp-json\/wp\/v2\/users\/1"}],"wp:featuredmedia":[{"embeddable":true,"href":"https:\/\/www.plasticgranularmachine.com\/sw\/wp-json\/wp\/v2\/media\/1225"}],"wp:attachment":[{"href":"https:\/\/www.plasticgranularmachine.com\/sw\/wp-json\/wp\/v2\/media?parent=447"}],"wp:term":[{"taxonomy":"post_tag","embeddable":true,"href":"https:\/\/www.plasticgranularmachine.com\/sw\/wp-json\/wp\/v2\/tags?post=447"},{"taxonomy":"product-type","embeddable":true,"href":"https:\/\/www.plasticgranularmachine.com\/sw\/wp-json\/wp\/v2\/product-type?post=447"}],"curies":[{"name":"wp","href":"https:\/\/api.w.org\/{rel}","templated":true}]}}