{"id":453,"date":"2022-12-23T13:44:19","date_gmt":"2022-12-23T05:44:19","guid":{"rendered":"https:\/\/www.plasticgranularmachine.com\/?post_type=product&#038;p=453"},"modified":"2025-01-06T09:57:52","modified_gmt":"2025-01-06T01:57:52","slug":"plastic-bottle-label-removing-machine","status":"publish","type":"product","link":"https:\/\/www.plasticgranularmachine.com\/sw\/product\/plastic-bottle-label-removing-machine\/","title":{"rendered":"Maskin f\u00f6r borttagning av flasketiketter"},"content":{"rendered":"<p class=\"translation-block\">Hur tar du bort etiketter fr\u00e5n plastflaskor? Maskinen f\u00f6r borttagning av etiketter fr\u00e5n plastflaskor \u00e4r en \u00e5tervinningsmaskin som snabbt kan separera etiketterna p\u00e5 olika plastflaskor fr\u00e5n flaskkroppen. Denna etikettborttagningsmaskin \u00e4r den f\u00f6rsta i <a href=\"https:\/\/www.plasticgranularmachine.com\/sw\/product\/pet-bottles-recycling-line\/\">PET-flask\u00e5tervinningslinjen<\/a>. PET-flasketikettborttagaren kan avsev\u00e4rt f\u00f6rb\u00e4ttra \u00e5tervinningshastigheten f\u00f6r PET-flaskor.<\/p>    <figure class=\"wp-block-embed is-type-video is-provider-youtube wp-block-embed-youtube wp-embed-aspect-16-9 wp-has-aspect-ratio\"><div class=\"wp-block-embed__wrapper\"> <iframe loading=\"lazy\" title=\"F\u00f6rb\u00e4ttra renheten i din PET-flask\u00e5tervinning med maskin f\u00f6r borttagning av etiketter fr\u00e5n plastflaskor.\" width=\"500\" height=\"281\" src=\"https:\/\/www.youtube.com\/embed\/te5c3XMkGIs?feature=oembed\" frameborder=\"0\" allow=\"accelerometer; autoplay; clipboard-write; encrypted-media; gyroscope; picture-in-picture; web-share\" referrerpolicy=\"strict-origin-when-cross-origin\" allowfullscreen><\/iframe> <\/div><\/figure>    <h2 class=\"wp-block-heading\">F\u00f6rdelar med maskinen f\u00f6r borttagning av etiketter fr\u00e5n plastflaskor<\/h2>    <ol class=\"wp-block-list\"> <li>H\u00f6g borttagningsgrad f\u00f6r etiketter. Etikettborttagningsgraden f\u00f6r v\u00e5r PET-flasketikettborttagningsmaskin \u00e4r \u00f6ver 98%.<\/li>    <li>Sv kantfl\u00e4tsborttagarens blad \u00e4r tillverkat av legerat st\u00e5l. Den har f\u00f6rdelarna av h\u00f6g h\u00e5rdhet och motst\u00e5nd mot slitage.<\/li>    <li>Maskinen f\u00f6r borttagning av etiketter p\u00e5 plastflaskor har h\u00f6g arbetskapacitet. Den kan hantera 1-1,2 ton plastflaskor per timme.<\/li>    <li>Maskinens etikettborttagning vid plastflaskor har stor till\u00e4mplighet. Den automatiska PET-flasketikettborttagaren kan av-etichtera plastflaskor av olika storlekar.<\/li>    <li>Anpassade tj\u00e4nster. Vi kan anpassa l\u00e4ngden och bredden p\u00e5 \u00e5tervinningsmaskinen efter kundernas behov.<\/li> <\/ol>    <figure class=\"wp-block-gallery has-nested-images columns-default is-cropped wp-block-gallery-2 is-layout-flex wp-block-gallery-is-layout-flex\"> <figure class=\"wp-block-image size-large\"><img loading=\"lazy\" decoding=\"async\" width=\"720\" height=\"540\" data-id=\"1080\" src=\"https:\/\/www.plasticgranularmachine.com\/wp-content\/uploads\/2022\/12\/blades-of-plastic-bottle-label-removing-machine.webp\" alt=\"knivar f\u00f6r maskin som tar bort etiketter fr\u00e5n plastflaskor\" class=\"wp-image-1080\" srcset=\"https:\/\/www.plasticgranularmachine.com\/wp-content\/uploads\/2022\/12\/blades-of-plastic-bottle-label-removing-machine.webp 720w, https:\/\/www.plasticgranularmachine.com\/wp-content\/uploads\/2022\/12\/blades-of-plastic-bottle-label-removing-machine-300x225.webp 300w, https:\/\/www.plasticgranularmachine.com\/wp-content\/uploads\/2022\/12\/blades-of-plastic-bottle-label-removing-machine-16x12.webp 16w\" sizes=\"auto, (max-width: 720px) 100vw, 720px\" \/><figcaption class=\"wp-element-caption\">knivar f\u00f6r maskin som tar bort etiketter fr\u00e5n plastflaskor<\/figcaption><\/figure>    <figure class=\"wp-block-image size-large\"><img loading=\"lazy\" decoding=\"async\" width=\"720\" height=\"540\" data-id=\"1082\" src=\"https:\/\/www.plasticgranularmachine.com\/wp-content\/uploads\/2022\/12\/high-quality-stainless-steel-parts.webp\" alt=\"h\u00f6gkvalitativa r\u00e5metalldelar i rostfritt st\u00e5l\" class=\"wp-image-1082\" srcset=\"https:\/\/www.plasticgranularmachine.com\/wp-content\/uploads\/2022\/12\/high-quality-stainless-steel-parts.webp 720w, https:\/\/www.plasticgranularmachine.com\/wp-content\/uploads\/2022\/12\/high-quality-stainless-steel-parts-300x225.webp 300w, https:\/\/www.plasticgranularmachine.com\/wp-content\/uploads\/2022\/12\/high-quality-stainless-steel-parts-16x12.webp 16w\" sizes=\"auto, (max-width: 720px) 100vw, 720px\" \/><figcaption class=\"wp-element-caption\">h\u00f6gkvalitativa r\u00e5metalldelar i rostfritt st\u00e5l<\/figcaption><\/figure> <\/figure>    <h2 class=\"wp-block-heading\">Anv\u00e4ndningsomr\u00e5de f\u00f6r PET-flasketikettborttagnare<\/h2>    <p>Maskinen f\u00f6r borttagning av etiketter fr\u00e5n plastflaskor kan av-etichtera cola-flaskor, mineralvattenflaskor, l\u00e4skenflaskor, yoghurtflaskor, schampo-flaskor, ketchup-flaskor, medicinflaskor och andra plastflaskor. Det kan ocks\u00e5 vara det b\u00e4sta s\u00e4ttet att ta bort etiketter fr\u00e5n \u00f6lflaskor.<\/p>    <p>Om du inte \u00e4r s\u00e4ker p\u00e5 om PET-flask\u00e5tervinningsmaskinen kan hantera dina r\u00e5varor, kan du e-posta oss n\u00e4r som helst. Vi svarar s\u00e5 snart som m\u00f6jligt.<\/p>    <h2 class=\"wp-block-heading\">F\u00e4rdig produktdisplay<\/h2>    <p class=\"translation-block\">Slutf\u00f6rprodukterna av maskinen f\u00f6r borttagning av etiketter fr\u00e5n plastflaskor \u00e4r oetiketterade, \u00e5tervinningsanl\u00e4ggningar kan skicka flaskan direkt till <strong><a href=\"https:\/\/www.plasticgranularmachine.com\/sw\/product\/plastic-film-crusher\/\"> plastsk\u00e4rmaskin <\/a><\/strong> och slutf\u00f6ra \u00e5tervinningsprocessen. <\/p>    <figure class=\"wp-block-gallery has-nested-images columns-default is-cropped wp-block-gallery-3 is-layout-flex wp-block-gallery-is-layout-flex\"> <figure class=\"wp-block-image size-large\"><img loading=\"lazy\" decoding=\"async\" width=\"720\" height=\"540\" data-id=\"462\" src=\"https:\/\/www.plasticgranularmachine.com\/wp-content\/uploads\/2022\/12\/clean-pet-bottles.jpg\" alt=\"rena PET-flaskor\" class=\"wp-image-462\" srcset=\"https:\/\/www.plasticgranularmachine.com\/wp-content\/uploads\/2022\/12\/clean-pet-bottles.jpg 720w, https:\/\/www.plasticgranularmachine.com\/wp-content\/uploads\/2022\/12\/clean-pet-bottles-300x225.jpg 300w\" sizes=\"auto, (max-width: 720px) 100vw, 720px\" \/><figcaption class=\"wp-element-caption\">rena PET-flaskor<\/figcaption><\/figure>    <figure class=\"wp-block-image size-large\"><img loading=\"lazy\" decoding=\"async\" width=\"720\" height=\"540\" data-id=\"463\" src=\"https:\/\/www.plasticgranularmachine.com\/wp-content\/uploads\/2022\/12\/plastic-bottle.webp\" alt=\"plastflaska\" class=\"wp-image-463\" srcset=\"https:\/\/www.plasticgranularmachine.com\/wp-content\/uploads\/2022\/12\/plastic-bottle.webp 720w, https:\/\/www.plasticgranularmachine.com\/wp-content\/uploads\/2022\/12\/plastic-bottle-300x225.webp 300w\" sizes=\"auto, (max-width: 720px) 100vw, 720px\" \/><figcaption class=\"wp-element-caption\">plastflaska<\/figcaption><\/figure> <\/figure>    <h2 class=\"wp-block-heading\">Hur tar man bort plastflasketiketter?<\/h2>    <p class=\"translation-block\">Etikettborttagaren f\u00f6r flaskor kan enkelt ta bort etiketten fr\u00e5n plastflaskan. F\u00f6rst beh\u00f6ver vi placera plastflaskan p\u00e5 transportbandet, som kommer att transportera plastflaskan till etikettborttagaren f\u00f6r flaskor. Sedan kommer sk\u00e4ret i maskinen av legerat st\u00e5l att s\u00e5ga flera h\u00e5l i etiketten. D\u00e4refter kommer det roterande tandformade bladet att avskal etiketten p\u00e5 flaskkroppen l\u00e4ngs den utskurna mynningen.<\/p>    <p>Slutligen kommer fl\u00e4kten som konfigurerats i maskinen att bl\u00e5sa bort de avskalade etiketterna fr\u00e5n toppen av maskinen, och plastflaskan kommer att avl\u00e4mnas fr\u00e5n utloppet. Borttagningen av etiketter med den Effektiva etikettborttagaren \u00e4r mer \u00e4n 98%.<\/p>    <figure class=\"wp-block-gallery aligncenter has-nested-images columns-default is-cropped wp-block-gallery-4 is-layout-flex wp-block-gallery-is-layout-flex\"> <figure class=\"wp-block-image size-full\"><img loading=\"lazy\" decoding=\"async\" width=\"720\" height=\"540\" data-id=\"1083\" src=\"https:\/\/www.plasticgranularmachine.com\/wp-content\/uploads\/2022\/12\/PET-bottle-label-remover-machine-1.webp\" alt=\"PET-flasketikettborttagningsmaskin\" class=\"wp-image-1083\" srcset=\"https:\/\/www.plasticgranularmachine.com\/wp-content\/uploads\/2022\/12\/PET-bottle-label-remover-machine-1.webp 720w, https:\/\/www.plasticgranularmachine.com\/wp-content\/uploads\/2022\/12\/PET-bottle-label-remover-machine-1-300x225.webp 300w, https:\/\/www.plasticgranularmachine.com\/wp-content\/uploads\/2022\/12\/PET-bottle-label-remover-machine-1-16x12.webp 16w\" sizes=\"auto, (max-width: 720px) 100vw, 720px\" \/><figcaption class=\"wp-element-caption\">PET-flasketikettborttagningsmaskin<\/figcaption><\/figure>    <figure class=\"wp-block-image size-full\"><img loading=\"lazy\" decoding=\"async\" width=\"720\" height=\"540\" data-id=\"1084\" src=\"https:\/\/www.plasticgranularmachine.com\/wp-content\/uploads\/2022\/12\/removed-labels-from-plastic-bottles.webp\" alt=\"etiketter borttagna fr\u00e5n plastflaskor\" class=\"wp-image-1084\" srcset=\"https:\/\/www.plasticgranularmachine.com\/wp-content\/uploads\/2022\/12\/removed-labels-from-plastic-bottles.webp 720w, https:\/\/www.plasticgranularmachine.com\/wp-content\/uploads\/2022\/12\/removed-labels-from-plastic-bottles-300x225.webp 300w, https:\/\/www.plasticgranularmachine.com\/wp-content\/uploads\/2022\/12\/removed-labels-from-plastic-bottles-16x12.webp 16w\" sizes=\"auto, (max-width: 720px) 100vw, 720px\" \/><figcaption class=\"wp-element-caption\">etiketter borttagna fr\u00e5n plastflaskor<\/figcaption><\/figure> <\/figure>    <h2 class=\"wp-block-heading\">Teknisk parameter f\u00f6r PET-etikettborttagnare<\/h2>    <figure class=\"wp-block-table\"><table><tbody><tr><td>Mfano<\/td><td>SL-600<\/td><\/tr><tr><td>Kapacitet<\/td><td>1-1,2 t\/h<\/td><\/tr><tr><td>Borttagningshastighet f\u00f6r etiketten<\/td><td>98%<\/td><\/tr><tr><td>Ukubwa<\/td><td>4000*1800*1600mm<\/td><\/tr><tr><td>Huvudkraften i maskinen<\/td><td>11kw<\/td><\/tr><tr><td>Fl\u00e4ktars kraft<\/td><td>3kw<\/td><\/tr><tr><td>Peso<\/td><td>1500kg<\/td><\/tr><\/tbody><\/table><figcaption class=\"wp-element-caption\">Grunddata om maskin f\u00f6r borttagning av etiketter fr\u00e5n plastflaskor<\/figcaption><\/figure>    <p>Det ovanst\u00e5ende \u00e4r tekniska parametrar f\u00f6r den b\u00e4sts\u00e4ljande maskinen f\u00f6r borttagning av etiketter fr\u00e5n plastflaskor. Vi kan ocks\u00e5 tillhandah\u00e5lla anpassade PET-etikettborttagare baserade p\u00e5 dina \u00e5tervinningsbehov. <\/p>   <div class=\"wp-block-image\"> <figure class=\"aligncenter size-large\"><img loading=\"lazy\" decoding=\"async\" width=\"720\" height=\"540\" src=\"https:\/\/www.plasticgranularmachine.com\/wp-content\/uploads\/2022\/12\/plastic-bottle-label-remover-machine.webp\" alt=\"maskin f\u00f6r borttagning av etiketter fr\u00e5n plastflaskor\" class=\"wp-image-1087\" srcset=\"https:\/\/www.plasticgranularmachine.com\/wp-content\/uploads\/2022\/12\/plastic-bottle-label-remover-machine.webp 720w, https:\/\/www.plasticgranularmachine.com\/wp-content\/uploads\/2022\/12\/plastic-bottle-label-remover-machine-300x225.webp 300w, https:\/\/www.plasticgranularmachine.com\/wp-content\/uploads\/2022\/12\/plastic-bottle-label-remover-machine-16x12.webp 16w\" sizes=\"auto, (max-width: 720px) 100vw, 720px\" \/><figcaption class=\"wp-element-caption\">maskin f\u00f6r borttagning av etiketter fr\u00e5n plastflaskor<\/figcaption><\/figure> <\/div>   <h2 class=\"wp-block-heading\">PET-etikettborttagnare f\u00f6rb\u00e4ttrar renheten i \u00e5tervinningen av plast- och \u00f6lflaskor i Sydsudan<\/h2>    <p>Nyligen s\u00f6kte en sudansk kund inriktad p\u00e5 \u00e5tervinning av plast- och \u00f6lflaskor den b\u00e4sta \u00e5tervinningsl\u00f6sningen. Efter en serie diskussioner n\u00e5dde vi perfekt samarbete och s\u00e5lde en komplett PET-\u00e5tervinningslinje inklusive en etikettborttagare och l\u00f6ste framg\u00e5ngsrikt problemet med otillr\u00e4ckliga \u00e5tervinningsanl\u00e4ggningar i Sydsudan. <\/p>    <p>Vi \u00e4r glada \u00f6ver att bidra till plast\u00e5tervinning i Sydsudan. Om du ocks\u00e5 har ett problem med \u00e5tervinning av plastflaskor, tveka inte att kontakta oss. <\/p>   <div class=\"wp-block-image\"> <figure class=\"aligncenter size-full\"><img loading=\"lazy\" decoding=\"async\" width=\"720\" height=\"540\" src=\"https:\/\/www.plasticgranularmachine.com\/wp-content\/uploads\/2022\/12\/PET-bottle-washing-line-installed-in-South-Sudan.webp\" alt=\"PET-fl\u00e4sktv\u00e4ttlinje installerad i Sydsudan\" class=\"wp-image-1085\" srcset=\"https:\/\/www.plasticgranularmachine.com\/wp-content\/uploads\/2022\/12\/PET-bottle-washing-line-installed-in-South-Sudan.webp 720w, https:\/\/www.plasticgranularmachine.com\/wp-content\/uploads\/2022\/12\/PET-bottle-washing-line-installed-in-South-Sudan-300x225.webp 300w, https:\/\/www.plasticgranularmachine.com\/wp-content\/uploads\/2022\/12\/PET-bottle-washing-line-installed-in-South-Sudan-16x12.webp 16w\" sizes=\"auto, (max-width: 720px) 100vw, 720px\" \/><figcaption class=\"wp-element-caption\">PET-fl\u00e4sktv\u00e4ttlinje installerad i Sydsudan<\/figcaption><\/figure> <\/div>   <h2 class=\"wp-block-heading\">Hur man anv\u00e4nder maskinen f\u00f6r att ta bort etiketter fr\u00e5n plastflaskor?<\/h2>    <p>Driftl\u00e4get f\u00f6r maskinen f\u00f6r borttagning av etiketter fr\u00e5n plastflaskor \u00e4r mycket enkelt. Operat\u00f6ren beh\u00f6ver endast sl\u00e5 p\u00e5 v\u00e4rdv\u00e4xel, fl\u00e4ktv\u00e4xel och transportbandsmotor. S\u00e5tillfylla plastflaskan av r\u00e5varor p\u00e5 transportbandet. D\u00e4refter startar maskinen automatiskt. Det \u00e4r v\u00e4rt att notera att h\u00e5rda f\u00f6rem\u00e5l inte f\u00e5r l\u00e4ggas i PET-etikettborttagaren under drift. St\u00e4ng av b\u00e4lte-, huvudmotor- och fl\u00e4ktmotor i tur och ordning n\u00e4r maskinen arbetar.<\/p>   <div class=\"wp-block-image\"> <figure class=\"aligncenter size-full\"><img loading=\"lazy\" decoding=\"async\" width=\"720\" height=\"540\" src=\"https:\/\/www.plasticgranularmachine.com\/wp-content\/uploads\/2022\/12\/label-removing-machine-in-factory.webp\" alt=\"etikettborttagningsmaskin i fabriken\" class=\"wp-image-1088\" srcset=\"https:\/\/www.plasticgranularmachine.com\/wp-content\/uploads\/2022\/12\/label-removing-machine-in-factory.webp 720w, https:\/\/www.plasticgranularmachine.com\/wp-content\/uploads\/2022\/12\/label-removing-machine-in-factory-300x225.webp 300w, https:\/\/www.plasticgranularmachine.com\/wp-content\/uploads\/2022\/12\/label-removing-machine-in-factory-16x12.webp 16w\" sizes=\"auto, (max-width: 720px) 100vw, 720px\" \/><figcaption class=\"wp-element-caption\">etikettborttagningsmaskin i fabriken<\/figcaption><\/figure> <\/div>   <h2 class=\"wp-block-heading\">V\u00e5ra tj\u00e4nster<\/h2>    <ul class=\"wp-block-list\"> <li>Vi kan tillhandah\u00e5lla anpassade maskiner f\u00f6r borttagning av etiketter fr\u00e5n plastflaskor baserat p\u00e5 dina behov.<\/li>    <li>Vi kommer att skicka dig testk\u00f6rningsvideon f\u00f6re leverans.<\/li>    <li>Efter att ha mottagit maskinen f\u00f6r att ta bort etiketter fr\u00e5n plastflaskor erbjuder vi teknisk support, installation p\u00e5 plats och bruksanvisningar. <\/li>    <li>Vi erbjuder ett \u00e5rs garanti. <\/li> <\/ul>   <div class=\"wp-block-image\"> <figure class=\"aligncenter size-full\"><img loading=\"lazy\" decoding=\"async\" width=\"720\" height=\"540\" src=\"https:\/\/www.plasticgranularmachine.com\/wp-content\/uploads\/2022\/12\/shipping-for-PET-bottle-label-remover-machine.webp\" alt=\"frakt f\u00f6r PET-flasketikettborttagare\" class=\"wp-image-1086\" srcset=\"https:\/\/www.plasticgranularmachine.com\/wp-content\/uploads\/2022\/12\/shipping-for-PET-bottle-label-remover-machine.webp 720w, https:\/\/www.plasticgranularmachine.com\/wp-content\/uploads\/2022\/12\/shipping-for-PET-bottle-label-remover-machine-300x225.webp 300w, https:\/\/www.plasticgranularmachine.com\/wp-content\/uploads\/2022\/12\/shipping-for-PET-bottle-label-remover-machine-16x12.webp 16w\" sizes=\"auto, (max-width: 720px) 100vw, 720px\" \/><figcaption class=\"wp-element-caption\">frakt f\u00f6r PET-flasketikettborttagare<\/figcaption><\/figure> <\/div>   <h2 class=\"wp-block-heading\">Kontakta Oss<\/h2>    <p>Sammanfattningsvis kan den EFFICIENTA plastflasketikettborttagaren hj\u00e4lpa dig att f\u00f6rb\u00e4ttra renheten i plast\u00e5tervinningen, f\u00f6rb\u00e4ttra kvaliteten p\u00e5 \u00e5tervunna plastflaskor och uppn\u00e5 h\u00f6gre vinster. Om du beh\u00f6ver den, v\u00e4nligen kontakta oss genom att klicka p\u00e5 dialogrutan till h\u00f6ger.<\/p>","protected":false},"excerpt":{"rendered":"<p>How do you remove labels from plastic bottles? The plastic bottle label remover machine is a recycling machine that can quickly separate the labels on various plastic bottles from the bottle body. This label removing machine is the first in the PET bottle recycling line. The pet bottle label remover machine can greatly improve the [&hellip;]<\/p>\n","protected":false},"author":1,"featured_media":1079,"parent":0,"template":"","tags":[38],"product-type":[6],"class_list":["post-453","product","type-product","status-publish","has-post-thumbnail","hentry","tag-pet-recycling","product-type-washing-machine"],"_links":{"self":[{"href":"https:\/\/www.plasticgranularmachine.com\/sw\/wp-json\/wp\/v2\/product\/453","targetHints":{"allow":["GET"]}}],"collection":[{"href":"https:\/\/www.plasticgranularmachine.com\/sw\/wp-json\/wp\/v2\/product"}],"about":[{"href":"https:\/\/www.plasticgranularmachine.com\/sw\/wp-json\/wp\/v2\/types\/product"}],"author":[{"embeddable":true,"href":"https:\/\/www.plasticgranularmachine.com\/sw\/wp-json\/wp\/v2\/users\/1"}],"wp:featuredmedia":[{"embeddable":true,"href":"https:\/\/www.plasticgranularmachine.com\/sw\/wp-json\/wp\/v2\/media\/1079"}],"wp:attachment":[{"href":"https:\/\/www.plasticgranularmachine.com\/sw\/wp-json\/wp\/v2\/media?parent=453"}],"wp:term":[{"taxonomy":"post_tag","embeddable":true,"href":"https:\/\/www.plasticgranularmachine.com\/sw\/wp-json\/wp\/v2\/tags?post=453"},{"taxonomy":"product-type","embeddable":true,"href":"https:\/\/www.plasticgranularmachine.com\/sw\/wp-json\/wp\/v2\/product-type?post=453"}],"curies":[{"name":"wp","href":"https:\/\/api.w.org\/{rel}","templated":true}]}}