{"id":495,"date":"2023-05-09T16:29:55","date_gmt":"2023-05-09T08:29:55","guid":{"rendered":"https:\/\/www.plasticgranularmachine.com\/?post_type=product&#038;p=495"},"modified":"2025-02-21T14:27:11","modified_gmt":"2025-02-21T06:27:11","slug":"hydraulic-plastic-baling-machine","status":"publish","type":"product","link":"https:\/\/www.plasticgranularmachine.com\/sw\/product\/hydraulic-plastic-baling-machine\/","title":{"rendered":"Hydraulisk Plastbalmaskin"},"content":{"rendered":"<p>Genom en hydraulisk plastbalingsmaskin komprimeras avfallspplast och packas till en bal som kan transporteras och lagras l\u00e4tt. Efficient Machinery erbjuder en professionell balingsmaskin som kan balera plastfilmer och plastflaskor. <\/p>   <div class=\"wp-block-image\"> <figure class=\"aligncenter size-full\"><img loading=\"lazy\" decoding=\"async\" width=\"720\" height=\"540\" src=\"https:\/\/www.plasticgranularmachine.com\/wp-content\/uploads\/2023\/05\/raw-materials-of-plastic-baler1.webp\" alt=\"\" class=\"wp-image-497\" srcset=\"https:\/\/www.plasticgranularmachine.com\/wp-content\/uploads\/2023\/05\/raw-materials-of-plastic-baler1.webp 720w, https:\/\/www.plasticgranularmachine.com\/wp-content\/uploads\/2023\/05\/raw-materials-of-plastic-baler1-300x225.webp 300w\" sizes=\"auto, (max-width: 720px) 100vw, 720px\" \/><\/figure> <\/div>   <h2 class=\"wp-block-heading\">Anv\u00e4ndning av hydraulisk plastbalingsmaskin<\/h2>    <p class=\"translation-block\">\u00c5tervinningsanl\u00e4ggningar: Den hydrauliska plastbalingsmaskinen anv\u00e4nds vanligtvis i \u00e5tervinningsanl\u00e4ggningar f\u00f6r att komprimera och packa plastavfall som plastflaskor och filmer. Plastfilmsbalaren kan packa materialen i balar f\u00f6r enkel transport och lagring. Detta kan hj\u00e4lpa till att minska volymen av plastavfall och g\u00f6ra det l\u00e4ttare att transportera och \u00e5tervinna f\u00f6r en <a href=\"https:\/\/www.plasticgranularmachine.com\/sw\/product\/plastic-film-recycling-line\/\">plast\u00e5tervinningsanl\u00e4ggning<\/a>.<\/p>    <p>Detta \u00e4r en \u00e5terkopplingsvideo fr\u00e5n v\u00e5ra kunder i Togo, de anv\u00e4nder plastbalingsmaskinen f\u00f6r att packa avfallsp\u00e5sar. <\/p>    <figure class=\"wp-block-embed is-type-video is-provider-youtube wp-block-embed-youtube wp-embed-aspect-16-9 wp-has-aspect-ratio\"><div class=\"wp-block-embed__wrapper\"> <iframe loading=\"lazy\" title=\"Effektiv plastflaskbalingsmaskin: H\u00f6gdensitet hydraulisk kompression!\" width=\"500\" height=\"281\" src=\"https:\/\/www.youtube.com\/embed\/o6Ju1yAOmuY?feature=oembed\" frameborder=\"0\" allow=\"accelerometer; autoplay; clipboard-write; encrypted-media; gyroscope; picture-in-picture; web-share\" referrerpolicy=\"strict-origin-when-cross-origin\" allowfullscreen><\/iframe> <\/div><\/figure>    <p>Tillverkningsanl\u00e4ggningar: Tillverkningsanl\u00e4ggningar genererar ofta stora m\u00e4ngder plastavfall, s\u00e5som skrot av plastdelar och f\u00f6rpackningsmaterial. Plastbalingsmaskiner kan anv\u00e4ndas f\u00f6r att komprimera och packa dessa avfall i balar f\u00f6r enkel lagring och kassering.<\/p>    <p>Avfallshanteringscentraler: Plastflaskbalingsmaskinen anv\u00e4nds \u00e4ven vid avfallshanteringscentraler f\u00f6r att komprimera och packa plastavfall fr\u00e5n hush\u00e5ll och f\u00f6retag. Detta kan hj\u00e4lpa till att minska volymen plastavfall p\u00e5 soptippar. Dessutom kan det fr\u00e4mja ett mer h\u00e5llbart avfallshanteringssystem.<\/p>    <p>Sj\u00f6fartsindustrin: Hydraulisk filmsbalare kan \u00e4ven anv\u00e4ndas inom jordbruket f\u00f6r att komprimera och packa plastmaterial som v\u00e4xthusfilmer och irrigrationsr\u00f6r. Detta kan hj\u00e4lpa b\u00f6nder att hantera sitt plastfilmsavfall mer effektivt.<\/p>   <div class=\"wp-block-image\"> <figure class=\"aligncenter size-full\"><img loading=\"lazy\" decoding=\"async\" width=\"540\" height=\"720\" src=\"https:\/\/www.plasticgranularmachine.com\/wp-content\/uploads\/2023\/05\/plastic-baler-machine-21.webp\" alt=\"plastbaler-maskin\" class=\"wp-image-498\" srcset=\"https:\/\/www.plasticgranularmachine.com\/wp-content\/uploads\/2023\/05\/plastic-baler-machine-21.webp 540w, https:\/\/www.plasticgranularmachine.com\/wp-content\/uploads\/2023\/05\/plastic-baler-machine-21-225x300.webp 225w\" sizes=\"auto, (max-width: 540px) 100vw, 540px\" \/><figcaption class=\"wp-element-caption\">plastbaler-maskin<\/figcaption><\/figure> <\/div>  <div class=\"wp-block-image\"> <figure class=\"aligncenter size-full\"><img loading=\"lazy\" decoding=\"async\" width=\"540\" height=\"720\" src=\"https:\/\/www.plasticgranularmachine.com\/wp-content\/uploads\/2023\/05\/plastic-baler-for-sale1.webp\" alt=\"plast-baler\" class=\"wp-image-499\" srcset=\"https:\/\/www.plasticgranularmachine.com\/wp-content\/uploads\/2023\/05\/plastic-baler-for-sale1.webp 540w, https:\/\/www.plasticgranularmachine.com\/wp-content\/uploads\/2023\/05\/plastic-baler-for-sale1-225x300.webp 225w\" sizes=\"auto, (max-width: 540px) 100vw, 540px\" \/><figcaption class=\"wp-element-caption\">Hydraulisk plastbalingsmaskin<\/figcaption><\/figure> <\/div>   <h2 class=\"wp-block-heading\">Struktur f\u00f6r hydraulisk baler-maskin<\/h2>   <div class=\"wp-block-image\"> <figure class=\"aligncenter size-full\"><img loading=\"lazy\" decoding=\"async\" width=\"720\" height=\"540\" src=\"https:\/\/www.plasticgranularmachine.com\/wp-content\/uploads\/2023\/05\/Waste-plastic-baling-machine-structure1.webp\" alt=\"Waste-plastic-baling-machine-structure\" class=\"wp-image-496\" srcset=\"https:\/\/www.plasticgranularmachine.com\/wp-content\/uploads\/2023\/05\/Waste-plastic-baling-machine-structure1.webp 720w, https:\/\/www.plasticgranularmachine.com\/wp-content\/uploads\/2023\/05\/Waste-plastic-baling-machine-structure1-300x225.webp 300w\" sizes=\"auto, (max-width: 720px) 100vw, 720px\" \/><figcaption class=\"wp-element-caption\">Waste-plastic-baling-machine-structure<\/figcaption><\/figure> <\/div>   <h2 class=\"wp-block-heading\">F\u00f6rdelar med PET-flaskskr\u00e4p balingsmaskin<\/h2>    <p>Platsbesparing: PET-flaskskr\u00e4p balingsmaskiner \u00e4r kompakta och utformade f\u00f6r att ta upp minimalt golvutrymme, vilket g\u00f6r dem idealiska f\u00f6r anv\u00e4ndning i sm\u00e5 omr\u00e5den.<\/p>    <p>H\u00f6g effektivitet: Maskinerna har en h\u00f6g balningskapacitet och kan komprimera en stor volym PET-flaskor till en mindre storlek, vilket sparar plats och minskar transportkostnaderna.<\/p>    <p>F\u00f6rb\u00e4ttrad s\u00e4kerhet: PET-flaskskr\u00e4p balingsmaskiner \u00e4r utrustade med s\u00e4kerhetsfunktioner som f\u00f6rebygger olyckor under drift. De har \u00e4ven n\u00f6dstopp och andra s\u00e4kerhetsmekanismer f\u00f6r att s\u00e4kerst\u00e4lla operat\u00f6rens s\u00e4kerhet.<\/p>    <h2 class=\"wp-block-heading\">Hydraulisk plastbalingsmaskin parametrar<\/h2>    <p>F\u00f6ljande data \u00e4r de v\u00e4sentliga parametrarna f\u00f6r plastbalaren, om du \u00e4r intresserad, v\u00e4lkommen att kontakta oss och fylla i inquiryn p\u00e5 v\u00e5r webbplats. V\u00e5r f\u00f6rs\u00e4ljningschef blir glad att f\u00f6resl\u00e5 den mest l\u00e4mpliga maskinen f\u00f6r dig.<\/p>    <figure class=\"wp-block-table\"><table><tbody><tr><td>Mfano<\/td><td>Pressure(ton)<\/td><td>Power(kw)<\/td><td>Storlek(mm)<\/td><td>Utdata(t\/h)<\/td><td>Vikt(ton)<\/td><\/tr><tr><td>SL-30<\/td><td>30<\/td><td>5.5<\/td><td>800*400*600<\/td><td>0.8-1T<\/td><td>0.8<\/td><\/tr><tr><td>SL-40<\/td><td>30<\/td><td>7.5<\/td><td>900*600*800<\/td><td>1-1.2T<\/td><td>1.3<\/td><\/tr><tr><td>SL-60<\/td><td>60<\/td><td>7.5<\/td><td>900*600*800<\/td><td>1.5-2T<\/td><td>1.5<\/td><\/tr><tr><td>SL-80<\/td><td>80<\/td><td>11<\/td><td>1100*800*1000<\/td><td>2-3T<\/td><td>2<\/td><\/tr><tr><td>SL-100<\/td><td>100<\/td><td>15<\/td><td>1100*800*1100<\/td><td>3-3.5T<\/td><td>2.8<\/td><\/tr><tr><td>SL-120<\/td><td>120<\/td><td>18.5<\/td><td>1200*800*1200<\/td><td>4-5T<\/td><td>3.2<\/td><\/tr><\/tbody><\/table><\/figure>","protected":false},"excerpt":{"rendered":"<p>Using a hydraulic plastic baling machine, waste plastic is compressed and packed into a bale that can be transported and stored easily. Efficient Machinery provides a professional baling machine that can bale plastic films and plastic bottles. Application of hydraulic plastic baling machine Recycling facilities: The hydraulic plastic baling machine is commonly used in recycling [&hellip;]<\/p>\n","protected":false},"author":1,"featured_media":500,"parent":0,"template":"","tags":[38],"product-type":[32],"class_list":["post-495","product","type-product","status-publish","has-post-thumbnail","hentry","tag-pet-recycling","product-type-plastic-baler"],"_links":{"self":[{"href":"https:\/\/www.plasticgranularmachine.com\/sw\/wp-json\/wp\/v2\/product\/495","targetHints":{"allow":["GET"]}}],"collection":[{"href":"https:\/\/www.plasticgranularmachine.com\/sw\/wp-json\/wp\/v2\/product"}],"about":[{"href":"https:\/\/www.plasticgranularmachine.com\/sw\/wp-json\/wp\/v2\/types\/product"}],"author":[{"embeddable":true,"href":"https:\/\/www.plasticgranularmachine.com\/sw\/wp-json\/wp\/v2\/users\/1"}],"wp:featuredmedia":[{"embeddable":true,"href":"https:\/\/www.plasticgranularmachine.com\/sw\/wp-json\/wp\/v2\/media\/500"}],"wp:attachment":[{"href":"https:\/\/www.plasticgranularmachine.com\/sw\/wp-json\/wp\/v2\/media?parent=495"}],"wp:term":[{"taxonomy":"post_tag","embeddable":true,"href":"https:\/\/www.plasticgranularmachine.com\/sw\/wp-json\/wp\/v2\/tags?post=495"},{"taxonomy":"product-type","embeddable":true,"href":"https:\/\/www.plasticgranularmachine.com\/sw\/wp-json\/wp\/v2\/product-type?post=495"}],"curies":[{"name":"wp","href":"https:\/\/api.w.org\/{rel}","templated":true}]}}