{"id":57,"date":"2022-06-23T07:15:29","date_gmt":"2022-06-23T07:15:29","guid":{"rendered":"http:\/\/tailwind-themes.local\/?post_type=product&#038;p=57"},"modified":"2025-01-06T09:57:37","modified_gmt":"2025-01-06T01:57:37","slug":"plastic-bottle-crushing-machine","status":"publish","type":"product","link":"https:\/\/www.plasticgranularmachine.com\/sw\/product\/plastic-bottle-crushing-machine\/","title":{"rendered":"Plastflaskkrossmaskin | Plastsk\u00e4rmaskin"},"content":{"rendered":"<p class=\"translation-block\">Plastflaskkrossmaskinen \u00e4r en av huvudmaskinerna i <a href=\"https:\/\/www.plasticgranularmachine.com\/sw\/product\/pet-bottles-recycling-line\/\">plastflask\u00e5tervinningslinje<\/a>. Den kan krossa PET-flaskor, PE-flaskor, PP-flaskor och andra plastflaskor till sm\u00e5 bitar. Vi vet alla att plastflaskor \u00e4r stora. Om de inte krossas i f\u00f6rv\u00e4g blir det sv\u00e5rt att reng\u00f6ra. Det \u00e4r inte l\u00e4tt att \u00e5tervinna plastflaskor. D\u00e4rf\u00f6r \u00e4r denna plastflaskkross ocks\u00e5 huvudutrustningen i plastflaskrensningslinjen.<\/p>   <div class=\"wp-block-image\"> <figure class=\"aligncenter size-full\"><img loading=\"lazy\" decoding=\"async\" width=\"720\" height=\"540\" src=\"https:\/\/www.plasticgranularmachine.com\/wp-content\/uploads\/2022\/06\/plastic-bottle-shredding-machine.webp\" alt=\"plastflask shreddermaskin\" class=\"wp-image-1357\" srcset=\"https:\/\/www.plasticgranularmachine.com\/wp-content\/uploads\/2022\/06\/plastic-bottle-shredding-machine.webp 720w, https:\/\/www.plasticgranularmachine.com\/wp-content\/uploads\/2022\/06\/plastic-bottle-shredding-machine-300x225.webp 300w, https:\/\/www.plasticgranularmachine.com\/wp-content\/uploads\/2022\/06\/plastic-bottle-shredding-machine-16x12.webp 16w\" sizes=\"auto, (max-width: 720px) 100vw, 720px\" \/><figcaption class=\"wp-element-caption\">plastflask shreddermaskin<\/figcaption><\/figure> <\/div>   <h2 class=\"wp-block-heading\">Hur man krossar plastvattenflaskor?<\/h2>    <p>V\u00e5r plastkross har 6 r\u00f6rliga knivar och 4 fasta knivar. F\u00f6rst, beh\u00f6ver du l\u00e4gga plastflaskan i matningsporten p\u00e5 plastflaskkrossmaskinen. Sedan driver maskinen den r\u00f6rliga sk\u00e4rhuvudet att rotera med h\u00f6g hastighet genom motorn. I processen med h\u00f6g hastighet rotation av den r\u00f6rliga kniven bildas ett mellanrum mellan den r\u00f6rliga kniven och den fasta kniven under den relativa r\u00f6relsef\u00f6rloppet. Detta \u00f6kar storleken p\u00e5 plastkrossningen sk\u00e4regn. D\u00e5 kommer kniven krossa plasten i bitar. Den krossade plasten filtreras ut ur plastarket genom sk\u00e4rmen. <\/p>    <p>Vad vi beh\u00f6ver g\u00f6ra \u00e4r att h\u00e4lla de avfallsklasterna i matningsporten till plast shredding-maskinen. Och sedan sl\u00e5 p\u00e5 str\u00f6mmen.<\/p>    <figure class=\"wp-block-embed is-type-video is-provider-youtube wp-block-embed-youtube wp-embed-aspect-16-9 wp-has-aspect-ratio\"><div class=\"wp-block-embed__wrapper\"> <iframe loading=\"lazy\" title=\"PET-flask\u00e5tervinningsanl\u00e4ggning | 2022 PET \u00c5tervinningsprocessvideo\" width=\"500\" height=\"281\" src=\"https:\/\/www.youtube.com\/embed\/e49v-pFLeJ0?feature=oembed\" frameborder=\"0\" allow=\"accelerometer; autoplay; clipboard-write; encrypted-media; gyroscope; picture-in-picture; web-share\" referrerpolicy=\"strict-origin-when-cross-origin\" allowfullscreen><\/iframe> <\/div><\/figure>    <h2 class=\"wp-block-heading\">Vad \u00e4r egenskaperna hos plastflaskkrossmaskinen?<\/h2>    <ol class=\"wp-block-list\"> <li>Plast shredder-maskinen \u00e4r tillverkad av h\u00f6gkvalitativt st\u00e5l. D\u00e4rf\u00f6r har den egenskaper som h\u00e5llbarhet och l\u00e5ng livsl\u00e4ngd.<\/li>    <li>Storleken p\u00e5 plastarket kan anpassas efter dina behov.<\/li>    <li>Maskinen har l\u00e5g hastighet och l\u00e5g ljudniv\u00e5.<\/li>    <li>Maskinen har snabb urladdning utan slagg.<\/li>    <li>L\u00e4tt att underh\u00e5lla och reng\u00f6ra.<\/li> <\/ol>   <div class=\"wp-block-image\"> <figure class=\"aligncenter size-full\"><img loading=\"lazy\" decoding=\"async\" width=\"720\" height=\"540\" src=\"https:\/\/www.plasticgranularmachine.com\/wp-content\/uploads\/2022\/06\/blade-of-plastic-bottle-crusher.webp\" alt=\"blad av plastflaskkross\" class=\"wp-image-1358\" srcset=\"https:\/\/www.plasticgranularmachine.com\/wp-content\/uploads\/2022\/06\/blade-of-plastic-bottle-crusher.webp 720w, https:\/\/www.plasticgranularmachine.com\/wp-content\/uploads\/2022\/06\/blade-of-plastic-bottle-crusher-300x225.webp 300w, https:\/\/www.plasticgranularmachine.com\/wp-content\/uploads\/2022\/06\/blade-of-plastic-bottle-crusher-16x12.webp 16w\" sizes=\"auto, (max-width: 720px) 100vw, 720px\" \/><figcaption class=\"wp-element-caption\">blad av plastflaskkross<\/figcaption><\/figure> <\/div>   <h2 class=\"wp-block-heading\">Maskinparametrar<\/h2>    <figure class=\"wp-block-table\"><table><tbody><tr><td>Mfano<\/td><td>500<\/td><td>600<\/td><td>800<\/td><td>1000<\/td><td>1200<\/td><\/tr><tr><td>Kapacitet(kg\/h)<\/td><td>200-500<\/td><td>800-1000<\/td><td>1200<\/td><td>1500<\/td><td>2000-2500<\/td><\/tr><tr><td>Motor(kw)<\/td><td>11<\/td><td>15-18.5<\/td><td>20-30<\/td><td>37<\/td><td>45<\/td><\/tr><tr><td>(Djup) knivar (st)<\/td><td>5<\/td><td>8<\/td><td>10<\/td><td>12<\/td><td>12<\/td><\/tr><tr><td>Dia.(mm)<\/td><td>325<\/td><td>377<\/td><td>425<\/td><td>425<\/td><td>500<\/td><\/tr><\/tbody><\/table><\/figure>    <p>Vi kan se fr\u00e5n tabellen att vi har fem plastflaskkrossar med olika effekt. Utg\u00e5ngen \u00e4r 200-500kg\/h, 800-1000kg\/h, 1000kg\/h, 1500kg\/h och 2000-2500kg\/h respektive. D\u00e4rf\u00f6r kan v\u00e5ra maskiner uppfylla kraven i mer \u00e4n 90% av plast\u00e5tervinningsprojekten p\u00e5 marknaden.<\/p>   <div class=\"wp-block-image\"> <figure class=\"aligncenter size-full\"><img loading=\"lazy\" decoding=\"async\" width=\"720\" height=\"540\" src=\"https:\/\/www.plasticgranularmachine.com\/wp-content\/uploads\/2022\/06\/screen-of-the-plastic-bottle-crusher.webp\" alt=\"sk\u00e4rm av plastflaskkrossen\" class=\"wp-image-1356\" srcset=\"https:\/\/www.plasticgranularmachine.com\/wp-content\/uploads\/2022\/06\/screen-of-the-plastic-bottle-crusher.webp 720w, https:\/\/www.plasticgranularmachine.com\/wp-content\/uploads\/2022\/06\/screen-of-the-plastic-bottle-crusher-300x225.webp 300w, https:\/\/www.plasticgranularmachine.com\/wp-content\/uploads\/2022\/06\/screen-of-the-plastic-bottle-crusher-16x12.webp 16w\" sizes=\"auto, (max-width: 720px) 100vw, 720px\" \/><figcaption class=\"wp-element-caption\">sk\u00e4rm av plastflaskkrossen<\/figcaption><\/figure> <\/div>   <h2 class=\"wp-block-heading\">Anv\u00e4ndningar av krossade plastflaskor av plastflaskkrossmaskin<\/h2>    <ol class=\"wp-block-list\"> <li>Tillverkning av PET-flaskor. Vad vi beh\u00f6ver veta \u00e4r att \u00e5tervunna plaster inte f\u00e5r vara i direkt kontakt med livsmedel. Men vi kan anv\u00e4nda det i mittenlagret av plastflaskor.<\/li>    <li>Tillverkning av spinning <a href=\"https:\/\/en.wikipedia.org\/wiki\/Fiber\" target=\"_blank\" rel=\"noopener\">fibrer<\/a>. Recycled PET flakes can be spun into pillows, sleeping bags, mattresses, blankets and other items.<\/li>    <li>Dessutom kan plastflingor ocks\u00e5 g\u00f6ras till solglas\u00f6gon, mobiltelefon \u00e4r fodral, industriella gjutnings tillbeh\u00f6r, plast elektriska apparat fodral, julkulor osv. Du kan ocks\u00e5 anv\u00e4nda den f\u00f6r att tillverka plaststolar, byggstenar och set-top boxar.<\/li> <\/ol>   <div class=\"wp-block-image\"> <figure class=\"aligncenter size-full\"><img loading=\"lazy\" decoding=\"async\" width=\"720\" height=\"540\" src=\"https:\/\/www.plasticgranularmachine.com\/wp-content\/uploads\/2022\/06\/plastic-bottle-flakes.jpg\" alt=\"plastflaskflingor\" class=\"wp-image-156\" srcset=\"https:\/\/www.plasticgranularmachine.com\/wp-content\/uploads\/2022\/06\/plastic-bottle-flakes.jpg 720w, https:\/\/www.plasticgranularmachine.com\/wp-content\/uploads\/2022\/06\/plastic-bottle-flakes-300x225.jpg 300w\" sizes=\"auto, (max-width: 720px) 100vw, 720px\" \/><figcaption class=\"wp-element-caption\">plastflaskflingor<\/figcaption><\/figure> <\/div>   <h2 class=\"wp-block-heading\">Vad \u00e4r v\u00e5ra styrkor?<\/h2>    <p class=\"translation-block\"><a href=\"https:\/\/www.plasticgranularmachine.com\/sw\/\">Efficient plastic machinery<\/a> \u00e4r en professionell tillverkare av plastflaskor-krossmaskiner. F\u00f6rutom plastflask-krossmaskin tillverkar vi ocks\u00e5 <a href=\"https:\/\/www.plasticgranularmachine.com\/sw\/product\/plastic-film-recycling-line\/\">plastfilm-\u00e5tervinningsutrustning<\/a>, <a href=\"https:\/\/www.plasticgranularmachine.com\/sw\/product\/eps-recycling-machine\/\">EPS-skum\u00e5tervinningsutrustning<\/a> och en serie \u00e5tervinningsutrustning. Som en professionell tillverkare kan vi tillhandah\u00e5lla rimliga designl\u00f6sningar enligt kundernas behov. Samtidigt kan vi ocks\u00e5 tillhandah\u00e5lla skr\u00e4ddarsydda tj\u00e4nster. D\u00e4rf\u00f6r har Efficient-maskiner framg\u00e5ngsrika fall i m\u00e5nga l\u00e4nder runt om i v\u00e4rlden. Om du beh\u00f6ver PET-flaskekrossmaskin eller annan plast\u00e5tervinningsutrustning, v\u00e4nligen kontakta oss. Vi svarar dig s\u00e5 snart som m\u00f6jligt.<\/p>   <div class=\"wp-block-image\"> <figure class=\"aligncenter size-full\"><img loading=\"lazy\" decoding=\"async\" width=\"720\" height=\"540\" src=\"https:\/\/www.plasticgranularmachine.com\/wp-content\/uploads\/2022\/06\/pet-bottle-crusher-in-the-factory.webp\" alt=\"PET-flaskkross i fabriken\" class=\"wp-image-1359\" srcset=\"https:\/\/www.plasticgranularmachine.com\/wp-content\/uploads\/2022\/06\/pet-bottle-crusher-in-the-factory.webp 720w, https:\/\/www.plasticgranularmachine.com\/wp-content\/uploads\/2022\/06\/pet-bottle-crusher-in-the-factory-300x225.webp 300w, https:\/\/www.plasticgranularmachine.com\/wp-content\/uploads\/2022\/06\/pet-bottle-crusher-in-the-factory-16x12.webp 16w\" sizes=\"auto, (max-width: 720px) 100vw, 720px\" \/><figcaption class=\"wp-element-caption\">PET-flaskkross i fabriken<\/figcaption><\/figure> <\/div>   <h2 class=\"wp-block-heading\" id=\"h-f-q\">F&amp;Q<\/h2>    <p>Fr\u00e5ga: \u00c4r krossade plastflaskor \u00e5tervinningsbara?<br>A: the answer is yes. Crushed plastic bottles can be recycled. Because in the whole plastic bottle recycling process, crushing plastic bottles is the first step. Therefore, it doesn&#8217;t matter if you don&#8217;t recycle complete plastic bottles. They can also be crushed and recycled.<\/p>    <p>Fr\u00e5ga: M\u00e5ste du krossa plastflaskor f\u00f6r \u00e5tervinning?<br>A: Ja. Om du vill engagera dig i plast\u00e5tervinning m\u00e5ste du krossa plastflaskor med hj\u00e4lp av en plastflaskkrossmaskin. Eftersom plastflaskan \u00e4r stor. \u00c5 ena sidan \u00e4r den sv\u00e5r att reng\u00f6ra, \u00e5 andra sidan \u00e4r det inte l\u00e4tt att granulera.<\/p>","protected":false},"excerpt":{"rendered":"<p>Plastic bottle crushing machine is one of the main machines in the plastic bottle recycling line. It can crush PET bottles, PE bottles, PP bottles, and other plastic bottles into small pieces. We all know that plastic bottles are big. If it is not crushed in advance, it will be difficult to clean. It is [&hellip;]<\/p>\n","protected":false},"author":1,"featured_media":1184,"parent":0,"template":"","tags":[35,38],"product-type":[4],"class_list":["post-57","product","type-product","status-publish","has-post-thumbnail","hentry","tag-crushing","tag-pet-recycling","product-type-crushing-machine"],"_links":{"self":[{"href":"https:\/\/www.plasticgranularmachine.com\/sw\/wp-json\/wp\/v2\/product\/57","targetHints":{"allow":["GET"]}}],"collection":[{"href":"https:\/\/www.plasticgranularmachine.com\/sw\/wp-json\/wp\/v2\/product"}],"about":[{"href":"https:\/\/www.plasticgranularmachine.com\/sw\/wp-json\/wp\/v2\/types\/product"}],"author":[{"embeddable":true,"href":"https:\/\/www.plasticgranularmachine.com\/sw\/wp-json\/wp\/v2\/users\/1"}],"wp:featuredmedia":[{"embeddable":true,"href":"https:\/\/www.plasticgranularmachine.com\/sw\/wp-json\/wp\/v2\/media\/1184"}],"wp:attachment":[{"href":"https:\/\/www.plasticgranularmachine.com\/sw\/wp-json\/wp\/v2\/media?parent=57"}],"wp:term":[{"taxonomy":"post_tag","embeddable":true,"href":"https:\/\/www.plasticgranularmachine.com\/sw\/wp-json\/wp\/v2\/tags?post=57"},{"taxonomy":"product-type","embeddable":true,"href":"https:\/\/www.plasticgranularmachine.com\/sw\/wp-json\/wp\/v2\/product-type?post=57"}],"curies":[{"name":"wp","href":"https:\/\/api.w.org\/{rel}","templated":true}]}}