{"id":651,"date":"2023-12-15T16:39:39","date_gmt":"2023-12-15T08:39:39","guid":{"rendered":"https:\/\/www.plasticgranularmachine.com\/?post_type=product&#038;p=651"},"modified":"2025-01-06T10:02:06","modified_gmt":"2025-01-06T02:02:06","slug":"waste-bale-opener","status":"publish","type":"product","link":"https:\/\/www.plasticgranularmachine.com\/sw\/product\/waste-bale-opener\/","title":{"rendered":"Kifungua Bales Chakavu | Mashine ya Kufungua Bales za Plastiki"},"content":{"rendered":"<p>Avfallsbale\u00f6ppnaren \u00e4r en viktig utrustning i plast\u00e5tervinningsanl\u00e4ggningar, dess huvudsakliga funktion \u00e4r att avveckla de extruderade och baleade avfallsplaster med h\u00f6g effektivitet, f\u00f6r att underl\u00e4tta efterf\u00f6ljande bearbetning och klassificering.<\/p>    <figure class=\"wp-block-embed is-type-video is-provider-youtube wp-block-embed-youtube wp-embed-aspect-16-9 wp-has-aspect-ratio\"><div class=\"wp-block-embed__wrapper\"> <iframe loading=\"lazy\" title=\"PET-flaskpress\u00f6ppnare | vertikal plastavlastningsmaskin\" width=\"500\" height=\"281\" src=\"https:\/\/www.youtube.com\/embed\/ujKPMvq7vLY?feature=oembed\" frameborder=\"0\" allow=\"accelerometer; autoplay; clipboard-write; encrypted-media; gyroscope; picture-in-picture; web-share\" referrerpolicy=\"strict-origin-when-cross-origin\" allowfullscreen><\/iframe> <\/div><\/figure>    <h2 class=\"wp-block-heading\">APPLIKATION AV PET-flaskbale\u00f6ppnare<\/h2>    <p>Anv\u00e4nds huvudsakligen f\u00f6r att riva av PET-flaskor som har pressats till plastflaskebrickor, \u00f6ppna och sprida dem till enskilda flaskor, och samtidigt har den m\u00f6jligheten till kvantitativ matning, vilket \u00e4r praktiskt f\u00f6r efterf\u00f6ljande sorteringsproduktion. F\u00f6rutom PET-flaskebrickor kan PET-flaskbale\u00f6ppnaren \u00e4ven packa upp olika material som plastv\u00e4v- och PE-plastp\u00e5sar, brunt pappp\u00e5sar och andra p\u00e5sar som komprimerade paket.<\/p>   <div class=\"wp-block-image\"> <figure class=\"aligncenter size-full\"><img loading=\"lazy\" decoding=\"async\" width=\"720\" height=\"540\" src=\"https:\/\/www.plasticgranularmachine.com\/wp-content\/uploads\/2023\/12\/PET-Debaler-Machine.webp\" alt=\"Waste Bale Opener \" class=\"wp-image-654\" srcset=\"https:\/\/www.plasticgranularmachine.com\/wp-content\/uploads\/2023\/12\/PET-Debaler-Machine.webp 720w, https:\/\/www.plasticgranularmachine.com\/wp-content\/uploads\/2023\/12\/PET-Debaler-Machine-300x225.webp 300w\" sizes=\"auto, (max-width: 720px) 100vw, 720px\" \/><\/figure> <\/div>  <div class=\"wp-block-image\"> <figure class=\"aligncenter size-full\"><img loading=\"lazy\" decoding=\"async\" width=\"720\" height=\"540\" src=\"https:\/\/www.plasticgranularmachine.com\/wp-content\/uploads\/2023\/12\/Debaler-Machine.webp\" alt=\"\" class=\"wp-image-653\" srcset=\"https:\/\/www.plasticgranularmachine.com\/wp-content\/uploads\/2023\/12\/Debaler-Machine.webp 720w, https:\/\/www.plasticgranularmachine.com\/wp-content\/uploads\/2023\/12\/Debaler-Machine-300x225.webp 300w\" sizes=\"auto, (max-width: 720px) 100vw, 720px\" \/><\/figure> <\/div>   <h2 class=\"wp-block-heading\">Egenskaper hos vertikal plastavlastningsmaskin <\/h2>    <ul class=\"wp-block-list\"> <li>F\u00f6rb\u00e4ttrad effektivitet: Plastflakavlastaren anv\u00e4nder avancerad opacknings-teknik f\u00f6r att effektivt och snabbt avpacka komprimerade plastflaskor, vilket \u00f6kar effektiviteten i hela \u00e5tervinningsprocessen.<\/li>    <li>Skydda plastflaskornas kvalitet: Designen av avfallsbale\u00f6ppnaren tar h\u00e4nsyn till skonsam hantering av plastflaskor f\u00f6r att s\u00e4kerst\u00e4lla att ytan p\u00e5 flaskorna inte skadas under avvecklingsprocessen och att deras ursprungliga kvalitet bibeh\u00e5lls.<\/li>    <li>Reducing labor intensity: Anv\u00e4ndningen av plastavlastningsmaskinen minskar arbetskravet avsev\u00e4rt vid manuell \u00f6ppning, vilket ger en mer human och s\u00e4ker arbetsmilj\u00f6 f\u00f6r \u00e5tervinningsanl\u00e4ggningar.<\/li> <\/ul>","protected":false},"excerpt":{"rendered":"<p>Waste bale opener is an important piece of equipment in plastic recycling plants, its main function is to unwrap the extruded and baled waste plastic products with high efficiency, to create convenience for subsequent processing and classification. PET bottle bale opener application Mainly used for tearing off PET bottles that have been compressed into plastic [&hellip;]<\/p>\n","protected":false},"author":1,"featured_media":654,"parent":0,"template":"","tags":[38],"product-type":[32],"class_list":["post-651","product","type-product","status-publish","has-post-thumbnail","hentry","tag-pet-recycling","product-type-plastic-baler"],"_links":{"self":[{"href":"https:\/\/www.plasticgranularmachine.com\/sw\/wp-json\/wp\/v2\/product\/651","targetHints":{"allow":["GET"]}}],"collection":[{"href":"https:\/\/www.plasticgranularmachine.com\/sw\/wp-json\/wp\/v2\/product"}],"about":[{"href":"https:\/\/www.plasticgranularmachine.com\/sw\/wp-json\/wp\/v2\/types\/product"}],"author":[{"embeddable":true,"href":"https:\/\/www.plasticgranularmachine.com\/sw\/wp-json\/wp\/v2\/users\/1"}],"wp:featuredmedia":[{"embeddable":true,"href":"https:\/\/www.plasticgranularmachine.com\/sw\/wp-json\/wp\/v2\/media\/654"}],"wp:attachment":[{"href":"https:\/\/www.plasticgranularmachine.com\/sw\/wp-json\/wp\/v2\/media?parent=651"}],"wp:term":[{"taxonomy":"post_tag","embeddable":true,"href":"https:\/\/www.plasticgranularmachine.com\/sw\/wp-json\/wp\/v2\/tags?post=651"},{"taxonomy":"product-type","embeddable":true,"href":"https:\/\/www.plasticgranularmachine.com\/sw\/wp-json\/wp\/v2\/product-type?post=651"}],"curies":[{"name":"wp","href":"https:\/\/api.w.org\/{rel}","templated":true}]}}