{"id":656,"date":"2023-12-15T17:42:44","date_gmt":"2023-12-15T09:42:44","guid":{"rendered":"https:\/\/www.plasticgranularmachine.com\/?post_type=product&#038;p=656"},"modified":"2025-01-06T09:52:32","modified_gmt":"2025-01-06T01:52:32","slug":"hdpe-granules-making-machine","status":"publish","type":"product","link":"https:\/\/www.plasticgranularmachine.com\/sw\/product\/hdpe-granules-making-machine\/","title":{"rendered":"HDPE-kornframst\u00e4llningsmaskin | Plastpelletiseringsmaskin"},"content":{"rendered":"<p>V\u00e5r HDPE-plastpelletsmaskin \u00e4r en innovativ maskin utformad f\u00f6r behandling av HDPE-plast h\u00e5rda material, inklusive plastflaskor, plasttunnor och s\u00e5 vidare. Den har framg\u00e5ngsrikt exporterats till Kenya, Nigeria, Cote d\u2019Ivoire, Saudiarabien och andra togolesiska l\u00e4nder. <\/p>    <p class=\"translation-block\">Mashine yetu imesimika <strong><a href=\"https:\/\/www.plasticgranularmachine.com\/sw\/product\/plastic-granulating-line\/\" data-type=\"link\" data-id=\"https:\/\/www.plasticgranularmachine.com\/product\/plastic-granulating-line\/\">mstari wa kukusanya pellet ya plastiki<\/a><\/strong> kwa wateja wetu, kuwasaidia kufanyia kazi kiasi kikubwa cha taka ya HDPE, na uzalishaji wa pellets za plastiki zenye ubora wa juu umepata pongezi nyingi kutoka kwa wateja wetu.<\/p>   <div class=\"wp-block-image\"> <figure class=\"aligncenter size-full\"><img loading=\"lazy\" decoding=\"async\" width=\"720\" height=\"540\" src=\"https:\/\/www.plasticgranularmachine.com\/wp-content\/uploads\/2023\/12\/Positive-feedback-from-clients-in-Cote-dIvoire1.webp\" alt=\"Positive feedback from clients in C\u00f4te d&#039;Ivoire\" class=\"wp-image-1370\" srcset=\"https:\/\/www.plasticgranularmachine.com\/wp-content\/uploads\/2023\/12\/Positive-feedback-from-clients-in-Cote-dIvoire1.webp 720w, https:\/\/www.plasticgranularmachine.com\/wp-content\/uploads\/2023\/12\/Positive-feedback-from-clients-in-Cote-dIvoire1-300x225.webp 300w, https:\/\/www.plasticgranularmachine.com\/wp-content\/uploads\/2023\/12\/Positive-feedback-from-clients-in-Cote-dIvoire1-16x12.webp 16w\" sizes=\"auto, (max-width: 720px) 100vw, 720px\" \/><figcaption class=\"wp-element-caption\">Positiv feedback fr\u00e5n kunder i C\u00f4te d\u2019Ivoire<\/figcaption><\/figure> <\/div>  <div class=\"wp-block-image\"> <figure class=\"aligncenter size-full\"><img loading=\"lazy\" decoding=\"async\" width=\"720\" height=\"540\" src=\"https:\/\/www.plasticgranularmachine.com\/wp-content\/uploads\/2023\/01\/plasic-film-granulator.webp\" alt=\"plastfilmgranulator\" class=\"wp-image-477\" srcset=\"https:\/\/www.plasticgranularmachine.com\/wp-content\/uploads\/2023\/01\/plasic-film-granulator.webp 720w, https:\/\/www.plasticgranularmachine.com\/wp-content\/uploads\/2023\/01\/plasic-film-granulator-300x225.webp 300w\" sizes=\"auto, (max-width: 720px) 100vw, 720px\" \/><figcaption class=\"wp-element-caption\">Mashine ya kutengeneza granules za HDPE iliyotumwa kwa Saudia<\/figcaption><\/figure> <\/div>   <h2 class=\"wp-block-heading\">Mchakato wa kukusanya pellets wa urekebishaji wa plastiki ya HDPE<\/h2>    <ul class=\"wp-block-list\"> <li>Kumfua: pellets zilizopangwa za HDPE zinaingizwa kwenye mfumo wa kuyeyusha wa mashine ya kutengeneza granules za HDPE, ambapo zinayeyushwa kwa joto la juu ili ziweze kuwa na hali inayotiririka, tayari kwa mchakato wa extrusion unaofuata.<\/li>    <li>Ukorosaji: Nyenzo ya HDPE iliyoyoozwa inapita kupitia extruder na inasukumwa na screw iliyopashwa joto, inayoweka nyuzi joto na kuiyasua kutoka kwenye die kwa usawa zaidi.<\/li>    <li>Kuzuia joto: Joto la vipande vya plastiki vinavyotoka moja kwa moja kutoka kwenye mashine ya kutengeneza granules za HDPE ni la juu sana, hivyo vinapaswa kupozwa kwa mabwawa ya maji ya kupoozea, na wakati huo huo kupozwa kunaweza kufanya plastiki kuwa ngumu haraka, ili iwe rahisi kwa pelletizing ya plastiki ya HDPE baadaye.<\/li>    <li>Kukata: Mwisho, pellets za HDPE zilizokatwa zinakatwa kuwa urefu unaofaa ili kupata bidhaa ya pellet iliyomalizika ya plastiki.<\/li> <\/ul>   <div class=\"wp-block-image\"> <figure class=\"aligncenter size-full\"><img loading=\"lazy\" decoding=\"async\" width=\"720\" height=\"540\" src=\"https:\/\/www.plasticgranularmachine.com\/wp-content\/uploads\/2023\/12\/plastic-granulator-in-the-factory.webp\" alt=\"Kikata granulator cha plastiki katika kiwanda\" class=\"wp-image-1371\" srcset=\"https:\/\/www.plasticgranularmachine.com\/wp-content\/uploads\/2023\/12\/plastic-granulator-in-the-factory.webp 720w, https:\/\/www.plasticgranularmachine.com\/wp-content\/uploads\/2023\/12\/plastic-granulator-in-the-factory-300x225.webp 300w, https:\/\/www.plasticgranularmachine.com\/wp-content\/uploads\/2023\/12\/plastic-granulator-in-the-factory-16x12.webp 16w\" sizes=\"auto, (max-width: 720px) 100vw, 720px\" \/><figcaption class=\"wp-element-caption\">Kikata granulator cha plastiki katika kiwanda<\/figcaption><\/figure> <\/div>   <h2 class=\"wp-block-heading\">Paramita za mashine ya kutengeneza pellets ya HDPE <\/h2>    <p>F\u00f6ljande fyra modeller \u00e4r de hetaste typerna av v\u00e5ra plastpelletiseringsmaskiner, deras kapacitet kan m\u00f6ta de flesta kunders behov. Men om du beh\u00f6ver st\u00f6rre modell kan vi ocks\u00e5 anpassa den, tveka inte att kontakta oss n\u00e4r som helst. <\/p>    <figure class=\"wp-block-table\"><table><tbody><tr><td>Mfano wa Mashine<\/td><td>SL-125<\/td><td>SL-150<\/td><td>SL-180<\/td><td>SL-200<\/td><\/tr><tr><td>Skruvdiameter<\/td><td>125mm<\/td><td>150mm<\/td><td>180mm<\/td><td>200mm<\/td><\/tr><tr><td>Spindelhastighet<\/td><td>50-70\/min<\/td><td>40-50\/min<\/td><td>40-50\/min<\/td><td>40-50\/min<\/td><\/tr><tr><td>Huvudmotorens effekt<\/td><td>30KW<\/td><td>37KW<\/td><td>55KW<\/td><td>75KW<\/td><\/tr><tr><td>V\u00e4xel (h\u00e5rd v\u00e4xel)<\/td><td>225<\/td><td>250<\/td><td>280<\/td><td>315<\/td><\/tr><tr><td>Ukubwa<\/td><td>2.6*0.7*0.7<\/td><td>3.0*0.7*0.7<\/td><td>3.2*0.7*0.7<\/td><td>3.5*1*1<\/td><\/tr><tr><td>Utmatning<\/td><td>180KG\/H<\/td><td>300KG\/H<\/td><td>350KG\/H<\/td><td>380KG\/H<\/td><\/tr><\/tbody><\/table><\/figure>   <div class=\"wp-block-image\"> <figure class=\"aligncenter size-full\"><img loading=\"lazy\" decoding=\"async\" width=\"720\" height=\"540\" src=\"https:\/\/www.plasticgranularmachine.com\/wp-content\/uploads\/2023\/12\/HDPE-granules-making-machine.webp\" alt=\"Masin ya kutengeneza granules za HDPE\" class=\"wp-image-1372\" srcset=\"https:\/\/www.plasticgranularmachine.com\/wp-content\/uploads\/2023\/12\/HDPE-granules-making-machine.webp 720w, https:\/\/www.plasticgranularmachine.com\/wp-content\/uploads\/2023\/12\/HDPE-granules-making-machine-300x225.webp 300w, https:\/\/www.plasticgranularmachine.com\/wp-content\/uploads\/2023\/12\/HDPE-granules-making-machine-16x12.webp 16w\" sizes=\"auto, (max-width: 720px) 100vw, 720px\" \/><figcaption class=\"wp-element-caption\">Masin ya kutengeneza granules za HDPE<\/figcaption><\/figure> <\/div>   <h2 class=\"wp-block-heading\">C\u00f4te d\u2019Ivoire feedback om HDPE-kornstillverkningsmaskin <\/h2>    <figure class=\"wp-block-embed is-type-video is-provider-youtube wp-block-embed-youtube wp-embed-aspect-16-9 wp-has-aspect-ratio\"><div class=\"wp-block-embed__wrapper\"> <iframe loading=\"lazy\" title=\"Maoni ya mteja! Mchakato wa utengenezaji wa chembechembe za HDPE huko C\u00f4te d&#039;Ivoire\" width=\"500\" height=\"281\" src=\"https:\/\/www.youtube.com\/embed\/44dq-0uQ3V0?start=18&#038;feature=oembed\" frameborder=\"0\" allow=\"accelerometer; autoplay; clipboard-write; encrypted-media; gyroscope; picture-in-picture; web-share\" referrerpolicy=\"strict-origin-when-cross-origin\" allowfullscreen><\/iframe> <\/div><\/figure>","protected":false},"excerpt":{"rendered":"<p>Our HDPE plastic pellet machine is an innovative machine designed for processing HDPE plastic hard materials, including plastic bottles, plastic drums and so on. It has been successfully exported to Kenya, Nigeria, Cote d&#8217;Ivoire, Saudi Arabia and other Togolese countries. Our machine has set up a complete plastic pelletizing recycling line for our customers, helping [&hellip;]<\/p>\n","protected":false},"author":1,"featured_media":1267,"parent":0,"template":"","tags":[36,18],"product-type":[5],"class_list":["post-656","product","type-product","status-publish","has-post-thumbnail","hentry","tag-hard-plastic-recycling","tag-pelletizing-machine","product-type-plastic-pelletizer"],"_links":{"self":[{"href":"https:\/\/www.plasticgranularmachine.com\/sw\/wp-json\/wp\/v2\/product\/656","targetHints":{"allow":["GET"]}}],"collection":[{"href":"https:\/\/www.plasticgranularmachine.com\/sw\/wp-json\/wp\/v2\/product"}],"about":[{"href":"https:\/\/www.plasticgranularmachine.com\/sw\/wp-json\/wp\/v2\/types\/product"}],"author":[{"embeddable":true,"href":"https:\/\/www.plasticgranularmachine.com\/sw\/wp-json\/wp\/v2\/users\/1"}],"wp:featuredmedia":[{"embeddable":true,"href":"https:\/\/www.plasticgranularmachine.com\/sw\/wp-json\/wp\/v2\/media\/1267"}],"wp:attachment":[{"href":"https:\/\/www.plasticgranularmachine.com\/sw\/wp-json\/wp\/v2\/media?parent=656"}],"wp:term":[{"taxonomy":"post_tag","embeddable":true,"href":"https:\/\/www.plasticgranularmachine.com\/sw\/wp-json\/wp\/v2\/tags?post=656"},{"taxonomy":"product-type","embeddable":true,"href":"https:\/\/www.plasticgranularmachine.com\/sw\/wp-json\/wp\/v2\/product-type?post=656"}],"curies":[{"name":"wp","href":"https:\/\/api.w.org\/{rel}","templated":true}]}}