{"id":660,"date":"2023-12-18T11:16:13","date_gmt":"2023-12-18T03:16:13","guid":{"rendered":"https:\/\/www.plasticgranularmachine.com\/?post_type=product&#038;p=660"},"modified":"2025-01-06T09:54:03","modified_gmt":"2025-01-06T01:54:03","slug":"trommel-screen","status":"publish","type":"product","link":"https:\/\/www.plasticgranularmachine.com\/sw\/product\/trommel-screen\/","title":{"rendered":"PET-flasktrummelmaskin"},"content":{"rendered":"<p>Sk\u00e4rmskivor \u00e4r utrustning som anv\u00e4nds i plastflaks\u00e5tervinningsanl\u00e4ggning f\u00f6r att effektivt rena plastavfall genom screening och sortering, vilket ger en tydlig och organiserad materialbas f\u00f6r efterf\u00f6ljande bearbetningssteg.<\/p>   <div class=\"wp-block-image\"> <figure class=\"aligncenter size-full\"><img loading=\"lazy\" decoding=\"async\" width=\"720\" height=\"540\" src=\"https:\/\/www.plasticgranularmachine.com\/wp-content\/uploads\/2023\/12\/industrial-trommel-machine.webp\" alt=\"Trommel-sk\u00e4rm\" class=\"wp-image-662\" srcset=\"https:\/\/www.plasticgranularmachine.com\/wp-content\/uploads\/2023\/12\/industrial-trommel-machine.webp 720w, https:\/\/www.plasticgranularmachine.com\/wp-content\/uploads\/2023\/12\/industrial-trommel-machine-300x225.webp 300w\" sizes=\"auto, (max-width: 720px) 100vw, 720px\" \/><\/figure> <\/div>  <div class=\"wp-block-image\"> <figure class=\"aligncenter size-full\"><img loading=\"lazy\" decoding=\"async\" width=\"720\" height=\"540\" src=\"https:\/\/www.plasticgranularmachine.com\/wp-content\/uploads\/2023\/12\/industrial-trommel.webp\" alt=\"\" class=\"wp-image-661\" srcset=\"https:\/\/www.plasticgranularmachine.com\/wp-content\/uploads\/2023\/12\/industrial-trommel.webp 720w, https:\/\/www.plasticgranularmachine.com\/wp-content\/uploads\/2023\/12\/industrial-trommel-300x225.webp 300w\" sizes=\"auto, (max-width: 720px) 100vw, 720px\" \/><\/figure> <\/div>   <h2 class=\"wp-block-heading\">Introduktion av trommelsk\u00e4rm f\u00f6r plast\u00e5tervinning<\/h2>    <p>En trommel-sk\u00e4rm best\u00e5r vanligtvis av en huvudsk\u00e4rmram, ett inloppssystem, en trumma, en motor och drivsystem, en sk\u00e4rmv\u00e4v och en restutlopp.<\/p>    <p>Genom den roterande trumman och en rimligt utformad sk\u00e4rmv\u00e4v f\u00e5r tumblermasken det plastskr\u00e4p att rulla och v\u00e4nda sig, skiktar loss skr\u00e4p och icke-kompatibla r\u00e5material.<\/p>    <h2 class=\"wp-block-heading\">Varf\u00f6r beh\u00f6ver du en PET-flask-trommelsk\u00e4rm?<\/h2>    <p>Sammanfattningsvis spelar anv\u00e4ndningen av trommelsk\u00e4rmar i plastflask\u00e5tervinningslinjer en f\u00f6rbehandlingsroll och hj\u00e4lper till att f\u00f6rb\u00e4ttra \u00e5tervinningshastigheten och kvaliteten p\u00e5 PET-flakes. F\u00f6ljande punkter f\u00f6rklarar de specifika detaljerna.<\/p>    <ul class=\"wp-block-list\"> <li>Storlek Screening: Tumbler-skivor kan anv\u00e4ndas f\u00f6r att skanna plastflaskor av olika storlekar, vilket separerar stora, medelstora och sm\u00e5 flaskor. Detta hj\u00e4lper i de efterf\u00f6ljande bearbetningsstegen och s\u00e4kerst\u00e4ller att varje storlek p\u00e5 flaska kan matas in i r\u00e4tt utrustning f\u00f6r behandling.<\/li>    <li>Avl\u00e4gsnande av f\u00f6roreningar: PET-flask tumblermaskiner \u00e4r effektiva f\u00f6r att avl\u00e4gsna f\u00f6roreningar som stenar, metaller osv. fr\u00e5n plastavfall. Detta hj\u00e4lper till att f\u00f6rhindra att dessa f\u00f6roreningar skadar annan \u00e5tervinningsutrustning och f\u00f6rb\u00e4ttrar hela \u00e5tervinningsprocessens effektivitet.<\/li>    <li>Rening av material: Genom tumbler-sk\u00e4rmen kan den initiala reningen av plastflaskavfall uppn\u00e5s, avl\u00e4gsna ytbunden smuts, jord och s\u00e5 vidare. Detta hj\u00e4lper till att f\u00f6rb\u00e4ttra slutproduktens kvalitet och s\u00e4kerst\u00e4lla att \u00e5tervunnen plast uppfyller kraven f\u00f6r \u00e5teranv\u00e4ndning.<\/li> <\/ul>    <h2 class=\"wp-block-heading\">Relaterad plastflask\u00e5tervinningslinje<\/h2>    <p class=\"translation-block\">Den PET-plast <strong><a href=\"https:\/\/www.plasticgranularmachine.com\/sw\/product\/pet-bottles-recycling-line\/\" data-type=\"link\" data-id=\"https:\/\/www.plasticgranularmachine.com\/product\/pet-bottles-recycling-line\/\">flask\u00e5tervinningskross- och tv\u00e4ttlinjen<\/a><\/strong> anv\u00e4nder en avancerad process f\u00f6r att fragmentera avfall PET-flaskor genom en kvarn, som d\u00e4refter tv\u00e4ttas av en tv\u00e4ttmaskin f\u00f6r att avl\u00e4gsna f\u00f6roreningar, och slutligen genom ett torkningssystem f\u00f6r att avl\u00e4gsna vatten, vilket resulterar i rena och torra PET-flakes.<\/p>   <div class=\"wp-block-image\"> <figure class=\"aligncenter size-full is-resized\"><img loading=\"lazy\" decoding=\"async\" width=\"720\" height=\"540\" src=\"https:\/\/www.plasticgranularmachine.com\/wp-content\/uploads\/2022\/06\/PET-bottle-recycling-machine.webp\" alt=\"\" class=\"wp-image-578\" style=\"width:720px;height:auto\" srcset=\"https:\/\/www.plasticgranularmachine.com\/wp-content\/uploads\/2022\/06\/PET-bottle-recycling-machine.webp 720w, https:\/\/www.plasticgranularmachine.com\/wp-content\/uploads\/2022\/06\/PET-bottle-recycling-machine-300x225.webp 300w\" sizes=\"auto, (max-width: 720px) 100vw, 720px\" \/><figcaption class=\"wp-element-caption\">plastflask\u00e5tervinningslinje<\/figcaption><\/figure> <\/div>","protected":false},"excerpt":{"rendered":"<p>Tumbler screens are equipment used in the plastic bottle recycling factory to effectively purify plastic waste through screening and sorting, providing a clear and organized material base for subsequent processing steps. Introduction of trommel screen for plastic recycling A trommel screen usually consists of a main screen frame, an inlet, a drum, a motor and [&hellip;]<\/p>\n","protected":false},"author":1,"featured_media":662,"parent":0,"template":"","tags":[38],"product-type":[32],"class_list":["post-660","product","type-product","status-publish","has-post-thumbnail","hentry","tag-pet-recycling","product-type-plastic-baler"],"_links":{"self":[{"href":"https:\/\/www.plasticgranularmachine.com\/sw\/wp-json\/wp\/v2\/product\/660","targetHints":{"allow":["GET"]}}],"collection":[{"href":"https:\/\/www.plasticgranularmachine.com\/sw\/wp-json\/wp\/v2\/product"}],"about":[{"href":"https:\/\/www.plasticgranularmachine.com\/sw\/wp-json\/wp\/v2\/types\/product"}],"author":[{"embeddable":true,"href":"https:\/\/www.plasticgranularmachine.com\/sw\/wp-json\/wp\/v2\/users\/1"}],"wp:featuredmedia":[{"embeddable":true,"href":"https:\/\/www.plasticgranularmachine.com\/sw\/wp-json\/wp\/v2\/media\/662"}],"wp:attachment":[{"href":"https:\/\/www.plasticgranularmachine.com\/sw\/wp-json\/wp\/v2\/media?parent=660"}],"wp:term":[{"taxonomy":"post_tag","embeddable":true,"href":"https:\/\/www.plasticgranularmachine.com\/sw\/wp-json\/wp\/v2\/tags?post=660"},{"taxonomy":"product-type","embeddable":true,"href":"https:\/\/www.plasticgranularmachine.com\/sw\/wp-json\/wp\/v2\/product-type?post=660"}],"curies":[{"name":"wp","href":"https:\/\/api.w.org\/{rel}","templated":true}]}}