{"id":663,"date":"2023-12-18T16:19:34","date_gmt":"2023-12-18T08:19:34","guid":{"rendered":"https:\/\/www.plasticgranularmachine.com\/?post_type=product&#038;p=663"},"modified":"2025-01-06T10:00:16","modified_gmt":"2025-01-06T02:00:16","slug":"plastic-strip-cutting-machine","status":"publish","type":"product","link":"https:\/\/www.plasticgranularmachine.com\/sw\/product\/plastic-strip-cutting-machine\/","title":{"rendered":"Plastbandssk\u00e4rmaskin"},"content":{"rendered":"<p>Plastgranulatorn \u00e4r sista steget i granuleringlinjen, den kommer att klippa de l\u00e5nga plaststrimlorna till sm\u00e5 pelletser f\u00f6r efterf\u00f6ljande f\u00f6rpackning och f\u00f6rs\u00e4ljning.<\/p>    <figure class=\"wp-block-gallery aligncenter has-nested-images columns-default is-cropped wp-block-gallery-2 is-layout-flex wp-block-gallery-is-layout-flex\"> <figure class=\"wp-block-image size-full\"><img loading=\"lazy\" decoding=\"async\" width=\"720\" height=\"540\" data-id=\"1339\" src=\"https:\/\/www.plasticgranularmachine.com\/wp-content\/uploads\/2023\/12\/plastic-pelletizing-line-includes-plastic-dana-cutter.webp\" alt=\"plastgranuleringslinje inkluderar plastdana-sk\u00e4rare\" class=\"wp-image-1339\" srcset=\"https:\/\/www.plasticgranularmachine.com\/wp-content\/uploads\/2023\/12\/plastic-pelletizing-line-includes-plastic-dana-cutter.webp 720w, https:\/\/www.plasticgranularmachine.com\/wp-content\/uploads\/2023\/12\/plastic-pelletizing-line-includes-plastic-dana-cutter-300x225.webp 300w, https:\/\/www.plasticgranularmachine.com\/wp-content\/uploads\/2023\/12\/plastic-pelletizing-line-includes-plastic-dana-cutter-16x12.webp 16w\" sizes=\"auto, (max-width: 720px) 100vw, 720px\" \/><figcaption class=\"wp-element-caption\">plastgranuleringslinje inkluderar plastdana-sk\u00e4rare<\/figcaption><\/figure>    <figure class=\"wp-block-image size-full\"><img loading=\"lazy\" decoding=\"async\" width=\"720\" height=\"540\" data-id=\"1340\" src=\"https:\/\/www.plasticgranularmachine.com\/wp-content\/uploads\/2023\/12\/Plastic-pellet-making-machine.webp\" alt=\"Plastgranuleringsmaskin\" class=\"wp-image-1340\" srcset=\"https:\/\/www.plasticgranularmachine.com\/wp-content\/uploads\/2023\/12\/Plastic-pellet-making-machine.webp 720w, https:\/\/www.plasticgranularmachine.com\/wp-content\/uploads\/2023\/12\/Plastic-pellet-making-machine-300x225.webp 300w, https:\/\/www.plasticgranularmachine.com\/wp-content\/uploads\/2023\/12\/Plastic-pellet-making-machine-16x12.webp 16w\" sizes=\"auto, (max-width: 720px) 100vw, 720px\" \/><figcaption class=\"wp-element-caption\">Plastgranuleringsmaskin<\/figcaption><\/figure> <\/figure>    <h2 class=\"wp-block-heading\">Till\u00e4mpning av Plaststripklippmaskin<\/h2>    <p>Det passar f\u00f6r plastgranuleringsmaskiner efter att strimlor dragits, anv\u00e4nds f\u00f6r PVC, PP, LDPE, HDPE, LLDPE och andra plastgranuleringsmaterial.<\/p>    <figure class=\"wp-block-gallery has-nested-images columns-default is-cropped wp-block-gallery-3 is-layout-flex wp-block-gallery-is-layout-flex\"> <figure class=\"wp-block-image size-large\"><img loading=\"lazy\" decoding=\"async\" width=\"720\" height=\"540\" data-id=\"1337\" src=\"https:\/\/www.plasticgranularmachine.com\/wp-content\/uploads\/2023\/12\/plastic-dana-cutting-machine.webp\" alt=\"plastdana klippmaskin\" class=\"wp-image-1337\" srcset=\"https:\/\/www.plasticgranularmachine.com\/wp-content\/uploads\/2023\/12\/plastic-dana-cutting-machine.webp 720w, https:\/\/www.plasticgranularmachine.com\/wp-content\/uploads\/2023\/12\/plastic-dana-cutting-machine-300x225.webp 300w, https:\/\/www.plasticgranularmachine.com\/wp-content\/uploads\/2023\/12\/plastic-dana-cutting-machine-16x12.webp 16w\" sizes=\"auto, (max-width: 720px) 100vw, 720px\" \/><figcaption class=\"wp-element-caption\">plastdana klippmaskin<\/figcaption><\/figure>    <figure class=\"wp-block-image size-large\"><img loading=\"lazy\" decoding=\"async\" width=\"720\" height=\"540\" data-id=\"1338\" src=\"https:\/\/www.plasticgranularmachine.com\/wp-content\/uploads\/2023\/12\/Plastic-Strip-Cutting-Machine-1.webp\" alt=\"Plastbandssk\u00e4rmaskin\" class=\"wp-image-1338\" srcset=\"https:\/\/www.plasticgranularmachine.com\/wp-content\/uploads\/2023\/12\/Plastic-Strip-Cutting-Machine-1.webp 720w, https:\/\/www.plasticgranularmachine.com\/wp-content\/uploads\/2023\/12\/Plastic-Strip-Cutting-Machine-1-300x225.webp 300w, https:\/\/www.plasticgranularmachine.com\/wp-content\/uploads\/2023\/12\/Plastic-Strip-Cutting-Machine-1-16x12.webp 16w\" sizes=\"auto, (max-width: 720px) 100vw, 720px\" \/><figcaption class=\"wp-element-caption\">Plastbandssk\u00e4rmaskin<\/figcaption><\/figure> <\/figure>    <h2 class=\"wp-block-heading\">Strimklippmaskinens struktur <\/h2>    <p>Plastgranuleraren best\u00e5r huvudsakligen av hobb, tryckvals och transmissionsanordning.<\/p>    <figure class=\"wp-block-gallery has-nested-images columns-default is-cropped wp-block-gallery-4 is-layout-flex wp-block-gallery-is-layout-flex\"> <figure class=\"wp-block-image size-large\"><img loading=\"lazy\" decoding=\"async\" width=\"720\" height=\"540\" data-id=\"1341\" src=\"https:\/\/www.plasticgranularmachine.com\/wp-content\/uploads\/2023\/12\/details-of-the-plastic-pellet-making-machine.webp\" alt=\"detaljer om plastpelletmaskinen\" class=\"wp-image-1341\" srcset=\"https:\/\/www.plasticgranularmachine.com\/wp-content\/uploads\/2023\/12\/details-of-the-plastic-pellet-making-machine.webp 720w, https:\/\/www.plasticgranularmachine.com\/wp-content\/uploads\/2023\/12\/details-of-the-plastic-pellet-making-machine-300x225.webp 300w, https:\/\/www.plasticgranularmachine.com\/wp-content\/uploads\/2023\/12\/details-of-the-plastic-pellet-making-machine-16x12.webp 16w\" sizes=\"auto, (max-width: 720px) 100vw, 720px\" \/><figcaption class=\"wp-element-caption\">detaljer om plastpelletmaskinen<\/figcaption><\/figure>    <figure class=\"wp-block-image size-large\"><img loading=\"lazy\" decoding=\"async\" width=\"720\" height=\"540\" data-id=\"1342\" src=\"https:\/\/www.plasticgranularmachine.com\/wp-content\/uploads\/2023\/12\/hob-of-the-plastic-dana-cutter-machine.webp\" alt=\"h\u00e5rd av plast dana-sk\u00e4rare maskin\" class=\"wp-image-1342\" srcset=\"https:\/\/www.plasticgranularmachine.com\/wp-content\/uploads\/2023\/12\/hob-of-the-plastic-dana-cutter-machine.webp 720w, https:\/\/www.plasticgranularmachine.com\/wp-content\/uploads\/2023\/12\/hob-of-the-plastic-dana-cutter-machine-300x225.webp 300w, https:\/\/www.plasticgranularmachine.com\/wp-content\/uploads\/2023\/12\/hob-of-the-plastic-dana-cutter-machine-16x12.webp 16w\" sizes=\"auto, (max-width: 720px) 100vw, 720px\" \/><figcaption class=\"wp-element-caption\">h\u00e5rd av plast dana-sk\u00e4rare maskin<\/figcaption><\/figure> <\/figure>    <h2 class=\"wp-block-heading\">Parametrar f\u00f6r plaststrimklippmaskin<\/h2>    <figure class=\"wp-block-table\"><table><tbody><tr><td>Aina<\/td><td>Nguvu<\/td><td>Bredd p\u00e5 knivarna<\/td><td>Knivtyp<\/td><\/tr><tr><td>SL-180<\/td><td>3<\/td><td>180<\/td><td>h\u00e4dare<\/td><\/tr><tr><td>SL-220<\/td><td>5.5<\/td><td>220<\/td><td>h\u00e4dare<\/td><\/tr><tr><td>SL-260<\/td><td>5.5<\/td><td>260<\/td><td>h\u00e4dare<\/td><\/tr><\/tbody><\/table><\/figure>   <div class=\"wp-block-image\"> <figure class=\"aligncenter size-full\"><img loading=\"lazy\" decoding=\"async\" width=\"540\" height=\"720\" src=\"https:\/\/www.plasticgranularmachine.com\/wp-content\/uploads\/2023\/12\/plastic-dana-cutter.webp\" alt=\"plast dana-sk\u00e4rare\" class=\"wp-image-1343\" srcset=\"https:\/\/www.plasticgranularmachine.com\/wp-content\/uploads\/2023\/12\/plastic-dana-cutter.webp 540w, https:\/\/www.plasticgranularmachine.com\/wp-content\/uploads\/2023\/12\/plastic-dana-cutter-225x300.webp 225w, https:\/\/www.plasticgranularmachine.com\/wp-content\/uploads\/2023\/12\/plastic-dana-cutter-9x12.webp 9w\" sizes=\"auto, (max-width: 540px) 100vw, 540px\" \/><figcaption class=\"wp-element-caption\">plast dana-sk\u00e4rare<\/figcaption><\/figure> <\/div>   <h2 class=\"wp-block-heading\">Drift av plastpelletklippmaskin ska observeras<\/h2>    <ul class=\"wp-block-list\"> <li>Operat\u00f6ren m\u00e5ste fylla, se bra ut, ej ta in materialrester, kontrollera temperaturen.<\/li>    <li>Vattentemperaturen b\u00f6r generellt ligga i 50 \u2013 60 \u2103, l\u00e5gt st\u00f6ter l\u00e4tt s\u00f6inder remsan, l\u00e4ngre att fastna. I b\u00f6rjan n\u00e4r vattentemperaturen inte \u00e4r stabil kan sk\u00e5rl\u00e5gsen nyttjas f\u00f6r att sk\u00e4ra remsan maskinens transport\u00f6r under en tid, och s\u00e5 stiger vattentemperaturen och l\u00e5t plastpellets sk\u00e4rare automatiskt sk\u00e4ra plasten, s\u00e5 att inte bryta remsan.<\/li>    <li>Skivor av granuler m\u00e5ste dras j\u00e4mnt innan strimman n\u00e5r tryckvals, annars skadas plastpelletklipparen.<\/li> <\/ul>    <h2 class=\"wp-block-heading\">Relaterad plastgranuleringslinje <\/h2>    <p class=\"translation-block\">Hela <strong><a href=\"https:\/\/www.plasticgranularmachine.com\/sw\/product\/plastic-film-recycling-line\/\" data-type=\"link\" data-id=\"https:\/\/www.plasticgranularmachine.com\/product\/plastic-film-recycling-line\/\">plastgranuleringslinjen<\/a><\/strong> inkluderar plastgranulators, plastkrossar, plasttv\u00e4ttmaskiner och plaststrimklippmaskiner. Om du \u00e4r en plast\u00e5tervinningsfabrik eller planerar att starta en ny \u00e5tervinningsverksamhet, tveka inte att kontakta oss n\u00e4r som helst. Vi skr\u00e4ddarsyr en komplett plastgranuleringsl\u00f6sning \u00e5t dig.<\/p>    <figure class=\"wp-block-embed is-type-video is-provider-youtube wp-block-embed-youtube wp-embed-aspect-16-9 wp-has-aspect-ratio\"><div class=\"wp-block-embed__wrapper\"> <iframe loading=\"lazy\" title=\"Fr\u00e5n avfall till pellets: Se v\u00e5r plastgranulator maskin i aktion!\" width=\"500\" height=\"281\" src=\"https:\/\/www.youtube.com\/embed\/RyomHQQR0cQ?feature=oembed\" frameborder=\"0\" allow=\"accelerometer; autoplay; clipboard-write; encrypted-media; gyroscope; picture-in-picture; web-share\" referrerpolicy=\"strict-origin-when-cross-origin\" allowfullscreen><\/iframe> <\/div><\/figure>","protected":false},"excerpt":{"rendered":"<p>Plastic pelletizer is the last step of the pelletizing line, it will cut the long plastic strips into small pellets for subsequent packaging and sales. Application of Plastic Strip Cutting Machine It is suitable for plastic pelletizing machines after pulling strips, used for PVC, PP, LDPE, HDPE, LLDPE and other plastic pelletizing. Plastic pellet cutting [&hellip;]<\/p>\n","protected":false},"author":1,"featured_media":1224,"parent":0,"template":"","tags":[37],"product-type":[4],"class_list":["post-663","product","type-product","status-publish","has-post-thumbnail","hentry","tag-pelletizing","product-type-crushing-machine"],"_links":{"self":[{"href":"https:\/\/www.plasticgranularmachine.com\/sw\/wp-json\/wp\/v2\/product\/663","targetHints":{"allow":["GET"]}}],"collection":[{"href":"https:\/\/www.plasticgranularmachine.com\/sw\/wp-json\/wp\/v2\/product"}],"about":[{"href":"https:\/\/www.plasticgranularmachine.com\/sw\/wp-json\/wp\/v2\/types\/product"}],"author":[{"embeddable":true,"href":"https:\/\/www.plasticgranularmachine.com\/sw\/wp-json\/wp\/v2\/users\/1"}],"wp:featuredmedia":[{"embeddable":true,"href":"https:\/\/www.plasticgranularmachine.com\/sw\/wp-json\/wp\/v2\/media\/1224"}],"wp:attachment":[{"href":"https:\/\/www.plasticgranularmachine.com\/sw\/wp-json\/wp\/v2\/media?parent=663"}],"wp:term":[{"taxonomy":"post_tag","embeddable":true,"href":"https:\/\/www.plasticgranularmachine.com\/sw\/wp-json\/wp\/v2\/tags?post=663"},{"taxonomy":"product-type","embeddable":true,"href":"https:\/\/www.plasticgranularmachine.com\/sw\/wp-json\/wp\/v2\/product-type?post=663"}],"curies":[{"name":"wp","href":"https:\/\/api.w.org\/{rel}","templated":true}]}}