{"id":674,"date":"2023-12-18T17:36:14","date_gmt":"2023-12-18T09:36:14","guid":{"rendered":"https:\/\/www.plasticgranularmachine.com\/?post_type=product&#038;p=674"},"modified":"2025-01-06T09:43:22","modified_gmt":"2025-01-06T01:43:22","slug":"plastic-foam-granulator","status":"publish","type":"product","link":"https:\/\/www.plasticgranularmachine.com\/sw\/product\/plastic-foam-granulator\/","title":{"rendered":"Granulator ya Povu ya Plastiki ya EPE"},"content":{"rendered":"<p>EPE-plastskumgranulator anv\u00e4nds speciellt f\u00f6r att bearbeta skummet gjort av EPE till korn. De f\u00e4rdiga plastkornarna \u00e4r j\u00e4mnstora och f\u00e4rgen \u00e4r j\u00e4mn, och har f\u00e5tt goda omd\u00f6men p\u00e5 marknaden.<\/p>   <div class=\"wp-block-image\"> <figure class=\"aligncenter size-full\"><img loading=\"lazy\" decoding=\"async\" width=\"720\" height=\"540\" src=\"https:\/\/www.plasticgranularmachine.com\/wp-content\/uploads\/2023\/12\/EPE-granulator-1.webp\" alt=\"EPE-granulator\" class=\"wp-image-1254\" srcset=\"https:\/\/www.plasticgranularmachine.com\/wp-content\/uploads\/2023\/12\/EPE-granulator-1.webp 720w, https:\/\/www.plasticgranularmachine.com\/wp-content\/uploads\/2023\/12\/EPE-granulator-1-300x225.webp 300w, https:\/\/www.plasticgranularmachine.com\/wp-content\/uploads\/2023\/12\/EPE-granulator-1-16x12.webp 16w\" sizes=\"auto, (max-width: 720px) 100vw, 720px\" \/><figcaption class=\"wp-element-caption\">EPE-granulator<\/figcaption><\/figure> <\/div>   <h2 class=\"wp-block-heading\">F\u00f6rdelar med EPE-skumextrusionsmaskin<\/h2>    <ul class=\"wp-block-list\"> <li><strong>Anuwai pana ya Maombi:<\/strong> Vichanganyaji vya EPE vilivyobinafsishwa vinaweza kukidhi kwa ufanisi viwango mbalimbali vya uzalishaji wa pellet ya EPE.<\/li>    <li><strong>Rahisi kuendesha:<\/strong> Imewashwa na kabati la akili, linaweza kudhibiti maendeleo ya uzalishaji kwa wakati halisi na kusimamisha wakati wa kusimama.<\/li>    <li><strong>Ufanisi wa Kiuchumi wa Juu:<\/strong> Ubora mzuri wa chembechembe zilizomalizika, thamani ya kiuchumi ya juu, gharama ya chini ya matengenezo ya pelletizer.<\/li> <\/ul>    <p>F\u00f6rdelarna med EPE-extrusionsmaskinen \u00e4r fler \u00e4n s\u00e5, l\u00e5t oss forts\u00e4tta utforska dess hemligheter tillsammans!<\/p>    <figure class=\"wp-block-gallery has-nested-images columns-default is-cropped wp-block-gallery-2 is-layout-flex wp-block-gallery-is-layout-flex\"> <figure class=\"wp-block-image size-large\"><img loading=\"lazy\" decoding=\"async\" width=\"720\" height=\"540\" data-id=\"1262\" src=\"https:\/\/www.plasticgranularmachine.com\/wp-content\/uploads\/2023\/12\/polystyrene-granuales-machine.webp\" alt=\"polystyren-kornmaskin\" class=\"wp-image-1262\" srcset=\"https:\/\/www.plasticgranularmachine.com\/wp-content\/uploads\/2023\/12\/polystyrene-granuales-machine.webp 720w, https:\/\/www.plasticgranularmachine.com\/wp-content\/uploads\/2023\/12\/polystyrene-granuales-machine-300x225.webp 300w, https:\/\/www.plasticgranularmachine.com\/wp-content\/uploads\/2023\/12\/polystyrene-granuales-machine-16x12.webp 16w\" sizes=\"auto, (max-width: 720px) 100vw, 720px\" \/><figcaption class=\"wp-element-caption\">polystyren-kornmaskin<\/figcaption><\/figure>    <figure class=\"wp-block-image size-full\"><img loading=\"lazy\" decoding=\"async\" width=\"720\" height=\"540\" data-id=\"1264\" src=\"https:\/\/www.plasticgranularmachine.com\/wp-content\/uploads\/2023\/12\/plastic-foam-granulator.webp\" alt=\"plastskumgranulator\" class=\"wp-image-1264\" srcset=\"https:\/\/www.plasticgranularmachine.com\/wp-content\/uploads\/2023\/12\/plastic-foam-granulator.webp 720w, https:\/\/www.plasticgranularmachine.com\/wp-content\/uploads\/2023\/12\/plastic-foam-granulator-300x225.webp 300w, https:\/\/www.plasticgranularmachine.com\/wp-content\/uploads\/2023\/12\/plastic-foam-granulator-16x12.webp 16w\" sizes=\"auto, (max-width: 720px) 100vw, 720px\" \/><figcaption class=\"wp-element-caption\">plastskumgranulator<\/figcaption><\/figure> <\/figure>    <h2 class=\"wp-block-heading\">R\u00e5material f\u00f6r plastskumgranulator<\/h2>    <ul class=\"wp-block-list\"> <li>F\u00f6rpackningsmaterial: EPE-skum anv\u00e4nds i stor utstr\u00e4ckning i f\u00f6rpackningar, s\u00e4rskilt f\u00f6r \u00f6mt\u00e5liga f\u00f6rem\u00e5l som elektroniska produkter, glasprodukter, keramik, etc.<\/li>    <li>Isoleringsmaterial: P\u00e5 grund av sina isolerande egenskaper kan EPE-skum anv\u00e4ndas i bygg- och ingenj\u00f6rsarbete som isoleringsmaterial f\u00f6r tak, v\u00e4ggar och andra delar.<\/li>    <li>Packningsfyllning: Anv\u00e4nds som paket- och fyllnadsmaterial f\u00f6r att fylla l\u00e5dor och f\u00f6rpacka f\u00f6rem\u00e5l samt skydda varor under transporten.<\/li> <\/ul>    <figure class=\"wp-block-gallery has-nested-images columns-default is-cropped wp-block-gallery-3 is-layout-flex wp-block-gallery-is-layout-flex\"> <figure class=\"wp-block-image size-large\"><img loading=\"lazy\" decoding=\"async\" width=\"720\" height=\"540\" data-id=\"1257\" src=\"https:\/\/www.plasticgranularmachine.com\/wp-content\/uploads\/2023\/12\/styrofoam-packaging-peanuts.webp\" alt=\"styrofoam-packningsnypor\" class=\"wp-image-1257\" srcset=\"https:\/\/www.plasticgranularmachine.com\/wp-content\/uploads\/2023\/12\/styrofoam-packaging-peanuts.webp 720w, https:\/\/www.plasticgranularmachine.com\/wp-content\/uploads\/2023\/12\/styrofoam-packaging-peanuts-300x225.webp 300w, https:\/\/www.plasticgranularmachine.com\/wp-content\/uploads\/2023\/12\/styrofoam-packaging-peanuts-16x12.webp 16w\" sizes=\"auto, (max-width: 720px) 100vw, 720px\" \/><figcaption class=\"wp-element-caption\">styrofoam-packningsnypor<\/figcaption><\/figure>    <figure class=\"wp-block-image size-large\"><img loading=\"lazy\" decoding=\"async\" width=\"720\" height=\"540\" data-id=\"1255\" src=\"https:\/\/www.plasticgranularmachine.com\/wp-content\/uploads\/2023\/12\/epe-packaging.webp\" alt=\"epe-f\u00f6rpackning\" class=\"wp-image-1255\" srcset=\"https:\/\/www.plasticgranularmachine.com\/wp-content\/uploads\/2023\/12\/epe-packaging.webp 720w, https:\/\/www.plasticgranularmachine.com\/wp-content\/uploads\/2023\/12\/epe-packaging-300x225.webp 300w, https:\/\/www.plasticgranularmachine.com\/wp-content\/uploads\/2023\/12\/epe-packaging-16x12.webp 16w\" sizes=\"auto, (max-width: 720px) 100vw, 720px\" \/><figcaption class=\"wp-element-caption\">epe-f\u00f6rpackning<\/figcaption><\/figure>    <figure class=\"wp-block-image size-large\"><img loading=\"lazy\" decoding=\"async\" width=\"720\" height=\"540\" data-id=\"1256\" src=\"https:\/\/www.plasticgranularmachine.com\/wp-content\/uploads\/2023\/12\/polystyrene-materials.webp\" alt=\"polystyrensmaterial\" class=\"wp-image-1256\" srcset=\"https:\/\/www.plasticgranularmachine.com\/wp-content\/uploads\/2023\/12\/polystyrene-materials.webp 720w, https:\/\/www.plasticgranularmachine.com\/wp-content\/uploads\/2023\/12\/polystyrene-materials-300x225.webp 300w, https:\/\/www.plasticgranularmachine.com\/wp-content\/uploads\/2023\/12\/polystyrene-materials-16x12.webp 16w\" sizes=\"auto, (max-width: 720px) 100vw, 720px\" \/><figcaption class=\"wp-element-caption\">polystyrensmaterial<\/figcaption><\/figure> <\/figure>    <h2 class=\"wp-block-heading\">Slutprodukter av EPE-plastskumgranulatormaskin<\/h2>   <div class=\"wp-block-image\"> <figure class=\"aligncenter size-large\"><img loading=\"lazy\" decoding=\"async\" width=\"540\" height=\"720\" src=\"https:\/\/www.plasticgranularmachine.com\/wp-content\/uploads\/2023\/12\/epe-foam-granules.webp\" alt=\"epe-skumkorn\" class=\"wp-image-1258\" srcset=\"https:\/\/www.plasticgranularmachine.com\/wp-content\/uploads\/2023\/12\/epe-foam-granules.webp 540w, https:\/\/www.plasticgranularmachine.com\/wp-content\/uploads\/2023\/12\/epe-foam-granules-225x300.webp 225w, https:\/\/www.plasticgranularmachine.com\/wp-content\/uploads\/2023\/12\/epe-foam-granules-9x12.webp 9w\" sizes=\"auto, (max-width: 540px) 100vw, 540px\" \/><figcaption class=\"wp-element-caption\">epe-skumkorn<\/figcaption><\/figure> <\/div>   <p>V\u00e5ra plastskumgranulatorer kan producera h\u00f6gkvalitativa plastpellets stabilt \u00e4ven under tuffa produktionsmilj\u00f6er. Slutprodukterna kan anv\u00e4ndas f\u00f6r att tillverka nya plastprodukter och har h\u00f6gt ekonomiskt v\u00e4rde.<\/p>    <h2 class=\"wp-block-heading\">Arbetsprincip f\u00f6r EPE-granulatormaskin<\/h2>    <p>Krossning: N\u00e4r skummet g\u00e5r in i EPE-granulatorn passerar det f\u00f6rst genom ett krossningssystem. Detta steg \u00e4r utformat f\u00f6r att bryta upp stora bitar av skummaterial till mindre bitar f\u00f6r vidare bearbetning.<\/p>    <p>Uppv\u00e4rmning och sm\u00e4ltning: De krossade skumblocken passerar genom ett uppv\u00e4rmningssystem som sm\u00e4lter dem till ett flytande tillst\u00e5nd. Detta steg hj\u00e4lper till att f\u00f6r\u00e4ndra skummaterialets fysiska egenskaper, s\u00e5 att det blir l\u00e4ttare att bearbeta.<\/p>    <p>Extrudering: Det delvis sm\u00e4lta skummaterialet matas in i extrusionssystemet och slutligen extruderas i remsor genom formarens \u00f6ppning.<\/p>   <div class=\"wp-block-image\"> <figure class=\"aligncenter size-full\"><img loading=\"lazy\" decoding=\"async\" width=\"720\" height=\"540\" src=\"https:\/\/www.plasticgranularmachine.com\/wp-content\/uploads\/2023\/12\/epe-foam-extruder.webp\" alt=\"epe-skumextruder\" class=\"wp-image-1259\" srcset=\"https:\/\/www.plasticgranularmachine.com\/wp-content\/uploads\/2023\/12\/epe-foam-extruder.webp 720w, https:\/\/www.plasticgranularmachine.com\/wp-content\/uploads\/2023\/12\/epe-foam-extruder-300x225.webp 300w, https:\/\/www.plasticgranularmachine.com\/wp-content\/uploads\/2023\/12\/epe-foam-extruder-16x12.webp 16w\" sizes=\"auto, (max-width: 720px) 100vw, 720px\" \/><figcaption class=\"wp-element-caption\">epe-skumextruder<\/figcaption><\/figure> <\/div>   <p>Kylning: Plastremsan passerar genom ett kylbad f\u00f6r att s\u00e4nka dess temperatur, vilket s\u00e4kerst\u00e4ller stabilitet och h\u00e4rdning av plasten.<\/p>    <p>Sk\u00e4rning: Den kylda plastremsan passerar genom en pelletiserare d\u00e4r den kapas till \u00f6nskad l\u00e4ngd p\u00e5 korn.<\/p>   <div class=\"wp-block-image\"> <figure class=\"aligncenter size-full\"><img loading=\"lazy\" decoding=\"async\" width=\"720\" height=\"540\" src=\"https:\/\/www.plasticgranularmachine.com\/wp-content\/uploads\/2023\/12\/EPE-Foam-Machines.webp\" alt=\"EPE-skumsmaskiner\" class=\"wp-image-1260\" srcset=\"https:\/\/www.plasticgranularmachine.com\/wp-content\/uploads\/2023\/12\/EPE-Foam-Machines.webp 720w, https:\/\/www.plasticgranularmachine.com\/wp-content\/uploads\/2023\/12\/EPE-Foam-Machines-300x225.webp 300w, https:\/\/www.plasticgranularmachine.com\/wp-content\/uploads\/2023\/12\/EPE-Foam-Machines-16x12.webp 16w\" sizes=\"auto, (max-width: 720px) 100vw, 720px\" \/><figcaption class=\"wp-element-caption\">EPE-skumsmaskiner<\/figcaption><\/figure> <\/div>   <h2 class=\"wp-block-heading\">Arbetsvideo av plastskumpelletiseringmaskin<\/h2>    <figure class=\"wp-block-embed is-type-video is-provider-youtube wp-block-embed-youtube wp-embed-aspect-16-9 wp-has-aspect-ratio\"><div class=\"wp-block-embed__wrapper\"> <iframe loading=\"lazy\" title=\"EPE plastskum\u00e5tervinningspelletmaskin | EPE-kornproduktionslinje\" width=\"500\" height=\"281\" src=\"https:\/\/www.youtube.com\/embed\/7o_JFLpl5F4?start=11&#038;feature=oembed\" frameborder=\"0\" allow=\"accelerometer; autoplay; clipboard-write; encrypted-media; gyroscope; picture-in-picture; web-share\" referrerpolicy=\"strict-origin-when-cross-origin\" allowfullscreen><\/iframe> <\/div><\/figure>    <p class=\"translation-block\">Denna video visar hur en EPE-plasst skumgranulator fungerar i den kompletta <a href=\"https:\/\/www.plasticgranularmachine.com\/sw\/product\/eps-recycling-machine\/\" data-type=\"link\" data-id=\"https:\/\/www.plasticgranularmachine.com\/product\/eps-recycling-machine\/\">styrofoam\u00e5tervinningslinje<\/a>. Att omvandla skrymmande avfalls-skum till h\u00f6gkvalitativa \u00e5tervunna korn g\u00f6r denna styrofoam-pelletiserare ett bra jobb!<\/p>    <h2 class=\"wp-block-heading\">Sammanfattning<\/h2>    <p>Om du har n\u00e5gra fr\u00e5gor om EPE-\u00e5tervinning eller beh\u00f6ver skumpelletmaskinerna, v\u00e4nligen kontakta oss. V\u00e5rt skumpelletisering maskiners breda anv\u00e4ndningsomr\u00e5de och stor kapacitet g\u00f6r dem l\u00e4mpliga f\u00f6r alla produktionsstorlekar. Om du har s\u00e4rskilda behov kan vi ocks\u00e5 leverera anpassade maskiner.<\/p>","protected":false},"excerpt":{"rendered":"<p>EPE-plastskumgranulator \u00e4r specifikt utformad f\u00f6r att mala EPE-skum till \u00e5tervunna korn, som har h\u00f6g v\u00e4rde.<\/p>","protected":false},"author":1,"featured_media":1253,"parent":0,"template":"","tags":[18,33],"product-type":[5],"class_list":["post-674","product","type-product","status-publish","has-post-thumbnail","hentry","tag-pelletizing-machine","tag-styrofoam-recycling","product-type-plastic-pelletizer"],"_links":{"self":[{"href":"https:\/\/www.plasticgranularmachine.com\/sw\/wp-json\/wp\/v2\/product\/674","targetHints":{"allow":["GET"]}}],"collection":[{"href":"https:\/\/www.plasticgranularmachine.com\/sw\/wp-json\/wp\/v2\/product"}],"about":[{"href":"https:\/\/www.plasticgranularmachine.com\/sw\/wp-json\/wp\/v2\/types\/product"}],"author":[{"embeddable":true,"href":"https:\/\/www.plasticgranularmachine.com\/sw\/wp-json\/wp\/v2\/users\/1"}],"wp:featuredmedia":[{"embeddable":true,"href":"https:\/\/www.plasticgranularmachine.com\/sw\/wp-json\/wp\/v2\/media\/1253"}],"wp:attachment":[{"href":"https:\/\/www.plasticgranularmachine.com\/sw\/wp-json\/wp\/v2\/media?parent=674"}],"wp:term":[{"taxonomy":"post_tag","embeddable":true,"href":"https:\/\/www.plasticgranularmachine.com\/sw\/wp-json\/wp\/v2\/tags?post=674"},{"taxonomy":"product-type","embeddable":true,"href":"https:\/\/www.plasticgranularmachine.com\/sw\/wp-json\/wp\/v2\/product-type?post=674"}],"curies":[{"name":"wp","href":"https:\/\/api.w.org\/{rel}","templated":true}]}}