{"id":682,"date":"2023-12-20T11:02:23","date_gmt":"2023-12-20T03:02:23","guid":{"rendered":"https:\/\/www.plasticgranularmachine.com\/?post_type=product&#038;p=682"},"modified":"2025-01-06T10:01:40","modified_gmt":"2025-01-06T02:01:40","slug":"storage-bin-for-plastic-pellets","status":"publish","type":"product","link":"https:\/\/www.plasticgranularmachine.com\/sw\/product\/storage-bin-for-plastic-pellets\/","title":{"rendered":"F\u00f6rvaringsbeh\u00e5llare f\u00f6r plastpellets"},"content":{"rendered":"<p>Effektiv lagringsbeh\u00e5llare f\u00f6r plastpellets \u00e4r en frist\u00e5ende utrustning f\u00f6r en \u00e5tervinningsfabrik. Slutprodukten fr\u00e5n plastpelletsproduktionslinjen beh\u00f6ver lagras p\u00e5 r\u00e4tt s\u00e4tt, d\u00e4rf\u00f6r, om du \u00e4r en plast\u00e5tervinnare, v\u00e4nligen kontakta oss!<\/p>    <h2 class=\"wp-block-heading\">Tillverkningsanl\u00e4ggning f\u00f6r plastpelletslagringsbeh\u00e5llare<\/h2>    <figure class=\"wp-block-embed is-type-video is-provider-youtube wp-block-embed-youtube wp-embed-aspect-16-9 wp-has-aspect-ratio\"><div class=\"wp-block-embed__wrapper\"> <iframe loading=\"lazy\" title=\"Anpassningsbara lagrings silor f\u00f6r plastgranuler i plast\u00e5tervinningsanl\u00e4ggning\" width=\"500\" height=\"281\" src=\"https:\/\/www.youtube.com\/embed\/mWDMYbnqnXE?start=2&#038;feature=oembed\" frameborder=\"0\" allow=\"accelerometer; autoplay; clipboard-write; encrypted-media; gyroscope; picture-in-picture; web-share\" referrerpolicy=\"strict-origin-when-cross-origin\" allowfullscreen><\/iframe> <\/div><\/figure>    <h2 class=\"wp-block-heading\">Egenskaper hos plastpelletsstock silo<\/h2>    <p>Materialval: Silos f\u00f6r plastpellets tillverkas vanligtvis av rostfritt st\u00e5l, som \u00e4r motst\u00e5ndskraftigt mot n\u00f6tning och korrosion, f\u00f6r att s\u00e4kerst\u00e4lla att det inte uppst\u00e5r kontaminering av de lagrade plastpellets och att de \u00e4r h\u00e5llbara.<\/p>    <p>Fukts\u00e4ker design: Silos \u00e4r utformade med en fukts\u00e4ker funktion som hindrar fukt fr\u00e5n att p\u00e5verka pelletsen och uppr\u00e4tth\u00e5ller pelleternas kvalitet.<\/p>    <p class=\"translation-block\">Anpassad kapacitet: SILOn kapacitet kan skr\u00e4ddarsys efter productionsbehov, vanligtvis med olika specifikationer, t.ex. 1 ton, 5 ton, 10 ton, etc., f\u00f6r att anpassa till olika skalf\u00f6r\u00e4ndringar i <strong><a href=\"https:\/\/www.plasticgranularmachine.com\/sw\/product\/plastic-film-recycling-line\/\" data-type=\"link\" data-id=\"https:\/\/www.plasticgranularmachine.com\/product\/plastic-film-recycling-line\/\">plastpelletsproduktion<\/a><\/strong>.<\/p>    <p>S\u00e4kerhetsdesign: Silos konstrueras och anv\u00e4nds med operat\u00f6rens s\u00e4kerhet i \u00e5tanke, och kan inkludera utformningar f\u00f6r att f\u00f6rhindra pelletsutkast och motsvarande s\u00e4kerhets\u00e5tg\u00e4rder.<\/p>    <h2 class=\"wp-block-heading\">Ytterligare bilder av lagringsb\u00e4gare f\u00f6r plastpellets i anl\u00e4ggningen<\/h2>    <figure class=\"wp-block-gallery has-nested-images columns-default is-cropped wp-block-gallery-2 is-layout-flex wp-block-gallery-is-layout-flex\"> <figure class=\"wp-block-image size-large\"><img loading=\"lazy\" decoding=\"async\" width=\"540\" height=\"720\" data-id=\"688\" src=\"https:\/\/www.plasticgranularmachine.com\/wp-content\/uploads\/2023\/12\/plastic-stock-bin.webp\" alt=\"\" class=\"wp-image-688\" srcset=\"https:\/\/www.plasticgranularmachine.com\/wp-content\/uploads\/2023\/12\/plastic-stock-bin.webp 540w, https:\/\/www.plasticgranularmachine.com\/wp-content\/uploads\/2023\/12\/plastic-stock-bin-225x300.webp 225w\" sizes=\"auto, (max-width: 540px) 100vw, 540px\" \/><\/figure>    <figure class=\"wp-block-image size-large\"><img loading=\"lazy\" decoding=\"async\" width=\"540\" height=\"720\" data-id=\"691\" src=\"https:\/\/www.plasticgranularmachine.com\/wp-content\/uploads\/2023\/12\/silo.webp\" alt=\"Lagringsbeh\u00e5llare f\u00f6r plastpellets\" class=\"wp-image-691\" srcset=\"https:\/\/www.plasticgranularmachine.com\/wp-content\/uploads\/2023\/12\/silo.webp 540w, https:\/\/www.plasticgranularmachine.com\/wp-content\/uploads\/2023\/12\/silo-225x300.webp 225w\" sizes=\"auto, (max-width: 540px) 100vw, 540px\" \/><\/figure> <\/figure>    <figure class=\"wp-block-gallery has-nested-images columns-default is-cropped wp-block-gallery-3 is-layout-flex wp-block-gallery-is-layout-flex\"> <figure class=\"wp-block-image size-large\"><img loading=\"lazy\" decoding=\"async\" width=\"540\" height=\"720\" data-id=\"687\" src=\"https:\/\/www.plasticgranularmachine.com\/wp-content\/uploads\/2023\/12\/plastic-pellet-silo.webp\" alt=\"\" class=\"wp-image-687\" srcset=\"https:\/\/www.plasticgranularmachine.com\/wp-content\/uploads\/2023\/12\/plastic-pellet-silo.webp 540w, https:\/\/www.plasticgranularmachine.com\/wp-content\/uploads\/2023\/12\/plastic-pellet-silo-225x300.webp 225w\" sizes=\"auto, (max-width: 540px) 100vw, 540px\" \/><\/figure>    <figure class=\"wp-block-image size-full\"><img loading=\"lazy\" decoding=\"async\" width=\"540\" height=\"720\" data-id=\"685\" src=\"https:\/\/www.plasticgranularmachine.com\/wp-content\/uploads\/2023\/12\/plastic-granule-silo.webp\" alt=\"\" class=\"wp-image-685\" srcset=\"https:\/\/www.plasticgranularmachine.com\/wp-content\/uploads\/2023\/12\/plastic-granule-silo.webp 540w, https:\/\/www.plasticgranularmachine.com\/wp-content\/uploads\/2023\/12\/plastic-granule-silo-225x300.webp 225w\" sizes=\"auto, (max-width: 540px) 100vw, 540px\" \/><\/figure> <\/figure>    <h2 class=\"wp-block-heading\">Parametrar f\u00f6r plastgranulatlagringssilo<\/h2>    <figure class=\"wp-block-table\"><table><tbody><tr><td>Material<\/td><td>304 rostfritt st\u00e5l<\/td><\/tr><tr><td>Volym<\/td><td>1t\u201330t<\/td><\/tr><tr><td>Altura<\/td><td>anpassad efter volymen du beh\u00f6ver<\/td><\/tr><tr><td>Di\u00e1metro<\/td><td>anpassad efter volymen du beh\u00f6ver<\/td><\/tr><\/tbody><\/table><\/figure>","protected":false},"excerpt":{"rendered":"<p>Efficient storage bin for plastic pellets is an independent equipment for a recycling factory. The final product of the plastic pellet production line needs to be stored properly therefore, if you are a plastic recycler, please contact us! Plastic pellet storage bin manufacturing plant Features of plastic pellet stock silo Material selection: Silos for plastic [&hellip;]<\/p>\n","protected":false},"author":1,"featured_media":1310,"parent":0,"template":"","tags":[37],"product-type":[32],"class_list":["post-682","product","type-product","status-publish","has-post-thumbnail","hentry","tag-pelletizing","product-type-plastic-baler"],"_links":{"self":[{"href":"https:\/\/www.plasticgranularmachine.com\/sw\/wp-json\/wp\/v2\/product\/682","targetHints":{"allow":["GET"]}}],"collection":[{"href":"https:\/\/www.plasticgranularmachine.com\/sw\/wp-json\/wp\/v2\/product"}],"about":[{"href":"https:\/\/www.plasticgranularmachine.com\/sw\/wp-json\/wp\/v2\/types\/product"}],"author":[{"embeddable":true,"href":"https:\/\/www.plasticgranularmachine.com\/sw\/wp-json\/wp\/v2\/users\/1"}],"wp:featuredmedia":[{"embeddable":true,"href":"https:\/\/www.plasticgranularmachine.com\/sw\/wp-json\/wp\/v2\/media\/1310"}],"wp:attachment":[{"href":"https:\/\/www.plasticgranularmachine.com\/sw\/wp-json\/wp\/v2\/media?parent=682"}],"wp:term":[{"taxonomy":"post_tag","embeddable":true,"href":"https:\/\/www.plasticgranularmachine.com\/sw\/wp-json\/wp\/v2\/tags?post=682"},{"taxonomy":"product-type","embeddable":true,"href":"https:\/\/www.plasticgranularmachine.com\/sw\/wp-json\/wp\/v2\/product-type?post=682"}],"curies":[{"name":"wp","href":"https:\/\/api.w.org\/{rel}","templated":true}]}}