{"id":711,"date":"2023-12-22T17:50:02","date_gmt":"2023-12-22T09:50:02","guid":{"rendered":"https:\/\/www.plasticgranularmachine.com\/?post_type=product&#038;p=711"},"modified":"2025-11-10T15:18:14","modified_gmt":"2025-11-10T07:18:14","slug":"die-head-for-plastic-pelletizer","status":"publish","type":"product","link":"https:\/\/www.plasticgranularmachine.com\/sw\/product\/die-head-for-plastic-pelletizer\/","title":{"rendered":"\u0a71\u0a17verkdon f\u00f6r Plastpelletiserare"},"content":{"rendered":"<p>Det finns tre typer av die heads f\u00f6r plastpelletizer-maskinerna, hydraulisk die head, elektrisk gear die head och automatisk die head. De \u00e4r viktiga komponenter i plastpelletmaskinen.<\/p>    <figure class=\"wp-block-gallery has-nested-images columns-default is-cropped wp-block-gallery-2 is-layout-flex wp-block-gallery-is-layout-flex\"> <figure class=\"wp-block-image size-large\"><img loading=\"lazy\" decoding=\"async\" width=\"720\" height=\"540\" data-id=\"1405\" src=\"https:\/\/www.plasticgranularmachine.com\/wp-content\/uploads\/2023\/12\/Hydraulic-die-head-for-plastic-pelletizer-1.webp\" alt=\"Hydraulisk die head f\u00f6r plastpelletsmaskin\" class=\"wp-image-1405\" srcset=\"https:\/\/www.plasticgranularmachine.com\/wp-content\/uploads\/2023\/12\/Hydraulic-die-head-for-plastic-pelletizer-1.webp 720w, https:\/\/www.plasticgranularmachine.com\/wp-content\/uploads\/2023\/12\/Hydraulic-die-head-for-plastic-pelletizer-1-300x225.webp 300w, https:\/\/www.plasticgranularmachine.com\/wp-content\/uploads\/2023\/12\/Hydraulic-die-head-for-plastic-pelletizer-1-16x12.webp 16w\" sizes=\"auto, (max-width: 720px) 100vw, 720px\" \/><figcaption class=\"wp-element-caption\">Hydraulisk die head f\u00f6r plastpelletsmaskin<\/figcaption><\/figure>    <figure class=\"wp-block-image size-large\"><img loading=\"lazy\" decoding=\"async\" width=\"720\" height=\"540\" data-id=\"1404\" src=\"https:\/\/www.plasticgranularmachine.com\/wp-content\/uploads\/2023\/12\/electric-gear-die-head-1.webp\" alt=\"elektrisk v\u00e4xel-die head\" class=\"wp-image-1404\" srcset=\"https:\/\/www.plasticgranularmachine.com\/wp-content\/uploads\/2023\/12\/electric-gear-die-head-1.webp 720w, https:\/\/www.plasticgranularmachine.com\/wp-content\/uploads\/2023\/12\/electric-gear-die-head-1-300x225.webp 300w, https:\/\/www.plasticgranularmachine.com\/wp-content\/uploads\/2023\/12\/electric-gear-die-head-1-16x12.webp 16w\" sizes=\"auto, (max-width: 720px) 100vw, 720px\" \/><figcaption class=\"wp-element-caption\">elektrisk v\u00e4xel-die head<\/figcaption><\/figure>    <figure class=\"wp-block-image size-full\"><img loading=\"lazy\" decoding=\"async\" width=\"720\" height=\"540\" data-id=\"1407\" src=\"https:\/\/www.plasticgranularmachine.com\/wp-content\/uploads\/2023\/12\/automatic-filter-die-head.webp\" alt=\"automatisk filter die head\" class=\"wp-image-1407\" srcset=\"https:\/\/www.plasticgranularmachine.com\/wp-content\/uploads\/2023\/12\/automatic-filter-die-head.webp 720w, https:\/\/www.plasticgranularmachine.com\/wp-content\/uploads\/2023\/12\/automatic-filter-die-head-300x225.webp 300w, https:\/\/www.plasticgranularmachine.com\/wp-content\/uploads\/2023\/12\/automatic-filter-die-head-16x12.webp 16w\" sizes=\"auto, (max-width: 720px) 100vw, 720px\" \/><figcaption class=\"wp-element-caption\">automatisk filter die head<\/figcaption><\/figure> <\/figure>    <h2 class=\"wp-block-heading\">Die Head f\u00f6r Plastpelletizer Introduction<\/h2>    <h3 class=\"wp-block-heading\">Elektrisk Die Head<\/h3>    <p class=\"translation-block\">F\u00f6r arbetsprincip: Elektrisk gear- die head anv\u00e4nder elektrisk v\u00e4xelmekanism f\u00f6r kontroll, genom motorstyrd v\u00e4xelr\u00f6relse, f\u00f6r att uppn\u00e5 extrusion och formning av pelletter. Driftsprincipen \u00e4r relativt enkel och passar f\u00f6r vissa sm\u00e5 till medelstora pelletmaskiner.<\/p>    <p class=\"translation-block\">F\u00f6rdelar: Electro-gear die heads \u00e4r generellt l\u00e5ga kostnader och relativt enkla att underh\u00e5lla j\u00e4mf\u00f6rt med hydrauliska die heads. Detta g\u00f6r dem till ett kostnadseffektivt val f\u00f6r vissa sm\u00e5 till medelstora linjer.<\/p>    <figure class=\"wp-block-gallery has-nested-images columns-default is-cropped wp-block-gallery-3 is-layout-flex wp-block-gallery-is-layout-flex\"> <figure class=\"wp-block-image size-large\"><img loading=\"lazy\" decoding=\"async\" width=\"720\" height=\"540\" data-id=\"1374\" src=\"https:\/\/www.plasticgranularmachine.com\/wp-content\/uploads\/2023\/12\/electric-gear-die-head.webp\" alt=\"elektrisk v\u00e4xel-die head\" class=\"wp-image-1374\" srcset=\"https:\/\/www.plasticgranularmachine.com\/wp-content\/uploads\/2023\/12\/electric-gear-die-head.webp 720w, https:\/\/www.plasticgranularmachine.com\/wp-content\/uploads\/2023\/12\/electric-gear-die-head-300x225.webp 300w, https:\/\/www.plasticgranularmachine.com\/wp-content\/uploads\/2023\/12\/electric-gear-die-head-16x12.webp 16w\" sizes=\"auto, (max-width: 720px) 100vw, 720px\" \/><figcaption class=\"wp-element-caption\">elektrisk v\u00e4xel-die head<\/figcaption><\/figure>    <figure class=\"wp-block-image size-large\"><img loading=\"lazy\" decoding=\"async\" width=\"720\" height=\"540\" data-id=\"1375\" src=\"https:\/\/www.plasticgranularmachine.com\/wp-content\/uploads\/2023\/12\/mold-head.webp\" alt=\"formsdel\" class=\"wp-image-1375\" srcset=\"https:\/\/www.plasticgranularmachine.com\/wp-content\/uploads\/2023\/12\/mold-head.webp 720w, https:\/\/www.plasticgranularmachine.com\/wp-content\/uploads\/2023\/12\/mold-head-300x225.webp 300w, https:\/\/www.plasticgranularmachine.com\/wp-content\/uploads\/2023\/12\/mold-head-16x12.webp 16w\" sizes=\"auto, (max-width: 720px) 100vw, 720px\" \/><figcaption class=\"wp-element-caption\">formsdel<\/figcaption><\/figure> <\/figure>    <h3 class=\"wp-block-heading\">Hydraulisk Die Head<\/h3>    <p class=\"translation-block\">Arbetsprincip: Den hydrauliska die head styrs av ett hydrauliskt system som ger exakt kontroll av die head f\u00f6r h\u00f6gkvalitativ pelletproduktion.<\/p>    <p class=\"translation-block\">F\u00f6rdelar: Hydrauliska die head erbjuder en h\u00f6g grad av justeringsflexibilitet, vilket g\u00f6r att diametern och l\u00e4ngden p\u00e5 pelletter kan justeras i realtid enligt produktionsbehov. Denna flexibilitet \u00e4r viktig f\u00f6r att m\u00f6ta behoven hos olika kunder och marknader.<\/p>    <figure class=\"wp-block-gallery has-nested-images columns-default is-cropped wp-block-gallery-4 is-layout-flex wp-block-gallery-is-layout-flex\"> <figure class=\"wp-block-image size-large\"><img loading=\"lazy\" decoding=\"async\" width=\"720\" height=\"540\" data-id=\"1376\" src=\"https:\/\/www.plasticgranularmachine.com\/wp-content\/uploads\/2023\/12\/Hydraulic-die-head-for-plastic-pelletizer.webp\" alt=\"Hydraulisk die head f\u00f6r plastpelletsmaskin\" class=\"wp-image-1376\" srcset=\"https:\/\/www.plasticgranularmachine.com\/wp-content\/uploads\/2023\/12\/Hydraulic-die-head-for-plastic-pelletizer.webp 720w, https:\/\/www.plasticgranularmachine.com\/wp-content\/uploads\/2023\/12\/Hydraulic-die-head-for-plastic-pelletizer-300x225.webp 300w, https:\/\/www.plasticgranularmachine.com\/wp-content\/uploads\/2023\/12\/Hydraulic-die-head-for-plastic-pelletizer-16x12.webp 16w\" sizes=\"auto, (max-width: 720px) 100vw, 720px\" \/><figcaption class=\"wp-element-caption\">Hydraulisk die head f\u00f6r plastpelletsmaskin<\/figcaption><\/figure>    <figure class=\"wp-block-image size-large\"><img loading=\"lazy\" decoding=\"async\" width=\"1024\" height=\"768\" data-id=\"1377\" src=\"https:\/\/www.plasticgranularmachine.com\/wp-content\/uploads\/2023\/12\/Hydraulic-mold-head-1024x768.webp\" alt=\"Hydraulisk formhuvud\" class=\"wp-image-1377\" srcset=\"https:\/\/www.plasticgranularmachine.com\/wp-content\/uploads\/2023\/12\/Hydraulic-mold-head-1024x768.webp 1024w, https:\/\/www.plasticgranularmachine.com\/wp-content\/uploads\/2023\/12\/Hydraulic-mold-head-300x225.webp 300w, https:\/\/www.plasticgranularmachine.com\/wp-content\/uploads\/2023\/12\/Hydraulic-mold-head-768x576.webp 768w, https:\/\/www.plasticgranularmachine.com\/wp-content\/uploads\/2023\/12\/Hydraulic-mold-head-1536x1152.webp 1536w, https:\/\/www.plasticgranularmachine.com\/wp-content\/uploads\/2023\/12\/Hydraulic-mold-head-2048x1536.webp 2048w, https:\/\/www.plasticgranularmachine.com\/wp-content\/uploads\/2023\/12\/Hydraulic-mold-head-16x12.webp 16w\" sizes=\"auto, (max-width: 1024px) 100vw, 1024px\" \/><figcaption class=\"wp-element-caption\">Hydraulisk formhuvud<\/figcaption><\/figure> <\/figure>    <h3 class=\"wp-block-heading\">Automatisk Slagg Filter<\/h3>    <p class=\"translation-block\"><strong>Arbetsprincip:<\/strong> Den sm\u00e4lta plasten g\u00e5r in i die-satsen, n\u00e4r den passerar genom sk\u00e4rmen i plastextruderingsverktyget, f\u00e5ngas partiklar med stor porstorlek upp och den sm\u00e4lta plasten passerar smidigt.<\/p>    <p class=\"translation-block\">F\u00f6rdelar: Effektiv borttagning av f\u00f6roreningar fr\u00e5n sm\u00e4ltan minskar underh\u00e5llskostnaderna f\u00f6r efterf\u00f6ljande maskinbearbetning. Automatiska filterformar \u00e4r l\u00e4mpliga f\u00f6r hantering av smutsig plast.<\/p>    <figure class=\"wp-block-gallery has-nested-images columns-default is-cropped wp-block-gallery-5 is-layout-flex wp-block-gallery-is-layout-flex\"> <figure class=\"wp-block-image size-large\"><img loading=\"lazy\" decoding=\"async\" width=\"720\" height=\"540\" data-id=\"1408\" src=\"https:\/\/www.plasticgranularmachine.com\/wp-content\/uploads\/2023\/12\/automatic-filter-die-head-1.webp\" alt=\"automatisk filter die head\" class=\"wp-image-1408\" srcset=\"https:\/\/www.plasticgranularmachine.com\/wp-content\/uploads\/2023\/12\/automatic-filter-die-head-1.webp 720w, https:\/\/www.plasticgranularmachine.com\/wp-content\/uploads\/2023\/12\/automatic-filter-die-head-1-300x225.webp 300w, https:\/\/www.plasticgranularmachine.com\/wp-content\/uploads\/2023\/12\/automatic-filter-die-head-1-16x12.webp 16w\" sizes=\"auto, (max-width: 720px) 100vw, 720px\" \/><figcaption class=\"wp-element-caption\">automatisk filter die head<\/figcaption><\/figure>    <figure class=\"wp-block-image size-large\"><img loading=\"lazy\" decoding=\"async\" width=\"720\" height=\"540\" data-id=\"1409\" src=\"https:\/\/www.plasticgranularmachine.com\/wp-content\/uploads\/2023\/12\/automatic-slag-filter-1.webp\" alt=\"automatisk slagfilter\" class=\"wp-image-1409\" srcset=\"https:\/\/www.plasticgranularmachine.com\/wp-content\/uploads\/2023\/12\/automatic-slag-filter-1.webp 720w, https:\/\/www.plasticgranularmachine.com\/wp-content\/uploads\/2023\/12\/automatic-slag-filter-1-300x225.webp 300w, https:\/\/www.plasticgranularmachine.com\/wp-content\/uploads\/2023\/12\/automatic-slag-filter-1-16x12.webp 16w\" sizes=\"auto, (max-width: 720px) 100vw, 720px\" \/><figcaption class=\"wp-element-caption\">automatisk slagfilter<\/figcaption><\/figure> <\/figure>    <h2 class=\"wp-block-heading\">Plastic Granulator Die Head Video<\/h2>    <figure class=\"wp-block-embed is-type-video is-provider-youtube wp-block-embed-youtube wp-embed-aspect-16-9 wp-has-aspect-ratio\"><div class=\"wp-block-embed__wrapper\"> <iframe loading=\"lazy\" title=\"Plast\u00e5tervinningsanl\u00e4ggning installerad i Saudiarabien | Plastpelletizer-maskin feedback\" width=\"500\" height=\"281\" src=\"https:\/\/www.youtube.com\/embed\/rDw_8i8uBAo?start=14&#038;feature=oembed\" frameborder=\"0\" allow=\"accelerometer; autoplay; clipboard-write; encrypted-media; gyroscope; picture-in-picture; web-share\" referrerpolicy=\"strict-origin-when-cross-origin\" allowfullscreen><\/iframe> <\/div><\/figure>    <h2 class=\"wp-block-heading\">Vanliga konfigurationer av plastextruderings-die head<\/h2>    <p class=\"translation-block\">Kichwa cha die kwa mashine za pelletizer za plastiki ni sehemu muhimu ya mchakato wa uundaji wa plastiki wa extrusion, ikihusiana na umbo, ukubwa, na ubora wa pellets zilizomalizika. Vichapishaji vya plastiki vinatumika pamoja na <a href=\"https:\/\/www.plasticgranularmachine.com\/sw\/product\/strand-cooling-bath\/\" data-type=\"link\" data-id=\"https:\/\/www.plasticgranularmachine.com\/product\/strand-cooling-bath\/\">tank za baridi<\/a>, <a href=\"https:\/\/www.plasticgranularmachine.com\/sw\/product\/plastic-strip-cutting-machine\/\" data-type=\"link\" data-id=\"https:\/\/www.plasticgranularmachine.com\/product\/plastic-strip-cutting-machine\/\">kakata za pellet<\/a>, nk. ili kuzalisha granules za plastiki za ubora wa juu.<\/p>    <figure class=\"wp-block-gallery aligncenter has-nested-images columns-default is-cropped wp-block-gallery-6 is-layout-flex wp-block-gallery-is-layout-flex\"> <figure class=\"wp-block-image size-large\"><img loading=\"lazy\" decoding=\"async\" width=\"1024\" height=\"768\" data-id=\"1378\" src=\"https:\/\/www.plasticgranularmachine.com\/wp-content\/uploads\/2023\/12\/industrial-plastic-granulator-1-1024x768.webp\" alt=\"industriell plastgranulator\" class=\"wp-image-1378\" style=\"object-fit:cover\" srcset=\"https:\/\/www.plasticgranularmachine.com\/wp-content\/uploads\/2023\/12\/industrial-plastic-granulator-1-1024x768.webp 1024w, https:\/\/www.plasticgranularmachine.com\/wp-content\/uploads\/2023\/12\/industrial-plastic-granulator-1-300x225.webp 300w, https:\/\/www.plasticgranularmachine.com\/wp-content\/uploads\/2023\/12\/industrial-plastic-granulator-1-768x576.webp 768w, https:\/\/www.plasticgranularmachine.com\/wp-content\/uploads\/2023\/12\/industrial-plastic-granulator-1-1536x1152.webp 1536w, https:\/\/www.plasticgranularmachine.com\/wp-content\/uploads\/2023\/12\/industrial-plastic-granulator-1-2048x1536.webp 2048w, https:\/\/www.plasticgranularmachine.com\/wp-content\/uploads\/2023\/12\/industrial-plastic-granulator-1-16x12.webp 16w\" sizes=\"auto, (max-width: 1024px) 100vw, 1024px\" \/><figcaption class=\"wp-element-caption\">industriell plastgranulator<\/figcaption><\/figure>    <figure class=\"wp-block-image size-large\"><img loading=\"lazy\" decoding=\"async\" width=\"720\" height=\"540\" data-id=\"1410\" src=\"https:\/\/www.plasticgranularmachine.com\/wp-content\/uploads\/2023\/12\/plastic-die-head-extruder-pelletizing-machine.webp\" alt=\"plast die head extruder pelletizing maskin\" class=\"wp-image-1410\" srcset=\"https:\/\/www.plasticgranularmachine.com\/wp-content\/uploads\/2023\/12\/plastic-die-head-extruder-pelletizing-machine.webp 720w, https:\/\/www.plasticgranularmachine.com\/wp-content\/uploads\/2023\/12\/plastic-die-head-extruder-pelletizing-machine-300x225.webp 300w, https:\/\/www.plasticgranularmachine.com\/wp-content\/uploads\/2023\/12\/plastic-die-head-extruder-pelletizing-machine-16x12.webp 16w\" sizes=\"auto, (max-width: 720px) 100vw, 720px\" \/><figcaption class=\"wp-element-caption\">plast die head extruder pelletizing maskin<\/figcaption><\/figure>    <figure class=\"wp-block-image size-large\"><img loading=\"lazy\" decoding=\"async\" width=\"720\" height=\"540\" data-id=\"1379\" src=\"https:\/\/www.plasticgranularmachine.com\/wp-content\/uploads\/2023\/12\/plastic-grinding-machine.webp\" alt=\"plastgrindmaskin\" class=\"wp-image-1379\" srcset=\"https:\/\/www.plasticgranularmachine.com\/wp-content\/uploads\/2023\/12\/plastic-grinding-machine.webp 720w, https:\/\/www.plasticgranularmachine.com\/wp-content\/uploads\/2023\/12\/plastic-grinding-machine-300x225.webp 300w, https:\/\/www.plasticgranularmachine.com\/wp-content\/uploads\/2023\/12\/plastic-grinding-machine-16x12.webp 16w\" sizes=\"auto, (max-width: 720px) 100vw, 720px\" \/><figcaption class=\"wp-element-caption\">plastgrindmaskin<\/figcaption><\/figure> <\/figure>    <p>Den modul\u00e4ra designen av plastgranulatorn l\u00e5ter dig matcha fritt efter dina produktionsbehov. Om du \u00e4r intresserad av granulering eller inte vet hur man v\u00e4ljer, v\u00e4nligen kontakta oss s\u00e5 ger vi dig r\u00e5d!<\/p>","protected":false},"excerpt":{"rendered":"<p>Flexibel val av tre typer av die head f\u00f6r plastpelletizer som kan m\u00f6ta dina pelletiseringsbehov. <\/p>","protected":false},"author":1,"featured_media":1237,"parent":0,"template":"","tags":[18],"product-type":[5],"class_list":["post-711","product","type-product","status-publish","has-post-thumbnail","hentry","tag-pelletizing-machine","product-type-plastic-pelletizer"],"_links":{"self":[{"href":"https:\/\/www.plasticgranularmachine.com\/sw\/wp-json\/wp\/v2\/product\/711","targetHints":{"allow":["GET"]}}],"collection":[{"href":"https:\/\/www.plasticgranularmachine.com\/sw\/wp-json\/wp\/v2\/product"}],"about":[{"href":"https:\/\/www.plasticgranularmachine.com\/sw\/wp-json\/wp\/v2\/types\/product"}],"author":[{"embeddable":true,"href":"https:\/\/www.plasticgranularmachine.com\/sw\/wp-json\/wp\/v2\/users\/1"}],"wp:featuredmedia":[{"embeddable":true,"href":"https:\/\/www.plasticgranularmachine.com\/sw\/wp-json\/wp\/v2\/media\/1237"}],"wp:attachment":[{"href":"https:\/\/www.plasticgranularmachine.com\/sw\/wp-json\/wp\/v2\/media?parent=711"}],"wp:term":[{"taxonomy":"post_tag","embeddable":true,"href":"https:\/\/www.plasticgranularmachine.com\/sw\/wp-json\/wp\/v2\/tags?post=711"},{"taxonomy":"product-type","embeddable":true,"href":"https:\/\/www.plasticgranularmachine.com\/sw\/wp-json\/wp\/v2\/product-type?post=711"}],"curies":[{"name":"wp","href":"https:\/\/api.w.org\/{rel}","templated":true}]}}