{"id":722,"date":"2023-12-25T11:18:27","date_gmt":"2023-12-25T03:18:27","guid":{"rendered":"https:\/\/www.plasticgranularmachine.com\/?post_type=product&#038;p=722"},"modified":"2025-01-06T10:01:51","modified_gmt":"2025-01-06T02:01:51","slug":"strand-cooling-bath","status":"publish","type":"product","link":"https:\/\/www.plasticgranularmachine.com\/sw\/product\/strand-cooling-bath\/","title":{"rendered":"Strand Cooling Bath f\u00f6r plastpelletisering"},"content":{"rendered":"<p>Strandkylbadet hos Efficient Machinery spelar en nyckelroll i att kyla och h\u00e4rda plast\u00e5tervinning och pelletisering. V\u00e5ra plastgranulat exporteras till Saudiarabien, Sydafrika, Nigeria och andra l\u00e4nder och \u00e4r utrustade med vattenkyltank.<\/p>   <div class=\"wp-block-image\"> <figure class=\"aligncenter size-full\"><img loading=\"lazy\" decoding=\"async\" width=\"720\" height=\"540\" src=\"https:\/\/www.plasticgranularmachine.com\/wp-content\/uploads\/2023\/12\/plastic-pelletizing-machines.webp\" alt=\"plastpelletiseringsmaskiner\" class=\"wp-image-1272\" srcset=\"https:\/\/www.plasticgranularmachine.com\/wp-content\/uploads\/2023\/12\/plastic-pelletizing-machines.webp 720w, https:\/\/www.plasticgranularmachine.com\/wp-content\/uploads\/2023\/12\/plastic-pelletizing-machines-300x225.webp 300w, https:\/\/www.plasticgranularmachine.com\/wp-content\/uploads\/2023\/12\/plastic-pelletizing-machines-16x12.webp 16w\" sizes=\"auto, (max-width: 720px) 100vw, 720px\" \/><figcaption class=\"wp-element-caption\">plastpelletiseringsmaskiner<\/figcaption><\/figure> <\/div>   <h2 class=\"wp-block-heading\">Anv\u00e4ndning av Strandkylbad f\u00f6r Plastpelletisering<\/h2>    <figure class=\"wp-block-gallery has-nested-images columns-default is-cropped wp-block-gallery-2 is-layout-flex wp-block-gallery-is-layout-flex\"> <figure class=\"wp-block-image size-large\"><img loading=\"lazy\" decoding=\"async\" width=\"720\" height=\"540\" data-id=\"1274\" src=\"https:\/\/www.plasticgranularmachine.com\/wp-content\/uploads\/2023\/12\/water-cooling-tank-for-plastic.webp\" alt=\"vattenkyltank f\u00f6r plast\" class=\"wp-image-1274\" srcset=\"https:\/\/www.plasticgranularmachine.com\/wp-content\/uploads\/2023\/12\/water-cooling-tank-for-plastic.webp 720w, https:\/\/www.plasticgranularmachine.com\/wp-content\/uploads\/2023\/12\/water-cooling-tank-for-plastic-300x225.webp 300w, https:\/\/www.plasticgranularmachine.com\/wp-content\/uploads\/2023\/12\/water-cooling-tank-for-plastic-16x12.webp 16w\" sizes=\"auto, (max-width: 720px) 100vw, 720px\" \/><figcaption class=\"wp-element-caption\">vattenkyltank f\u00f6r plast<\/figcaption><\/figure>    <figure class=\"wp-block-image size-large\"><img loading=\"lazy\" decoding=\"async\" width=\"720\" height=\"540\" data-id=\"1273\" src=\"https:\/\/www.plasticgranularmachine.com\/wp-content\/uploads\/2023\/12\/strand-cooling-bath.webp\" alt=\"strandkylbad\" class=\"wp-image-1273\" srcset=\"https:\/\/www.plasticgranularmachine.com\/wp-content\/uploads\/2023\/12\/strand-cooling-bath.webp 720w, https:\/\/www.plasticgranularmachine.com\/wp-content\/uploads\/2023\/12\/strand-cooling-bath-300x225.webp 300w, https:\/\/www.plasticgranularmachine.com\/wp-content\/uploads\/2023\/12\/strand-cooling-bath-16x12.webp 16w\" sizes=\"auto, (max-width: 720px) 100vw, 720px\" \/><figcaption class=\"wp-element-caption\">strandkylbad<\/figcaption><\/figure> <\/figure>    <p>De plaststr\u00e4ngar som pressats ut fr\u00e5n pelletiseringsmaskinen \u00e4r mycket heta n\u00e4r de f\u00f6rst produceras och beh\u00f6ver kylas snabbt ner i ett strandkylbad. Den l\u00e5ga temperaturen h\u00e4rdar ocks\u00e5 plasten snabbt, vilket hj\u00e4lper till att s\u00e4kerst\u00e4lla att remsan beh\u00e5ller formen f\u00f6r den efterf\u00f6ljande sk\u00e4rprocessen.<\/p>   <div class=\"wp-block-image\"> <figure class=\"aligncenter size-full\"><img loading=\"lazy\" decoding=\"async\" width=\"540\" height=\"720\" src=\"https:\/\/www.plasticgranularmachine.com\/wp-content\/uploads\/2023\/12\/strand-cooling-bath-working-for-plastic-granulation.webp\" alt=\"strandkylbad fungerar f\u00f6r plastgranulering\" class=\"wp-image-1276\" srcset=\"https:\/\/www.plasticgranularmachine.com\/wp-content\/uploads\/2023\/12\/strand-cooling-bath-working-for-plastic-granulation.webp 540w, https:\/\/www.plasticgranularmachine.com\/wp-content\/uploads\/2023\/12\/strand-cooling-bath-working-for-plastic-granulation-225x300.webp 225w, https:\/\/www.plasticgranularmachine.com\/wp-content\/uploads\/2023\/12\/strand-cooling-bath-working-for-plastic-granulation-9x12.webp 9w\" sizes=\"auto, (max-width: 540px) 100vw, 540px\" \/><figcaption class=\"wp-element-caption\">strandkylbad fungerar f\u00f6r plastgranulering<\/figcaption><\/figure> <\/div>   <h2 class=\"wp-block-heading\">F\u00f6rdelar med Vattenbad f\u00f6r Kylningsplast Strand <\/h2>    <p>Rostfritt st\u00e5l: Vattenbadet f\u00f6r kylning av plaststranden \u00e4r tillverkat av rostfritt st\u00e5l; egenskaperna hos rostfritt st\u00e5l ser till att kyltankens h\u00e5llbarhet bibeh\u00e5lls i en v\u00e5t milj\u00f6 och d\u00e4rigenom f\u00f6rl\u00e4ngs livsl\u00e4ngden.<\/p>    <p class=\"translation-block\">Matchande specifikationer: Kylvattenbadet \u00e4r perfekt anpassat till <strong><a href=\"https:\/\/www.plasticgranularmachine.com\/sw\/product\/plastic-film-granulator\/\" data-type=\"link\" data-id=\"https:\/\/www.plasticgranularmachine.com\/product\/plastic-film-granulator\/\">plastpelletisator<\/a><\/strong>. Detta s\u00e4kerst\u00e4ller att balkens storlek matchar pelletiserarens kapacitet, vilket undviker flaskhalse i tillverkningsprocessen.<\/p>    <figure class=\"wp-block-gallery aligncenter has-nested-images columns-default is-cropped wp-block-gallery-3 is-layout-flex wp-block-gallery-is-layout-flex\"> <figure class=\"wp-block-image size-full\"><img loading=\"lazy\" decoding=\"async\" width=\"720\" height=\"540\" data-id=\"1275\" src=\"https:\/\/www.plasticgranularmachine.com\/wp-content\/uploads\/2023\/12\/extrusion-cooling-tank-for-plastic.webp\" alt=\"extrusionskyltank f\u00f6r plast\" class=\"wp-image-1275\" srcset=\"https:\/\/www.plasticgranularmachine.com\/wp-content\/uploads\/2023\/12\/extrusion-cooling-tank-for-plastic.webp 720w, https:\/\/www.plasticgranularmachine.com\/wp-content\/uploads\/2023\/12\/extrusion-cooling-tank-for-plastic-300x225.webp 300w, https:\/\/www.plasticgranularmachine.com\/wp-content\/uploads\/2023\/12\/extrusion-cooling-tank-for-plastic-16x12.webp 16w\" sizes=\"auto, (max-width: 720px) 100vw, 720px\" \/><figcaption class=\"wp-element-caption\">extrusionskyltank f\u00f6r plast<\/figcaption><\/figure>    <figure class=\"wp-block-image size-full\"><img loading=\"lazy\" decoding=\"async\" width=\"720\" height=\"540\" data-id=\"1277\" src=\"https:\/\/www.plasticgranularmachine.com\/wp-content\/uploads\/2023\/12\/plastic-granules-making-machines.webp\" alt=\"maskiner f\u00f6r tillverkning av plastgranulat\" class=\"wp-image-1277\" srcset=\"https:\/\/www.plasticgranularmachine.com\/wp-content\/uploads\/2023\/12\/plastic-granules-making-machines.webp 720w, https:\/\/www.plasticgranularmachine.com\/wp-content\/uploads\/2023\/12\/plastic-granules-making-machines-300x225.webp 300w, https:\/\/www.plasticgranularmachine.com\/wp-content\/uploads\/2023\/12\/plastic-granules-making-machines-16x12.webp 16w\" sizes=\"auto, (max-width: 720px) 100vw, 720px\" \/><figcaption class=\"wp-element-caption\">maskiner f\u00f6r tillverkning av plastgranulat<\/figcaption><\/figure> <\/figure>    <h2 class=\"wp-block-heading\">Integrering av Plast\u00e5tervinningspelletiseringslinje<\/h2>    <p class=\"translation-block\">Kyltankar \u00e4r vanligtvis anslutna till annan pelletiseringsutrustning, som plastgranulatorer och sk\u00e4rare, f\u00f6r att uppn\u00e5 integrerad drift av hela <strong><a href=\"https:\/\/www.plasticgranularmachine.com\/sw\/product\/plastic-granulating-line\/\" data-type=\"link\" data-id=\"https:\/\/www.plasticgranularmachine.com\/product\/plastic-granulating-line\/\"> plastpelletiserings\u00e5tervinningslinjen<\/a><\/strong>, vilket f\u00f6rb\u00e4ttrar produktionseffektiviteten och enkelheten i drift.<\/p>    <figure class=\"wp-block-gallery aligncenter has-nested-images columns-default is-cropped wp-block-gallery-4 is-layout-flex wp-block-gallery-is-layout-flex\"> <figure class=\"wp-block-image size-full\"><img loading=\"lazy\" decoding=\"async\" width=\"720\" height=\"540\" data-id=\"1280\" src=\"https:\/\/www.plasticgranularmachine.com\/wp-content\/uploads\/2023\/12\/extrusion-cooling-tank-plastic-.webp\" alt=\"extrusion-kyltank anv\u00e4ndning i pelletiseringslinjen\" class=\"wp-image-1280\" srcset=\"https:\/\/www.plasticgranularmachine.com\/wp-content\/uploads\/2023\/12\/extrusion-cooling-tank-plastic-.webp 720w, https:\/\/www.plasticgranularmachine.com\/wp-content\/uploads\/2023\/12\/extrusion-cooling-tank-plastic--300x225.webp 300w, https:\/\/www.plasticgranularmachine.com\/wp-content\/uploads\/2023\/12\/extrusion-cooling-tank-plastic--16x12.webp 16w\" sizes=\"auto, (max-width: 720px) 100vw, 720px\" \/><figcaption class=\"wp-element-caption\">extrusion-kyltank anv\u00e4ndning i pelletiseringslinjen<\/figcaption><\/figure>    <figure class=\"wp-block-image size-full\"><img loading=\"lazy\" decoding=\"async\" width=\"720\" height=\"540\" data-id=\"1278\" src=\"https:\/\/www.plasticgranularmachine.com\/wp-content\/uploads\/2023\/12\/water-cooling-tank-in-a-pelletizing-line.webp\" alt=\"vattenkyltank i en pelletiseringslinje\" class=\"wp-image-1278\" srcset=\"https:\/\/www.plasticgranularmachine.com\/wp-content\/uploads\/2023\/12\/water-cooling-tank-in-a-pelletizing-line.webp 720w, https:\/\/www.plasticgranularmachine.com\/wp-content\/uploads\/2023\/12\/water-cooling-tank-in-a-pelletizing-line-300x225.webp 300w, https:\/\/www.plasticgranularmachine.com\/wp-content\/uploads\/2023\/12\/water-cooling-tank-in-a-pelletizing-line-16x12.webp 16w\" sizes=\"auto, (max-width: 720px) 100vw, 720px\" \/><figcaption class=\"wp-element-caption\">vattenkyltank i en pelletiseringslinje<\/figcaption><\/figure> <\/figure>","protected":false},"excerpt":{"rendered":"<p>Strandkylbad spelar en viktig roll i plastpelletseringslinjer f\u00f6r att hj\u00e4lpa till att stela och kyla den sm\u00e4lta extruderade plastfilmen.<\/p>","protected":false},"author":1,"featured_media":1447,"parent":0,"template":"","tags":[37],"product-type":[32],"class_list":["post-722","product","type-product","status-publish","has-post-thumbnail","hentry","tag-pelletizing","product-type-plastic-baler"],"_links":{"self":[{"href":"https:\/\/www.plasticgranularmachine.com\/sw\/wp-json\/wp\/v2\/product\/722","targetHints":{"allow":["GET"]}}],"collection":[{"href":"https:\/\/www.plasticgranularmachine.com\/sw\/wp-json\/wp\/v2\/product"}],"about":[{"href":"https:\/\/www.plasticgranularmachine.com\/sw\/wp-json\/wp\/v2\/types\/product"}],"author":[{"embeddable":true,"href":"https:\/\/www.plasticgranularmachine.com\/sw\/wp-json\/wp\/v2\/users\/1"}],"wp:featuredmedia":[{"embeddable":true,"href":"https:\/\/www.plasticgranularmachine.com\/sw\/wp-json\/wp\/v2\/media\/1447"}],"wp:attachment":[{"href":"https:\/\/www.plasticgranularmachine.com\/sw\/wp-json\/wp\/v2\/media?parent=722"}],"wp:term":[{"taxonomy":"post_tag","embeddable":true,"href":"https:\/\/www.plasticgranularmachine.com\/sw\/wp-json\/wp\/v2\/tags?post=722"},{"taxonomy":"product-type","embeddable":true,"href":"https:\/\/www.plasticgranularmachine.com\/sw\/wp-json\/wp\/v2\/product-type?post=722"}],"curies":[{"name":"wp","href":"https:\/\/api.w.org\/{rel}","templated":true}]}}