{"id":921,"date":"2024-10-16T14:52:42","date_gmt":"2024-10-16T06:52:42","guid":{"rendered":"https:\/\/www.plasticgranularmachine.com\/?post_type=product&#038;p=921"},"modified":"2025-07-08T09:24:11","modified_gmt":"2025-07-08T01:24:11","slug":"hard-plastic-shredder","status":"publish","type":"product","link":"https:\/\/www.plasticgranularmachine.com\/sw\/product\/hard-plastic-shredder\/","title":{"rendered":"H\u00e5rd Plast Sk\u00e4rare | PP PE HDPE, etc. H\u00e5rd Plast Krossmaskin"},"content":{"rendered":"<p>Shredder ya plastiki ngumu, kipengele muhimu kinachotumiwa katika mistari ya urejeleaji wa plastiki kwa PP, PE, HDPE, LDPE, nk. Imeundwa mahsusi kusaga plastiki ngumu kuwa vipande vidogo kwa michakato ya baadaye ya urejeleaji, ikiboresha ufanisi wa urejeleaji. <\/p>   <div class=\"wp-block-image\"> <figure class=\"aligncenter size-full\"><img loading=\"lazy\" decoding=\"async\" width=\"720\" height=\"540\" src=\"https:\/\/www.plasticgranularmachine.com\/wp-content\/uploads\/2024\/10\/hard-plastic-shredder-machine-1.webp\" alt=\"h\u00e5rd plast shredder maskin\" class=\"wp-image-1606\" srcset=\"https:\/\/www.plasticgranularmachine.com\/wp-content\/uploads\/2024\/10\/hard-plastic-shredder-machine-1.webp 720w, https:\/\/www.plasticgranularmachine.com\/wp-content\/uploads\/2024\/10\/hard-plastic-shredder-machine-1-300x225.webp 300w, https:\/\/www.plasticgranularmachine.com\/wp-content\/uploads\/2024\/10\/hard-plastic-shredder-machine-1-16x12.webp 16w\" sizes=\"auto, (max-width: 720px) 100vw, 720px\" \/><figcaption class=\"wp-element-caption\">h\u00e5rd plast shredder maskin<\/figcaption><\/figure> <\/div>   <h2 class=\"wp-block-heading\">Makala Muhimu ya Shredder ya Plastiki ngumu yenye Ufanisi<\/h2>    <ul class=\"wp-block-list\"> <li>Nyezo mbalimbali zinapatikana, ikiwa ni pamoja na maua, tambarare, kukata, nk., zimetengenezwa kwa chuma cha pua cha ubora wa juu, na zenye makali na kutochafua.<\/li>    <li>Nyenzo ya chuma cha pua ya ubora wa juu, isiyo na madoa, isiyoshikamana, rahisi kusafisha, nafasi inayoweza kubadilishwa, na kudumu.<\/li>    <li>15-55kW ya nguvu, msukumo wenye nguvu, kiwango cha chini cha kasoro, kutolewa kwa joto haraka.<\/li>    <li>Ulinzi wa kupita kiasi na ulinzi wa nguvu husaidia kuhakikisha uzalishaji salama na wa viwango.<\/li>    <li>Muundo wa skrini inayoweza kutolewa kwa usafishaji rahisi.<\/li>    <li>Toa dhamana ya mwaka mmoja, ufungaji wa eneo, na mwongozo wa uendeshaji.<\/li> <\/ul>   <div class=\"wp-block-image\"> <figure class=\"aligncenter size-full\"><img loading=\"lazy\" decoding=\"async\" width=\"720\" height=\"540\" src=\"https:\/\/www.plasticgranularmachine.com\/wp-content\/uploads\/2024\/10\/hard-plastic-shredder.webp\" alt=\"shredder ya plastiki ngumu\" class=\"wp-image-1189\" srcset=\"https:\/\/www.plasticgranularmachine.com\/wp-content\/uploads\/2024\/10\/hard-plastic-shredder.webp 720w, https:\/\/www.plasticgranularmachine.com\/wp-content\/uploads\/2024\/10\/hard-plastic-shredder-300x225.webp 300w, https:\/\/www.plasticgranularmachine.com\/wp-content\/uploads\/2024\/10\/hard-plastic-shredder-16x12.webp 16w\" sizes=\"auto, (max-width: 720px) 100vw, 720px\" \/><figcaption class=\"wp-element-caption\">shredder ya plastiki ngumu<\/figcaption><\/figure> <\/div>   <h2 class=\"wp-block-heading\">Malighafi na Bidhaa za Mwisho za Crushers ni zipi?<\/h2>    <h3 class=\"wp-block-heading\">Malighafi<\/h3>    <p>Shredder ya plastiki ngumu yenye ufanisi ina matumizi mapana kwa kusaga PP, PE, PVC, HDPE, ABS, PC, nk. Kawaida hutumiwa kuchakata: Plastiki, vifaa vya elektroniki, vyombo vya plastiki, sehemu za magari, mizigo, vyombo vya jikoni vya plastiki, chupa za maji, ndoo za buluu, nk.<\/p>    <p style=\"font-size:16px\" class=\"translation-block\"><em>Blogu inayohusiana: <a href=\"https:\/\/www.plasticgranularmachine.com\/sw\/Info\/pvc-pipe-shredder\/\" data-type=\"link\" data-id=\"https:\/\/www.plasticgranularmachine.com\/Info\/pvc-pipe-shredder\/\">Muhtasari wa mpango wa kusaga mabomba ya plastiki yenye ufanisi: kwa HDPE, PVC, nk.<\/a><\/em><\/p>    <figure class=\"wp-block-gallery has-nested-images columns-default is-cropped wp-block-gallery-2 is-layout-flex wp-block-gallery-is-layout-flex\"> <figure class=\"wp-block-image size-large\"><img loading=\"lazy\" decoding=\"async\" width=\"720\" height=\"540\" data-id=\"1191\" src=\"https:\/\/www.plasticgranularmachine.com\/wp-content\/uploads\/2024\/10\/PP-bumber-1.webp\" alt=\"bumper ya PP\" class=\"wp-image-1191\" srcset=\"https:\/\/www.plasticgranularmachine.com\/wp-content\/uploads\/2024\/10\/PP-bumber-1.webp 720w, https:\/\/www.plasticgranularmachine.com\/wp-content\/uploads\/2024\/10\/PP-bumber-1-300x225.webp 300w, https:\/\/www.plasticgranularmachine.com\/wp-content\/uploads\/2024\/10\/PP-bumber-1-16x12.webp 16w\" sizes=\"auto, (max-width: 720px) 100vw, 720px\" \/><figcaption class=\"wp-element-caption\">bumper ya PP<\/figcaption><\/figure>    <figure class=\"wp-block-image size-large\"><img loading=\"lazy\" decoding=\"async\" width=\"720\" height=\"540\" data-id=\"1192\" src=\"https:\/\/www.plasticgranularmachine.com\/wp-content\/uploads\/2024\/10\/PVC-electric-wire-1.webp\" alt=\"nyaya za umeme za PVC\" class=\"wp-image-1192\" srcset=\"https:\/\/www.plasticgranularmachine.com\/wp-content\/uploads\/2024\/10\/PVC-electric-wire-1.webp 720w, https:\/\/www.plasticgranularmachine.com\/wp-content\/uploads\/2024\/10\/PVC-electric-wire-1-300x225.webp 300w, https:\/\/www.plasticgranularmachine.com\/wp-content\/uploads\/2024\/10\/PVC-electric-wire-1-16x12.webp 16w\" sizes=\"auto, (max-width: 720px) 100vw, 720px\" \/><figcaption class=\"wp-element-caption\">nyaya za umeme za PVC<\/figcaption><\/figure>    <figure class=\"wp-block-image size-large\"><img loading=\"lazy\" decoding=\"async\" width=\"720\" height=\"540\" data-id=\"1190\" src=\"https:\/\/www.plasticgranularmachine.com\/wp-content\/uploads\/2024\/10\/HDPE-drum-1.webp\" alt=\"drum ya HDPE\" class=\"wp-image-1190\" srcset=\"https:\/\/www.plasticgranularmachine.com\/wp-content\/uploads\/2024\/10\/HDPE-drum-1.webp 720w, https:\/\/www.plasticgranularmachine.com\/wp-content\/uploads\/2024\/10\/HDPE-drum-1-300x225.webp 300w, https:\/\/www.plasticgranularmachine.com\/wp-content\/uploads\/2024\/10\/HDPE-drum-1-16x12.webp 16w\" sizes=\"auto, (max-width: 720px) 100vw, 720px\" \/><figcaption class=\"wp-element-caption\">drum ya HDPE<\/figcaption><\/figure> <\/figure>    <h3 class=\"wp-block-heading\">Bidhaa za Mwisho<\/h3>    <p>Shredder ya plastiki inatoa flakes sawa za ukubwa unaohitajika, ambazo zinatumika katika mchakato wa pelletizing wa baadaye.<\/p>    <figure class=\"wp-block-gallery has-nested-images columns-default is-cropped wp-block-gallery-3 is-layout-flex wp-block-gallery-is-layout-flex\"> <figure class=\"wp-block-image size-large\"><img loading=\"lazy\" decoding=\"async\" width=\"720\" height=\"540\" data-id=\"1200\" src=\"https:\/\/www.plasticgranularmachine.com\/wp-content\/uploads\/2024\/10\/High-quality-plastic-fragments.webp\" alt=\"Vipande vya plastiki vya ubora wa juu\" class=\"wp-image-1200\" srcset=\"https:\/\/www.plasticgranularmachine.com\/wp-content\/uploads\/2024\/10\/High-quality-plastic-fragments.webp 720w, https:\/\/www.plasticgranularmachine.com\/wp-content\/uploads\/2024\/10\/High-quality-plastic-fragments-300x225.webp 300w, https:\/\/www.plasticgranularmachine.com\/wp-content\/uploads\/2024\/10\/High-quality-plastic-fragments-16x12.webp 16w\" sizes=\"auto, (max-width: 720px) 100vw, 720px\" \/><figcaption class=\"wp-element-caption\">Vipande vya plastiki vya ubora wa juu<\/figcaption><\/figure>    <figure class=\"wp-block-image size-large\"><img loading=\"lazy\" decoding=\"async\" width=\"720\" height=\"540\" data-id=\"1199\" src=\"https:\/\/www.plasticgranularmachine.com\/wp-content\/uploads\/2024\/10\/crushed-plastic-flakes.webp\" alt=\"flaks za plastiki zilizoshughulika\" class=\"wp-image-1199\" srcset=\"https:\/\/www.plasticgranularmachine.com\/wp-content\/uploads\/2024\/10\/crushed-plastic-flakes.webp 720w, https:\/\/www.plasticgranularmachine.com\/wp-content\/uploads\/2024\/10\/crushed-plastic-flakes-300x225.webp 300w, https:\/\/www.plasticgranularmachine.com\/wp-content\/uploads\/2024\/10\/crushed-plastic-flakes-16x12.webp 16w\" sizes=\"auto, (max-width: 720px) 100vw, 720px\" \/><figcaption class=\"wp-element-caption\">flaks za plastiki zilizoshughulika<\/figcaption><\/figure> <\/figure>    <h2 class=\"wp-block-heading\">Mifano ya Shredder ya Plastiki ngumu<\/h2>    <figure class=\"wp-block-table\"><table class=\"has-fixed-layout\"><tbody><tr><td>Mfano<\/td><td>SL-600<\/td><td>SL-800<\/td><td>SL-1000<\/td><\/tr><tr><td>Nguvu ( KW )<\/td><td>30<\/td><td>45<\/td><td>55<\/td><\/tr><tr><td>Uwezo ( kg\/h )<\/td><td>600~800<\/td><td>800~1000<\/td><td>1000~1200<\/td><\/tr><tr><td>Nyenzo za Blades<\/td><td>60 Si2Mn<\/td><td>60 Si2Mn<\/td><td>60 Si2Mn<\/td><\/tr><tr><td>Dhamana<\/td><td>Mwaka mmoja<\/td><td>Mwaka mmoja<\/td><td>Mwaka mmoja<\/td><\/tr><\/tbody><\/table><figcaption class=\"wp-element-caption\">Data ya msingi ya kiufundi ya shredder ya plastiki ngumu<\/figcaption><\/figure>    <ul class=\"wp-block-list\"> <li><em>Cheti cha CE &amp; ISO<\/em><\/li> <\/ul>    <p>Yaliyomo hapo juu ni vigezo vya baadhi ya shredders zinazouzwa sana. Zina matumizi mbalimbali kwa viwanda vya urejeleaji wa plastiki vya ukubwa wote. Pia tunatoa mashine za kusaga plastiki ngumu zilizobadilishwa kulingana na mahitaji yako ya uzalishaji.<\/p>   <div class=\"wp-block-image\"> <figure class=\"aligncenter size-full\"><img loading=\"lazy\" decoding=\"async\" width=\"720\" height=\"540\" src=\"https:\/\/www.plasticgranularmachine.com\/wp-content\/uploads\/2024\/10\/hard-plastic-shredder-in-the-factory.webp\" alt=\"shredder ya plastiki ngumu katika kiwanda\" class=\"wp-image-1193\" srcset=\"https:\/\/www.plasticgranularmachine.com\/wp-content\/uploads\/2024\/10\/hard-plastic-shredder-in-the-factory.webp 720w, https:\/\/www.plasticgranularmachine.com\/wp-content\/uploads\/2024\/10\/hard-plastic-shredder-in-the-factory-300x225.webp 300w, https:\/\/www.plasticgranularmachine.com\/wp-content\/uploads\/2024\/10\/hard-plastic-shredder-in-the-factory-16x12.webp 16w\" sizes=\"auto, (max-width: 720px) 100vw, 720px\" \/><figcaption class=\"wp-element-caption\">shredder ya plastiki ngumu katika kiwanda<\/figcaption><\/figure> <\/div>   <h2 class=\"wp-block-heading\">Miundo ya Shredder ya Plastiki <\/h2>    <p>Shredder ya plastiki inajumuisha lango la kulisha, chumba cha kusaga, blades, skrini, msingi, motor, pulley, na lango la kutoa. <\/p>    <p>Blades zilizounganishwa na rotor na zinazozunguka nayo zinajulikana kama blades za rotor. Kwa upande mwingine, blades ambazo zimefungwa kwenye fremu ya blade ya shredder au nyumba zinaitwa blades za kudumu na zinabaki mahali pasipo kuzunguka. Zote, blades za rotor na blades za kudumu zinafanya kazi pamoja ili kukata plastiki ngumu kwa ufanisi kuwa vipande sawa.<\/p>    <figure class=\"wp-block-gallery has-nested-images columns-default is-cropped wp-block-gallery-4 is-layout-flex wp-block-gallery-is-layout-flex\"> <figure class=\"wp-block-image size-large\"><img loading=\"lazy\" decoding=\"async\" width=\"720\" height=\"540\" data-id=\"1194\" src=\"https:\/\/www.plasticgranularmachine.com\/wp-content\/uploads\/2024\/10\/base-support-1.webp\" alt=\"misingi ya msingi\" class=\"wp-image-1194\" srcset=\"https:\/\/www.plasticgranularmachine.com\/wp-content\/uploads\/2024\/10\/base-support-1.webp 720w, https:\/\/www.plasticgranularmachine.com\/wp-content\/uploads\/2024\/10\/base-support-1-300x225.webp 300w, https:\/\/www.plasticgranularmachine.com\/wp-content\/uploads\/2024\/10\/base-support-1-16x12.webp 16w\" sizes=\"auto, (max-width: 720px) 100vw, 720px\" \/><figcaption class=\"wp-element-caption\">misingi ya msingi<\/figcaption><\/figure>    <figure class=\"wp-block-image size-large\"><img loading=\"lazy\" decoding=\"async\" width=\"720\" height=\"540\" data-id=\"1196\" src=\"https:\/\/www.plasticgranularmachine.com\/wp-content\/uploads\/2024\/10\/blades-1.webp\" alt=\"blades\" class=\"wp-image-1196\" srcset=\"https:\/\/www.plasticgranularmachine.com\/wp-content\/uploads\/2024\/10\/blades-1.webp 720w, https:\/\/www.plasticgranularmachine.com\/wp-content\/uploads\/2024\/10\/blades-1-300x225.webp 300w, https:\/\/www.plasticgranularmachine.com\/wp-content\/uploads\/2024\/10\/blades-1-16x12.webp 16w\" sizes=\"auto, (max-width: 720px) 100vw, 720px\" \/><figcaption class=\"wp-element-caption\">blades<\/figcaption><\/figure>    <figure class=\"wp-block-image size-large\"><img loading=\"lazy\" decoding=\"async\" width=\"720\" height=\"540\" data-id=\"1195\" src=\"https:\/\/www.plasticgranularmachine.com\/wp-content\/uploads\/2024\/10\/screen-1.webp\" alt=\"screen\" class=\"wp-image-1195\" srcset=\"https:\/\/www.plasticgranularmachine.com\/wp-content\/uploads\/2024\/10\/screen-1.webp 720w, https:\/\/www.plasticgranularmachine.com\/wp-content\/uploads\/2024\/10\/screen-1-300x225.webp 300w, https:\/\/www.plasticgranularmachine.com\/wp-content\/uploads\/2024\/10\/screen-1-16x12.webp 16w\" sizes=\"auto, (max-width: 720px) 100vw, 720px\" \/><figcaption class=\"wp-element-caption\">screen<\/figcaption><\/figure> <\/figure>    <h2 class=\"wp-block-heading\">Mashine ya Kusaga Plastiki ngumu inafanya kazi vipi?<\/h2>    <h3 class=\"wp-block-heading\">Kula<\/h3>    <ul class=\"wp-block-list\"> <li>Kwanza, malighafi za plastiki zinawekwa kwa mikono au kuhamasishwa kwenye lango la kulisha la shredder kupitia ukanda wa kuhamasisha, na kisha zinachakatwa katika chumba cha kusaga.<\/li>    <li>Imepangwa na mifumo mirefu ya cylindrical, muundo mpana wa mraba, nk. milango ya kulisha, mashredder zetu za plastiki ngumu zinafaa kwa bidhaa mbalimbali za plastiki.<\/li> <\/ul>    <h3 class=\"wp-block-heading\">Krossning<\/h3>    <ul class=\"wp-block-list\"> <li>De roterande bladen p\u00e5 krossens rotor roterar i h\u00f6g hastighet och bildar en sk\u00e4rande effekt tillsammans med de fasta bladen. Tillsammans krossar de plastr\u00e5varorna effektivt. <\/li>    <li>Shredder ya ufanisi ina blades nene ambazo zinaweza kusaga kwa nguvu na kwa ufanisi bila kukwama au kuziba.<\/li> <\/ul>    <h3 class=\"wp-block-heading\">Kuchuja<\/h3>    <ul class=\"wp-block-list\"> <li>Plastiki zilizoshughulika zitachujwa na skrini. Vipande vya plastiki vinavyohitajika vinaweza kupita kupitia skrini, wakati vipande vikubwa vinabaki katika chumba kwa ajili ya kusaga zaidi.<\/li>    <li>Ukubwa wa mesh unaweza kubadilishwa kulingana na mahitaji yako ya uzalishaji. Inapendekezwa kutumia ukubwa wa mesh wa 16mm au zaidi unapochakata vifaa vikubwa kwa operesheni laini.<\/li> <\/ul>    <h3 class=\"wp-block-heading\">Kutoa<\/h3>    <p>Vipande vya plastiki vinavyopita kwenye skrini vinategemea mvuto na kuanguka moja kwa moja chini, ambapo vinatolewa kupitia lango.<\/p>    <h3 class=\"wp-block-heading\">Video ya Uendeshaji<\/h3>    <p>Hapa chini kuna video ya maoni kutoka kwa mteja wa Oman, ambayo inaonyesha mchakato wa kubadilisha vifaa vya plastiki vya HDPE kuwa flakes. <\/p>    <figure class=\"wp-block-embed is-type-video is-provider-youtube wp-block-embed-youtube wp-embed-aspect-16-9 wp-has-aspect-ratio\"><div class=\"wp-block-embed__wrapper\"> <iframe loading=\"lazy\" title=\"Linja ya Kupasua &amp; Kuosha ya HDPE: Suluhisho Bora kwa Utengenezaji wa Vipande vya Plastiki ngumu\" width=\"500\" height=\"281\" src=\"https:\/\/www.youtube.com\/embed\/E5hept4Uu30?feature=oembed\" frameborder=\"0\" allow=\"accelerometer; autoplay; clipboard-write; encrypted-media; gyroscope; picture-in-picture; web-share\" referrerpolicy=\"strict-origin-when-cross-origin\" allowfullscreen><\/iframe> <\/div><\/figure>    <h2 class=\"wp-block-heading\">Kitu gani Ufanisi hufanya kuhusu Usafirishaji?<\/h2>    <ul class=\"wp-block-list\"> <li>Mashine itachukua siku 20-25 ili kufikishwa ikiwa hakuna akiba inayopatikana.<\/li>    <li>Kabla ya usafirishaji, mara nyingi tunatuma demo ya majaribio kwa mteja wetu, kuhakikisha hakuna shida.<\/li>    <li>Tuma mashine za plastiki kupitia huduma za kimataifa za usafirishaji.<\/li>    <li>Ikiwa kuna sehemu zozote zenye kasoro, zinaweza kutumwa tena.<\/li> <\/ul>    <p>Kwa kifupi, huduma tunazotoa ni kamili, zikihakikisha amani yako ya akili kuhusu ajali zinazoweza kutokea.<\/p>   <div class=\"wp-block-image\"> <figure class=\"aligncenter size-full\"><img loading=\"lazy\" decoding=\"async\" width=\"720\" height=\"540\" src=\"https:\/\/www.plasticgranularmachine.com\/wp-content\/uploads\/2024\/10\/plastic-crushing-machine-shipment.webp\" alt=\"usafirishaji wa mashine ya kusaga plastiki\" class=\"wp-image-1197\" srcset=\"https:\/\/www.plasticgranularmachine.com\/wp-content\/uploads\/2024\/10\/plastic-crushing-machine-shipment.webp 720w, https:\/\/www.plasticgranularmachine.com\/wp-content\/uploads\/2024\/10\/plastic-crushing-machine-shipment-300x225.webp 300w, https:\/\/www.plasticgranularmachine.com\/wp-content\/uploads\/2024\/10\/plastic-crushing-machine-shipment-16x12.webp 16w\" sizes=\"auto, (max-width: 720px) 100vw, 720px\" \/><figcaption class=\"wp-element-caption\">usafirishaji wa mashine ya kusaga plastiki<\/figcaption><\/figure> <\/div>   <h2 class=\"wp-block-heading\">Mashine za Plastiki zenye Ufanisi kwa ajili ya kuuza<\/h2>    <p class=\"translation-block\">Den effektiva PP-krossmaskinen kan anpassas f\u00f6r att uppfylla behoven hos alla storlekar av styvt plast\u00e5tervinningslinjer och \u00e4r l\u00e4mplig f\u00f6r alla typer av h\u00e5rdplast\u00e5tervinning eller tillverkande fabriker. Om du \u00e4r intresserad, tveka inte att <em><a href=\"https:\/\/www.plasticgranularmachine.com\/sw\/contact\/\" data-type=\"link\" data-id=\"https:\/\/www.plasticgranularmachine.com\/contact\/\">kontakta oss<\/a><\/em>. Vi \u00e4r glada att tillhandah\u00e5lla on-site inspektionsservice och f\u00f6lja med dig p\u00e5 turer, och ge detaljerade f\u00f6rklaringar av maskinerna. Dessutom skulle vi g\u00e4rna dela med oss av f\u00f6rslag f\u00f6r att optimera din fabriks layout. Vi ser fram emot ditt nyheter!<\/p>   <div class=\"wp-block-image\"> <figure class=\"aligncenter size-full\"><img loading=\"lazy\" decoding=\"async\" width=\"720\" height=\"540\" src=\"https:\/\/www.plasticgranularmachine.com\/wp-content\/uploads\/2024\/10\/plastic-chipper-machine-for-sale.webp\" alt=\"mashine ya kusaga plastiki kwa ajili ya kuuza\" class=\"wp-image-1198\" srcset=\"https:\/\/www.plasticgranularmachine.com\/wp-content\/uploads\/2024\/10\/plastic-chipper-machine-for-sale.webp 720w, https:\/\/www.plasticgranularmachine.com\/wp-content\/uploads\/2024\/10\/plastic-chipper-machine-for-sale-300x225.webp 300w, https:\/\/www.plasticgranularmachine.com\/wp-content\/uploads\/2024\/10\/plastic-chipper-machine-for-sale-16x12.webp 16w\" sizes=\"auto, (max-width: 720px) 100vw, 720px\" \/><figcaption class=\"wp-element-caption\">mashine ya kusaga plastiki kwa ajili ya kuuza<\/figcaption><\/figure> <\/div>","protected":false},"excerpt":{"rendered":"<p>Shredder ya plastiki ngumu 600~1200kg\/h inaweza kusaga kwa ufanisi PP, PE, PVC, HDPE, nk. kuwa flakes sawa. Kichapo hiki kinakieleza kwa kina. <\/p>","protected":false},"author":1,"featured_media":1606,"parent":0,"template":"","tags":[35,36],"product-type":[4],"class_list":["post-921","product","type-product","status-publish","has-post-thumbnail","hentry","tag-crushing","tag-hard-plastic-recycling","product-type-crushing-machine"],"_links":{"self":[{"href":"https:\/\/www.plasticgranularmachine.com\/sw\/wp-json\/wp\/v2\/product\/921","targetHints":{"allow":["GET"]}}],"collection":[{"href":"https:\/\/www.plasticgranularmachine.com\/sw\/wp-json\/wp\/v2\/product"}],"about":[{"href":"https:\/\/www.plasticgranularmachine.com\/sw\/wp-json\/wp\/v2\/types\/product"}],"author":[{"embeddable":true,"href":"https:\/\/www.plasticgranularmachine.com\/sw\/wp-json\/wp\/v2\/users\/1"}],"wp:featuredmedia":[{"embeddable":true,"href":"https:\/\/www.plasticgranularmachine.com\/sw\/wp-json\/wp\/v2\/media\/1606"}],"wp:attachment":[{"href":"https:\/\/www.plasticgranularmachine.com\/sw\/wp-json\/wp\/v2\/media?parent=921"}],"wp:term":[{"taxonomy":"post_tag","embeddable":true,"href":"https:\/\/www.plasticgranularmachine.com\/sw\/wp-json\/wp\/v2\/tags?post=921"},{"taxonomy":"product-type","embeddable":true,"href":"https:\/\/www.plasticgranularmachine.com\/sw\/wp-json\/wp\/v2\/product-type?post=921"}],"curies":[{"name":"wp","href":"https:\/\/api.w.org\/{rel}","templated":true}]}}