{"id":954,"date":"2024-10-18T16:40:06","date_gmt":"2024-10-18T08:40:06","guid":{"rendered":"https:\/\/www.plasticgranularmachine.com\/?post_type=product&#038;p=954"},"modified":"2025-03-21T17:08:45","modified_gmt":"2025-03-21T09:08:45","slug":"hard-plastic-recycling-line","status":"publish","type":"product","link":"https:\/\/www.plasticgranularmachine.com\/sw\/product\/hard-plastic-recycling-line\/","title":{"rendered":"Rigid Plast\u00e5tervinningslinje f\u00f6r PP PE PVC HDPE Regrinding"},"content":{"rendered":"<p>Je, unatafuta suluhisho bora la recyle pallets, mipira, masanduku ya mafuta, vifaa vya kichwa cha extrusion, nk.? Mstari wa recyle wa plastiki ngumu unatoa njia kamili na yenye ufanisi ya kusaga PP, PE, PVC, HDPE, nk. kuwa granules zenye thamani ya juu.<\/p>    <figure class=\"wp-block-gallery has-nested-images columns-default is-cropped wp-block-gallery-2 is-layout-flex wp-block-gallery-is-layout-flex\"> <figure class=\"wp-block-image size-full\"><img loading=\"lazy\" decoding=\"async\" width=\"720\" height=\"540\" data-id=\"1205\" src=\"https:\/\/www.plasticgranularmachine.com\/wp-content\/uploads\/2024\/10\/plastic-pallet-1.webp\" alt=\"palleti ya plastiki\" class=\"wp-image-1205\" srcset=\"https:\/\/www.plasticgranularmachine.com\/wp-content\/uploads\/2024\/10\/plastic-pallet-1.webp 720w, https:\/\/www.plasticgranularmachine.com\/wp-content\/uploads\/2024\/10\/plastic-pallet-1-300x225.webp 300w, https:\/\/www.plasticgranularmachine.com\/wp-content\/uploads\/2024\/10\/plastic-pallet-1-16x12.webp 16w\" sizes=\"auto, (max-width: 720px) 100vw, 720px\" \/><figcaption class=\"wp-element-caption\">palleti ya plastiki<\/figcaption><\/figure>    <figure class=\"wp-block-image size-full\"><img loading=\"lazy\" decoding=\"async\" width=\"720\" height=\"540\" data-id=\"1204\" src=\"https:\/\/www.plasticgranularmachine.com\/wp-content\/uploads\/2024\/10\/plastic-containers1.webp\" alt=\"mashine za plastiki\" class=\"wp-image-1204\" srcset=\"https:\/\/www.plasticgranularmachine.com\/wp-content\/uploads\/2024\/10\/plastic-containers1.webp 720w, https:\/\/www.plasticgranularmachine.com\/wp-content\/uploads\/2024\/10\/plastic-containers1-300x225.webp 300w, https:\/\/www.plasticgranularmachine.com\/wp-content\/uploads\/2024\/10\/plastic-containers1-16x12.webp 16w\" sizes=\"auto, (max-width: 720px) 100vw, 720px\" \/><figcaption class=\"wp-element-caption\">mashine za plastiki<\/figcaption><\/figure>    <figure class=\"wp-block-image size-large\"><img loading=\"lazy\" decoding=\"async\" width=\"720\" height=\"540\" data-id=\"1206\" src=\"https:\/\/www.plasticgranularmachine.com\/wp-content\/uploads\/2024\/10\/Fruit-Basket-1.webp\" alt=\"Kikapu cha Matunda\" class=\"wp-image-1206\" srcset=\"https:\/\/www.plasticgranularmachine.com\/wp-content\/uploads\/2024\/10\/Fruit-Basket-1.webp 720w, https:\/\/www.plasticgranularmachine.com\/wp-content\/uploads\/2024\/10\/Fruit-Basket-1-300x225.webp 300w, https:\/\/www.plasticgranularmachine.com\/wp-content\/uploads\/2024\/10\/Fruit-Basket-1-16x12.webp 16w\" sizes=\"auto, (max-width: 720px) 100vw, 720px\" \/><figcaption class=\"wp-element-caption\">Kikapu cha Matunda<\/figcaption><\/figure> <\/figure>    <h2 class=\"wp-block-heading\">Vipengele Muhimu vya Mstari wa Recyle wa Plastiki Ngumu wa Efficient<\/h2>    <ul class=\"wp-block-list\"> <li>Mifano pana ya matumizi: Rahisi kusindika plastiki ngumu mbalimbali na inafaa kwa viwanda vya saizi zote.<\/li>    <li>Uwezo wa 100~500kg\/h na injini zenye nguvu kwa uzalishaji mzuri na endelevu.<\/li>    <li>Mashine mbalimbali zinazoweza kubadilishwa zinapatikana kwa uchaguzi na mchanganyiko, zikiwa na usanidi wa kubadilika.<\/li>    <li>Inakuwepo na mfumo wa kudhibiti joto wa akili kwa kudhibiti kwa usahihi joto la granulation.<\/li>    <li>Granules zinazozalishwa zina ubora wa juu, uso laini na sawa, na mali nzuri za kimwili.<\/li> <\/ul>   <div class=\"wp-block-image\"> <figure class=\"aligncenter size-full\"><img loading=\"lazy\" decoding=\"async\" width=\"720\" height=\"540\" src=\"https:\/\/www.plasticgranularmachine.com\/wp-content\/uploads\/2024\/10\/hard-plastic-recycling-line-3.webp\" alt=\"h\u00e5rt plast\u00e5tervinningslinje\" class=\"wp-image-1207\" srcset=\"https:\/\/www.plasticgranularmachine.com\/wp-content\/uploads\/2024\/10\/hard-plastic-recycling-line-3.webp 720w, https:\/\/www.plasticgranularmachine.com\/wp-content\/uploads\/2024\/10\/hard-plastic-recycling-line-3-300x225.webp 300w, https:\/\/www.plasticgranularmachine.com\/wp-content\/uploads\/2024\/10\/hard-plastic-recycling-line-3-16x12.webp 16w\" sizes=\"auto, (max-width: 720px) 100vw, 720px\" \/><figcaption class=\"wp-element-caption\">h\u00e5rt plast\u00e5tervinningslinje<\/figcaption><\/figure> <\/div>   <h2 class=\"wp-block-heading\">Ni Aina Gani za Usindikaji Plastiki ambazo Mashine za Recyle za Efficient Zinazoendana nazo?<\/h2>    <h3 class=\"wp-block-heading\">Malighafi<\/h3>    <p>Mstari wa recyle wa plastiki ngumu umeundwa mahsusi kubadilisha plastiki za PP, PE, PVC, HDPE, ABS, nk. zenye nguvu na ugumu kuwa granules zinazoweza kutumika tena. Vifaa hivi kawaida vinaweza kukusanywa kutoka maeneo yafuatayo:<\/p>    <ul class=\"wp-block-list\"> <li><strong>Vifaa vya kila siku:<\/strong> Vichezeo, samani, vyombo vya chakula, n.k.<\/li>    <li><strong>Ujenzi<\/strong>: Mabomba, fremu za madirisha, n.k.<\/li>    <li><strong>Sekta ya Magari<\/strong>: Bumpers na sehemu nyingine<\/li>    <li><strong>Bidhaa za kielektroniki<\/strong>: Vifungashio vya insulation, viunganishi, n.k.<\/li>    <li><strong>Sekta ya Ufungaji:<\/strong> Vilinda plastiki ngumu, makopo, n.k.<\/li> <\/ul>    <h3 class=\"wp-block-heading\">Bidhaa za Mwisho<\/h3>    <p>Plastiki hizi ngumu hatimaye zinabadilishwa kuwa pellets sawa, ambazo zinaweza kutumika kutengeneza bidhaa mpya za plastiki.<\/p>    <figure class=\"wp-block-gallery has-nested-images columns-default is-cropped wp-block-gallery-3 is-layout-flex wp-block-gallery-is-layout-flex\"> <figure class=\"wp-block-image size-large\"><img loading=\"lazy\" decoding=\"async\" width=\"720\" height=\"540\" data-id=\"1209\" src=\"https:\/\/www.plasticgranularmachine.com\/wp-content\/uploads\/2024\/10\/Raw-materials-and-products-of-hard-plastic-recycling-line-1.webp\" alt=\"Malighafi na bidhaa za mstari wa recyle wa plastiki ngumu\" class=\"wp-image-1209\" srcset=\"https:\/\/www.plasticgranularmachine.com\/wp-content\/uploads\/2024\/10\/Raw-materials-and-products-of-hard-plastic-recycling-line-1.webp 720w, https:\/\/www.plasticgranularmachine.com\/wp-content\/uploads\/2024\/10\/Raw-materials-and-products-of-hard-plastic-recycling-line-1-300x225.webp 300w, https:\/\/www.plasticgranularmachine.com\/wp-content\/uploads\/2024\/10\/Raw-materials-and-products-of-hard-plastic-recycling-line-1-16x12.webp 16w\" sizes=\"auto, (max-width: 720px) 100vw, 720px\" \/><figcaption class=\"wp-element-caption\">Malighafi na bidhaa za mstari wa recyle wa plastiki ngumu<\/figcaption><\/figure>    <figure class=\"wp-block-image size-large\"><img loading=\"lazy\" decoding=\"async\" width=\"720\" height=\"540\" data-id=\"1208\" src=\"https:\/\/www.plasticgranularmachine.com\/wp-content\/uploads\/2024\/10\/HDPE-pipes-and-granule.webp\" alt=\"Mipira ya HDPE na granule\" class=\"wp-image-1208\" srcset=\"https:\/\/www.plasticgranularmachine.com\/wp-content\/uploads\/2024\/10\/HDPE-pipes-and-granule.webp 720w, https:\/\/www.plasticgranularmachine.com\/wp-content\/uploads\/2024\/10\/HDPE-pipes-and-granule-300x225.webp 300w, https:\/\/www.plasticgranularmachine.com\/wp-content\/uploads\/2024\/10\/HDPE-pipes-and-granule-16x12.webp 16w\" sizes=\"auto, (max-width: 720px) 100vw, 720px\" \/><figcaption class=\"wp-element-caption\">Mipira ya HDPE na granule<\/figcaption><\/figure> <\/figure>    <h3 class=\"wp-block-heading\">Fekta zinazofaa<\/h3>    <p>Mstari wa recyle wa plastiki ngumu wa Efficient ni wa aina mbalimbali na unaweza kubadilishwa ili kukidhi mahitaji ya viwanda vya saizi zote. Hii inafanya iweze kutumika kwa waandishi wa plastiki wadogo na wakubwa wanatafuta recyle vifaa vya baada ya matumizi, pamoja na watengenezaji wanaolenga kurejesha plastiki za baada ya viwanda.<\/p>    <h2 class=\"wp-block-heading\">Jinsi Mchakato wa Recyle Unavyofanya Kazi?<\/h2>    <h3 class=\"wp-block-heading\">Hatua1: Kusaga<\/h3>    <p>Kwanza, plastiki ngumu zinapelekwa kwenye mashine ya kusaga plastiki ili kusagwa kuwa flake ndogo, ambazo ni rahisi kuosha na pelletizing. Kwa kuainisha malighafi, saizi za flake zinazopatikana ni tofauti na zinaweza kubadilishwa. Kwa kawaida ni takriban 10~20mm kwa ajili ya michakato inayofuata. <\/p>    <p class=\"translation-block\">Tanki ya <em><a href=\"https:\/\/www.plasticgranularmachine.com\/sw\/product\/hard-plastic-shredder\/\" data-type=\"link\" data-id=\"https:\/\/www.plasticgranularmachine.com\/product\/hard-plastic-shredder\/\">mashine ya kusaga plastiki ngumu<\/a><\/em> inatumia nguvu ya kukata ya blade inayozunguka na blade isiyohamishika kusaga vifaa vikubwa na ngumu kwa ufanisi bila kuziba.<\/p>    <div class=\"wp-block-media-text is-stacked-on-mobile\"><figure class=\"wp-block-media-text__media\"><img loading=\"lazy\" decoding=\"async\" width=\"720\" height=\"540\" src=\"https:\/\/www.plasticgranularmachine.com\/wp-content\/uploads\/2024\/10\/hard-plastic-shredder-machine-1.webp\" alt=\"h\u00e5rd plast shredder maskin\" class=\"wp-image-1606 size-full\" srcset=\"https:\/\/www.plasticgranularmachine.com\/wp-content\/uploads\/2024\/10\/hard-plastic-shredder-machine-1.webp 720w, https:\/\/www.plasticgranularmachine.com\/wp-content\/uploads\/2024\/10\/hard-plastic-shredder-machine-1-300x225.webp 300w, https:\/\/www.plasticgranularmachine.com\/wp-content\/uploads\/2024\/10\/hard-plastic-shredder-machine-1-16x12.webp 16w\" sizes=\"auto, (max-width: 720px) 100vw, 720px\" \/><\/figure><div class=\"wp-block-media-text__content\"> <ul class=\"wp-block-list\"> <li>Nyenzo: 60Si2Mn<\/li>    <li>Uwezo: 600~1200kg\/h<\/li>    <li>Malighafi: plastiki ngumu<\/li>    <li>Bidhaa za Mwisho: flake zilizo sawa<\/li> <\/ul> <\/div><\/div>    <h3 class=\"wp-block-heading\">Hatua2: Kuosha<\/h3>    <p>Plastiki zinazokusudiwa kwa ajili ya recyle mara nyingi zina uchafu na uchafuzi mwingine kwenye uso wao, ambao lazima uoshwe kwenye tanki la kuosha ili kuhakikisha usafi na usafi wa vifaa vilivyorejelewa.<\/p>    <p class=\"translation-block\"><em><a href=\"https:\/\/www.plasticgranularmachine.com\/sw\/product\/plastic-film-washing-machine\/\" data-type=\"link\" data-id=\"https:\/\/www.plasticgranularmachine.com\/product\/plastic-film-washing-machine\/\">tanki ya kuosha plastiki<\/a><\/em> kwa kawaida ina urefu wa takriban 10~30m na inaweza kubadilishwa kulingana na mahitaji yako ya uzalishaji. Inatumia mfumo wa mzunguko wa maji, ambao ni wa ufanisi mkubwa na wa kuokoa nishati.<\/p>    <div class=\"wp-block-media-text is-stacked-on-mobile\"><figure class=\"wp-block-media-text__media\"><img loading=\"lazy\" decoding=\"async\" width=\"720\" height=\"540\" src=\"https:\/\/www.plasticgranularmachine.com\/wp-content\/uploads\/2024\/10\/plastic-washing-machine.webp\" alt=\"plasttv\u00e4ttmaskin\" class=\"wp-image-1211 size-full\" srcset=\"https:\/\/www.plasticgranularmachine.com\/wp-content\/uploads\/2024\/10\/plastic-washing-machine.webp 720w, https:\/\/www.plasticgranularmachine.com\/wp-content\/uploads\/2024\/10\/plastic-washing-machine-300x225.webp 300w, https:\/\/www.plasticgranularmachine.com\/wp-content\/uploads\/2024\/10\/plastic-washing-machine-16x12.webp 16w\" sizes=\"auto, (max-width: 720px) 100vw, 720px\" \/><\/figure><div class=\"wp-block-media-text__content\"> <ul class=\"wp-block-list\"> <li>Nguvu: 3KW<\/li>    <li>Urefu\uff1a10~30m<\/li>    <li>Kazi: Kuosha plastiki na kuondoa uchafu.<\/li> <\/ul> <\/div><\/div>    <h3 class=\"wp-block-heading\">Hatua3: Pellerizing<\/h3>    <p class=\"translation-block\">Tanki ya <em><a href=\"https:\/\/www.plasticgranularmachine.com\/sw\/product\/hdpe-granules-making-machine\/\" data-type=\"link\" data-id=\"https:\/\/www.plasticgranularmachine.com\/product\/hdpe-granules-making-machine\/\">mashine ya pelletizing ya plastiki<\/a><\/em> ni kipande muhimu cha vifaa kinachobadilisha plastiki kuwa granules. Mchakato mzima unahusisha kuyeyusha, kutolewa, kupoza, na kukata.<\/p>    <ul class=\"wp-block-list\"> <li>Kwa kutumia teknolojia ya kuyeyuka kwa screw ya joto la juu, plastiki zina joto hadi kuwa za molten kisha kutolewa katika mifuko mirefu na kichwa cha die.<\/li>    <li>Mifuko hii yenye wiani hupita kwenye tanki la kupoza ili kuimarisha na kuboresha usawa wa uso wao.<\/li>    <li>Hatimaye, mashine ya kukata pellet za plastiki inakata mifuko mirefu kuwa granules sawa.<\/li> <\/ul>    <div class=\"wp-block-media-text is-stacked-on-mobile\"><figure class=\"wp-block-media-text__media\"><img loading=\"lazy\" decoding=\"async\" width=\"720\" height=\"540\" src=\"https:\/\/www.plasticgranularmachine.com\/wp-content\/uploads\/2024\/10\/plastic-pelletizer-machine.webp\" alt=\"mashine ya pelletizer ya plastiki\" class=\"wp-image-1212 size-full\" srcset=\"https:\/\/www.plasticgranularmachine.com\/wp-content\/uploads\/2024\/10\/plastic-pelletizer-machine.webp 720w, https:\/\/www.plasticgranularmachine.com\/wp-content\/uploads\/2024\/10\/plastic-pelletizer-machine-300x225.webp 300w, https:\/\/www.plasticgranularmachine.com\/wp-content\/uploads\/2024\/10\/plastic-pelletizer-machine-16x12.webp 16w\" sizes=\"auto, (max-width: 720px) 100vw, 720px\" \/><\/figure><div class=\"wp-block-media-text__content\"> <ul class=\"wp-block-list\"> <li>Nguvu: 30~75KW<\/li>    <li>Matokeo: 180~380kg\/h<\/li>    <li>Nyenzo: Chuma cha pua cha ubora wa juu<\/li> <\/ul> <\/div><\/div>    <h3 class=\"wp-block-heading\">Hatua4: Kukausha<\/h3>    <p>Kikauka plastiki kinatumika mahsusi katika mistari ya recyle ya plastiki kuondoa maji baada ya kuosha au pelletizing. Kiwango cha kuondoa maji ni zaidi ya 97%.<\/p>    <div class=\"wp-block-media-text is-stacked-on-mobile\"><figure class=\"wp-block-media-text__media\"><img loading=\"lazy\" decoding=\"async\" width=\"720\" height=\"540\" src=\"https:\/\/www.plasticgranularmachine.com\/wp-content\/uploads\/2024\/10\/horizontal-plastic-dryer.webp\" alt=\"kikauka plastiki cha usawa\" class=\"wp-image-1608 size-full\" srcset=\"https:\/\/www.plasticgranularmachine.com\/wp-content\/uploads\/2024\/10\/horizontal-plastic-dryer.webp 720w, https:\/\/www.plasticgranularmachine.com\/wp-content\/uploads\/2024\/10\/horizontal-plastic-dryer-300x225.webp 300w, https:\/\/www.plasticgranularmachine.com\/wp-content\/uploads\/2024\/10\/horizontal-plastic-dryer-16x12.webp 16w\" sizes=\"auto, (max-width: 720px) 100vw, 720px\" \/><\/figure><div class=\"wp-block-media-text__content\"> <ul class=\"wp-block-list\"> <li>Nguvu: 7.5~15 KW<\/li>    <li>Kiwango cha Kuondoa Maji: zaidi ya 97%<\/li>    <li>Nyenzo: Chuma cha pua cha ubora wa juu<\/li> <\/ul> <\/div><\/div>    <h2 class=\"wp-block-heading\">Taarifa zinazohusiana na Usafirishaji kuhusu Efficient<\/h2>    <ul class=\"wp-block-list\"> <li>Tunatoa mapendekezo yanayolingana na michoro ya kiwanda kulingana na mahitaji yako ya uzalishaji.<\/li>    <li>Karibu kutembelea kiwanda chetu kwa ukaguzi!<\/li>    <li>Wakati wa usafirishaji ni takriban siku 20-25 baada ya kuweka agizo.<\/li>    <li>Safirisha kupitia vifaa vya kimataifa.<\/li>    <li>Tunatoa dhamana ya mwaka mmoja, huduma za usakinishaji na marekebisho katika tovuti.<\/li> <\/ul>    <p>Efficient ina zaidi ya miaka kumi ya uzoefu, warsha kubwa za uzalishaji, na timu za kitaalamu. Natumai tunaweza kushirikiana kuboresha ufanisi wa uzalishaji wako!<\/p>    <figure class=\"wp-block-gallery has-nested-images columns-default is-cropped wp-block-gallery-4 is-layout-flex wp-block-gallery-is-layout-flex\"> <figure class=\"wp-block-image size-large\"><img loading=\"lazy\" decoding=\"async\" width=\"720\" height=\"540\" data-id=\"1215\" src=\"https:\/\/www.plasticgranularmachine.com\/wp-content\/uploads\/2024\/10\/Shipping-preparation-for-plastic-granulation-line.webp\" alt=\"Maandalizi ya usafirishaji kwa mstari wa granulation ya plastiki\" class=\"wp-image-1215\" srcset=\"https:\/\/www.plasticgranularmachine.com\/wp-content\/uploads\/2024\/10\/Shipping-preparation-for-plastic-granulation-line.webp 720w, https:\/\/www.plasticgranularmachine.com\/wp-content\/uploads\/2024\/10\/Shipping-preparation-for-plastic-granulation-line-300x225.webp 300w, https:\/\/www.plasticgranularmachine.com\/wp-content\/uploads\/2024\/10\/Shipping-preparation-for-plastic-granulation-line-16x12.webp 16w\" sizes=\"auto, (max-width: 720px) 100vw, 720px\" \/><figcaption class=\"wp-element-caption\">Maandalizi ya usafirishaji kwa mstari wa granulation ya plastiki<\/figcaption><\/figure>    <figure class=\"wp-block-image size-large\"><img loading=\"lazy\" decoding=\"async\" width=\"720\" height=\"540\" data-id=\"1214\" src=\"https:\/\/www.plasticgranularmachine.com\/wp-content\/uploads\/2024\/10\/Pelletizer-crating.webp\" alt=\"Kufungia pelletizer\" class=\"wp-image-1214\" srcset=\"https:\/\/www.plasticgranularmachine.com\/wp-content\/uploads\/2024\/10\/Pelletizer-crating.webp 720w, https:\/\/www.plasticgranularmachine.com\/wp-content\/uploads\/2024\/10\/Pelletizer-crating-300x225.webp 300w, https:\/\/www.plasticgranularmachine.com\/wp-content\/uploads\/2024\/10\/Pelletizer-crating-16x12.webp 16w\" sizes=\"auto, (max-width: 720px) 100vw, 720px\" \/><figcaption class=\"wp-element-caption\">Kufungia pelletizer<\/figcaption><\/figure> <\/figure>    <h2 class=\"wp-block-heading\">Kushiriki Kesi Zilizofanikiwa<\/h2>    <p>Under de senaste \u00e5ren har Shuliy framg\u00e5ngsrikt exporterat m\u00e5nga plast\u00e5tervinningsmaskiner \u00f6ver hela v\u00e4rlden. H\u00e4r \u00e4r n\u00e5gra nya fall av h\u00e5rda plast\u00e5tervinningslinjer. Om du vill ha mer information, v\u00e4nligen kontakta oss.<\/p>    <ul class=\"wp-block-list\"> <li><em><a href=\"https:\/\/www.plasticgranularmachine.com\/sw\/Info\/plastic-pellet-making-machine-exported-to-germany\/\" data-type=\"link\" data-id=\"https:\/\/www.plasticgranularmachine.com\/Info\/plastic-pellet-making-machine-exported-to-germany\/\">Plastpelletstillverkande maskin Exporterad till Tyskland<\/a><\/em><\/li>    <li><em><a href=\"https:\/\/www.plasticgranularmachine.com\/sw\/Info\/pvc-granulator-machine-shipped-to-oman-successfully\/\" data-type=\"link\" data-id=\"https:\/\/www.plasticgranularmachine.com\/Info\/pvc-granulator-machine-shipped-to-oman-successfully\/\">mashine ya granulator ya PVC ilipelekwa Oman kwa mafanikio<\/a><\/em><\/li>    <li><em><a href=\"https:\/\/www.plasticgranularmachine.com\/sw\/Info\/plastic-recycling-pellet-machine-sent-to-mozambique\/\" data-type=\"link\" data-id=\"https:\/\/www.plasticgranularmachine.com\/Info\/plastic-recycling-pellet-machine-sent-to-mozambique\/\">Fortsatt samarbete: plast\u00e5tervinningspelletmaskin skickats till Mozambique<\/a><\/em><\/li> <\/ul>    <figure class=\"wp-block-gallery has-nested-images columns-default is-cropped wp-block-gallery-5 is-layout-flex wp-block-gallery-is-layout-flex\"> <figure class=\"wp-block-image size-large\"><img loading=\"lazy\" decoding=\"async\" width=\"720\" height=\"540\" data-id=\"1216\" src=\"https:\/\/www.plasticgranularmachine.com\/wp-content\/uploads\/2024\/10\/A-photo-with-the-customer-3.webp\" alt=\"Picha na mteja\" class=\"wp-image-1216\" srcset=\"https:\/\/www.plasticgranularmachine.com\/wp-content\/uploads\/2024\/10\/A-photo-with-the-customer-3.webp 720w, https:\/\/www.plasticgranularmachine.com\/wp-content\/uploads\/2024\/10\/A-photo-with-the-customer-3-300x225.webp 300w, https:\/\/www.plasticgranularmachine.com\/wp-content\/uploads\/2024\/10\/A-photo-with-the-customer-3-16x12.webp 16w\" sizes=\"auto, (max-width: 720px) 100vw, 720px\" \/><figcaption class=\"wp-element-caption\">Picha na mteja<\/figcaption><\/figure>    <figure class=\"wp-block-image size-large\"><img loading=\"lazy\" decoding=\"async\" width=\"720\" height=\"540\" data-id=\"1217\" src=\"https:\/\/www.plasticgranularmachine.com\/wp-content\/uploads\/2024\/10\/Group-photo-with-customer-at-plastic-recycling-machine-installation-site.webp\" alt=\"Picha ya pamoja na mteja katika tovuti ya usakinishaji wa mashine ya recyle ya plastiki\" class=\"wp-image-1217\" srcset=\"https:\/\/www.plasticgranularmachine.com\/wp-content\/uploads\/2024\/10\/Group-photo-with-customer-at-plastic-recycling-machine-installation-site.webp 720w, https:\/\/www.plasticgranularmachine.com\/wp-content\/uploads\/2024\/10\/Group-photo-with-customer-at-plastic-recycling-machine-installation-site-300x225.webp 300w, https:\/\/www.plasticgranularmachine.com\/wp-content\/uploads\/2024\/10\/Group-photo-with-customer-at-plastic-recycling-machine-installation-site-16x12.webp 16w\" sizes=\"auto, (max-width: 720px) 100vw, 720px\" \/><figcaption class=\"wp-element-caption\">Picha ya pamoja na mteja katika tovuti ya usakinishaji wa mashine ya recyle ya plastiki<\/figcaption><\/figure> <\/figure>    <h3 class=\"wp-block-heading\">Video ya Maoni ya Mteja<\/h3>    <p>Mstari wa recyle wa plastiki ngumu wa Efficient umepokea sifa nyingi kutokana na faida zake nyingi. Hii ni video ya maoni kutoka kwa mteja wetu wa Oman. <\/p>    <figure class=\"wp-block-embed is-type-video is-provider-youtube wp-block-embed-youtube wp-embed-aspect-16-9 wp-has-aspect-ratio\"><div class=\"wp-block-embed__wrapper\"> <iframe loading=\"lazy\" title=\"Hvordan Oman&#039;s Plast\u00e5tervinningsanl\u00e4ggning omvandlar styvt avfall till regrind-pellets\" width=\"500\" height=\"281\" src=\"https:\/\/www.youtube.com\/embed\/NUP-LciKvvU?feature=oembed\" frameborder=\"0\" allow=\"accelerometer; autoplay; clipboard-write; encrypted-media; gyroscope; picture-in-picture; web-share\" referrerpolicy=\"strict-origin-when-cross-origin\" allowfullscreen><\/iframe> <\/div><\/figure>    <h2 class=\"wp-block-heading\">Natarajia Habari Zako<\/h2>    <p>Kort sagt k\u00e4nnetecknas Efficients h\u00e5rda plast\u00e5tervinningslinje av h\u00f6g effektivitet, h\u00f6g kvalitet och l\u00e5g energif\u00f6rbrukning. Dessutom erbjuder vi helt\u00e4ckande tj\u00e4nster f\u00f6r att tillfredsst\u00e4lla alla dina produktionsbehov. Om du \u00e4r intresserad, v\u00e4nligen kontakta oss.<\/p>   <div class=\"wp-block-image\"> <figure class=\"aligncenter size-full\"><img loading=\"lazy\" decoding=\"async\" width=\"720\" height=\"540\" src=\"https:\/\/www.plasticgranularmachine.com\/wp-content\/uploads\/2024\/10\/hard-plastic-recycling-line-in-the-factory.webp\" alt=\"mstari wa recyle wa plastiki ngumu katika kiwanda\" class=\"wp-image-1218\" srcset=\"https:\/\/www.plasticgranularmachine.com\/wp-content\/uploads\/2024\/10\/hard-plastic-recycling-line-in-the-factory.webp 720w, https:\/\/www.plasticgranularmachine.com\/wp-content\/uploads\/2024\/10\/hard-plastic-recycling-line-in-the-factory-300x225.webp 300w, https:\/\/www.plasticgranularmachine.com\/wp-content\/uploads\/2024\/10\/hard-plastic-recycling-line-in-the-factory-16x12.webp 16w\" sizes=\"auto, (max-width: 720px) 100vw, 720px\" \/><figcaption class=\"wp-element-caption\">mstari wa recyle wa plastiki ngumu katika kiwanda<\/figcaption><\/figure> <\/div>","protected":false},"excerpt":{"rendered":"<p>Den h\u00e5rda plast\u00e5tervinningslinjen \u00e4r en upps\u00e4ttning viktiga kombinationsmaskiner som mals PP, PE, PVC, HDPE, etc. styva plaster till \u00e5tervunna granuler. <\/p>","protected":false},"author":1,"featured_media":1202,"parent":0,"template":"","tags":[36,40],"product-type":[10],"class_list":["post-954","product","type-product","status-publish","has-post-thumbnail","hentry","tag-hard-plastic-recycling","tag-solution","product-type-solutions"],"_links":{"self":[{"href":"https:\/\/www.plasticgranularmachine.com\/sw\/wp-json\/wp\/v2\/product\/954","targetHints":{"allow":["GET"]}}],"collection":[{"href":"https:\/\/www.plasticgranularmachine.com\/sw\/wp-json\/wp\/v2\/product"}],"about":[{"href":"https:\/\/www.plasticgranularmachine.com\/sw\/wp-json\/wp\/v2\/types\/product"}],"author":[{"embeddable":true,"href":"https:\/\/www.plasticgranularmachine.com\/sw\/wp-json\/wp\/v2\/users\/1"}],"wp:featuredmedia":[{"embeddable":true,"href":"https:\/\/www.plasticgranularmachine.com\/sw\/wp-json\/wp\/v2\/media\/1202"}],"wp:attachment":[{"href":"https:\/\/www.plasticgranularmachine.com\/sw\/wp-json\/wp\/v2\/media?parent=954"}],"wp:term":[{"taxonomy":"post_tag","embeddable":true,"href":"https:\/\/www.plasticgranularmachine.com\/sw\/wp-json\/wp\/v2\/tags?post=954"},{"taxonomy":"product-type","embeddable":true,"href":"https:\/\/www.plasticgranularmachine.com\/sw\/wp-json\/wp\/v2\/product-type?post=954"}],"curies":[{"name":"wp","href":"https:\/\/api.w.org\/{rel}","templated":true}]}}